{"id":13,"date":"2010-05-12T10:31:43","date_gmt":"2010-05-12T08:31:43","guid":{"rendered":"http:\/\/cluq-grenoble.org\/WordPress\/unions-de-quartiers\/"},"modified":"2022-09-21T13:41:19","modified_gmt":"2022-09-21T12:41:19","slug":"unions-de-quartiers","status":"publish","type":"page","link":"https:\/\/cluq-grenoble.org\/WordPress\/unions-de-quartiers\/","title":{"rendered":"Unions de Quartiers"},"content":{"rendered":"\n<div class=\"wp-block-columns\">\n<div class=\"wp-block-column\">\n<figure class=\"wp-block-image size-large\"><a href=\"http:\/\/cluq-grenoble.org\/WordPress\/wp-content\/uploads\/2015\/12\/cropped-LimitesUQs16.png\"><img loading=\"lazy\" width=\"459\" height=\"608\" src=\"http:\/\/cluq-grenoble.org\/WordPress\/wp-content\/uploads\/2015\/12\/cropped-LimitesUQs16.png\" alt=\"\" class=\"wp-image-5060\" srcset=\"https:\/\/cluq-grenoble.org\/WordPress\/wp-content\/uploads\/2015\/12\/cropped-LimitesUQs16.png 459w, https:\/\/cluq-grenoble.org\/WordPress\/wp-content\/uploads\/2015\/12\/cropped-LimitesUQs16-226x300.png 226w, https:\/\/cluq-grenoble.org\/WordPress\/wp-content\/uploads\/2015\/12\/cropped-LimitesUQs16-415x550.png 415w, https:\/\/cluq-grenoble.org\/WordPress\/wp-content\/uploads\/2015\/12\/cropped-LimitesUQs16-377x500.png 377w\" sizes=\"(max-width: 459px) 100vw, 459px\" \/><\/a><\/figure>\n\n\n\n<p>Mise \u00e0 jour des limites des Unions de Quartier &nbsp;(Septembre 2014):<\/p>\n\n\n\n<p>-&gt;&nbsp;<a href=\"http:\/\/cluq-grenoble.org\/WordPress\/unions-de-quartiers\/les-territoires-des-unions-de-quartiers\/\">Plan des limites des Unions de Quartier<\/a><\/p>\n\n\n\n<p>\u2709 : adresse-bo\u00eete postale \/\ud83c\udfdb\ufe0f : permanence MDH \/\ud83c\udfe0 : local UQ<\/p>\n<\/div>\n\n\n\n<div class=\"wp-block-column\">\n<h3 class=\"has-text-align-center\">&nbsp;Liste des 22 Unions de Quartier de Grenoble :<\/h3>\n\n\n\n<p><strong>(UQ Adh\u00e9rentes au CLUQ )<\/strong><\/p>\n\n\n\n<p><strong>1.&nbsp;&nbsp;&nbsp;&nbsp;&nbsp; <a href=\"https:\/\/cluq-grenoble.org\/WordPress\/category\/union-de-quartier-abbaye-jouhaux\/\">UQ Abbaye Jouhaux<\/a><\/strong>, \u2709 <em>\/<\/em>\ud83c\udfdb\ufe0f -&gt;1 Place de la Commune, 38100 Grenoble \/ <strong>Permanence le vendredi \u00e0 9h30 \u00e0 la A la MDH 1 place de la Commune de 1871.&nbsp;<\/strong><\/p>\n\n\n\n<p><strong>2.\u00a0\u00a0\u00a0\u00a0\u00a0 <a href=\"https:\/\/cluq-grenoble.org\/WordPress\/category\/union-de-quartier-allies-alpins-flaubert-beauvert\/\">UQ Alli\u00e9s Alpins Beauvert Reyniers Clos D&#8217;or<\/a>,<\/strong> \u2709 ->84 rue Alfred de Vigny,\u00a038100 Grenoble<\/p>\n\n\n\n<p><strong>3.&nbsp;&nbsp;&nbsp;&nbsp;&nbsp;<a href=\"https:\/\/cluq-grenoble.org\/WordPress\/category\/union-de-quartier-capuche-stalingrad-et-grands-boulevards\/\"> UQ Capuche Stalingrad et Grands Boulevards<\/a>, <\/strong> \u2709 -&gt;3 rue L\u00e9o Lagrange, 38100 Grenoble<\/p>\n\n\n\n<p><strong>4.&nbsp;&nbsp;&nbsp;&nbsp;&nbsp; <\/strong><a href=\"http:\/\/cluq-grenoble.org\/WordPress\/category\/union-des-habitants-du-centre-ville\/\">UQ Centre <strong>Ville<\/strong>,<\/a> \u2709\/ \ud83c\udfe0 -&gt;6 rue Saint Fran\u00e7ois, 38000 Grenoble \/ <strong>rencontre  possible sur RDV <a href=\"http:\/\/www.uhcv-grenoble.fr\/contact\/\" data-type=\"URL\" data-id=\"http:\/\/www.uhcv-grenoble.fr\/contact\/\">contact ici<\/a><\/strong><\/p>\n\n\n\n<p><strong>5.&nbsp;&nbsp;&nbsp;&nbsp;&nbsp; <a href=\"http:\/\/cluq-grenoble.org\/WordPress\/category\/union-de-quartier-berriat-saint-bruno-europole\/\">UQ Berriat St Bruno Europole<\/a>,&nbsp;<\/strong>\u2709\/\ud83c\udfe0 -&gt;14 place St Bruno, 38000 Grenoble \/ <strong>Permanences \u00e0 la salle des tickets mercredi 15h30-18h et samedi 10h-12h<\/strong><\/p>\n\n\n\n<p><strong>6.&nbsp;&nbsp;&nbsp;&nbsp;&nbsp; <a href=\"http:\/\/cluq-grenoble.org\/WordPress\/category\/union-de-quartier-championnet-bonne-condorcet-hoche\/\">UQ Championnet Bonne Condorcet Hoche<\/a>,&nbsp;<\/strong>\u2709<strong>\/\ud83c\udfe0 -&gt;<\/strong> Maison des Associations (Bureau 208)- 6 rue Berthe de Boissieux \/ <strong>rencontre possible sur RDV<\/strong><\/p>\n\n\n\n<p><strong>7.&nbsp;&nbsp;&nbsp;&nbsp;&nbsp; <a href=\"http:\/\/cluq-grenoble.org\/WordPress\/category\/union-de-quartier-eaux-claires\/\">UQ Eaux Claires<\/a>,&nbsp;<\/strong>\u2709\/\ud83c\udfe0 -&gt;31 rue Bouchayer, 38100 Grenoble \/ <strong>rencontre possible sur RDV<\/strong><\/p>\n\n\n\n<p><strong>8. &nbsp; &nbsp; &nbsp;<a href=\"http:\/\/cluq-grenoble.org\/WordPress\/category\/union-de-quartier-exposition-bajatiere\/\">UQ Exposition Bajati\u00e8re<\/a>,&nbsp;<\/strong>\u2709\/\ud83c\udfdb\ufe0f\/\ud83c\udfe0<strong> -&gt;<\/strong>Centre Social Bajati\u00e8re 79 Avenue Jean Perrot ,38100 Grenoble  \/ <strong>Permanence le Mardi \u00e0 10h au local de l&#8217;UHQEB 8 Rue Station Ponsard 1er \u00e9tage<\/strong><\/p>\n\n\n\n<p><strong>9. &nbsp; &nbsp; &nbsp;<a href=\"https:\/\/cluq-grenoble.org\/WordPress\/category\/union-de-quartier-foch-aigle-liberation-9\/\">UQ Foch Aigle Lib\u00e9ration<\/a>,&nbsp;<\/strong>\u2709\/\ud83c\udfe0 -&gt;15 Cours de la Lib\u00e9ration, 38100 Grenoble \/ <strong>rencontre possible sur RDV<\/strong><\/p>\n\n\n\n<p><strong>10. &nbsp; <\/strong><a href=\"https:\/\/cluq-grenoble.org\/WordPress\/category\/union-de-quartier-centre-gares\/\"><strong>&nbsp;UQ Centre Gares<\/strong>,<\/a>&nbsp;\u2709\/\ud83c\udfe0 -&gt;6 rue du 4 septembre, 38000 Grenoble \/ <strong>rencontre possible sur RDV<\/strong><\/p>\n\n\n\n<p><strong>11. &nbsp; <\/strong>&nbsp;<a href=\"https:\/\/cluq-grenoble.org\/WordPress\/category\/union-de-quartier-malherbe-11\/\"><strong>UQ Malherbe<\/strong><\/a>,&nbsp;\u2709\/\ud83c\udfe0 -&gt;12 Avenue Malherbe, 38100 Grenoble \/ <strong>rencontre possible sur RDV<\/strong><\/p>\n\n\n\n<p><strong>12. &nbsp; &nbsp;<a href=\"http:\/\/cluq-grenoble.org\/WordPress\/category\/union-de-quartier-ile-verte\/\">UQ Ile Verte<\/a>,&nbsp;<\/strong>\u2709 -&gt;3 Bis rue Mar\u00e9chal Randon, 38000 Grenoble \/ <strong><strong>rencontre possible sur RDV<\/strong><\/strong><\/p>\n\n\n\n<p><strong>13. &nbsp; &nbsp;<a href=\"http:\/\/cluq-grenoble.org\/WordPress\/category\/union-de-quartier-confluences-arago-jean-mace-martyrs\/\">UQ Confluences,<\/a>&nbsp;<\/strong>\u2709\/\ud83c\udfe0 -&gt;1 bis rue Joseph Lionnaz, 38000 Grenoble \/ <strong>rencontre possible sur RDV<\/strong><\/p>\n\n\n\n<p><strong>14. &nbsp; &nbsp;<a href=\"http:\/\/cluq-grenoble.org\/WordPress\/category\/union-de-quartier-mistral-drac-cohamis\/\">UQ Mistral Drac &#8211; CoHaMis<\/a>, <\/strong>\u2709 -&gt;68 bis rue Anatole France, 38100 Grenoble \/ <strong>rencontre possible sur RDV<\/strong><\/p>\n\n\n\n<p><strong>15. &nbsp; &nbsp;<strong><a href=\"http:\/\/cluq-grenoble.org\/WordPress\/category\/union-de-quartier-mutualite-prefecture\/\">UQ_Mutualit\u00e9 Pr\u00e9fecture<\/a>,<\/strong>&nbsp;<\/strong>\u2709 -&gt;10 rue Joseph Chanrion, 38000 Grenoble \/ <strong>rencontre possible sur RDV &#8211; <a href=\"https:\/\/cluq-grenoble.org\/WordPress\/2020\/11\/agenda-2\/\">utiliser la messagerie de contact<\/a>)<\/strong><\/p>\n\n\n\n<p><strong>16. &nbsp; &nbsp;<a href=\"http:\/\/cluq-grenoble.org\/WordPress\/category\/union-de-quartier-notre-dame\/\">UQ Notre Dame<\/a>,&nbsp;<\/strong>\u2709\/\ud83c\udfe0 -&gt;10 rue Chenoise, 38000 Grenoble \/ <strong>rencontre possible sur RDV<\/strong><\/p>\n\n\n\n<p><strong>17. &nbsp; &nbsp;<a href=\"https:\/\/cluq-grenoble.org\/WordPress\/category\/union-de-quartier-rondeau-liberation\/\">UQ Rondeau Lib\u00e9ration<\/a>, <\/strong>\u2709 -&gt;196 cours de la Lib\u00e9ration, 38100 Grenoble \/ <strong>rencontre possible sur RDV<\/strong><\/p>\n\n\n\n<p><strong>18. &nbsp; &nbsp;<a href=\"http:\/\/cluq-grenoble.org\/WordPress\/category\/union-de-quartier-saint-laurent-rive-droite\/\">UQ St Laurent Rive Droite<\/a>,&nbsp;<\/strong>\u2709\/\ud83c\udfe0 -&gt;103 rue St Laurent, 38000 Grenoble \/ <strong>rencontre possible sur RDV<\/strong><\/p>\n\n\n\n<p><strong>19. &nbsp; &nbsp;<\/strong><a href=\"http:\/\/cluq-grenoble.org\/WordPress\/category\/union-de-quartier-village-olympique-vigny-musset\/\"><strong>UQ Village Olympique Vigny Musset,&nbsp;<\/strong><\/a>\u2709\/\ud83c\udfe0 -&gt;1 rue Lachenal 38100 Grenoble \/ <strong>rencontre possible sur RDV<\/strong><\/p>\n\n\n\n<p><strong>20. &nbsp; &nbsp;<a href=\"https:\/\/cluq-grenoble.org\/WordPress\/category\/union-de-quartier-villeneuve-1-arlequin\/\">UQ Villeneuve 1 (Arlequin)<\/a>,&nbsp;<\/strong>\u2709 -&gt;97 Galerie de l\u2019Arlequin Boite 13, 38100 Grenoble \/ <strong>rencontre possible sur RDV<\/strong><\/p>\n\n\n\n<p><strong>21. &nbsp; &nbsp;<a href=\"http:\/\/cluq-grenoble.org\/WordPress\/category\/union-de-quartier-baladins\/\">UQ Baladins G\u00e9ants<\/a>,&nbsp;<\/strong>\u2709<strong> -&gt;<\/strong>30 Place des G\u00e9ants, 38100 Grenoble \/ <strong>rencontre possible sur RDV<\/strong><\/p>\n\n\n\n<p><strong>22. &nbsp; <\/strong>&nbsp;<a href=\"https:\/\/cluq-grenoble.org\/WordPress\/category\/union-de-quartier-teisseire\/\"><strong>UQ Teisseire<\/strong><\/a>,&nbsp;\u2709 -&gt;134 Rue L\u00e9on Jouhaux, 38100 Grenoble \/ <strong>rencontre possible sur RDV<\/strong><\/p>\n\n\n\n<p><strong>-&gt;<\/strong> &nbsp;&nbsp;<a href=\"http:\/\/cluq-grenoble.org\/WordPress\/unions-de-quartiers\/coordonnees-uq\/\">Coordonn\u00e9es compl\u00e8tes des UQ adh\u00e9rentes au CLUQ<\/a><\/p>\n<\/div>\n<\/div>\n\n\n\n<hr class=\"wp-block-separator\"\/>\n\n\n\n<h2>Agenda des Animations des UQs :<\/h2>\n\n\n\n<p><iframe style=\"border-width: 0;\" src=\"https:\/\/www.google.com\/calendar\/embed?height=600&amp;wkst=2&amp;bgcolor=%23FFFFFF&amp;src=ifrn7vrg6u343aedtfl70v6oq4%40group.calendar.google.com&amp;color=%232952A3&amp;ctz=Europe%2FParis\" scrolling=\"no\" width=\"800\" height=\"600\" frameborder=\"0\"><\/iframe><\/p>\n\n\n\n<hr class=\"wp-block-separator\"\/>\n\n\n\n<h2>Liste des Unions de Quartiers adh\u00e8rentes au CLUQ<\/h2>\n\n\n\n<hr class=\"wp-block-separator\"\/>\n\n\n\n<ul><li>&nbsp;<strong>UQ Abbaye Jouhaux<\/strong> \u2013 Centre Social 1 place de la Commune \u2013 Grenoble&nbsp; Permanences&nbsp; le vendredi vers 9H30<\/li><\/ul>\n\n\n\n<h4>Pr\u00e9sident\u3000: M. Jean-Paul LAMAGNA<\/h4>\n\n\n\n<p>email : permanenceuqaj@gmail.com<\/p>\n\n\n\n<hr class=\"wp-block-separator\"\/>\n\n\n\n<ul><li><strong>UQ Grenoble-Confluence (ex Arago Jean Mac\u00e9 Martyrs)<\/strong> \u2013 1 bis Joseph Lyonnaz \u2013 Grenoble<\/li><\/ul>\n\n\n\n<h4>Pr\u00e9sident\u3000: M. Alain Lauriot<\/h4>\n\n\n\n<h4>Email : <a href=\"mailto:union_quartier.ajmm@yahoo.com\">grenoble.confluence@gmail.com<\/a><\/h4>\n\n\n\n<p>Site web : <a href=\"http:\/\/www.grenoble-confluence.fr\">www.grenoble-confluence.fr<\/a><\/p>\n\n\n\n<hr class=\"wp-block-separator\"\/>\n\n\n\n<ul><li><strong>UQ Berriat St Bruno Europole<\/strong> \u2013 14 Place St Bruno \u2013 Grenoble<\/li><\/ul>\n\n\n\n<p>Tel\u3000: 04 76 48 99 58<\/p>\n\n\n\n<h4>Pr\u00e9sident\u3000: M. Bruno de LESCURE<\/h4>\n\n\n\n<p>Email\u3000: uniondequartierberriat@gmail.com&nbsp; Site web\u3000: <a href=\"http:\/\/www.uqberriat.org\/\">http:\/\/www.uqberriat.org<\/a><\/p>\n\n\n\n<hr class=\"wp-block-separator\"\/>\n\n\n\n<ul><li><strong>UQ Capuche Stalingrad et Grands Boulevards<\/strong> &#8211; 3 rue L\u00e9o Lagrange &#8211; Grenoble<\/li><\/ul>\n\n\n\n<h4>Pr\u00e9sident\u3000: M. Ch\u00e9rif BOUTAFA<\/h4>\n\n\n\n<h4>Email : <a href=\"mailto:uhcapuche@gmail.com\">uhcapuche@gmail.com<\/a> Site web :<a href=\"http:\/\/uhcapuche.wordpress.com\/\" target=\"_blank\" rel=\"noreferrer noopener\"> http:\/\/uhcapuche.wordpress.com\/<\/a><\/h4>\n\n\n\n<hr class=\"wp-block-separator\"\/>\n\n\n\n<ul><li><strong>UQ Centre Gares<\/strong> \u2013 6 rue du 4 septembre \u2013 Grenoble<\/li><\/ul>\n\n\n\n<p>Tel\u3000: 07 83 06 57 75<\/p>\n\n\n\n<h4>Pr\u00e9sident\u3000: M. Pierre JACQUIER<\/h4>\n\n\n\n<p>Email : <a href=\"mailto:uqcg@yahoo.com\">uqcg@yahoo.com<\/a><\/p>\n\n\n\n<p>Facebook : <a href=\"https:\/\/www.facebook.com\/UniondeQuartierCentreGares\/?fref=ts\" target=\"_blank\" rel=\"noreferrer noopener\">https:\/\/www.facebook.com\/UniondeQuartierCentreGares\/?fref=ts<\/a><\/p>\n\n\n\n<hr class=\"wp-block-separator\"\/>\n\n\n\n<ul><li><strong>UQ Centre Ville<\/strong> \u2013 6 rue Saint Fran\u00e7ois \u2013 Grenoble<\/li><\/ul>\n\n\n\n<h4>Pr\u00e9sident\u3000: Bureau coll\u00e9gial , pas de pr\u00e9sident<\/h4>\n\n\n\n<p>Email\u3000: <a href=\"mailto:contact@uhcv-grenoble.fr\">uhcv.grenoble@gmail.com<\/a> Site web\u3000: <a href=\"http:\/\/www.uhcv-grenoble.fr\/\">http:\/\/www.uhcv-grenoble.fr<\/a><\/p>\n\n\n\n<p>Facebook : <a href=\"https:\/\/facebook.com\/uhcvgrenoble\" target=\"_blank\" rel=\"noreferrer noopener\">https:\/\/facebook.com\/uhcvgrenoble<\/a><\/p>\n\n\n\n<hr class=\"wp-block-separator\"\/>\n\n\n\n<ul><li><strong>UQ Championnet Bonne Condorcet<\/strong> \u2013 Maison des Associations (Bureau 208) &#8211; 6 rue Berthe de Boissieux \u2013 Grenoble<\/li><\/ul>\n\n\n\n<p>Tel\u3000: 04 76 43 19 98<\/p>\n\n\n\n<h4>Pr\u00e9sident\u3000: M. Michel VOILIN<\/h4>\n\n\n\n<p>Email : <a href=\"mailto:secretaire.uq@orange.fr\">unionquartiercbc@gmail.com<\/a>.&nbsp;&nbsp;&nbsp; site : <a href=\"http:\/\/unionquartiercbch.blogspot.fr\/\" target=\"_blank\" rel=\"noreferrer noopener\">http:\/\/unionquartiercbch.blogspot.fr\/<\/a><\/p>\n\n\n\n<hr class=\"wp-block-separator\"\/>\n\n\n\n<ul><li>&nbsp;<strong>UQ Eaux Claires<\/strong>&nbsp; &#8211; MDH Eaux Claires&nbsp; 35 rue Bouchayer \u2013 Grenoble<\/li><\/ul>\n\n\n\n<h4>Pr\u00e9sidente\u3000: Mme Aline MEDINA<\/h4>\n\n\n\n<h4>Email\u3000: <a href=\"mailto:udheceauxclaires@yahoo.fr\">udheceauxclaires@yahoo.fr<\/a> &nbsp; Site web\u3000: <a href=\"http:\/\/www.udhec38.com\" target=\"_blank\" rel=\"noreferrer noopener\">http:\/\/www.udhec38.com&nbsp;<\/a><\/h4>\n\n\n\n<h4>Twitter : @UDHEC38<\/h4>\n\n\n\n<hr class=\"wp-block-separator\"\/>\n\n\n\n<ul><li><strong>UQ Exposition Bajati\u00e8re<\/strong> \u2013 Centre Social Bajati\u00e8re 79 Avenue Jean Perrot \u2013 Grenoble<\/li><\/ul>\n\n\n\n<h4>Tel\u3000: 04 76 63 89 73<\/h4>\n\n\n\n<h4>Pr\u00e9sident\u3000: M. Michel FRUNEAU<\/h4>\n\n\n\n<h4>Email\u3000: <a href=\"mailto:uhqeb-grenoble@orange.fr\">uhqeb-grenoble@orange.fr<\/a>&nbsp; &nbsp;Site web\u3000: <a href=\"http:\/\/www.uhqeb-grenoble.fr\/\">http:\/\/www.uhqeb-grenoble.fr<\/a><\/h4>\n\n\n\n<hr class=\"wp-block-separator\"\/>\n\n\n\n<ul><li><strong>UQ Ile Verte<\/strong> \u2013 Salle Polyvalente les vignes \u2013 3 bis rue Mar\u00e9chal randon Grenoble<\/li><\/ul>\n\n\n\n<h4>Pr\u00e9sidente\u3000: Mme Catherine BACONNIER<\/h4>\n\n\n\n<h4>Email\u3000: <a href=\"mailto:ile.verte@laposte.net\">ile.verte@laposte.net<\/a> site web\u3000: <a href=\"http:\/\/uqiv.free.fr\/\">http:\/\/uqiv.free.fr<\/a><\/h4>\n\n\n\n<h4>&nbsp;Facebook : https:\/\/www.facebook.com\/uniondequartier.ileverte<br>Twitter :&nbsp;https:\/\/twitter.com\/UQileverte<\/h4>\n\n\n\n<hr class=\"wp-block-separator\"\/>\n\n\n\n<ul><li><strong>&nbsp;CoHaMis &#8211; Collectif des Habitants de Mistral &#8211; Union de Quartier <\/strong>&#8211; 68 bis rue Anatole France &#8211; Grenoble<\/li><\/ul>\n\n\n\n<h4>Pr\u00e9sident\u3000: M. Karim KADRI<\/h4>\n\n\n\n<h4>Email : <a href=\"mailto:cohamis@hotmail.com\">cohamis@hotmail.com<\/a><\/h4>\n\n\n\n<hr class=\"wp-block-separator\"\/>\n\n\n\n<ul><li><strong>UQ Mutualit\u00e9 Pr\u00e9fecture<\/strong> \u2013 10 rue joseph Chanrion \u2013 Grenoble<\/li><\/ul>\n\n\n\n<h4>Tel\u3000: <strong>09 79 04 71 79<\/strong><\/h4>\n\n\n\n<h4>Pr\u00e9sident\u3000: M. Claude BEGUIN<\/h4>\n\n\n\n<h4>Email\u3000: <a href=\"mailto:contact@uqmp-grenoble.asso.fr\">contact@uqmp-grenoble.asso.fr<\/a> Site web\u3000: <a href=\"http:\/\/www.uqmp-grenoble.asso.fr\/\">http:\/\/www.uqmp-grenoble.asso.fr<\/a><\/h4>\n\n\n\n<hr class=\"wp-block-separator\"\/>\n\n\n\n<ul><li><strong>UQ Notre Dame<\/strong>\u3000\u2013 10 rue Chenoise \u2013 Grenoble<\/li><\/ul>\n\n\n\n<h4>Tel\u3000: 04 76 03 09 46<\/h4>\n\n\n\n<h4>Pr\u00e9sident\u3000: Pas de pr\u00e9sident uniquement vices-pr\u00e9sidents<\/h4>\n\n\n\n<h4>Email\u3000: <a href=\"mailto:uqnd@free.fr\">uqnd@free.fr<\/a>&nbsp; Site web\u3000: <a href=\"http:\/\/www.notredame-grenoble.org\/\" target=\"_blank\" rel=\"noreferrer noopener\">www.notredame-grenoble.org<\/a><\/h4>\n\n\n\n<hr class=\"wp-block-separator\"\/>\n\n\n\n<ul><li><strong>UQ Rive Droite St Laurent<\/strong> \u2013 103 rue St Laurent \u2013 Grenoble<\/li><\/ul>\n\n\n\n<h4>Pr\u00e9sidente\u3000: Mme Jessica SURET<\/h4>\n\n\n\n<h4>Email\u3000: association.uqrd38@gmail.com&nbsp; Site web\u3000: <a href=\"http:\/\/www.uq-rive-droite.com\/\">http:\/\/www.uq-rive-droite.com<\/a><\/h4>\n\n\n\n<hr class=\"wp-block-separator\"\/>\n\n\n\n<ul><li><strong>UQ Rondeau Lib\u00e9ration<\/strong> &#8211; 196 Cours de la Lib\u00e9ration &#8211; Grenoble<\/li><\/ul>\n\n\n\n<p>Tel : 06 09 94 20 96<\/p>\n\n\n\n<h4>Pr\u00e9sident\u3000: M. Jean-Pierre COLOMBARI<\/h4>\n\n\n\n<p>email :&nbsp;<a href=\"mailto:uqrl@laposte.net\">uq.rondeau.liberation@gmail.com<\/a><\/p>\n\n\n\n<hr class=\"wp-block-separator\"\/>\n\n\n\n<ul><li><strong>UQ Village Olympique Vigny Musset<\/strong> \u2013 1 rue lachenal \u2013 Grenoble<\/li><\/ul>\n\n\n\n<h4>Pr\u00e9sident\u3000: M. Nicolas DUPORT<\/h4>\n\n\n\n<h4>Email : <a href=\"mailto:uniondequartier.vovm@gmail.com\">uniondequartier.vovm@gmail.com<\/a><\/h4>\n\n\n\n<h4>Site web <a href=\"http:\/\/uniondequartiervovmgrenoble.wordpress.com\/\" target=\"_blank\" rel=\"noreferrer noopener\">http:\/\/uniondequartiervovmgrenoble.wordpress.com\/<\/a><\/h4>\n\n\n\n<p>Facebook : <a href=\"https:\/\/www.facebook.com\/Union-de-quartier-Village-Olympique-Vigny-Musset-163025390764692\/?fref=ts\" target=\"_blank\" rel=\"noreferrer noopener\">https:\/\/www.facebook.com\/Union-de-quartier-Village-Olympique-Vigny-Musset-163025390764692\/?fref=ts<\/a><\/p>\n\n\n\n<hr class=\"wp-block-separator\"\/>\n\n\n\n<ul><li><strong>UQ Villeneuve 1<\/strong> \u2013 97 Galerie de l\u2019Arlequin boite N\u00b013 \u2013 Grenoble<\/li><\/ul>\n\n\n\n<h4>Tel\u3000: 04 76 09 09 52<\/h4>\n\n\n\n<p>Bureau coll\u00e9gial , pas de pr\u00e9sident<\/p>\n\n\n\n<h4>Email\u3000: contact@uniondequartiervilleneuve1.fr<\/h4>\n\n\n\n<h4>Site web\u3000: <a href=\"http:\/\/www.uniondequartiervilleneuve1.fr\/\" target=\"_blank\" rel=\"noreferrer noopener\">http:\/\/www.uniondequartiervilleneuve1.fr\/<\/a><\/h4>\n\n\n\n<hr class=\"wp-block-separator\"\/>\n\n\n\n<ul><li><strong>UQ Baladins G\u00e9ants<\/strong>\u3000\u2013 30 place des G\u00e9ants \u2013 Grenoble<\/li><\/ul>\n\n\n\n<h4>Pr\u00e9sident\u3000: M. Marc Beetschen<\/h4>\n\n\n\n<p>Email : contact.uqbaladins@gmail.com<\/p>\n\n\n\n<hr class=\"wp-block-separator\"\/>\n","protected":false},"excerpt":{"rendered":"<p>Mise \u00e0 jour des limites des Unions de Quartier &nbsp;(Septembre<span class=\"more-link\"><a href=\"https:\/\/cluq-grenoble.org\/WordPress\/unions-de-quartiers\/\">Lire la suite<\/a><\/span><\/p>\n","protected":false},"author":1,"featured_media":0,"parent":0,"menu_order":3,"comment_status":"closed","ping_status":"open","template":"","meta":[],"_links":{"self":[{"href":"https:\/\/cluq-grenoble.org\/WordPress\/wp-json\/wp\/v2\/pages\/13"}],"collection":[{"href":"https:\/\/cluq-grenoble.org\/WordPress\/wp-json\/wp\/v2\/pages"}],"about":[{"href":"https:\/\/cluq-grenoble.org\/WordPress\/wp-json\/wp\/v2\/types\/page"}],"author":[{"embeddable":true,"href":"https:\/\/cluq-grenoble.org\/WordPress\/wp-json\/wp\/v2\/users\/1"}],"replies":[{"embeddable":true,"href":"https:\/\/cluq-grenoble.org\/WordPress\/wp-json\/wp\/v2\/comments?post=13"}],"version-history":[{"count":37,"href":"https:\/\/cluq-grenoble.org\/WordPress\/wp-json\/wp\/v2\/pages\/13\/revisions"}],"predecessor-version":[{"id":8818,"href":"https:\/\/cluq-grenoble.org\/WordPress\/wp-json\/wp\/v2\/pages\/13\/revisions\/8818"}],"wp:attachment":[{"href":"https:\/\/cluq-grenoble.org\/WordPress\/wp-json\/wp\/v2\/media?parent=13"}],"curies":[{"name":"wp","href":"https:\/\/api.w.org\/{rel}","templated":true}]}}