{"id":1381,"date":"2014-06-25T15:10:43","date_gmt":"2014-06-25T13:10:43","guid":{"rendered":"http:\/\/cluq-grenoble.org\/WordPress\/?page_id=1381"},"modified":"2017-03-25T16:33:16","modified_gmt":"2017-03-25T14:33:16","slug":"com-democratie","status":"publish","type":"page","link":"https:\/\/cluq-grenoble.org\/WordPress\/com-dlp\/com-democratie\/","title":{"rendered":"Travaux ant\u00e9rieurs D\u00e9mocratie Participative"},"content":{"rendered":"<h4><strong>Ci-dessous vous trouverez les documents de travail n\u00e9cessaires \u00e0 la r\u00e9flexion :\u00a0<\/strong><\/h4>\n<p>L&#8217;analyse du syst\u00e8me pr\u00e9c\u00e9dent effectu\u00e9e par le cabinet mandat\u00e9 par la ville en 2013 :<\/p>\n<p style=\"padding-left: 30px;\">a &#8211;\u00a0<a href=\"http:\/\/cluq-grenoble.org\/WordPress\/wp-content\/uploads\/2014\/06\/Preconisations-Evaluation-democratie-participative.pdf\">Preconisations-Evaluation-democratie-participative<\/a>\u00a0(pdf)<\/p>\n<p style=\"padding-left: 30px;\">b &#8211;\u00a0<a href=\"http:\/\/cluq-grenoble.org\/WordPress\/wp-content\/uploads\/2014\/06\/synthese-rapport-evaluation.pdf\">synthese-rapport-evaluation<\/a>\u00a0(pdf)<\/p>\n<p style=\"padding-left: 30px;\">c &#8211;\u00a0<a href=\"http:\/\/cluq-grenoble.org\/WordPress\/wp-content\/uploads\/2014\/06\/Rapport-complet-Evaluation-democratie-participative.pdf\">Rapport-complet-Evaluation-democratie-participative<\/a>\u00a0(pdf)<\/p>\n<p>Les documents de r\u00e9f\u00e9rences de l&#8217;Etat sur les &#8220;Conseils Citoyens&#8221; :<\/p>\n<p style=\"padding-left: 30px;\">a &#8211;\u00a0<a href=\"http:\/\/cluq-grenoble.org\/WordPress\/wp-content\/uploads\/2014\/09\/presentation_de_la_reforme_-_avril_2014.ppt\">presentation_de_la_reforme_-_avril_2014<\/a>\u00a0(ppt)<\/p>\n<p style=\"padding-left: 30px;\">b &#8211;\u00a0<a href=\"http:\/\/cluq-grenoble.org\/WordPress\/wp-content\/uploads\/2014\/09\/Conseils-citoyens-Cadre-de-reference.pdf\">Conseils-citoyens-Cadre-de-reference<\/a>\u00a0(pdf)<\/p>\n<p>Le programme &#8220;Une ville pour tous&#8221; de la majorit\u00e9 municipale :<\/p>\n<p style=\"padding-left: 30px;\">a &#8211;\u00a0<a href=\"http:\/\/cluq-grenoble.org\/WordPress\/wp-content\/uploads\/2014\/09\/ProjetGrenobleUneVillePourTous.pdf\">ProjetGrenobleUneVillePourTous<\/a>\u00a0(pdf)<\/p>\n<p><strong>Voici les premi\u00e8res propositions du CLUQ :<\/strong><\/p>\n<p style=\"padding-left: 30px;\"><strong>a &#8211;\u00a0<a href=\"https:\/\/drive.google.com\/file\/d\/0B__h0uF1OZtTSEpvWkZtNHA5eHM\/edit?usp=sharing\" target=\"_blank\">Projet de PACTE de coop\u00e9ration avec la Municipalit\u00e9 &#8211; Commission CLUQ &#8220;Participation des Habitants&#8221;<\/a>\u00a0(pdf)<\/strong><\/p>\n<p style=\"padding-left: 30px;\"><strong>b &#8211;<\/strong> <strong><a href=\"http:\/\/cluq-grenoble.org\/WordPress\/wp-content\/uploads\/2014\/06\/Presentation_suite_CA_exceptionnel_22Octobre2014_GW511-V2.pdf\">Pour une nouvelle d\u00e9mocratie &#8211; &#8220;Les propositions des UQs au sein du CLUQ&#8221; Pr\u00e9sent\u00e9 aux assises citoyennes du samedi 8 novembre 2014.<\/a> (pdf)<br \/>\n<\/strong><\/p>\n<p><span style=\"text-decoration: underline;\">Liens vers articles et vid\u00e9os sur les Assises Citoyennes du 7 et 8 novembre 2014<\/span><\/p>\n<p><strong>T\u00e9l\u00e9grenoble\u00a0: <a href=\"http:\/\/www.telegrenoble.net\/emissions\/cap-info\/30\/cap-info-10-novembre-2014_x29ur59.html\" target=\"_blank\">http:\/\/www.telegrenoble.net\/emissions\/cap-info\/30\/cap-info-10-novembre-2014_x29ur59.html<\/a><\/strong><\/p>\n<p><strong>Place Gre\u2019net : <a href=\"http:\/\/www.placegrenet.fr\/assises-les-conseils-citoyens-les-rails\/\" target=\"_blank\">http:\/\/www.placegrenet.fr\/assises-les-conseils-citoyens-les-rails\/<\/a><\/strong><\/p>\n<p>&nbsp;<\/p>\n<p><strong>Le CLUQ participe \u00e0 la commission extra municipale cr\u00e9\u00e9e par la municipalit\u00e9 pour \u00a0co-construire la d\u00e9mocratie locale :<\/strong><\/p>\n<p>nous vous invitons \u00e0 consulter la page d\u00e9di\u00e9e que nous avons cr\u00e9\u00e9e pour que le plus grand nombre de personnes puisse participer \u00e0 l&#8217;aventure et partager ses pr\u00e9f\u00e9rences =&gt; <a href=\"http:\/\/cluq-grenoble.org\/WordPress\/groupes-de-travail-cluq\/com-democratie\/com-extra-municipale\/\">lien vers la page d\u00e9di\u00e9e<\/a><\/p>\n<p><a href=\"http:\/\/cluq-grenoble.org\/WordPress\/?p=2957\">Retour sur la page de la <strong>Commission D\u00e9mocratie Locale &amp; Participation<\/strong><\/a><\/p>\n","protected":false},"excerpt":{"rendered":"<p>Ci-dessous vous trouverez les documents de travail n\u00e9cessaires \u00e0 la<span class=\"more-link\"><a href=\"https:\/\/cluq-grenoble.org\/WordPress\/com-dlp\/com-democratie\/\">Lire la suite<\/a><\/span><\/p>\n","protected":false},"author":1,"featured_media":0,"parent":2957,"menu_order":3,"comment_status":"closed","ping_status":"open","template":"","meta":[],"_links":{"self":[{"href":"https:\/\/cluq-grenoble.org\/WordPress\/wp-json\/wp\/v2\/pages\/1381"}],"collection":[{"href":"https:\/\/cluq-grenoble.org\/WordPress\/wp-json\/wp\/v2\/pages"}],"about":[{"href":"https:\/\/cluq-grenoble.org\/WordPress\/wp-json\/wp\/v2\/types\/page"}],"author":[{"embeddable":true,"href":"https:\/\/cluq-grenoble.org\/WordPress\/wp-json\/wp\/v2\/users\/1"}],"replies":[{"embeddable":true,"href":"https:\/\/cluq-grenoble.org\/WordPress\/wp-json\/wp\/v2\/comments?post=1381"}],"version-history":[{"count":42,"href":"https:\/\/cluq-grenoble.org\/WordPress\/wp-json\/wp\/v2\/pages\/1381\/revisions"}],"predecessor-version":[{"id":3144,"href":"https:\/\/cluq-grenoble.org\/WordPress\/wp-json\/wp\/v2\/pages\/1381\/revisions\/3144"}],"up":[{"embeddable":true,"href":"https:\/\/cluq-grenoble.org\/WordPress\/wp-json\/wp\/v2\/pages\/2957"}],"wp:attachment":[{"href":"https:\/\/cluq-grenoble.org\/WordPress\/wp-json\/wp\/v2\/media?parent=1381"}],"curies":[{"name":"wp","href":"https:\/\/api.w.org\/{rel}","templated":true}]}}