{"id":1383,"date":"2014-06-25T15:11:10","date_gmt":"2014-06-25T13:11:10","guid":{"rendered":"http:\/\/cluq-grenoble.org\/WordPress\/?page_id=1383"},"modified":"2017-04-01T17:54:07","modified_gmt":"2017-04-01T15:54:07","slug":"com-espaces-publics","status":"publish","type":"page","link":"https:\/\/cluq-grenoble.org\/WordPress\/groupes-de-travail-cluq\/com-mutations-urbaines\/com-espaces-publics\/","title":{"rendered":"Com. Qualit\u00e9 de vi[ll]e"},"content":{"rendered":"<p>A l\u2019automne 2010, les responsables du CLUQ et de LAHGGLO ont engag\u00e9 une collaboration qui a abouti \u00e0 la cr\u00e9ation d\u2019une commission commune \u00ab\u00a0Qualit\u00e9 de Vi[ll]e\u00a0\u00bb<\/p>\n<p><a href=\"https:\/\/sites.google.com\/site\/qdv20102011\/home\" target=\"_blank\">Visitez le site <\/a>qui retrace les travaux de la commission !<\/p>\n<p>Le travail \u00e0 d\u00e9but\u00e9 sur la gestion et l&#8217;usage de l&#8217;espace publique, l&#8217;am\u00e9lioration de l&#8217;accessibilit\u00e9 et la d\u00e9finition de la tranquillit\u00e9 publique \u00e0 Grenoble.<\/p>\n<p>1) Accessibilit\u00e9:<\/p>\n<p>Une r\u00e9flexion est en cours sur les zones \u00e0 traiter en priorit\u00e9 pour l&#8217;accessibilit\u00e9 :<\/p>\n<p>+ Vous pouvez trouver une fiche \u00e9dit\u00e9e par la ville Grenoble sur les conditions d&#8217;une voirie dite accessible :\u00a0<a href=\"http:\/\/cluq-grenoble.org\/WordPress\/wp-content\/uploads\/2014\/11\/Mise-en-accessibilite-de-travaux-sur-la-voie-publique.pdf\">Mise-en-accessibilite-de-travaux-sur-la-voie-publique<\/a><\/p>\n<p>+ Vous pouvez trouver ci-dessous le plan 2014 d&#8217;accessibilit\u00e9 de la voirie de la ville de Grenoble :<a href=\"http:\/\/cluq-grenoble.org\/WordPress\/wp-content\/uploads\/2014\/11\/ACCESSIBILITE-VOIRIE-2014.jpg\"><img loading=\"lazy\" class=\"alignleft size-large wp-image-1909\" src=\"http:\/\/cluq-grenoble.org\/WordPress\/wp-content\/uploads\/2014\/11\/ACCESSIBILITE-VOIRIE-2014-724x1024.jpg\" alt=\"ACCESSIBILITE  VOIRIE 2014\" width=\"584\" height=\"825\" srcset=\"https:\/\/cluq-grenoble.org\/WordPress\/wp-content\/uploads\/2014\/11\/ACCESSIBILITE-VOIRIE-2014-724x1024.jpg 724w, https:\/\/cluq-grenoble.org\/WordPress\/wp-content\/uploads\/2014\/11\/ACCESSIBILITE-VOIRIE-2014-212x300.jpg 212w\" sizes=\"(max-width: 584px) 100vw, 584px\" \/><\/a><\/p>\n<p>&nbsp;<\/p>\n<p>2) TRANQUILLIT\u00c9 PUBLIQUE :<\/p>\n<p>Une r\u00e9flexion est en cours sur la vid\u00e9osurveillance et la tranquillit\u00e9 publique :<\/p>\n<p>+ Vous pouvez trouver \u00e0 ce lien \u00a0le rapport sur l&#8217;exp\u00e9rimentation de la vid\u00e9osurveillance de la ville de Grenoble :\u00a0<a href=\"http:\/\/cluq-grenoble.org\/WordPress\/wp-content\/uploads\/2014\/11\/Evaluation-de-la-videosurveillance-dans-3-sites-experimentaux-grenoblois-septembre-2013-.pdf\">Evaluation-de-la-videosurveillance-dans-3-sites-experimentaux-grenoblois-septembre-2013-<\/a>\u00a0(pdf)<\/p>\n<p>+ Une r\u00e9flexion est en cours sur l&#8217;usage des terrasses sur voirie et sur la gestion des nuisances associ\u00e9es : <a href=\"http:\/\/cluq-grenoble.org\/WordPress\/groupes-de-travail-cluq\/com-espaces-publics\/terrasses-chr\/\">lien vers page d\u00e9di\u00e9e<\/a><\/p>\n<p>3) EMBELLISSEMENT de notre VILLE<\/p>\n<p>+ Embellissons notre ville en jardinant nos rues: vous pouvez trouver \u00e0 ce lien le guide \u00e9dit\u00e9 par la ville de Grenoble :\u00a0<a href=\"http:\/\/cluq-grenoble.org\/WordPress\/wp-content\/uploads\/2014\/06\/Guide-jardinons-nos-rue.pdf\">Guide-jardinons-nos-rue<\/a>\u00a0(pdf)<\/p>\n<p>+ Information de la ville de Grenoble sur la suppression de la publicit\u00e9 sur voirie avec le plan de tous les supports concern\u00e9s : <a href=\"http:\/\/cluq-grenoble.org\/WordPress\/wp-content\/uploads\/2014\/06\/Dossier-de-presse-Grenoble-libere-l-espace-public-.pdf\">Dossier-de-presse-Grenoble-libere-l-espace-public-<\/a>\u00a0(pdf)<\/p>\n<p>&nbsp;<\/p>\n<p><a href=\"http:\/\/cluq-grenoble.org\/WordPress\/?p=2625\">Retour \u00e0 la page Commission Urbanisme<\/a><\/p>\n","protected":false},"excerpt":{"rendered":"<p>A l\u2019automne 2010, les responsables du CLUQ et de LAHGGLO<span class=\"more-link\"><a href=\"https:\/\/cluq-grenoble.org\/WordPress\/groupes-de-travail-cluq\/com-mutations-urbaines\/com-espaces-publics\/\">Lire la suite<\/a><\/span><\/p>\n","protected":false},"author":1,"featured_media":0,"parent":2625,"menu_order":4,"comment_status":"closed","ping_status":"open","template":"","meta":[],"_links":{"self":[{"href":"https:\/\/cluq-grenoble.org\/WordPress\/wp-json\/wp\/v2\/pages\/1383"}],"collection":[{"href":"https:\/\/cluq-grenoble.org\/WordPress\/wp-json\/wp\/v2\/pages"}],"about":[{"href":"https:\/\/cluq-grenoble.org\/WordPress\/wp-json\/wp\/v2\/types\/page"}],"author":[{"embeddable":true,"href":"https:\/\/cluq-grenoble.org\/WordPress\/wp-json\/wp\/v2\/users\/1"}],"replies":[{"embeddable":true,"href":"https:\/\/cluq-grenoble.org\/WordPress\/wp-json\/wp\/v2\/comments?post=1383"}],"version-history":[{"count":17,"href":"https:\/\/cluq-grenoble.org\/WordPress\/wp-json\/wp\/v2\/pages\/1383\/revisions"}],"predecessor-version":[{"id":3253,"href":"https:\/\/cluq-grenoble.org\/WordPress\/wp-json\/wp\/v2\/pages\/1383\/revisions\/3253"}],"up":[{"embeddable":true,"href":"https:\/\/cluq-grenoble.org\/WordPress\/wp-json\/wp\/v2\/pages\/2625"}],"wp:attachment":[{"href":"https:\/\/cluq-grenoble.org\/WordPress\/wp-json\/wp\/v2\/media?parent=1383"}],"curies":[{"name":"wp","href":"https:\/\/api.w.org\/{rel}","templated":true}]}}