{"id":1394,"date":"2014-06-26T10:33:18","date_gmt":"2014-06-26T08:33:18","guid":{"rendered":"http:\/\/cluq-grenoble.org\/WordPress\/?page_id=1394"},"modified":"2024-09-18T13:29:43","modified_gmt":"2024-09-18T12:29:43","slug":"qui-sommes-nous","status":"publish","type":"page","link":"https:\/\/cluq-grenoble.org\/WordPress\/presentation\/qui-sommes-nous\/","title":{"rendered":"Qui sommes-nous ?"},"content":{"rendered":"<h1 style=\"text-align: center;\"><span style=\"color: #000000;\">CLUQ : <\/span><span style=\"color: #000000;\">Comit\u00e9 de Liaison des Unions de Quartier de Grenoble<\/span><\/h1>\n<p><span style=\"color: #000000;\">Le CLUQ regroupe depuis 1961 les 22 Unions de Quartier de la ville pour :<\/span><\/p>\n<ul>\n<li><strong><span style=\"color: #000000;\">\u00eatre force de proposition,<\/span><\/strong><\/li>\n<li><strong><span style=\"color: #000000;\">informer et former,<\/span><\/strong><\/li>\n<li><strong><span style=\"color: #000000;\">favoriser les \u00e9changes et la concertation,<\/span><\/strong><\/li>\n<li><strong><span style=\"color: #000000;\">participer \u00e0 l\u2019\u00e9laboration et au suivi des projets.<\/span><\/strong><strong><span style=\"color: #000000;\">&#8230;<br><\/span><\/strong><strong><span style=\"color: #000000;\"><br>STATUTS du CLUQ -&gt;<a href=\"https:\/\/cluq-grenoble.org\/WordPress\/wp-content\/uploads\/2022\/02\/statuts-du-CLUQ-AG-2021-definitifs.pdf\"> STATUTS 2021<\/a><br><\/span><\/strong><\/li>\n<\/ul>\n<p><span style=\"color: #000000;\"> Vous souhaitez cr\u00e9er votre Unions de Quartier pour nous rejoindre, c&#8217;est facile -&gt; <a href=\"http:\/\/xn--dmocratie%20%20locale%20%26%20participation%20des%20habitants-bff\/\">suivez nos conseils sur cette page d\u00e9di\u00e9e<\/a><\/span><\/p>\n<p><span style=\"color: #000000;\">Statutairement, le CLUQ fonctionne \u00e0 partir d\u2019une Assembl\u00e9e G\u00e9n\u00e9rale Annuelle qui regroupent les pr\u00e9sidents des Unions de Quartier adh\u00e9rentes et 5 de leurs repr\u00e9sentants respectivement. L\u2019Assembl\u00e9e G\u00e9n\u00e9rale statutaire \u00e9lit chaque ann\u00e9e un Conseil d\u2019Administration (CA) qui, lui m\u00eame \u00e9lit son bureau. Le CA se r\u00e9unit une a deux fois par trimestre pour d\u00e9finir les actions \u00e0 mener et le bureau pr\u00e9pare les CA et ex\u00e9cute les actions vot\u00e9es en CA, il se r\u00e9uni autant que n\u00e9cessaire.<\/span><\/p>\n<p><span style=\"color: #000000;\">L&#8217;action du CLUQ est conduite par le Conseil d\u2019Administration qui rassemble toutes les Unions de Quartiers et qui s\u2019appuie sur des commissions, groupe de travail ou ateliers th\u00e9matiques&nbsp; :<\/span><\/p>\n<ul>\n<li>D\u00e9mocratie &nbsp;Locale &amp; Participation des habitants<\/li>\n<li><span style=\"color: #000000;\">Animations, Culture, Ev\u00e8nements<\/span><\/li>\n<li>Urbanisme<\/li>\n<li><span style=\"color: #000000;\">Mobilit\u00e9s<\/span><\/li>\n<li><span style=\"color: #000000;\">S\u00e9curit\u00e9 &amp; Pr\u00e9vention <\/span><\/li>\n<li><span style=\"color: #000000;\">Qualit\u00e9 de l&#8217;air<\/span><\/li>\n<li>&#8230;<\/li>\n<\/ul>\n<p><strong><a href=\"http:\/\/cluq-grenoble.org\/WordPress\/wp-content\/uploads\/2014\/06\/BROCHURE-PRESENTATION-CLUQ.pdf\">=&gt; BROCHURE PRESENTATION CLUQ<\/a>&nbsp;(<\/strong>pdf)<\/p>\n\n\n<h4 class=\"has-text-align-center\"><strong>Membre du Conseil d&#8217;Administration du CLUQ 2022:<\/strong>&nbsp;-&gt;&nbsp;<a href=\"https:\/\/cluq-grenoble.org\/WordPress\/wp-content\/uploads\/2023\/03\/membres-du-CA-2022.xlsx\">liste ici<\/a>,<\/h4>\n\n\n\n<figure class=\"wp-block-embed is-type-wp-embed is-provider-quartiers-de-grenoble-cluq wp-block-embed-quartiers-de-grenoble-cluq\"><div class=\"wp-block-embed__wrapper\">\n<blockquote class=\"wp-embedded-content\" data-secret=\"czrMOwKrfj\"><a href=\"https:\/\/cluq-grenoble.org\/WordPress\/adhesion\/\">Adh\u00e9rez !<\/a><\/blockquote><iframe class=\"wp-embedded-content\" sandbox=\"allow-scripts\" security=\"restricted\" style=\"position: absolute; clip: rect(1px, 1px, 1px, 1px);\" title=\"\u00ab\u00a0Adh\u00e9rez !\u00a0\u00bb &#8212; Quartiers de GRENOBLE (CLUQ)\" src=\"https:\/\/cluq-grenoble.org\/WordPress\/adhesion\/embed\/#?secret=czrMOwKrfj\" data-secret=\"czrMOwKrfj\" width=\"600\" height=\"338\" frameborder=\"0\" marginwidth=\"0\" marginheight=\"0\" scrolling=\"no\"><\/iframe>\n<\/div><\/figure>\n\n\n\n<p>Fiches de postes mode &#8220;coll\u00e9gial&#8221; :<\/p>\n\n\n\n<ul><li><a href=\"https:\/\/cluq-grenoble.org\/WordPress\/wp-content\/uploads\/2022\/02\/Fiche-co-president.pdf\">Fiche co-pr\u00e9sident<\/a> | <a href=\"http:\/\/cluq-grenoble.org\/WordPress\/wp-content\/uploads\/2020\/02\/Fiche-tr%C3%A9sorier.pdf\">Fiche Porte-Parole<\/a><\/li><li><a href=\"http:\/\/cluq-grenoble.org\/WordPress\/wp-content\/uploads\/2020\/02\/Fiche-tr%C3%A9sorier.pdf\">Fiche Tr\u00e9sorier<\/a><\/li><\/ul>\n\n\n\n<p>Fiches de postes mode &#8220;pr\u00e9sidentiel&#8221; : <\/p>\n\n\n\n<ul><li><a href=\"http:\/\/cluq-grenoble.org\/WordPress\/wp-content\/uploads\/2020\/02\/Fiche-pr%C3%A9sident.pdf\">Fiche Pr\u00e9sident<\/a>  | <a href=\"http:\/\/cluq-grenoble.org\/WordPress\/wp-content\/uploads\/2020\/02\/Fiche-vice-pr%C3%A9sident.pdf\">Fiche Vice-Pr\u00e9sident<\/a><\/li><li><a href=\"http:\/\/cluq-grenoble.org\/WordPress\/wp-content\/uploads\/2020\/02\/Fiche-secr%C3%A9taire.pdf\">Fiche Secr\u00e9taire<\/a><\/li><li><a href=\"http:\/\/cluq-grenoble.org\/WordPress\/wp-content\/uploads\/2020\/02\/Fiche-tr%C3%A9sorier.pdf\">Fiche Tr\u00e9sorier<\/a><\/li><\/ul>\n\n\n\n<ul><li><a href=\"http:\/\/cluq-grenoble.org\/WordPress\/wp-content\/uploads\/2020\/02\/Fiche-responsable-de-commission.pdf\">Fiche Responsable Commission\/Groupe de Travail\/Atelier  <\/a><\/li><\/ul>\n\n\n\n<p class=\"has-large-font-size\"><strong>Nos permanences au local  :<\/strong> \u00a0Mardi 8h \u00e0 11h, Jeudi de 9H \u00e0 12H\u00a0et \u00a0Mercredi de 13H30 \u00e0 16H30.<\/p>\n\n\n<p style=\"text-align: left;\"><strong>email<\/strong> : contact(at)cluq-grenoble.org<br>\u2192 &nbsp;remplacer&nbsp;(at) par @<\/p>\n<p style=\"text-align: left;\"><strong>courrier \u00e0 l\u2019adresse postale suivante :<\/strong> 6 rue du 4 septembre \u2013 38000 Grenoble<\/p>\n<p><a href=\"http:\/\/cluq-grenoble.org\/WordPress\/wp-content\/uploads\/2010\/05\/plan-CLUQ.gif\"><img loading=\"lazy\" class=\"alignnone  wp-image-26\" title=\"plan CLUQ\" src=\"http:\/\/cluq-grenoble.org\/WordPress\/wp-content\/uploads\/2010\/05\/plan-CLUQ.gif\" alt=\"\" width=\"374\" height=\"374\" srcset=\"https:\/\/cluq-grenoble.org\/WordPress\/wp-content\/uploads\/2010\/05\/plan-CLUQ.gif 600w, https:\/\/cluq-grenoble.org\/WordPress\/wp-content\/uploads\/2010\/05\/plan-CLUQ-150x150.gif 150w, https:\/\/cluq-grenoble.org\/WordPress\/wp-content\/uploads\/2010\/05\/plan-CLUQ-300x300.gif 300w\" sizes=\"(max-width: 374px) 100vw, 374px\" \/><\/a><\/p>\n<p style=\"text-align: left;\"><strong>T\u00e9l\u00e9phone<\/strong>&nbsp;: 04 76 87 64 67<\/p>\n<p style=\"text-align: left;\"><strong>Sur Facebook :<\/strong> <a href=\"https:\/\/www.facebook.com\/CLUQ.Grenoble\/?ref=page_internal\">@CLUQ.Grenoble<br><\/a><a href=\"http:\/\/cluq-grenoble.org\/WordPress\/wp-content\/uploads\/2010\/05\/SuivezNousSurFacebook_like.jpg\"><img loading=\"lazy\" class=\"alignleft size-large wp-image-3209\" src=\"http:\/\/cluq-grenoble.org\/WordPress\/wp-content\/uploads\/2010\/05\/SuivezNousSurFacebook_like-1024x455.jpg\" alt=\"SuivezNousSurFacebook_like\" width=\"584\" height=\"259\" srcset=\"https:\/\/cluq-grenoble.org\/WordPress\/wp-content\/uploads\/2010\/05\/SuivezNousSurFacebook_like-1024x455.jpg 1024w, https:\/\/cluq-grenoble.org\/WordPress\/wp-content\/uploads\/2010\/05\/SuivezNousSurFacebook_like-300x133.jpg 300w, https:\/\/cluq-grenoble.org\/WordPress\/wp-content\/uploads\/2010\/05\/SuivezNousSurFacebook_like-500x222.jpg 500w, https:\/\/cluq-grenoble.org\/WordPress\/wp-content\/uploads\/2010\/05\/SuivezNousSurFacebook_like.jpg 1187w\" sizes=\"(max-width: 584px) 100vw, 584px\" \/><\/a><a href=\"https:\/\/www.facebook.com\/CLUQ.Grenoble\/?ref=page_internal\"><br><\/a><\/p>\n<p style=\"text-align: left;\">\n<\/p><p style=\"text-align: left;\">\n<\/p><p style=\"text-align: left;\">Autres <a href=\"http:\/\/cluq-grenoble.org\/WordPress\/?p=20\">Liens et Contacts<\/a><\/p>","protected":false},"excerpt":{"rendered":"<p>CLUQ : Comit\u00e9 de Liaison des Unions de Quartier de<span class=\"more-link\"><a href=\"https:\/\/cluq-grenoble.org\/WordPress\/presentation\/qui-sommes-nous\/\">Lire la suite<\/a><\/span><\/p>\n","protected":false},"author":1,"featured_media":0,"parent":39,"menu_order":0,"comment_status":"closed","ping_status":"open","template":"","meta":[],"_links":{"self":[{"href":"https:\/\/cluq-grenoble.org\/WordPress\/wp-json\/wp\/v2\/pages\/1394"}],"collection":[{"href":"https:\/\/cluq-grenoble.org\/WordPress\/wp-json\/wp\/v2\/pages"}],"about":[{"href":"https:\/\/cluq-grenoble.org\/WordPress\/wp-json\/wp\/v2\/types\/page"}],"author":[{"embeddable":true,"href":"https:\/\/cluq-grenoble.org\/WordPress\/wp-json\/wp\/v2\/users\/1"}],"replies":[{"embeddable":true,"href":"https:\/\/cluq-grenoble.org\/WordPress\/wp-json\/wp\/v2\/comments?post=1394"}],"version-history":[{"count":27,"href":"https:\/\/cluq-grenoble.org\/WordPress\/wp-json\/wp\/v2\/pages\/1394\/revisions"}],"predecessor-version":[{"id":9250,"href":"https:\/\/cluq-grenoble.org\/WordPress\/wp-json\/wp\/v2\/pages\/1394\/revisions\/9250"}],"up":[{"embeddable":true,"href":"https:\/\/cluq-grenoble.org\/WordPress\/wp-json\/wp\/v2\/pages\/39"}],"wp:attachment":[{"href":"https:\/\/cluq-grenoble.org\/WordPress\/wp-json\/wp\/v2\/media?parent=1394"}],"curies":[{"name":"wp","href":"https:\/\/api.w.org\/{rel}","templated":true}]}}