{"id":146,"date":"2010-06-09T13:48:21","date_gmt":"2010-06-09T11:48:21","guid":{"rendered":"http:\/\/cluq-grenoble.org\/WordPress\/?page_id=146"},"modified":"2010-06-15T11:21:40","modified_gmt":"2010-06-15T09:21:40","slug":"2006-la-creation","status":"publish","type":"page","link":"https:\/\/cluq-grenoble.org\/WordPress\/groupes-de-travail-cluq\/donnees-libres-acces\/gt-grenoble-demain\/2006-la-creation\/","title":{"rendered":"La cr\u00e9ation :  fin 2006"},"content":{"rendered":"<p>\u00a0La cr\u00e9ation du Groupe de Travail : fin 2006 &#8211; (dossiers a t\u00e9l\u00e9charger en format PDF)<\/p>\n<ol>\n<li><a href=\"http:\/\/cluq-grenoble.org\/WordPress\/wp-content\/uploads\/2010\/06\/Espaces-publics-article-DL-250406.pdf\">Espaces publics article DL 250406<\/a>\u00a0<\/li>\n<li><a href=\"http:\/\/cluq-grenoble.org\/WordPress\/wp-content\/uploads\/2010\/06\/20060921-cr-bureau.pdf\">Compte rendu Bureau Sept 2006<\/a><\/li>\n<li><a href=\"http:\/\/cluq-grenoble.org\/WordPress\/wp-content\/uploads\/2010\/06\/2006-10-19-cr-CA.pdf\">Compte-rendu CA &#8211; oct. 2006<\/a>\u00a0<\/li>\n<li><a href=\"http:\/\/cluq-grenoble.org\/WordPress\/wp-content\/uploads\/2010\/06\/2006-11-cr-urba.pdf\">Compte-rendu Commission Urbanisme &#8211; nov. 2006<\/a><\/li>\n<li><a href=\"http:\/\/cluq-grenoble.org\/WordPress\/wp-content\/uploads\/2010\/06\/20061206-cr-GT-extension-centre-ville.pdf\">Compte- Rendu GT extension centre ville &#8211; D\u00e9c. 2006<\/a><\/li>\n<li><a href=\"http:\/\/cluq-grenoble.org\/WordPress\/wp-content\/uploads\/2010\/06\/A4-coeurville.pdf\">r\u00e9unions d\u00e9c. 2006 coeur de ville<\/a><\/li>\n<\/ol>\n","protected":false},"excerpt":{"rendered":"<p>\u00a0La cr\u00e9ation du Groupe de Travail : fin 2006 &#8211;<span class=\"more-link\"><a href=\"https:\/\/cluq-grenoble.org\/WordPress\/groupes-de-travail-cluq\/donnees-libres-acces\/gt-grenoble-demain\/2006-la-creation\/\">Lire la suite<\/a><\/span><\/p>\n","protected":false},"author":1,"featured_media":0,"parent":30,"menu_order":1,"comment_status":"closed","ping_status":"open","template":"","meta":[],"_links":{"self":[{"href":"https:\/\/cluq-grenoble.org\/WordPress\/wp-json\/wp\/v2\/pages\/146"}],"collection":[{"href":"https:\/\/cluq-grenoble.org\/WordPress\/wp-json\/wp\/v2\/pages"}],"about":[{"href":"https:\/\/cluq-grenoble.org\/WordPress\/wp-json\/wp\/v2\/types\/page"}],"author":[{"embeddable":true,"href":"https:\/\/cluq-grenoble.org\/WordPress\/wp-json\/wp\/v2\/users\/1"}],"replies":[{"embeddable":true,"href":"https:\/\/cluq-grenoble.org\/WordPress\/wp-json\/wp\/v2\/comments?post=146"}],"version-history":[{"count":5,"href":"https:\/\/cluq-grenoble.org\/WordPress\/wp-json\/wp\/v2\/pages\/146\/revisions"}],"predecessor-version":[{"id":190,"href":"https:\/\/cluq-grenoble.org\/WordPress\/wp-json\/wp\/v2\/pages\/146\/revisions\/190"}],"up":[{"embeddable":true,"href":"https:\/\/cluq-grenoble.org\/WordPress\/wp-json\/wp\/v2\/pages\/30"}],"wp:attachment":[{"href":"https:\/\/cluq-grenoble.org\/WordPress\/wp-json\/wp\/v2\/media?parent=146"}],"curies":[{"name":"wp","href":"https:\/\/api.w.org\/{rel}","templated":true}]}}