{"id":1624,"date":"2014-08-25T21:42:20","date_gmt":"2014-08-25T19:42:20","guid":{"rendered":"http:\/\/cluq-grenoble.org\/WordPress\/?page_id=1624"},"modified":"2016-04-20T14:40:28","modified_gmt":"2016-04-20T12:40:28","slug":"les-territoires-des-unions-de-quartiers","status":"publish","type":"page","link":"https:\/\/cluq-grenoble.org\/WordPress\/unions-de-quartiers\/les-territoires-des-unions-de-quartiers\/","title":{"rendered":"Trouver Votre Union de Quartier"},"content":{"rendered":"<p>Le territoire de la commune de Grenoble est divis\u00e9 en 22 sous territoires correspondants aux<strong> 22 Unions de Quartier :<\/strong><\/p>\n<p><a href=\"http:\/\/cluq-grenoble.org\/WordPress\/wp-content\/uploads\/2015\/12\/LimitesUQs16.png\"><img loading=\"lazy\" class=\"alignleft wp-image-2453 size-full\" src=\"http:\/\/cluq-grenoble.org\/WordPress\/wp-content\/uploads\/2015\/12\/LimitesUQs16.png\" alt=\"LimitesUQs16\" width=\"683\" height=\"718\" srcset=\"https:\/\/cluq-grenoble.org\/WordPress\/wp-content\/uploads\/2015\/12\/LimitesUQs16.png 683w, https:\/\/cluq-grenoble.org\/WordPress\/wp-content\/uploads\/2015\/12\/LimitesUQs16-285x300.png 285w\" sizes=\"(max-width: 683px) 100vw, 683px\" \/><\/a><\/p>\n<p style=\"text-align: center;\">\u00a0(Guy Waltisperger, D\u00e9cembre 2015)<\/p>\n<p>Les 22 Unions de Quartier, \u00e0 l&#8217;\u00e9chelle m\u00e9tropolitaine, peuvent \u00eatre regroup\u00e9es en<strong>\u00a07 p\u00f4les de vie <\/strong>:<\/p>\n<ul>\n<li><strong>P\u00f4le 1 \u00ab\u00a0C\u0153ur de M\u00e9tropole &#8211; Grands Boulevards \u00a0\u00bb<\/strong><\/li>\n<li><strong>P\u00f4le 2 \u00ab\u00a0Eaux-Claires \u2013 Mistral \u2013 Rondeau\u00a0\u00bb<\/strong><\/li>\n<li><strong>P\u00f4le 3 \u00ab\u00a0Presqu\u2019\u00eele \u2013 Berriat\u00a0\u00bb<\/strong><\/li>\n<li><strong>P\u00f4le 4 \u00ab Jean Mac\u00e9 &#8211; Gares &#8211; Centre-Ville\u00a0\u00bb<\/strong><\/li>\n<li><strong>P\u00f4le 5 \u00ab\u00a0Centre historique \u2013 Bastille &#8211; \u00eele Verte \u00bb<\/strong><\/li>\n<li><strong>P\u00f4le 6 \u00ab\u00a0Abbaye \u2013 Teisseire &#8211; Malherbe\u00a0\u00bb<\/strong><\/li>\n<li><strong> P\u00f4le 7 \u00ab\u00a0Arlequin \u2013 Baladins &#8211;\u00a0<\/strong><strong>Village Olympique &#8211; Beauvert \u00bb<\/strong><\/li>\n<\/ul>\n<p><a href=\"http:\/\/cluq-grenoble.org\/WordPress\/wp-content\/uploads\/2014\/08\/LimitesUQ16sens.png\"><img loading=\"lazy\" class=\"size-medium wp-image-2448 aligncenter\" src=\"http:\/\/cluq-grenoble.org\/WordPress\/wp-content\/uploads\/2014\/08\/LimitesUQ16sens-284x300.png\" alt=\"LimitesUQ16sens\" width=\"284\" height=\"300\" srcset=\"https:\/\/cluq-grenoble.org\/WordPress\/wp-content\/uploads\/2014\/08\/LimitesUQ16sens-284x300.png 284w, https:\/\/cluq-grenoble.org\/WordPress\/wp-content\/uploads\/2014\/08\/LimitesUQ16sens.png 682w\" sizes=\"(max-width: 284px) 100vw, 284px\" \/><\/a><\/p>\n<p style=\"text-align: center;\">(Guy Waltisperger, D\u00e9cembre 2015)<\/p>\n<p><span style=\"text-decoration: underline;\"><strong>Voici les limites exactes de chaque Union de Quartier:<\/strong><\/span><\/p>\n<p><strong>1 UQ Abbaye Jouhaux : <\/strong><\/p>\n<ul>\n<li>Ouest : rue L\u00e9on Jouhaux (c\u00f4t\u00e9 impairs) \u2013 avenue des jeux olympiques, chemin du Chapitre, chemin Guilhaud, rue de la Bajati\u00e8re et rue L\u00e9on Jouhaux<\/li>\n<li>Nord : boulevard Jean Pain \u2013 l\u2019Is\u00e8re<\/li>\n<li>Est : St Martin d\u2019H\u00e8res<\/li>\n<li>Sud : rue du Repos\u00a0\u2013 avenue de la Mogne<\/li>\n<\/ul>\n<p><strong>2 UQ Alli\u00e9s Alpins Flaubert Beauvert :<\/strong><\/p>\n<ul>\n<li>Nord :\u00a0rue des Alli\u00e9s \u2013 rue de Stalingrad \u2013 rue Prosper M\u00e9rim\u00e9e \u2013 rue Gustave Flaubert<\/li>\n<li>Est : rue Marcellin Berthelot \u2013 rue des Alli\u00e9s \u2013 rue Alfred de Vigny \u2013 rue Lucien Andrieux<\/li>\n<li>Ouest : rue G\u00e9n\u00e9ral Mangin<\/li>\n<li>Sud : limite avec \u00c9chirolles<\/li>\n<\/ul>\n<p><strong>3 UQ Capuche Grands Boulevards :<\/strong><\/p>\n<ul>\n<li>Nord :\u00a0rue G\u00e9n\u00e9ral Mangin \u2013 sud du boulevard Mar\u00e9chal Foch (de la rue G\u00e9n\u00e9ral Mangin \u00e0 Gustave Rivet) \u2013 rue Paul Janet<\/li>\n<li>Est : rue Paul Janet \u2013 rue Marcel Peretto \u2013 rue Docteur Bordier<\/li>\n<li>Ouest : rue L\u00e9o Lagrange<\/li>\n<li>Sud : rue Emile Zola<\/li>\n<\/ul>\n<p><strong>4 UQ Centre Ville :<\/strong><\/p>\n<ul>\n<li>Nord : quai Cr\u00e9qui \u2013 quai Stephane Jay<\/li>\n<li>Est : rue Cujas \u2013 rue Brocherie \u2013 rue Lafayette \u2013 rue Jean Jacques Rousseau \u2013 place Sainte Claire \u2013 rue Alphand \u2013 rue Raoul Blanchard \u2013 rue G\u00e9n\u00e9ral Marchand \u2013 place de Verdun \u2013 rue Fantin Latour \u2013 rue du Man\u00e8ge<\/li>\n<li>Ouest : Jean Jaur\u00e8s \u2013 cours Berriat \u2013 cours La Fontaine \u2013 boulevard Agutte Sambat \u2013 boulevard Mar\u00e9chal Lyautey<\/li>\n<li>Sud : Jean Pain<\/li>\n<\/ul>\n<p><strong>5 UQ Berriat St Bruno Europole : <\/strong><\/p>\n<ul>\n<li>Nord :\u00a0rue Diderot \u2013 rue du Vercors \u2013 rue Eug\u00e8ne Boussant \u2013 rue F\u00e9lix Esclangon<\/li>\n<li>Est : voie ferr\u00e9e\u00a0Chamb\u00e9ry-Grenoble \u2013 <strong>cours Jean Jaur\u00e8s<\/strong><\/li>\n<li>Ouest : A480<\/li>\n<li>Sud :\u00a0rue Docteur Hermite \u2013 rue Pierre Dupont<\/li>\n<\/ul>\n<p><strong>6 UQ Championnet Bonne Condorcet Hoche :<\/strong><\/p>\n<ul>\n<li>Nord : cours Berriat (impair) \u2013 cours la Fontaine (impair)<\/li>\n<li>Est : boulevard Agutte Sembat (pair)- boulevard Mar\u00e9chal Lyautey (pair) \u2013 rue Jean Bist\u00e9si<\/li>\n<li>Ouest : cours Jean Jaur\u00e8s (impair) \u2013 rue Camille Desmoulins (impair) \u2013 rue Colonel Lanoyerie (impair)<\/li>\n<li>Sud : boulevard Mar\u00e9chal Joffre (pair) \u2013 rue Andr\u00e9 Maginot \u2013 rue Colonel Dumont<\/li>\n<\/ul>\n<p><strong>7 UQ Eaux Claires\u00a0:<\/strong><\/p>\n<ul>\n<li>Nord :\u00a0rue Docteur Hermite \u2013 rue Pierre Dupont<\/li>\n<li>Est : cours Jean Jaur\u00e8s \u2013 cours de la Lib\u00e9ration<\/li>\n<li>Ouest : A480<\/li>\n<li>Sud : rue Anatole France<\/li>\n<\/ul>\n<p><strong>8 UQ Exposition Bajati\u00e8re :<\/strong><\/p>\n<ul>\n<li>Nord : boulevard Jean Pain<\/li>\n<li>Est : rue L\u00e9on Jouhaux \u2013 rue de la Bajati\u00e8re \u2013 Chemin Guilbaud \u2013 rue de la Station Ponsard \u2013 Chemin du Chapitre<\/li>\n<li>Ouest : rue Jean Bist\u00e9si \u2013\u00a0rue Marcel Porte \u2013 rue Marcel Peretto \u2013 avenue Marcellin Berthelot<\/li>\n<li>Sud : chemin cyclable de l\u2019avenue Marcellin Berthelot \u00e0 l\u2019avenue Jean Perrot \u2013\u00a0avenue des Jeux Olympiques<\/li>\n<\/ul>\n<p><strong>9 UQ Foch Aigle Lib\u00e9ration : <\/strong><\/p>\n<ul>\n<li>Nord : rue Camille Desmoulins (pair) \u2013 rue Colonel Lanoyerie (pair)- Boulevard Mar\u00e9chal Foch avec les rues transversales, rue Commandant Gilot, rue Marceau, rue Robert Dubarle et place Gustave Rivet<\/li>\n<li>Est : rue G\u00e9n\u00e9ral Mangin \u2013 rue L\u00e9o Lagrange \u2013 rue de Stalingrad<\/li>\n<li>Ouest : cours Jean Jaur\u00e8s<strong> <span style=\"text-decoration: line-through;\">\u00a0<\/span>\u00a0impasse Vallier \u2013 rue Papet \u2013 rue Irvoy \u2013 rue Charrel<\/strong> \u2013 cours de la Lib\u00e9ration et du G\u00e9n\u00e9ral de Gaulle<\/li>\n<li>Sud : rue des Alli\u00e8s \u2013 rue de Stalingrad<\/li>\n<\/ul>\n<p><strong>10 UQ Centre Gares :<\/strong><\/p>\n<ul>\n<li>Nord : rue Arago \u2013 Quai Claude Bernard<\/li>\n<li>Est : cours Jean Jaur\u00e8s (pair)<\/li>\n<li>Ouest : voie ferr\u00e9e\u00a0Chambery \u2013 Grenoble<\/li>\n<li>Sud : rue Joseph Rey \u2013 cours Jean Jaur\u00e8s (pair)<\/li>\n<\/ul>\n<p><strong>11 UQ Malherbe :<\/strong><\/p>\n<ul>\n<li>Nord : chemin cyclable de l\u2019avenue Marcellin Berthelot \u00e0 l\u2019avenue Jean Perrot<\/li>\n<li>Est : avenue Jean Perrot \u2013 Avenue Teisseire \u2013 rue Fernand Pelloutier \u2013 rue Galil\u00e9e<\/li>\n<li>Ouest : avenue Marcellin Berthelot<\/li>\n<li>Sud : rue Pascal \u2013 rue Florian \u2013 rue Paul Helbronner<\/li>\n<\/ul>\n<p><strong>12 UQ Ile Verte :<\/strong><\/p>\n<ul>\n<li>Nord : quai Jongking \u2013 Is\u00e8re<\/li>\n<li>Est : Is\u00e8re<\/li>\n<li>Ouest : rue Mass\u00e9na \u2013 boulevard Mar\u00e9chal Leclerc (impair jusqu\u2019au n\u00b023)<\/li>\n<li>Sud : chemin de ronde \u2013 rue du souvenir \u2013 Is\u00e8re<\/li>\n<\/ul>\n<p><strong>13 UQ Arago Jean Mac\u00e9 Martyrs :<\/strong><\/p>\n<ul>\n<li>Nord :\u00a0rue des Martyrs \u2013 Is\u00e8re<\/li>\n<li>Est : Is\u00e8re \u2013 quai de la Graille<\/li>\n<li>Ouest : rue des Martyrs<\/li>\n<li>Sud : rue Arago<\/li>\n<\/ul>\n<p><strong>14 UQ Mistral Drac :<\/strong><\/p>\n<ul>\n<li>Nord :\u00a0rue Anatole France<\/li>\n<li>Est : Rhin et Danube<\/li>\n<li>Ouest : A480<\/li>\n<li>Sud : <em>rue Albert Reynier<\/em><\/li>\n<\/ul>\n<p><strong>15 UQ Mutualit\u00e9 Pr\u00e9fecture :<\/strong><\/p>\n<ul>\n<li>Nord :\u00a0Rue Abb\u00e9 de la Salle, rue de l\u2019Alma, rue du Commandant l\u2019Herminier (impair)<\/li>\n<li>Est : Boulevard Mar\u00e9chal Leclerc (pair et impair \u00e0 partir du n\u00b0 21), Chemin de Ronde (pair n\u00b0 22), Avenue Saint Roch (impair), rue du Souvenir (impair), l\u2019Is\u00e8re (jusqu\u2019au Pont de la Porte de Savoie)<\/li>\n<li>Ouest :\u00a0rue Fantin-Latour, rue Marcel Beno\u00eet, rue G\u00e9n\u00e9ral Marchand (impair),<\/li>\n<li>Sud : Boulevard Jean Pain (pair)<\/li>\n<\/ul>\n<p><strong>16 UQ Notre Dame : <\/strong><\/p>\n<ul>\n<li>Nord : quai Stephane Jay \u2013 quai Claude Brosse \u2013 place Lavalette \u2013 \u00a0avenue Mar\u00e9chal Randon<\/li>\n<li>Est : boulevard Mar\u00e9chal Leclerc<\/li>\n<li>Ouest : rue Cujas <strong>\u2013 Place St andr\u00e9 \u2013 Grand Rue \u2013<\/strong> rue Lafayette \u2013 rue Jean Jacques Rousseau \u2013 place Sainte Claire \u2013 rue Alphand \u2013 rue Raoul Blanchard \u2013 rue G\u00e9n\u00e9ral Marchand<\/li>\n<li>Sud : rue Abb\u00e9 de la Salle \u2013 rue de l\u2019Alma<\/li>\n<\/ul>\n<p><strong>17 UQ Rondeau Lib\u00e9ration:<\/strong><\/p>\n<ul>\n<li>Nord : rue Anatole France<\/li>\n<li>Est : voie ferr\u00e9e\u00a0Chamb\u00e9ry-Grenoble<\/li>\n<li>Ouest : \u00a0Rhin et Danube<\/li>\n<li>Sud : N87 (rocade sud)<\/li>\n<\/ul>\n<p><strong>18 UQ Rive Droite : <\/strong><\/p>\n<ul>\n<li>Nord : limite communale<\/li>\n<li>Est : limite communale<\/li>\n<li>Ouest : limite communale<\/li>\n<li>Sud : cul\u00e9es de rive gauche des ponts<\/li>\n<\/ul>\n<p><strong>19 UQ Village Olympique Vigny Musset :<\/strong><\/p>\n<ul>\n<li>Nord :\u00a0rue des Alli\u00e9s<\/li>\n<li>Est : <em>rue des Colibris \u2013 rue des Peupliers \u2013 rue Maurice Dodero (en discussion)<\/em><\/li>\n<li>Ouest : rue Lucien Andrieux \u2013 rue Alfred de Vigny<\/li>\n<li>Sud : avenue Edmond Esmonin \u2013 avenue de l\u2019Europe<\/li>\n<\/ul>\n<p><strong>20 UQ Arlequin :<\/strong><\/p>\n<ul>\n<li>Nord :\u00a0rue Pascal \u2013 rue Florian \u2013 rue Paul Helbronner<\/li>\n<li>Est : chemin du Parc \u2013 rue des trois Epis \u2013 rue de trident<\/li>\n<li>Ouest :\u00a0rue des Colibris \u2013 rue des Peupliers \u2013 rue Maurice Dodero et r\u00e9sidences Grenoble Village<\/li>\n<li>Sud : all\u00e9e des gen\u00eats \u2013 avenue Constantine<\/li>\n<\/ul>\n<p><strong>21 UQ Baladins G\u00e9ants :<\/strong><\/p>\n<ul>\n<li>Nord : rue Paul Helbronner<\/li>\n<li>Est : \u00a0avenue Raymond Chanas \u2013 rue de la Cure Bourse<\/li>\n<li>Ouest :\u00a0rue Maurice Dodero \u00a0\u2013 avenue d\u2019Insbruck<\/li>\n<li>Sud : rue le Corbusier<\/li>\n<\/ul>\n<p><strong>22 UQ Teisseire :<\/strong><\/p>\n<ul>\n<li>Nord : avenue des Jeux Olympiques<\/li>\n<li>Est : rue L\u00e9on Jouhaux<\/li>\n<li>Ouest : Jean Perrot<\/li>\n<li>Sud : avenue Teisseire<\/li>\n<\/ul>\n<p><span style=\"color: #3366ff;\"><strong>\u00a0 \u00a0 -&gt;<\/strong><\/span>\u00a0<a href=\"http:\/\/cluq-grenoble.org\/WordPress\/unions-de-quartiers\/coordonnees-uq\/\" target=\"_self\">Coordonn\u00e9es compl\u00e8tes des UQ adh\u00e9rentes au CLUQ<\/a><\/p>\n","protected":false},"excerpt":{"rendered":"<p>Le territoire de la commune de Grenoble est divis\u00e9 en<span class=\"more-link\"><a href=\"https:\/\/cluq-grenoble.org\/WordPress\/unions-de-quartiers\/les-territoires-des-unions-de-quartiers\/\">Lire la suite<\/a><\/span><\/p>\n","protected":false},"author":1,"featured_media":0,"parent":13,"menu_order":5,"comment_status":"closed","ping_status":"closed","template":"","meta":[],"_links":{"self":[{"href":"https:\/\/cluq-grenoble.org\/WordPress\/wp-json\/wp\/v2\/pages\/1624"}],"collection":[{"href":"https:\/\/cluq-grenoble.org\/WordPress\/wp-json\/wp\/v2\/pages"}],"about":[{"href":"https:\/\/cluq-grenoble.org\/WordPress\/wp-json\/wp\/v2\/types\/page"}],"author":[{"embeddable":true,"href":"https:\/\/cluq-grenoble.org\/WordPress\/wp-json\/wp\/v2\/users\/1"}],"replies":[{"embeddable":true,"href":"https:\/\/cluq-grenoble.org\/WordPress\/wp-json\/wp\/v2\/comments?post=1624"}],"version-history":[{"count":52,"href":"https:\/\/cluq-grenoble.org\/WordPress\/wp-json\/wp\/v2\/pages\/1624\/revisions"}],"predecessor-version":[{"id":2485,"href":"https:\/\/cluq-grenoble.org\/WordPress\/wp-json\/wp\/v2\/pages\/1624\/revisions\/2485"}],"up":[{"embeddable":true,"href":"https:\/\/cluq-grenoble.org\/WordPress\/wp-json\/wp\/v2\/pages\/13"}],"wp:attachment":[{"href":"https:\/\/cluq-grenoble.org\/WordPress\/wp-json\/wp\/v2\/media?parent=1624"}],"curies":[{"name":"wp","href":"https:\/\/api.w.org\/{rel}","templated":true}]}}