{"id":1681,"date":"2014-09-02T11:05:50","date_gmt":"2014-09-02T09:05:50","guid":{"rendered":"http:\/\/cluq-grenoble.org\/WordPress\/?page_id=1681"},"modified":"2020-12-07T18:15:15","modified_gmt":"2020-12-07T17:15:15","slug":"agenda-pret-materiel-du-cluq","status":"publish","type":"page","link":"https:\/\/cluq-grenoble.org\/WordPress\/presentation\/nos-actions\/pret-materiel\/agenda-pret-materiel-du-cluq\/","title":{"rendered":"Agenda pr\u00eat mat\u00e9riel du CLUQ"},"content":{"rendered":"<p style=\"text-align: center;\"><strong>Pr\u00eat du mat\u00e9riel du CLUQ uniquement r\u00e9serv\u00e9 aux Unions de Quartier de Grenoble \u00e0 jour de leur cotisation\u00a0<\/strong><\/p>\n<p><iframe style=\"border-width: 0;\" src=\"https:\/\/www.google.com\/calendar\/embed?height=600&amp;wkst=1&amp;bgcolor=%23FFFFFF&amp;src=kglr4ee96maueqq0v7sot2cahc%40group.calendar.google.com&amp;color=%23B1365F&amp;ctz=Europe%2FParis\" width=\"800\" height=\"600\" frameborder=\"0\" scrolling=\"no\"><\/iframe><\/p>\n","protected":false},"excerpt":{"rendered":"<p>Pr\u00eat du mat\u00e9riel du CLUQ uniquement r\u00e9serv\u00e9 aux Unions de<span class=\"more-link\"><a href=\"https:\/\/cluq-grenoble.org\/WordPress\/presentation\/nos-actions\/pret-materiel\/agenda-pret-materiel-du-cluq\/\">Lire la suite<\/a><\/span><\/p>\n","protected":false},"author":1,"featured_media":0,"parent":1685,"menu_order":1,"comment_status":"closed","ping_status":"open","template":"","meta":[],"_links":{"self":[{"href":"https:\/\/cluq-grenoble.org\/WordPress\/wp-json\/wp\/v2\/pages\/1681"}],"collection":[{"href":"https:\/\/cluq-grenoble.org\/WordPress\/wp-json\/wp\/v2\/pages"}],"about":[{"href":"https:\/\/cluq-grenoble.org\/WordPress\/wp-json\/wp\/v2\/types\/page"}],"author":[{"embeddable":true,"href":"https:\/\/cluq-grenoble.org\/WordPress\/wp-json\/wp\/v2\/users\/1"}],"replies":[{"embeddable":true,"href":"https:\/\/cluq-grenoble.org\/WordPress\/wp-json\/wp\/v2\/comments?post=1681"}],"version-history":[{"count":3,"href":"https:\/\/cluq-grenoble.org\/WordPress\/wp-json\/wp\/v2\/pages\/1681\/revisions"}],"predecessor-version":[{"id":5252,"href":"https:\/\/cluq-grenoble.org\/WordPress\/wp-json\/wp\/v2\/pages\/1681\/revisions\/5252"}],"up":[{"embeddable":true,"href":"https:\/\/cluq-grenoble.org\/WordPress\/wp-json\/wp\/v2\/pages\/1685"}],"wp:attachment":[{"href":"https:\/\/cluq-grenoble.org\/WordPress\/wp-json\/wp\/v2\/media?parent=1681"}],"curies":[{"name":"wp","href":"https:\/\/api.w.org\/{rel}","templated":true}]}}