{"id":1685,"date":"2014-09-02T11:11:03","date_gmt":"2014-09-02T09:11:03","guid":{"rendered":"http:\/\/cluq-grenoble.org\/WordPress\/?page_id=1685"},"modified":"2022-01-20T15:49:21","modified_gmt":"2022-01-20T14:49:21","slug":"pret-materiel","status":"publish","type":"page","link":"https:\/\/cluq-grenoble.org\/WordPress\/presentation\/nos-actions\/pret-materiel\/","title":{"rendered":"Pr\u00eat mat\u00e9riel"},"content":{"rendered":"\n<figure class=\"wp-block-table is-style-stripes\"><table class=\"has-fixed-layout\"><thead><tr><th><strong>Mardi<\/strong><br><strong> [9h &#8211; 12h]<\/strong><\/th><th><strong>Mercredi <\/strong><br><strong>[13H30-16h30]<\/strong><\/th><th><strong>Jeudi <\/strong><br><strong>[9h-12h]<\/strong><\/th><\/tr><\/thead><\/table><figcaption>Jours et horaires d&#8217;ouverture du secretariat du  CLUQ<\/figcaption><\/figure>\n\n\n\n<div class=\"wp-block-file\"><a href=\"http:\/\/cluq-grenoble.org\/WordPress\/wp-content\/uploads\/2021\/02\/brochure-2021-V-2.pdf\">Plaquette_services-2021-V-2<\/a><a href=\"http:\/\/cluq-grenoble.org\/WordPress\/wp-content\/uploads\/2021\/02\/brochure-2021-V-2.pdf\" class=\"wp-block-file__button\" download>T\u00e9l\u00e9charger<\/a><\/div>\n\n\n\n<h5><em>Les r\u00e9servations sont trait\u00e9es suivant les disponibilit\u00e9s avec un acc\u00e8s prioritaire \u00e0 l&#8217;Union de Quartier ayant le moins de r\u00e9servations: <\/em><\/h5>\n\n\n<ul>\n<li><a title=\"Agenda pr\u00eat mat\u00e9riel du CLUQ\" href=\"http:\/\/cluq-grenoble.org\/WordPress\/presentation\/pret-materiel\/agenda-pret-materiel-du-cluq\/\">Agenda des r\u00e9servations<\/a><\/li>\n<li><a title=\"Modes d\u2019emploi mat\u00e9riel\" href=\"http:\/\/cluq-grenoble.org\/WordPress\/presentation\/pret-materiel\/modes-demploi-materiel\/\">\ud83d\udd12Modes d&#8217;emploi et conditions de location\u00a0<\/a><\/li>\n<\/ul>\n\n\n<hr class=\"wp-block-separator\"\/>\n\n\n\n<h5>Veuillez utiliser ce formulaire pour toute demande de r\u00e9servation :<\/h5>\n\n\n\n<div style=\"display:none\" class=\"fm-form-container fm-theme38\"><div id=\"fm-pages13\" class=\"fm-pages wdform_page_navigation \" show_title=\"false\" show_numbers=\"true\" type=\"none\"><\/div><form name=\"form13\" action=\"\/WordPress\/wp-json\/wp\/v2\/pages\/1685\" method=\"post\" id=\"form13\" class=\"fm-form form13  \" enctype=\"multipart\/form-data\"><input type=\"hidden\" id=\"counter13\" value=\"11\" name=\"counter13\" \/><input type=\"hidden\" id=\"Itemid13\" value=\"\" name=\"Itemid13\" \/><input type=\"hidden\" id=\"fm_shake13\" value=\"1\" name=\"fm_shake13\" \/><input type=\"text\" class=\"fm-hide\" id=\"fm_empty_field_validation13\" value=\"\" name=\"fm_empty_field_validation13\" data-value=\"bd736efb144d599cf463541431fbf5c4\" \/><div class=\"wdform-page-and-images fm-form-builder\" style=\"display:table; border-top:0px solid black;\"><div id=\"13form_view1\" class=\"wdform_page\" page_title=\"Untitled page\" next_title=\"Next\" next_type=\"text\" next_class=\"wdform-page-button\" next_checkable=\"false\" previous_title=\"Previous\" previous_type=\"text\" previous_class=\"wdform-page-button\" previous_checkable=\"false\"><div class=\"wdform_section fm-col-1\"><div class=\"wdform_column\"><div wdid=\"1\" class=\"wdform_row\" style=\"position: relative; left: 0px; top: 0px;\"><div type=\"type_name\" class=\"wdform-field wd-width-100 wd-flex wd-flex-row\" ><div class=\"wdform-label-section wd-width-30  wd-flex-row\" style=\"max-width: 250px;\">    <label  for=\"wdform_1_element_first13\" class=\"wdform-label\">Nom de l'emprunteur :<\/label><\/div><div class=\"wdform-element-section wd-flex  wd-flex-row wd-width-70\" style=\"max-width: 200px;\"><div class=\"wd-flex wd-flex-column wd-width-50\"><input type=\"text\" class=\"wd-width-100\" id=\"wdform_1_element_first13\" name=\"wdform_1_element_first13\" value=\"\" title=\"Prenom\" placeholder=\"Prenom\"  \/><label class=\"mini_label\" for=\"wdform_1_element_first13\">Pr\u00e9nom<\/label><\/div><div class=\"wd-flex wd-flex-column wd-name-separator\"><\/div><div class=\"wd-flex wd-flex-column wd-width-50\"><input type=\"text\" class=\"wd-width-100\" id=\"wdform_1_element_last13\" name=\"wdform_1_element_last13\" value=\"\" title=\"Nom\" placeholder=\"Nom\"  \/><label class=\"mini_label\" for=\"wdform_1_element_last13\">Nom<\/label><\/div><\/div><\/div><\/div><\/div><div class=\"wdform_column\"><div wdid=\"10\" class=\"wdform_row\"><div type=\"type_submitter_mail\" class=\"wdform-field wd-width-100 wd-flex wd-flex-column\" ><div class=\"wdform-label-section wd-width-100  wd-flex-row\">    <label  for=\"wdform_10_element13\" class=\"wdform-label\">Email<\/label><\/div><div class=\"wdform-element-section wd-flex  wd-flex-row wd-width-100\" style=\"max-width: 400px;\"><input type=\"text\" class=\"wd-width-100\" id=\"wdform_10_element13\" name=\"wdform_10_element13\" value=\"\" title=\"\" placeholder=\"\"   onchange=\"wd_check_email('10', '13', 'Ceci n\\'est pas une adresse e-mail valide')\" \/><\/div><\/div><\/div><\/div><div class=\"wdform_column\"><div wdid=\"2\" class=\"wdform_row\" style=\"position: relative; left: 0px; top: 0px;\"><div type=\"type_own_select\" class=\"wdform-field wd-width-100 wd-flex wd-flex-row\" ><div class=\"wdform-label-section wd-width-30 wdform_select wd-flex-row\" style=\"max-width: 250px;\">    <label  for=\"wdform_2_element13\" class=\"wdform-label\">Union de Quartier :<\/label><\/div><div class=\"wdform-element-section wd-flex wdform_select wd-flex-row wd-width-70\" style=\"max-width: 200px;\"><select class=\"wd-width-100\" id=\"wdform_2_element13\" name=\"wdform_2_element13\" ><option value=\"\" selected=\"selected\"><\/option><option value=\"Exposition-Bajati\u00e8re\" >Exposition-Bajati\u00e8re<\/option><option value=\"Centre-Ville\" >Centre-Ville<\/option><option value=\"Mutualit\u00e9-Pr\u00e9fecture \" >Mutualit\u00e9-Pr\u00e9fecture <\/option><option value=\"Village Olympique Vigny Musset\" >Village Olympique Vigny Musset<\/option><option value=\"Rive Droite Saint-Laurent\" >Rive Droite Saint-Laurent<\/option><option value=\"Saint-Bruno\" >Saint-Bruno<\/option><option value=\"Championnet-Bonne-Condorcet-Hoche\" >Championnet-Bonne-Condorcet-Hoche<\/option><option value=\"Eaux-Claires\" >Eaux-Claires<\/option><option value=\"Mistral\" >Mistral<\/option><option value=\"Rondeau-Lib\u00e9ration\" >Rondeau-Lib\u00e9ration<\/option><option value=\"Aigle-Foche-Lib\u00e9ration\" >Aigle-Foche-Lib\u00e9ration<\/option><option value=\"Capuche\" >Capuche<\/option><option value=\"Abbaye-Jouhaux\" >Abbaye-Jouhaux<\/option><option value=\"Alli\u00e9s-Alpins\" >Alli\u00e9s-Alpins<\/option><option value=\"Teisseire\" >Teisseire<\/option><option value=\"Malherbes\" >Malherbes<\/option><option value=\"Arlequin\" >Arlequin<\/option><option value=\"G\u00e9ants-Baladins\" >G\u00e9ants-Baladins<\/option><option value=\"Notre-Dame\" >Notre-Dame<\/option><option value=\"Confluences\" >Confluences<\/option><option value=\"Centre-Gares\" >Centre-Gares<\/option><option value=\"Ile Verte\" >Ile Verte<\/option><option value=\"CLUQ\" >CLUQ<\/option><\/select><\/div><\/div><\/div><\/div><div class=\"wdform_column\"><div wdid=\"3\" class=\"wdform_row\" style=\"position: relative; left: 0px; top: 0px;\"><div type=\"type_radio\" class=\"wdform-field wd-width-100 wd-flex wd-flex-row\" ><div class=\"wdform-label-section wd-width-30  wd-flex-wrap wd-flex-column\" style=\"max-width: 250px;\">    <label  class=\"wdform-label\">Mat\u00e9riel souhait\u00e9 :<\/label><\/div><div class=\"wdform-element-section wd-flex  wd-flex-wrap wd-flex-column wd-width-70\" ><div class=\"wd-flex wd-flex-column\"><input type=\"hidden\" name=\"wdform_3_element13\" value=\"\" \/><div class=\"radio-div wd-choice wd-flex wd-flex-row-reverse wd-justify-content\"><input type=\"radio\"  id=\"wdform_3_element130\" name=\"wdform_3_element13\" value=\"Licence Zoom\" onclick=\"set_default(&quot;wdform_3&quot;,&quot;0&quot;,&quot;13&quot;); \"   \/><label class=\"wd-align-items-center wd-flex wd-flex-row-reverse wd-justify-content wd-width-100\" for=\"wdform_3_element130\"><span><\/span>Licence Zoom<\/label><\/div><div class=\"radio-div wd-choice wd-flex wd-flex-row-reverse wd-justify-content\"><input type=\"radio\"  id=\"wdform_3_element131\" name=\"wdform_3_element13\" value=\"Vid\u00e9o-projecteur\" onclick=\"set_default(&quot;wdform_3&quot;,&quot;1&quot;,&quot;13&quot;); \"   \/><label class=\"wd-align-items-center wd-flex wd-flex-row-reverse wd-justify-content wd-width-100\" for=\"wdform_3_element131\"><span><\/span>Vid\u00e9o-projecteur<\/label><\/div><div class=\"radio-div wd-choice wd-flex wd-flex-row-reverse wd-justify-content\"><input type=\"radio\"  id=\"wdform_3_element132\" name=\"wdform_3_element13\" value=\"Cam\u00e9ra\" onclick=\"set_default(&quot;wdform_3&quot;,&quot;2&quot;,&quot;13&quot;); \"   \/><label class=\"wd-align-items-center wd-flex wd-flex-row-reverse wd-justify-content wd-width-100\" for=\"wdform_3_element132\"><span><\/span>Cam\u00e9ra<\/label><\/div><div class=\"radio-div wd-choice wd-flex wd-flex-row-reverse wd-justify-content\"><input type=\"radio\"  id=\"wdform_3_element133\" name=\"wdform_3_element13\" value=\"Micros \" onclick=\"set_default(&quot;wdform_3&quot;,&quot;3&quot;,&quot;13&quot;); \"   \/><label class=\"wd-align-items-center wd-flex wd-flex-row-reverse wd-justify-content wd-width-100\" for=\"wdform_3_element133\"><span><\/span>Micros <\/label><\/div><div class=\"radio-div wd-choice wd-flex wd-flex-row-reverse wd-justify-content\"><input type=\"radio\"  id=\"wdform_3_element134\" name=\"wdform_3_element13\" value=\"Salle CLUQ\" onclick=\"set_default(&quot;wdform_3&quot;,&quot;4&quot;,&quot;13&quot;); \"   \/><label class=\"wd-align-items-center wd-flex wd-flex-row-reverse wd-justify-content wd-width-100\" for=\"wdform_3_element134\"><span><\/span>Salle CLUQ<\/label><\/div><div class=\"radio-div wd-choice wd-flex wd-flex-row-reverse wd-justify-content\"><input type=\"radio\"  id=\"wdform_3_element135\" name=\"wdform_3_element13\" value=\"Tente\" onclick=\"set_default(&quot;wdform_3&quot;,&quot;5&quot;,&quot;13&quot;); \"   \/><label class=\"wd-align-items-center wd-flex wd-flex-row-reverse wd-justify-content wd-width-100\" for=\"wdform_3_element135\"><span><\/span>Tente<\/label><\/div><div class=\"radio-div wd-choice wd-flex wd-flex-row-reverse wd-justify-content\"><input type=\"radio\"  id=\"wdform_3_element136\" name=\"wdform_3_element13\" value=\"Autre\" onclick=\"set_default(&quot;wdform_3&quot;,&quot;6&quot;,&quot;13&quot;); \"   \/><label class=\"wd-align-items-center wd-flex wd-flex-row-reverse wd-justify-content wd-width-100\" for=\"wdform_3_element136\"><span><\/span>Autre<\/label><\/div><\/div><\/div><\/div><\/div><\/div><div class=\"wdform_column\"><div wdid=\"4\" class=\"wdform_row\" style=\"position: relative; left: 0px; top: 0px;\"><div type=\"type_radio\" class=\"wdform-field wd-width-100 wd-flex wd-flex-row\" ><div class=\"wdform-label-section wd-width-30  wd-flex-wrap wd-flex-column\" style=\"max-width: 250px;\">    <label  class=\"wdform-label\">Est-ce votre premi\u00e8re location ?<\/label><\/div><div class=\"wdform-element-section wd-flex  wd-flex-wrap wd-flex-column wd-width-70\" ><div class=\"wd-flex wd-flex-column\"><input type=\"hidden\" name=\"wdform_4_element13\" value=\"\" \/><div class=\"radio-div wd-choice wd-flex wd-flex-row-reverse wd-justify-content\"><input type=\"radio\"  id=\"wdform_4_element130\" name=\"wdform_4_element13\" value=\"Oui\" onclick=\"set_default(&quot;wdform_4&quot;,&quot;0&quot;,&quot;13&quot;); \"   \/><label class=\"wd-align-items-center wd-flex wd-flex-row-reverse wd-justify-content wd-width-100\" for=\"wdform_4_element130\"><span><\/span>Oui<\/label><\/div><div class=\"radio-div wd-choice wd-flex wd-flex-row-reverse wd-justify-content\"><input type=\"radio\"  id=\"wdform_4_element131\" name=\"wdform_4_element13\" value=\"Non\" onclick=\"set_default(&quot;wdform_4&quot;,&quot;1&quot;,&quot;13&quot;); \"   \/><label class=\"wd-align-items-center wd-flex wd-flex-row-reverse wd-justify-content wd-width-100\" for=\"wdform_4_element131\"><span><\/span>Non<\/label><\/div><\/div><\/div><\/div><\/div><\/div><div class=\"wdform_column\"><div wdid=\"9\" class=\"wdform_row\" style=\"position: relative; left: 0px; top: 0px;\"><div type=\"type_text\" class=\"wdform-field wd-width-100 wd-flex wd-flex-column\" ><div class=\"wdform-label-section wd-width-100  wd-flex-row wd-align-items-center\">    <label  for=\"wdform_9_element13\" class=\"wdform-label\">Date et Plage horaire souhait\u00e9es ? (ex: 8 D\u00e9c. 20 18h-21h) <\/label><\/div><div class=\"wdform-element-section wd-flex  wd-flex-row wd-align-items-center wd-width-100\" style=\"max-width: 200px;\"><input type=\"text\"                           class=\"wd-width-100\"                           id=\"wdform_9_element13\"                           name=\"wdform_9_element13\"                           value=\"\"                           title=\"\"                           placeholder=\"\"                                                       \/><\/div><\/div><\/div><\/div><div class=\"wdform_column\"><div wdid=\"6\" class=\"wdform_row\" style=\"position: relative; left: 0px; top: 0px;\"><div type=\"type_textarea\" class=\"wdform-field wd-width-100 wd-flex wd-flex-column\" ><div class=\"wdform-label-section wd-width-100 \" style=\"max-width: 250px;\">    <label  for=\"wdform_6_element13\" class=\"wdform-label\">Avez-vous une question, une remarque ? (vous recevrez une confirmation de r\u00e9servation du secr\u00e9tariat du CLUQ apr\u00e8s v\u00e9rification de la disponibilit\u00e9) <\/label><\/div><div class=\"wdform-element-section wd-flex  wd-width-100\" style=\"max-width: 200px;\"><textarea class=\"wd-width-100\"                      id=\"wdform_6_element13\"                      name=\"wdform_6_element13\"                      placeholder=\"\"                      maxlength=\"\"                      style=\"height: 100px;\"                      ><\/textarea><\/div><\/div><\/div><\/div><div class=\"wdform_column\"><div wdid=\"7\" class=\"wdform_row\"><div type=\"type_submit_reset\" class=\"wdform-field wd-width-100 wd-flex wd-flex-column\" ><div class=\"wdform-element-section wd-flex  wd-flex-row wd-justify-content-left wd-width-100\" ><button  type=\"button\" class=\"button-submit\" onclick=\"fm_submit_form('13');\"  data-ajax=\"0\"><span class=\"fm-submit-loading spinner fm-ico-spinner\"><\/span>Submit<\/button><button  type=\"button\" class=\"button-reset wd-hidden\" onclick=\"fm_reset_form(13);\" >Reset<\/button><\/div><\/div><\/div><\/div><\/div><div valign=\"top\" class=\"wdform_footer\" style=\"width: 100%;\"><div style=\"width: 100%;\"><div style=\"width: 100%; display: table;\"><div style=\"display: table-row-group;\"><div id=\"13page_nav1\" style=\"display: table-row;\"><\/div><\/div><\/div><\/div><\/div><\/div><\/div><div class=\"wdform_preload\"><\/div><\/form><\/div>\n\n\n\n<p><\/p>\n","protected":false},"excerpt":{"rendered":"<p>Mardi [9h &#8211; 12h] Mercredi [13H30-16h30] Jeudi [9h-12h] Jours et<span class=\"more-link\"><a href=\"https:\/\/cluq-grenoble.org\/WordPress\/presentation\/nos-actions\/pret-materiel\/\">Lire la suite<\/a><\/span><\/p>\n","protected":false},"author":1,"featured_media":0,"parent":1657,"menu_order":5,"comment_status":"closed","ping_status":"open","template":"","meta":[],"_links":{"self":[{"href":"https:\/\/cluq-grenoble.org\/WordPress\/wp-json\/wp\/v2\/pages\/1685"}],"collection":[{"href":"https:\/\/cluq-grenoble.org\/WordPress\/wp-json\/wp\/v2\/pages"}],"about":[{"href":"https:\/\/cluq-grenoble.org\/WordPress\/wp-json\/wp\/v2\/types\/page"}],"author":[{"embeddable":true,"href":"https:\/\/cluq-grenoble.org\/WordPress\/wp-json\/wp\/v2\/users\/1"}],"replies":[{"embeddable":true,"href":"https:\/\/cluq-grenoble.org\/WordPress\/wp-json\/wp\/v2\/comments?post=1685"}],"version-history":[{"count":10,"href":"https:\/\/cluq-grenoble.org\/WordPress\/wp-json\/wp\/v2\/pages\/1685\/revisions"}],"predecessor-version":[{"id":8570,"href":"https:\/\/cluq-grenoble.org\/WordPress\/wp-json\/wp\/v2\/pages\/1685\/revisions\/8570"}],"up":[{"embeddable":true,"href":"https:\/\/cluq-grenoble.org\/WordPress\/wp-json\/wp\/v2\/pages\/1657"}],"wp:attachment":[{"href":"https:\/\/cluq-grenoble.org\/WordPress\/wp-json\/wp\/v2\/media?parent=1685"}],"curies":[{"name":"wp","href":"https:\/\/api.w.org\/{rel}","templated":true}]}}