{"id":1687,"date":"2014-09-02T11:17:11","date_gmt":"2014-09-02T09:17:11","guid":{"rendered":"http:\/\/cluq-grenoble.org\/WordPress\/?page_id=1687"},"modified":"2014-09-10T14:13:07","modified_gmt":"2014-09-10T12:13:07","slug":"conditions-du-pret","status":"publish","type":"page","link":"https:\/\/cluq-grenoble.org\/WordPress\/presentation\/nos-actions\/pret-materiel\/conditions-du-pret\/","title":{"rendered":"Conditions du pr\u00eat"},"content":{"rendered":"<p>Proc\u00e9dure de pr\u00eat du mat\u00e9riel du CLUQ (\u00e0 venir)<\/p>\n<p>Fiche de pr\u00eat \u00e0 remplir par l&#8217;Union de Quartier (<a href=\"http:\/\/cluq-grenoble.org\/WordPress\/wp-content\/uploads\/2014\/09\/Fiche-demande-pr\u00eat-mat\u00e9riel-du-CLUQ.pdf\">Fiche demande pr\u00eat mat\u00e9riel du CLUQ<\/a>)<\/p>\n","protected":false},"excerpt":{"rendered":"<p>Proc\u00e9dure de pr\u00eat du mat\u00e9riel du CLUQ (\u00e0 venir) Fiche<span class=\"more-link\"><a href=\"https:\/\/cluq-grenoble.org\/WordPress\/presentation\/nos-actions\/pret-materiel\/conditions-du-pret\/\">Lire la suite<\/a><\/span><\/p>\n","protected":false},"author":1,"featured_media":0,"parent":1685,"menu_order":2,"comment_status":"closed","ping_status":"open","template":"","meta":[],"_links":{"self":[{"href":"https:\/\/cluq-grenoble.org\/WordPress\/wp-json\/wp\/v2\/pages\/1687"}],"collection":[{"href":"https:\/\/cluq-grenoble.org\/WordPress\/wp-json\/wp\/v2\/pages"}],"about":[{"href":"https:\/\/cluq-grenoble.org\/WordPress\/wp-json\/wp\/v2\/types\/page"}],"author":[{"embeddable":true,"href":"https:\/\/cluq-grenoble.org\/WordPress\/wp-json\/wp\/v2\/users\/1"}],"replies":[{"embeddable":true,"href":"https:\/\/cluq-grenoble.org\/WordPress\/wp-json\/wp\/v2\/comments?post=1687"}],"version-history":[{"count":2,"href":"https:\/\/cluq-grenoble.org\/WordPress\/wp-json\/wp\/v2\/pages\/1687\/revisions"}],"predecessor-version":[{"id":1778,"href":"https:\/\/cluq-grenoble.org\/WordPress\/wp-json\/wp\/v2\/pages\/1687\/revisions\/1778"}],"up":[{"embeddable":true,"href":"https:\/\/cluq-grenoble.org\/WordPress\/wp-json\/wp\/v2\/pages\/1685"}],"wp:attachment":[{"href":"https:\/\/cluq-grenoble.org\/WordPress\/wp-json\/wp\/v2\/media?parent=1687"}],"curies":[{"name":"wp","href":"https:\/\/api.w.org\/{rel}","templated":true}]}}