{"id":191,"date":"2010-07-27T11:15:49","date_gmt":"2010-07-27T09:15:49","guid":{"rendered":"http:\/\/cluq-grenoble.org\/WordPress\/?page_id=191"},"modified":"2011-07-13T15:52:26","modified_gmt":"2011-07-13T13:52:26","slug":"reamenagement-des-quais-2007","status":"publish","type":"page","link":"https:\/\/cluq-grenoble.org\/WordPress\/groupes-de-travail-cluq\/donnees-libres-acces\/gt-grenoble-demain\/reamenagement-des-quais-2007\/","title":{"rendered":"R\u00e9am\u00e9nagement des quais : 2007"},"content":{"rendered":"<h4>R\u00e9am\u00e9nagement des quais 2007 &#8211; (dossiers \u00e0 t\u00e9l\u00e9charger au format PDF)<\/h4>\n<ol>\n<li><a href=\"http:\/\/cluq-grenoble.org\/WordPress\/wp-content\/uploads\/2010\/06\/Extraits-du-Cahier-des-Clauses-Techiniques-Particuli\u00e8res-05-07.pdf\">Extraits du Cahier des Clauses Techiniques Particuli\u00e8res 05-07<\/a><\/li>\n<li><a href=\"http:\/\/cluq-grenoble.org\/WordPress\/wp-content\/uploads\/2010\/06\/20070521-cr-GT-extension-centre-ville.pdf\">Compte-rendu GT extension centre ville &#8211; 21 mai 2007<\/a><\/li>\n<li><a href=\"http:\/\/cluq-grenoble.org\/WordPress\/wp-content\/uploads\/2010\/06\/20070528-lettre-aux-pres-UQ.pdf\">Lettre aux Pr\u00e9sidents des Unions de Quartier &#8211; 28 mai 2007<\/a><\/li>\n<li><a href=\"http:\/\/cluq-grenoble.org\/WordPress\/wp-content\/uploads\/2010\/06\/20070521-au-28-Canevas-quai.pdf\">Canevas quai du 21 au 28 mai 2007<\/a><\/li>\n<li><a href=\"http:\/\/cluq-grenoble.org\/WordPress\/wp-content\/uploads\/2010\/06\/r\u00e9union-C\u0153ur-de-ville-07-06-07.pdf\">r\u00e9union C\u0153ur de ville 07 06 07<\/a><\/li>\n<li><a href=\"http:\/\/cluq-grenoble.org\/WordPress\/wp-content\/uploads\/2010\/06\/20070618-cr-GT-extension-centre-ville.pdf\">Compte-rendu GT extension centre ville 20070618 <\/a><\/li>\n<li><a href=\"http:\/\/cluq-grenoble.org\/WordPress\/wp-content\/uploads\/2010\/06\/20070621-lettre-au-pr\u00e9sident-cg38-et-maire-appelation-nouv\u2026.pdf\">Lettre au pr\u00e9sident cg38 et maire appelation nouvelle\u202620070621 <\/a><\/li>\n<li><a href=\"http:\/\/cluq-grenoble.org\/WordPress\/wp-content\/uploads\/2010\/06\/CV-CA-CM-25.06.07.pdf\">CV-CA ; Conseil Municipal du 25.06.07<\/a><\/li>\n<li><a href=\"http:\/\/cluq-grenoble.org\/WordPress\/wp-content\/uploads\/2010\/06\/GTCV-JTon-juillet-2007.pdf\">Groupe de Travail Centre Ville JTon juillet 2007<\/a><\/li>\n<li><a href=\"http:\/\/cluq-grenoble.org\/WordPress\/wp-content\/uploads\/2010\/06\/20070710-cr-GT-extension-centre-ville.pdf\">Compte-rendu GT extension centre ville 20070710<\/a><\/li>\n<li><a href=\"http:\/\/cluq-grenoble.org\/WordPress\/wp-content\/uploads\/2010\/07\/20071015-cr-GT-centre-ville.pdf\">Compte-rendu Groupe de Travail centre ville 20071015 <\/a><\/li>\n<li><a href=\"http:\/\/cluq-grenoble.org\/WordPress\/wp-content\/uploads\/2010\/07\/20071121-cr-GT-centre-ville.pdf\">Compte-rendu Groupe de Travail centre ville 20071121 <\/a><\/li>\n<\/ol>\n","protected":false},"excerpt":{"rendered":"<p>R\u00e9am\u00e9nagement des quais 2007 &#8211; (dossiers \u00e0 t\u00e9l\u00e9charger au format<span class=\"more-link\"><a href=\"https:\/\/cluq-grenoble.org\/WordPress\/groupes-de-travail-cluq\/donnees-libres-acces\/gt-grenoble-demain\/reamenagement-des-quais-2007\/\">Lire la suite<\/a><\/span><\/p>\n","protected":false},"author":1,"featured_media":0,"parent":30,"menu_order":3,"comment_status":"closed","ping_status":"open","template":"","meta":[],"_links":{"self":[{"href":"https:\/\/cluq-grenoble.org\/WordPress\/wp-json\/wp\/v2\/pages\/191"}],"collection":[{"href":"https:\/\/cluq-grenoble.org\/WordPress\/wp-json\/wp\/v2\/pages"}],"about":[{"href":"https:\/\/cluq-grenoble.org\/WordPress\/wp-json\/wp\/v2\/types\/page"}],"author":[{"embeddable":true,"href":"https:\/\/cluq-grenoble.org\/WordPress\/wp-json\/wp\/v2\/users\/1"}],"replies":[{"embeddable":true,"href":"https:\/\/cluq-grenoble.org\/WordPress\/wp-json\/wp\/v2\/comments?post=191"}],"version-history":[{"count":6,"href":"https:\/\/cluq-grenoble.org\/WordPress\/wp-json\/wp\/v2\/pages\/191\/revisions"}],"predecessor-version":[{"id":693,"href":"https:\/\/cluq-grenoble.org\/WordPress\/wp-json\/wp\/v2\/pages\/191\/revisions\/693"}],"up":[{"embeddable":true,"href":"https:\/\/cluq-grenoble.org\/WordPress\/wp-json\/wp\/v2\/pages\/30"}],"wp:attachment":[{"href":"https:\/\/cluq-grenoble.org\/WordPress\/wp-json\/wp\/v2\/media?parent=191"}],"curies":[{"name":"wp","href":"https:\/\/api.w.org\/{rel}","templated":true}]}}