{"id":1923,"date":"2014-11-23T15:09:20","date_gmt":"2014-11-23T13:09:20","guid":{"rendered":"http:\/\/cluq-grenoble.org\/WordPress\/?page_id=1923"},"modified":"2015-12-22T11:54:36","modified_gmt":"2015-12-22T09:54:36","slug":"secteur-centre-historique-bastille","status":"publish","type":"page","link":"https:\/\/cluq-grenoble.org\/WordPress\/presentation\/nos-actions\/nos-projets\/secteur-centre-historique-bastille\/","title":{"rendered":"P\u00f4le 5 &#8220;Centre historique &#8211; Bastille &#8211; \u00eele Verte&#8221; (verrouill\u00e9)"},"content":{"rendered":"","protected":true},"excerpt":{"rendered":"","protected":true},"author":1,"featured_media":0,"parent":1793,"menu_order":0,"comment_status":"closed","ping_status":"closed","template":"","meta":[],"_links":{"self":[{"href":"https:\/\/cluq-grenoble.org\/WordPress\/wp-json\/wp\/v2\/pages\/1923"}],"collection":[{"href":"https:\/\/cluq-grenoble.org\/WordPress\/wp-json\/wp\/v2\/pages"}],"about":[{"href":"https:\/\/cluq-grenoble.org\/WordPress\/wp-json\/wp\/v2\/types\/page"}],"author":[{"embeddable":true,"href":"https:\/\/cluq-grenoble.org\/WordPress\/wp-json\/wp\/v2\/users\/1"}],"replies":[{"embeddable":true,"href":"https:\/\/cluq-grenoble.org\/WordPress\/wp-json\/wp\/v2\/comments?post=1923"}],"version-history":[{"count":6,"href":"https:\/\/cluq-grenoble.org\/WordPress\/wp-json\/wp\/v2\/pages\/1923\/revisions"}],"predecessor-version":[{"id":2482,"href":"https:\/\/cluq-grenoble.org\/WordPress\/wp-json\/wp\/v2\/pages\/1923\/revisions\/2482"}],"up":[{"embeddable":true,"href":"https:\/\/cluq-grenoble.org\/WordPress\/wp-json\/wp\/v2\/pages\/1793"}],"wp:attachment":[{"href":"https:\/\/cluq-grenoble.org\/WordPress\/wp-json\/wp\/v2\/media?parent=1923"}],"curies":[{"name":"wp","href":"https:\/\/api.w.org\/{rel}","templated":true}]}}