{"id":1927,"date":"2014-11-23T15:08:05","date_gmt":"2014-11-23T13:08:05","guid":{"rendered":"http:\/\/cluq-grenoble.org\/WordPress\/?page_id=1927"},"modified":"2015-12-23T01:53:44","modified_gmt":"2015-12-22T23:53:44","slug":"secteur-coeur-de-metropole","status":"publish","type":"page","link":"https:\/\/cluq-grenoble.org\/WordPress\/presentation\/nos-actions\/nos-projets\/secteur-coeur-de-metropole\/","title":{"rendered":"P\u00f4le 1 &#8220;C\u0153ur de M\u00e9tropole &#8211; Grands boulevards&#8221; (verrouill\u00e9)"},"content":{"rendered":"","protected":true},"excerpt":{"rendered":"","protected":true},"author":1,"featured_media":0,"parent":1793,"menu_order":0,"comment_status":"closed","ping_status":"closed","template":"","meta":[],"_links":{"self":[{"href":"https:\/\/cluq-grenoble.org\/WordPress\/wp-json\/wp\/v2\/pages\/1927"}],"collection":[{"href":"https:\/\/cluq-grenoble.org\/WordPress\/wp-json\/wp\/v2\/pages"}],"about":[{"href":"https:\/\/cluq-grenoble.org\/WordPress\/wp-json\/wp\/v2\/types\/page"}],"author":[{"embeddable":true,"href":"https:\/\/cluq-grenoble.org\/WordPress\/wp-json\/wp\/v2\/users\/1"}],"replies":[{"embeddable":true,"href":"https:\/\/cluq-grenoble.org\/WordPress\/wp-json\/wp\/v2\/comments?post=1927"}],"version-history":[{"count":12,"href":"https:\/\/cluq-grenoble.org\/WordPress\/wp-json\/wp\/v2\/pages\/1927\/revisions"}],"predecessor-version":[{"id":2495,"href":"https:\/\/cluq-grenoble.org\/WordPress\/wp-json\/wp\/v2\/pages\/1927\/revisions\/2495"}],"up":[{"embeddable":true,"href":"https:\/\/cluq-grenoble.org\/WordPress\/wp-json\/wp\/v2\/pages\/1793"}],"wp:attachment":[{"href":"https:\/\/cluq-grenoble.org\/WordPress\/wp-json\/wp\/v2\/media?parent=1927"}],"curies":[{"name":"wp","href":"https:\/\/api.w.org\/{rel}","templated":true}]}}