{"id":2015,"date":"2014-12-08T11:56:13","date_gmt":"2014-12-08T09:56:13","guid":{"rendered":"http:\/\/cluq-grenoble.org\/WordPress\/?page_id=2015"},"modified":"2020-02-25T14:09:20","modified_gmt":"2020-02-25T13:09:20","slug":"politique","status":"publish","type":"page","link":"https:\/\/cluq-grenoble.org\/WordPress\/politique\/","title":{"rendered":"Politique"},"content":{"rendered":"<ul>\n<li><a href=\"http:\/\/cluq-grenoble.org\/WordPress\/?p=2263\">Les \u00e9lections, mode d&#8217;emploi ?<\/a><\/li>\n<li><a href=\"http:\/\/cluq-grenoble.org\/WordPress\/?p=2013\">Les Elu(e)s Grenoble M\u00e9tropole<\/a><\/li>\n<li><a href=\"http:\/\/cluq-grenoble.org\/WordPress\/?p=2003\">Les Elu(e)s Ville de Grenoble<\/a><\/li>\n<\/ul>\n\n\n<div class=\"wp-block-file\"><a href=\"http:\/\/cluq-grenoble.org\/WordPress\/wp-content\/uploads\/2020\/02\/Interpellation-r\u00e9ponses-de-Grenoble-En-Commun-3.pdf\">Interpellation : R\u00e9ponses de Grenoble En Commun<\/a><a href=\"http:\/\/cluq-grenoble.org\/WordPress\/wp-content\/uploads\/2020\/02\/Interpellation-r\u00e9ponses-de-Grenoble-En-Commun-3.pdf\" class=\"wp-block-file__button\" download>T\u00e9l\u00e9charger<\/a><\/div>\n\n\n\n<div class=\"wp-block-file\"><a href=\"http:\/\/cluq-grenoble.org\/WordPress\/wp-content\/uploads\/2020\/02\/Interpellation-r\u00e9ponses-de-Grenoble-Nouvel-Air.pdf\">Interpellation : R\u00e9ponses de Grenoble Nouvel Air<\/a><a href=\"http:\/\/cluq-grenoble.org\/WordPress\/wp-content\/uploads\/2020\/02\/Interpellation-r\u00e9ponses-de-Grenoble-Nouvel-Air.pdf\" class=\"wp-block-file__button\" download>T\u00e9l\u00e9charger<\/a><\/div>\n\n\n\n<div class=\"wp-block-file\"><a href=\"http:\/\/cluq-grenoble.org\/WordPress\/wp-content\/uploads\/2020\/02\/Interpellation-r\u00e9ponses-de-Mieux-vivre-\u00e0-Grenoble-2.pdf\">Interpellation : R\u00e9ponses de Mieux Vivre \u00e0 Grenoble<\/a><a href=\"http:\/\/cluq-grenoble.org\/WordPress\/wp-content\/uploads\/2020\/02\/Interpellation-r\u00e9ponses-de-Mieux-vivre-\u00e0-Grenoble-2.pdf\" class=\"wp-block-file__button\" download>T\u00e9l\u00e9charger<\/a><\/div>\n\n\n\n<div class=\"wp-block-file\"><a href=\"http:\/\/cluq-grenoble.org\/WordPress\/wp-content\/uploads\/2020\/02\/20200222-Emilie-CHALAS-2020_R\u00e9ponses-au-CLUQ-1.pdf\">Interpellation : R\u00e9ponses de Un Nouveau Regard sur Grenoble<\/a><a href=\"http:\/\/cluq-grenoble.org\/WordPress\/wp-content\/uploads\/2020\/02\/20200222-Emilie-CHALAS-2020_R\u00e9ponses-au-CLUQ-1.pdf\" class=\"wp-block-file__button\" download>T\u00e9l\u00e9charger<\/a><\/div>\n\n\n\n<div class=\"wp-block-file\"><a href=\"http:\/\/cluq-grenoble.org\/WordPress\/wp-content\/uploads\/2020\/02\/Interpellation-r\u00e9ponses-de-La-Soci\u00e9t\u00e9-Civile.pdf\">Interpellation : R\u00e9ponses de La Soci\u00e9t\u00e9 Civile<\/a><a href=\"http:\/\/cluq-grenoble.org\/WordPress\/wp-content\/uploads\/2020\/02\/Interpellation-r\u00e9ponses-de-La-Soci\u00e9t\u00e9-Civile.pdf\" class=\"wp-block-file__button\" download>T\u00e9l\u00e9charger<\/a><\/div>\n\n\n\n<p><\/p>\n","protected":false},"excerpt":{"rendered":"<p>Les \u00e9lections, mode d&#8217;emploi ? Les Elu(e)s Grenoble M\u00e9tropole Les<span class=\"more-link\"><a href=\"https:\/\/cluq-grenoble.org\/WordPress\/politique\/\">Lire la suite<\/a><\/span><\/p>\n","protected":false},"author":1,"featured_media":0,"parent":0,"menu_order":0,"comment_status":"closed","ping_status":"open","template":"","meta":[],"_links":{"self":[{"href":"https:\/\/cluq-grenoble.org\/WordPress\/wp-json\/wp\/v2\/pages\/2015"}],"collection":[{"href":"https:\/\/cluq-grenoble.org\/WordPress\/wp-json\/wp\/v2\/pages"}],"about":[{"href":"https:\/\/cluq-grenoble.org\/WordPress\/wp-json\/wp\/v2\/types\/page"}],"author":[{"embeddable":true,"href":"https:\/\/cluq-grenoble.org\/WordPress\/wp-json\/wp\/v2\/users\/1"}],"replies":[{"embeddable":true,"href":"https:\/\/cluq-grenoble.org\/WordPress\/wp-json\/wp\/v2\/comments?post=2015"}],"version-history":[{"count":8,"href":"https:\/\/cluq-grenoble.org\/WordPress\/wp-json\/wp\/v2\/pages\/2015\/revisions"}],"predecessor-version":[{"id":4867,"href":"https:\/\/cluq-grenoble.org\/WordPress\/wp-json\/wp\/v2\/pages\/2015\/revisions\/4867"}],"wp:attachment":[{"href":"https:\/\/cluq-grenoble.org\/WordPress\/wp-json\/wp\/v2\/media?parent=2015"}],"curies":[{"name":"wp","href":"https:\/\/api.w.org\/{rel}","templated":true}]}}