{"id":2263,"date":"2015-06-14T16:10:32","date_gmt":"2015-06-14T14:10:32","guid":{"rendered":"http:\/\/cluq-grenoble.org\/WordPress\/?page_id=2263"},"modified":"2015-12-19T15:37:29","modified_gmt":"2015-12-19T13:37:29","slug":"les-elections-mode-demploi","status":"publish","type":"page","link":"https:\/\/cluq-grenoble.org\/WordPress\/politique\/les-elections-mode-demploi\/","title":{"rendered":"Les \u00e9lections, mode d&#8217;emploi ?"},"content":{"rendered":"<h1 class=\"attribute-header\" style=\"text-align: center;\">Pour participer<\/h1>\n<h1 class=\"attribute-header\" style=\"text-align: left;\">Il faut s&#8217;inscrire sur les listes \u00e9lectorales au pr\u00e8s de sa mairie l&#8217;ann\u00e9e pr\u00e9c\u00e9dent le scrutin.<\/h1>\n<p>&nbsp;<\/p>\n<h1 class=\"attribute-header\" style=\"text-align: center;\">Les diff\u00e9rentes \u00e9lections en France<\/h1>\n<div class=\"attribute-text\"><a id=\"eztoc16261_0_1\" name=\"eztoc16261_0_1\"><\/a><\/p>\n<h2>\u00c9lections municipales:<\/h2>\n<p>(dans le cadre de la commune)<\/p>\n<ul class=\"dark_bullet\">\n<li>Tous les six ans<\/li>\n<li><b>Suffrage universel direct<\/b> pour d\u00e9signer les membres du conseil municipal qui, \u00e0 leur tour, \u00e9liront le maire (et ses adjoints) :<\/li>\n<\/ul>\n<p>&#8211; communes de moins de 1 000 habitants : scrutin majoritaire plurinominal \u00e0 deux tours.<\/p>\n<p>&#8211; communes de 1 000 habitants et plus : scrutin proportionnel de liste \u00e0 deux tours (sans aucune modification possible de la liste).<\/p>\n<p>&#8211; Paris, Lyon et Marseille : scrutin proportionnel de liste \u00e0 deux tours dans le cadre de secteurs \u00e9lectoraux.<br \/>\nLes \u00e9lecteurs \u00e9lisent en m\u00eame temps un conseil municipal et des conseils d&#8217;arrondissement (selon les m\u00eames r\u00e8gles que pour les communes de 1 000 habitants et plus).<\/p>\n<p><a id=\"eztoc16261_0_2\" name=\"eztoc16261_0_2\"><\/a><\/p>\n<h2>\u00c9lections communautaires:<\/h2>\n<p>(dans le cadre de la commune, en m\u00eame temps que l\u2019\u00e9lection des conseillers municipaux dans les communes de plus de 1 000 habitants)<\/p>\n<ul class=\"dark_bullet\">\n<li>Tous les six ans<\/li>\n<li>Election des conseillers communautaires qui repr\u00e9sentent la commune au sein de l\u2019\u00e9tablissement public de coop\u00e9ration intercommunale \u00e0 fiscalit\u00e9 propre dont elle est membre, ces derniers \u00e9lisant en leur sein un pr\u00e9sident pour six ans.<\/li>\n<\/ul>\n<p>&#8211; communes de moins de 1 000 habitants : d\u00e9signation des premiers conseillers municipaux dans l\u2019ordre du tableau municipal, c&#8217;est-\u00e0-dire le maire puis les adjoints puis les conseillers municipaux ayant obtenu le plus de voix lors des \u00e9lections municipales.<\/p>\n<p>&#8211; communes de 1 000 habitants et plus : \u00e9lection dans le cadre des \u00e9lections municipales au scrutin proportionnel de liste \u00e0 deux tours (sans aucune modification possible de la liste). Les candidats figurent sur le m\u00eame bulletin de vote que les candidats \u00e0 l\u2019\u00e9lection municipale.<\/p>\n<p><a id=\"eztoc16261_0_3\" name=\"eztoc16261_0_3\"><\/a><\/p>\n<h2>\u00c9lections d\u00e9partementales:<\/h2>\n<p>(dans le cadre du canton)<\/p>\n<ul class=\"dark_bullet\">\n<li><b>Tous les six ans<\/b><\/li>\n<li>Pour d\u00e9signer les membres du conseil d\u00e9partemental, qui \u00e9lisent \u00e0 leur tour, pour\u00a0 six ans, un pr\u00e9sident du conseil d\u00e9partemental.<\/li>\n<li>Le conseil d\u00e9partemental est renouvel\u00e9 int\u00e9gralement tous les six ans.<\/li>\n<li><b>Suffrage universel direct<\/b>, scrutin binominal majoritaire \u00e0 deux tours, \u00e0 raison de deux conseillers par canton \u00e9lus au sein d\u2019un bin\u00f4me de candidats comprenant un homme et une femme.<\/li>\n<\/ul>\n<p><a id=\"eztoc16261_0_4\" name=\"eztoc16261_0_4\"><\/a><\/p>\n<h2>\u00c9lections r\u00e9gionales:<\/h2>\n<p>(dans le cadre de la r\u00e9gion avec des sections d\u00e9partementales)<\/p>\n<ul class=\"dark_bullet\">\n<li><b>Tous les six ans<\/b><\/li>\n<li>Pour \u00e9lire les conseillers r\u00e9gionaux qui \u00e9lisent \u00e0 leur tour un pr\u00e9sident pour six ans<\/li>\n<li><b>Suffrage universel direct<\/b>, au scrutin de liste \u00e0 deux tours.<\/li>\n<\/ul>\n<p><a id=\"eztoc16261_0_5\" name=\"eztoc16261_0_5\"><\/a><\/p>\n<h2>\u00c9lections l\u00e9gislatives:<\/h2>\n<ul class=\"dark_bullet\">\n<li><b>Tous les cinq ans<\/b> (mais l&#8217;Assembl\u00e9e nationale peut \u00eatre dissoute par le Pr\u00e9sident de la R\u00e9publique ce qui provoque des \u00e9lections anticip\u00e9es)<\/li>\n<li>Pour \u00e9lire les 577 d\u00e9put\u00e9s \u00e0 raison d&#8217;un d\u00e9put\u00e9 par circonscription l\u00e9gislative.<\/li>\n<li><b>Suffrage universel direct<\/b>, au scrutin majoritaire uninominal \u00e0 deux tours.<\/li>\n<\/ul>\n<p><a id=\"eztoc16261_0_6\" name=\"eztoc16261_0_6\"><\/a><\/p>\n<h2>\u00c9lections s\u00e9natoriales:<\/h2>\n<ul class=\"dark_bullet\">\n<li><b>Tous les six ans<\/b><\/li>\n<li>Pour \u00e9lire les 348 s\u00e9nateurs dans les d\u00e9partements, les territoires d&#8217;outre-mer et parmi les Fran\u00e7ais \u00e9tablis hors de France.<\/li>\n<li>Le S\u00e9nat est renouvel\u00e9 par moiti\u00e9 tous les trois ans.<\/li>\n<li><b>Suffrage universel indirect<\/b>, scrutin majoritaire \u00e0 deux tours ou scrutin de liste \u00e0 la repr\u00e9sentation proportionnelle selon le nombre de s\u00e9nateurs \u00e0 \u00e9lire dans le d\u00e9partement. Les \u00e9lecteurs sont, dans chaque d\u00e9partement, les d\u00e9put\u00e9s, les conseillers r\u00e9gionaux, les conseillers d\u00e9partementaux et des d\u00e9l\u00e9gu\u00e9s des conseils municipaux.<\/li>\n<\/ul>\n<p><a id=\"eztoc16261_0_7\" name=\"eztoc16261_0_7\"><\/a><\/p>\n<h2>\u00c9lection pr\u00e9sidentielle:<\/h2>\n<ul class=\"dark_bullet\">\n<li><b>Tous les cinq ans<\/b><\/li>\n<li>Pour \u00e9lire le Pr\u00e9sident de la R\u00e9publique<\/li>\n<li><b>Suffrage universel direct<\/b>, scrutin uninominal majoritaire \u00e0 deux tours.<\/li>\n<\/ul>\n<p><a id=\"eztoc16261_0_8\" name=\"eztoc16261_0_8\"><\/a><\/p>\n<h2>\u00c9lections europ\u00e9ennes:<\/h2>\n<ul class=\"dark_bullet\">\n<li><b>Tous les cinq ans<\/b><\/li>\n<li>Pour d\u00e9signer les repr\u00e9sentants fran\u00e7ais au Parlement europ\u00e9en de Strasbourg. L&#8217;\u00e9lection a lieu dans le cadre de huit circonscriptions regroupant plusieurs r\u00e9gions.<\/li>\n<li><b>Suffrage universel direct<\/b>, scrutin de liste \u00e0 un seul tour \u00e0 la repr\u00e9sentation proportionnelle.<\/li>\n<\/ul>\n<p><a id=\"eztoc16261_0_9\" name=\"eztoc16261_0_9\"><\/a><\/p>\n<h2>R\u00e9f\u00e9rendum:<\/h2>\n<ul class=\"dark_bullet\">\n<li><b>Proc\u00e9dure exceptionnelle<\/b> par laquelle les citoyens sont appel\u00e9s \u00e0 se prononcer directement sur un projet de loi ou sur un projet de r\u00e9vision de la Constitution. Vote par oui ou par non \u00e0 la majorit\u00e9 des suffrages exprim\u00e9s.<\/li>\n<\/ul>\n<p>source : minist\u00e8re de l&#8217;int\u00e9rieur 14\/06\/2015, http:\/\/www.interieur.gouv.fr\/Elections\/Les-elections-en-France\/Les-differentes-elections<\/p>\n<p>&nbsp;<\/p>\n<\/div>\n","protected":false},"excerpt":{"rendered":"<p>Pour participer Il faut s&#8217;inscrire sur les listes \u00e9lectorales au<span class=\"more-link\"><a href=\"https:\/\/cluq-grenoble.org\/WordPress\/politique\/les-elections-mode-demploi\/\">Lire la suite<\/a><\/span><\/p>\n","protected":false},"author":1,"featured_media":0,"parent":2015,"menu_order":0,"comment_status":"closed","ping_status":"open","template":"","meta":[],"_links":{"self":[{"href":"https:\/\/cluq-grenoble.org\/WordPress\/wp-json\/wp\/v2\/pages\/2263"}],"collection":[{"href":"https:\/\/cluq-grenoble.org\/WordPress\/wp-json\/wp\/v2\/pages"}],"about":[{"href":"https:\/\/cluq-grenoble.org\/WordPress\/wp-json\/wp\/v2\/types\/page"}],"author":[{"embeddable":true,"href":"https:\/\/cluq-grenoble.org\/WordPress\/wp-json\/wp\/v2\/users\/1"}],"replies":[{"embeddable":true,"href":"https:\/\/cluq-grenoble.org\/WordPress\/wp-json\/wp\/v2\/comments?post=2263"}],"version-history":[{"count":6,"href":"https:\/\/cluq-grenoble.org\/WordPress\/wp-json\/wp\/v2\/pages\/2263\/revisions"}],"predecessor-version":[{"id":2472,"href":"https:\/\/cluq-grenoble.org\/WordPress\/wp-json\/wp\/v2\/pages\/2263\/revisions\/2472"}],"up":[{"embeddable":true,"href":"https:\/\/cluq-grenoble.org\/WordPress\/wp-json\/wp\/v2\/pages\/2015"}],"wp:attachment":[{"href":"https:\/\/cluq-grenoble.org\/WordPress\/wp-json\/wp\/v2\/media?parent=2263"}],"curies":[{"name":"wp","href":"https:\/\/api.w.org\/{rel}","templated":true}]}}