{"id":2289,"date":"2015-06-21T13:41:18","date_gmt":"2015-06-21T11:41:18","guid":{"rendered":"http:\/\/cluq-grenoble.org\/WordPress\/?page_id=2289"},"modified":"2017-03-25T16:28:45","modified_gmt":"2017-03-25T14:28:45","slug":"budget-participatif","status":"publish","type":"page","link":"https:\/\/cluq-grenoble.org\/WordPress\/com-dlp\/budget-participatif\/","title":{"rendered":"Budget Participatif"},"content":{"rendered":"<p style=\"text-align: center;\"><strong>Un point sur l&#8217;\u00e9laboration du budget participatif 2015 (800 000 euro)<\/strong><\/p>\n<p>Samedi 20 juin a eu lieu la &#8220;Ruche \u00e0 Projets&#8221;:<\/p>\n<p>Points positifs:<\/p>\n<p style=\"padding-left: 30px;\">&#8211; enfin un budget participatif sur l&#8217;ensemble de la ville de Grenoble<\/p>\n<p style=\"padding-left: 30px;\">&#8211; une centaine d&#8217;habitants pr\u00e9sents pour participer \u00e0 la s\u00e9lection des projets<\/p>\n<p style=\"padding-left: 30px;\">&#8211; des discussions cordiales et une ambiance g\u00e9n\u00e9rale travailleuse<\/p>\n<p style=\"padding-left: 30px;\">&#8211; 27 tables de 6 personnes permettant des \u00e9changes constructifs et apais\u00e9s<\/p>\n<p style=\"padding-left: 30px;\"><a href=\"http:\/\/cluq-grenoble.org\/WordPress\/wp-content\/uploads\/2015\/06\/ExperiaPhone-706.jpg\"><img loading=\"lazy\" class=\"wp-image-2290 size-medium aligncenter\" src=\"http:\/\/cluq-grenoble.org\/WordPress\/wp-content\/uploads\/2015\/06\/ExperiaPhone-706-300x168.jpg\" alt=\"ExperiaPhone 706\" width=\"300\" height=\"168\" srcset=\"https:\/\/cluq-grenoble.org\/WordPress\/wp-content\/uploads\/2015\/06\/ExperiaPhone-706-300x168.jpg 300w, https:\/\/cluq-grenoble.org\/WordPress\/wp-content\/uploads\/2015\/06\/ExperiaPhone-706-1024x576.jpg 1024w, https:\/\/cluq-grenoble.org\/WordPress\/wp-content\/uploads\/2015\/06\/ExperiaPhone-706-500x281.jpg 500w\" sizes=\"(max-width: 300px) 100vw, 300px\" \/><\/a><\/p>\n<p>Points n\u00e9gatifs:<\/p>\n<p style=\"padding-left: 30px;\">&#8211; des r\u00e8gles de fonctionnement pas claires (des projets identiques pr\u00e9sent\u00e9s \u00e0 plusieurs tables, des r\u00e8gles de fusion inexistantes&#8230;)<\/p>\n<p style=\"padding-left: 30px;\">&#8211; une chance de s\u00e9lection des projets in\u00e9galitaire entre les tables<\/p>\n<p style=\"padding-left: 30px;\">&#8211; une difficult\u00e9 pour suivre le num\u00e9ro de chaque projet indiqu\u00e9 uniquement oralement lors de chaque pr\u00e9sentation<\/p>\n<p style=\"padding-left: 30px;\">&#8211; pas de support visuel aux pr\u00e9sentations<\/p>\n<p style=\"padding-left: 30px;\">&#8211; des pr\u00e9sentations trop courtes pour les projets importants (&gt; 100 000 euro)<\/p>\n<p style=\"padding-left: 30px;\">&#8211; pas de pr\u00e9paration \u00e0 la pr\u00e9sentation des projets<\/p>\n<p style=\"padding-left: 30px;\">&#8211; les habitants absents n&#8217;ont plus leur place dans le budget participatif<\/p>\n<p style=\"padding-left: 30px;\">&#8211; les votent pr\u00e9liminaires sur le site de la ville n&#8217;ont pas \u00e9t\u00e9 pris en compte et sont donc inutiles<\/p>\n<p style=\"padding-left: 30px;\">&#8211; un samedi pris sur la vie de famille et les activit\u00e9s de loisirs<\/p>\n<p style=\"padding-left: 30px;\"><em>Prochaine \u00e9tapes, pr\u00e9sentation des projets s\u00e9lectionn\u00e9s amend\u00e9s suite au travail des services sur leur faisabilit\u00e9 et leur co\u00fbt r\u00e9el pendant l&#8217;\u00e9t\u00e9.<\/em><\/p>\n<p style=\"padding-left: 30px;\">document de la Ville :\u00a0<a href=\"http:\/\/cluq-grenoble.org\/WordPress\/wp-content\/uploads\/2015\/07\/BudgetParticipatif.pdf\">BudgetParticipatif<\/a>\u00a0(pdf)<\/p>\n<p style=\"padding-left: 30px;\"><em>Guy W.<\/em><\/p>\n<p style=\"padding-left: 30px;\"><a href=\"http:\/\/cluq-grenoble.org\/WordPress\/?p=2957\">Retour sur la page de la <strong>Commission D\u00e9mocratie Locale &amp; Participation<\/strong><\/a><\/p>\n","protected":false},"excerpt":{"rendered":"<p>Un point sur l&#8217;\u00e9laboration du budget participatif 2015 (800 000<span class=\"more-link\"><a href=\"https:\/\/cluq-grenoble.org\/WordPress\/com-dlp\/budget-participatif\/\">Lire la suite<\/a><\/span><\/p>\n","protected":false},"author":1,"featured_media":0,"parent":2957,"menu_order":0,"comment_status":"closed","ping_status":"open","template":"","meta":[],"_links":{"self":[{"href":"https:\/\/cluq-grenoble.org\/WordPress\/wp-json\/wp\/v2\/pages\/2289"}],"collection":[{"href":"https:\/\/cluq-grenoble.org\/WordPress\/wp-json\/wp\/v2\/pages"}],"about":[{"href":"https:\/\/cluq-grenoble.org\/WordPress\/wp-json\/wp\/v2\/types\/page"}],"author":[{"embeddable":true,"href":"https:\/\/cluq-grenoble.org\/WordPress\/wp-json\/wp\/v2\/users\/1"}],"replies":[{"embeddable":true,"href":"https:\/\/cluq-grenoble.org\/WordPress\/wp-json\/wp\/v2\/comments?post=2289"}],"version-history":[{"count":4,"href":"https:\/\/cluq-grenoble.org\/WordPress\/wp-json\/wp\/v2\/pages\/2289\/revisions"}],"predecessor-version":[{"id":3145,"href":"https:\/\/cluq-grenoble.org\/WordPress\/wp-json\/wp\/v2\/pages\/2289\/revisions\/3145"}],"up":[{"embeddable":true,"href":"https:\/\/cluq-grenoble.org\/WordPress\/wp-json\/wp\/v2\/pages\/2957"}],"wp:attachment":[{"href":"https:\/\/cluq-grenoble.org\/WordPress\/wp-json\/wp\/v2\/media?parent=2289"}],"curies":[{"name":"wp","href":"https:\/\/api.w.org\/{rel}","templated":true}]}}