{"id":2294,"date":"2015-06-21T14:07:11","date_gmt":"2015-06-21T12:07:11","guid":{"rendered":"http:\/\/cluq-grenoble.org\/WordPress\/?page_id=2294"},"modified":"2016-01-07T00:14:12","modified_gmt":"2016-01-06T22:14:12","slug":"terrasses-chr","status":"publish","type":"page","link":"https:\/\/cluq-grenoble.org\/WordPress\/groupes-de-travail-cluq\/com-mutations-urbaines\/com-espaces-publics\/terrasses-chr\/","title":{"rendered":"Terrasses &#038; CHR"},"content":{"rendered":"<p style=\"text-align: center;\"><strong>Les terrasses et l&#8217;impact des Caf\u00e9s H\u00f4tels\u00a0Restaurants\u00a0(CHR) sur la vie de quartier<\/strong><\/p>\n<p><strong>Points positifs:<\/strong><\/p>\n<p>+ Ils apportent une animation de quartier voir m\u00e9tropolitaine<\/p>\n<p>+ ils peuvent apporter\u00a0un sentiment de s\u00e9curit\u00e9 pour les usagers de l&#8217;espace public<\/p>\n<p>+ ils peuvent embellir nos espaces publics<\/p>\n<p>&nbsp;<\/p>\n<p><strong>Points n\u00e9gatifs:<\/strong><\/p>\n<p>+ ils peuvent s&#8217;approprier l&#8217;espace public au d\u00e9pens des autres usagers<\/p>\n<p>+ ils peuvent g\u00e9n\u00e9rer des nuisances intol\u00e9rables<\/p>\n<p>&nbsp;<\/p>\n<p><span style=\"text-decoration: underline;\"><strong>Ce que nous UQ proposons :<\/strong><\/span><\/p>\n<p>+Les Unions de Quartiers ont travaill\u00e9 ensemble pour d\u00e9finir <strong>DIX<\/strong> r\u00e8gles pour les terrasses permettant de concilier animation et qualit\u00e9 de vie : <a href=\"http:\/\/cluq-grenoble.org\/WordPress\/wp-content\/uploads\/2014\/06\/Les-DIX-R\u00e8gles-des-terrasses_UQ_CBCH_CLUQ.pdf\">Les DIX R\u00e8gles des terrasses_UQ_CBCH_CLUQ<\/a>\u00a0(pdf).<\/p>\n<p>+ Les Unions de Quartiers proposent \u00e9galement d&#8217;am\u00e9liorer la proc\u00e9dure de cr\u00e9ation des terrasses et du suivi de celles-ci (avec le concours de la police municipale, des services et des UQs) : <a href=\"http:\/\/cluq-grenoble.org\/WordPress\/wp-content\/uploads\/2014\/06\/CLUQ_Regles_terrasses_150515.pdf\">CLUQ_Regles_terrasses_150515<\/a>\u00a0(pdf).<\/p>\n<p>en compl\u00e9ment de la charte de la vie nocturne qui doit \u00eatre mise \u00e0 jour :\u00a0<a href=\"http:\/\/cluq-grenoble.org\/WordPress\/wp-content\/uploads\/2015\/06\/Charte-pour-la-qualite-de-la-vie-nocturne.pdf\">Charte-pour-la-qualite-de-la-vie-nocturne<\/a>\u00a0(pdf) et des autres documents officiels disponible dans nos <a href=\"http:\/\/cluq-grenoble.org\/WordPress\/donnees-libres-acces\/archives-nuisances\/\">archives (lien web)<\/a>.<\/p>\n<p><span style=\"text-decoration: underline;\"><strong>Ce que dit la r\u00e9glementation sur les Etablissements CHR et Terrasses :<\/strong><\/span><\/p>\n<p>Dispositions nationales:<\/p>\n<p><a href=\"http:\/\/cluq-grenoble.org\/WordPress\/wp-content\/uploads\/2015\/07\/arrete-police-debits-boissons-isere.pdf\">https:\/\/www.service-public.fr\/professionnels-entreprises\/vosdroits\/F22387<\/a><\/p>\n<p><a href=\"http:\/\/cluq-grenoble.org\/WordPress\/wp-content\/uploads\/2015\/07\/arrete-police-debits-boissons-isere.pdf\">http:\/\/www.prefecturedepolice.interieur.gouv.fr\/Demarches\/Professionnel\/Activites-reglementees-et-police-administrative\/Licence-de-debit-de-boissons-de-restaurant-et-de-vente-a-emporter<\/a><\/p>\n<p>Arr\u00eat\u00e9 pr\u00e9fectoral :<\/p>\n<p><a href=\"http:\/\/cluq-grenoble.org\/WordPress\/wp-content\/uploads\/2015\/07\/arrete-police-debits-boissons-isere.pdf\">arrete-police-debits-boissons-isere<\/a>\u00a0(pdf)<\/p>\n<p>dispositions grenobloises :<\/p>\n<p><a href=\"http:\/\/cluq-grenoble.org\/WordPress\/wp-content\/uploads\/2015\/06\/Charte-pour-la-qualite-de-la-vie-nocturne.pdf\">Charte-pour-la-qualite-de-la-vie-nocturne<\/a>\u00a0(pdf)<\/p>\n<p><a href=\"http:\/\/cluq-grenoble.org\/WordPress\/wp-content\/uploads\/2015\/07\/Referentiels-terrasses-des-cafes-et-restaurants.pdf\">Referentiels-terrasses-des-cafes-et-restaurants<\/a>\u00a0(pdf)<\/p>\n<p><em>Guy W.<\/em><\/p>\n","protected":false},"excerpt":{"rendered":"<p>Les terrasses et l&#8217;impact des Caf\u00e9s H\u00f4tels\u00a0Restaurants\u00a0(CHR) sur la vie<span class=\"more-link\"><a href=\"https:\/\/cluq-grenoble.org\/WordPress\/groupes-de-travail-cluq\/com-mutations-urbaines\/com-espaces-publics\/terrasses-chr\/\">Lire la suite<\/a><\/span><\/p>\n","protected":false},"author":1,"featured_media":0,"parent":1383,"menu_order":0,"comment_status":"closed","ping_status":"open","template":"","meta":[],"_links":{"self":[{"href":"https:\/\/cluq-grenoble.org\/WordPress\/wp-json\/wp\/v2\/pages\/2294"}],"collection":[{"href":"https:\/\/cluq-grenoble.org\/WordPress\/wp-json\/wp\/v2\/pages"}],"about":[{"href":"https:\/\/cluq-grenoble.org\/WordPress\/wp-json\/wp\/v2\/types\/page"}],"author":[{"embeddable":true,"href":"https:\/\/cluq-grenoble.org\/WordPress\/wp-json\/wp\/v2\/users\/1"}],"replies":[{"embeddable":true,"href":"https:\/\/cluq-grenoble.org\/WordPress\/wp-json\/wp\/v2\/comments?post=2294"}],"version-history":[{"count":6,"href":"https:\/\/cluq-grenoble.org\/WordPress\/wp-json\/wp\/v2\/pages\/2294\/revisions"}],"predecessor-version":[{"id":2515,"href":"https:\/\/cluq-grenoble.org\/WordPress\/wp-json\/wp\/v2\/pages\/2294\/revisions\/2515"}],"up":[{"embeddable":true,"href":"https:\/\/cluq-grenoble.org\/WordPress\/wp-json\/wp\/v2\/pages\/1383"}],"wp:attachment":[{"href":"https:\/\/cluq-grenoble.org\/WordPress\/wp-json\/wp\/v2\/media?parent=2294"}],"curies":[{"name":"wp","href":"https:\/\/api.w.org\/{rel}","templated":true}]}}