{"id":2322,"date":"2015-07-04T12:45:27","date_gmt":"2015-07-04T10:45:27","guid":{"rendered":"http:\/\/cluq-grenoble.org\/WordPress\/?page_id=2322"},"modified":"2016-01-07T00:05:35","modified_gmt":"2016-01-06T22:05:35","slug":"archives-nuisances","status":"publish","type":"page","link":"https:\/\/cluq-grenoble.org\/WordPress\/groupes-de-travail-cluq\/donnees-libres-acces\/archives-nuisances\/","title":{"rendered":"Archives Nuisances"},"content":{"rendered":"<p>Ci-dessous des informations relatives aux nuisances:<\/p>\n<p><span style=\"text-decoration: underline;\"><strong>1- Sonores :<\/strong><\/span><\/p>\n<p>***************** source\u00a0http:\/\/www.antibruit.org\/ ***************************<\/p>\n<table style=\"height: 2776px;\" border=\"0\" width=\"744\" cellspacing=\"0\" cellpadding=\"0\" align=\"left\">\n<tbody>\n<tr>\n<td>\n<table border=\"0\" width=\"95%\" cellspacing=\"0\" cellpadding=\"0\">\n<tbody>\n<tr>\n<td colspan=\"2\" height=\"50\">\n<div align=\"justify\">Notre environnement quotidien est souvent tr\u00e8s bruyant sans que l\u2019on s\u2019en rendre toujours compte. Bien que certains bruits nous soient familiers, il est tr\u00e8s difficile d\u2019\u00e9valuer leur niveau sonore et la fa\u00e7on dont ils interf\u00e8rent dans notre vie.<\/div>\n<\/td>\n<\/tr>\n<tr>\n<td class=\"texte2\" width=\"325\" height=\"30\"><strong><span style=\"color: #cc6600;\">Comment se mesure le bruit ?<\/span><\/strong><\/td>\n<td width=\"648\"><\/td>\n<\/tr>\n<tr class=\"traitbas\">\n<td><img loading=\"lazy\" src=\"http:\/\/www.antibruit.org\/images\/dbgraph.jpg\" alt=\"\" width=\"300\" height=\"141\" \/><\/td>\n<td>\n<div class=\"texte\" align=\"justify\">La pression sonore s&#8217;exprime en pascal. L\u2019oreille humaine per\u00e7oit des sons \u00e0 partir de 20 micro pascals (seuil d\u2019audibilit\u00e9) et jusqu\u2019\u00e0 20 pascals (seuil de la douleur). Cette unit\u00e9 est peu pratique, c\u2019est pourquoi les acousticiens ont d\u00e9fini une nouvelle unit\u00e9 : le d\u00e9cibel (dB), qui permet de comprimer cette gamme entre 0 (seuil d\u2019audibilit\u00e9) et 130 (seuil de la douleur). Le d\u00e9cibel repr\u00e9sente la plus petite variation de l\u2019air d\u2019intensit\u00e9 sonore perceptible par l\u2019oreille humaine.<br \/>\nLe d\u00e9cibel est \u00e9galement utilis\u00e9 pour caract\u00e9riser les performances acoustiques des produits et des ouvrages de b\u00e2timent, comme par exemple l\u2019indice d\u2019affaiblissement acoustique d\u2019un produit ou bien l\u2019isolement acoustique entre logements. Plus la valeur de ces caract\u00e9ristiques, exprim\u00e9e en dB, est grande, meilleure est la performance.<\/div>\n<\/td>\n<\/tr>\n<tr class=\"traitbas\">\n<td colspan=\"2\" align=\"left\" valign=\"top\" height=\"10\">\n<hr \/>\n<\/td>\n<\/tr>\n<tr>\n<td class=\"texte2\" align=\"left\" valign=\"top\"><strong><span style=\"color: #cc6600;\">L&#8217;\u00e9chelle du bruit<\/span><\/strong><\/td>\n<td class=\"texte\" height=\"130\">\n<div align=\"justify\">L\u2019\u00e9chelle du bruit s\u2019\u00e9tend de 0 dB (seuil d\u2019audibilit\u00e9) \u00e0 130 dB (seuil de la douleur). La plupart des sons de la vie courante sont compris entre 30 et 90 d\u00e9cibels. On trouve des niveaux sup\u00e9rieurs \u00e0 90 dB essentiellement dans la vie professionnelle (industrie, arm\u00e9e, artisanat\u2026) et dans certaines activit\u00e9s de loisirs (chasse, musique, sports m\u00e9caniques). Les discoth\u00e8ques et salles de concert ont, quant \u00e0 elles, un niveau sonore maximal autoris\u00e9 de 105 dB. Certaines sources (avions, fus\u00e9es, canons) \u00e9mettent des niveaux sup\u00e9rieurs \u00e0 130 dB et pouvant aller jusqu\u2019\u00e0 200 dB.<\/div>\n<\/td>\n<\/tr>\n<tr>\n<td colspan=\"2\" align=\"right\" height=\"70\"><img loading=\"lazy\" src=\"http:\/\/www.antibruit.org\/images\/echelle1.jpg\" alt=\"\" width=\"710\" height=\"61\" \/><\/td>\n<\/tr>\n<tr>\n<td class=\"texte2\" colspan=\"2\" align=\"left\" valign=\"top\" height=\"10\">\n<hr \/>\n<\/td>\n<\/tr>\n<tr>\n<td class=\"texte2\" align=\"left\" valign=\"top\"><strong><span style=\"color: #cc6600;\">Comment s&#8217;additionnent les bruits ?<\/span><\/strong><\/td>\n<td class=\"texte\">\n<div align=\"justify\">\n<p>Les d\u00e9cibels sont des logarithmes, on ne peut donc pas les additionner ou les soustraire comme des nombres d\u00e9cimaux.<\/p>\n<p>Pour rester simple, sachez que\u2026<br \/>\n&#8211; si le niveau du bruit double, cela correspond \u00e0 l\u2019\u00e9mission de 3 dB de plus.<br \/>\n&#8211; s\u2019il diminue de moiti\u00e9, son niveau aura 3 dB de moins.<br \/>\nAfin de conna\u00eetre le niveau global de bruit \u00e9mis par plusieurs sources en m\u00eame temps, deux r\u00e8gles s\u2019appliquent :<br \/>\n<img loading=\"lazy\" src=\"http:\/\/www.antibruit.org\/images\/flebrun.gif\" alt=\"\" width=\"11\" height=\"11\" \/> <span style=\"color: #cc6600;\">Pour des bruits de niveaux tr\u00e8s sensiblement diff\u00e9rents (=10 dB)<\/span><br \/>\n20 dB + 50 dB = ? (70) dB<br \/>\n<span style=\"color: #000000;\">20 dB + 50 dB = 50 dB<\/span><br \/>\nLe bruit le plus fort masque le plus faible.<br \/>\n<img loading=\"lazy\" src=\"http:\/\/www.antibruit.org\/images\/flebrun.gif\" alt=\"\" width=\"11\" height=\"11\" \/> <span style=\"color: #cc6600;\">Pour des bruits de niveaux \u00e9quivalents (=10 dB)<\/span><br \/>\n50 dB + 50 dB = ? (100) dB<br \/>\n50 dB + 50 dB = 53 dB<br \/>\nPour un \u00e9cart entre le bruit le plus faible et le plus fort = \u00e0 10 dB, ajouter au bruit le plus fort les valeurs suivantes:<\/p>\n<\/div>\n<\/td>\n<\/tr>\n<tr>\n<td colspan=\"2\" align=\"right\" valign=\"top\" height=\"80\">\n<table border=\"1\" width=\"700\" cellspacing=\"1\" cellpadding=\"0\" align=\"right\">\n<tbody>\n<tr>\n<td class=\"textetrespetit\" height=\"40\">\u00a0<span class=\"textepetit\">diff\u00e9rence en dB entre les deux \u00a0niveaux sonores<\/span><\/td>\n<td class=\"textetrespetit\" width=\"30\">\n<div align=\"center\">0<\/div>\n<\/td>\n<td class=\"textetrespetit\" width=\"30\">\n<div align=\"center\">1<\/div>\n<\/td>\n<td class=\"textetrespetit\" width=\"30\">\n<div align=\"center\">2<\/div>\n<\/td>\n<td class=\"textetrespetit\" width=\"30\">\n<div align=\"center\">3<\/div>\n<\/td>\n<td class=\"textetrespetit\" width=\"30\">\n<div align=\"center\">4<\/div>\n<\/td>\n<td class=\"textetrespetit\" width=\"30\">\n<div align=\"center\">5<\/div>\n<\/td>\n<td class=\"textetrespetit\" width=\"30\">\n<div align=\"center\">6<\/div>\n<\/td>\n<td class=\"textetrespetit\" width=\"30\">\n<div align=\"center\">7<\/div>\n<\/td>\n<td class=\"textetrespetit\" width=\"30\">\n<div align=\"center\">8<\/div>\n<\/td>\n<td class=\"textetrespetit\" width=\"30\">\n<div align=\"center\">9<\/div>\n<\/td>\n<\/tr>\n<tr>\n<td class=\"textetrespetit\" height=\"31\">\u00a0<span class=\"textepetit\">valeur en dB \u00e0 ajouter au niveau le \u00a0plus haut<\/span><\/td>\n<td class=\"textetrespetit\">\n<div align=\"center\">3,0<\/div>\n<\/td>\n<td class=\"textetrespetit\">\n<div align=\"center\">2,6<\/div>\n<\/td>\n<td class=\"textetrespetit\">\n<div align=\"center\">2,1<\/div>\n<\/td>\n<td class=\"textetrespetit\">\n<div align=\"center\">1,8<\/div>\n<\/td>\n<td class=\"textetrespetit\">\n<div align=\"center\">1,5<\/div>\n<\/td>\n<td class=\"textetrespetit\">\n<div align=\"center\">1,2<\/div>\n<\/td>\n<td class=\"textetrespetit\">\n<div align=\"center\">1,0<\/div>\n<\/td>\n<td class=\"textetrespetit\">\n<div align=\"center\">0,8<\/div>\n<\/td>\n<td class=\"textetrespetit\">\n<div align=\"center\">0,5<\/div>\n<\/td>\n<td class=\"textetrespetit\">\n<div align=\"center\">0,5<\/div>\n<\/td>\n<\/tr>\n<\/tbody>\n<\/table>\n<div align=\"right\"><\/div>\n<div align=\"center\"><\/div>\n<\/td>\n<\/tr>\n<tr>\n<td class=\"textetrespetit\" colspan=\"2\" align=\"center\" height=\"10\">\n<div align=\"right\">(source : moinsdebruitcom)<\/div>\n<\/td>\n<\/tr>\n<tr>\n<td class=\"texte2\" colspan=\"2\" align=\"center\" height=\"10\">\n<hr \/>\n<\/td>\n<\/tr>\n<tr>\n<td class=\"texte2\" colspan=\"2\" align=\"center\" height=\"30\"><strong>\u00e9chelle du bruit<\/strong><\/td>\n<\/tr>\n<tr>\n<td colspan=\"2\" align=\"center\" height=\"911\"><img loading=\"lazy\" src=\"http:\/\/www.antibruit.org\/images\/echelle2.jpg\" alt=\"\" width=\"557\" height=\"894\" \/><br \/>\n<span class=\"textetrespetit\">(source bruitparif.fr)<\/span><\/td>\n<\/tr>\n<\/tbody>\n<\/table>\n<p>&nbsp;<\/td>\n<\/tr>\n<\/tbody>\n<\/table>\n<p>les arr\u00eat\u00e9s municipaux ou les r\u00e8glements de copropri\u00e9t\u00e9 peuvent pr\u00e9ciser des heures quant \u00e0 l&#8217;utilisation d&#8217;appareils bruyants. Ce sont les articles R 1314-31 et 1337-7 du Code de la sant\u00e9 publique qui entrent en vigueur.<\/p>\n<p>***************** source\u00a0http:\/\/www.antibruit.org\/ ***************************<\/p>\n<p>dispositions grenobloises relatifs aux bruits de voisinage, de bricolage et de travaux :<\/p>\n<p><a href=\"http:\/\/cluq-grenoble.org\/WordPress\/wp-content\/uploads\/2015\/07\/Arrete-municipal-du-28-fevrier-2000-sur-le-bruit.pdf\">Arrete-municipal-du-28-fevrier-2000-sur-le-bruit<\/a>\u00a0(pdf)<\/p>\n<p>&nbsp;<\/p>\n<p><span style=\"text-decoration: underline;\"><strong>2 &#8211; Etablissements et Terrasses :<\/strong><\/span><\/p>\n<p>Dispositions nationales:<\/p>\n<p><a href=\"http:\/\/cluq-grenoble.org\/WordPress\/wp-content\/uploads\/2015\/07\/arrete-police-debits-boissons-isere.pdf\">https:\/\/www.service-public.fr\/professionnels-entreprises\/vosdroits\/F22387<\/a><\/p>\n<p><a href=\"http:\/\/cluq-grenoble.org\/WordPress\/wp-content\/uploads\/2015\/07\/arrete-police-debits-boissons-isere.pdf\">http:\/\/www.prefecturedepolice.interieur.gouv.fr\/Demarches\/Professionnel\/Activites-reglementees-et-police-administrative\/Licence-de-debit-de-boissons-de-restaurant-et-de-vente-a-emporter<\/a><\/p>\n<p>Arr\u00eat\u00e9 pr\u00e9fectoral :<\/p>\n<p><a href=\"http:\/\/cluq-grenoble.org\/WordPress\/wp-content\/uploads\/2015\/07\/arrete-police-debits-boissons-isere.pdf\">arrete-police-debits-boissons-isere<\/a>\u00a0(pdf)<\/p>\n<p>dispositions grenobloises :<\/p>\n<p><a href=\"http:\/\/cluq-grenoble.org\/WordPress\/wp-content\/uploads\/2015\/06\/Charte-pour-la-qualite-de-la-vie-nocturne.pdf\">Charte-pour-la-qualite-de-la-vie-nocturne<\/a>\u00a0(pdf)<\/p>\n<p><a href=\"http:\/\/cluq-grenoble.org\/WordPress\/wp-content\/uploads\/2015\/07\/Referentiels-terrasses-des-cafes-et-restaurants.pdf\">Referentiels-terrasses-des-cafes-et-restaurants<\/a>\u00a0(pdf)<\/p>\n<p>&nbsp;<\/p>\n<p><em>Guy W.<\/em><\/p>\n","protected":false},"excerpt":{"rendered":"<p>Ci-dessous des informations relatives aux nuisances: 1- Sonores : *****************<span class=\"more-link\"><a href=\"https:\/\/cluq-grenoble.org\/WordPress\/groupes-de-travail-cluq\/donnees-libres-acces\/archives-nuisances\/\">Lire la suite<\/a><\/span><\/p>\n","protected":false},"author":1,"featured_media":0,"parent":1438,"menu_order":0,"comment_status":"closed","ping_status":"open","template":"","meta":[],"_links":{"self":[{"href":"https:\/\/cluq-grenoble.org\/WordPress\/wp-json\/wp\/v2\/pages\/2322"}],"collection":[{"href":"https:\/\/cluq-grenoble.org\/WordPress\/wp-json\/wp\/v2\/pages"}],"about":[{"href":"https:\/\/cluq-grenoble.org\/WordPress\/wp-json\/wp\/v2\/types\/page"}],"author":[{"embeddable":true,"href":"https:\/\/cluq-grenoble.org\/WordPress\/wp-json\/wp\/v2\/users\/1"}],"replies":[{"embeddable":true,"href":"https:\/\/cluq-grenoble.org\/WordPress\/wp-json\/wp\/v2\/comments?post=2322"}],"version-history":[{"count":12,"href":"https:\/\/cluq-grenoble.org\/WordPress\/wp-json\/wp\/v2\/pages\/2322\/revisions"}],"predecessor-version":[{"id":2513,"href":"https:\/\/cluq-grenoble.org\/WordPress\/wp-json\/wp\/v2\/pages\/2322\/revisions\/2513"}],"up":[{"embeddable":true,"href":"https:\/\/cluq-grenoble.org\/WordPress\/wp-json\/wp\/v2\/pages\/1438"}],"wp:attachment":[{"href":"https:\/\/cluq-grenoble.org\/WordPress\/wp-json\/wp\/v2\/media?parent=2322"}],"curies":[{"name":"wp","href":"https:\/\/api.w.org\/{rel}","templated":true}]}}