{"id":2627,"date":"2016-04-27T16:10:43","date_gmt":"2016-04-27T14:10:43","guid":{"rendered":"http:\/\/cluq-grenoble.org\/WordPress\/?page_id=2627"},"modified":"2017-07-27T11:08:08","modified_gmt":"2017-07-27T09:08:08","slug":"compte-rendu-et-convocations","status":"publish","type":"page","link":"https:\/\/cluq-grenoble.org\/WordPress\/groupes-de-travail-cluq\/com-mutations-urbaines\/compte-rendu-et-convocations\/","title":{"rendered":"Com. Mutations Urbaines CVC et CR"},"content":{"rendered":"<p><strong>Ann\u00e9es 2014 &#8211; 2015 : requalification de l&#8217;Esplanade<br \/>\n<\/strong><\/p>\n<p><a href=\"http:\/\/cluq-grenoble.org\/WordPress\/wp-content\/uploads\/2016\/04\/2014-07-CVC-r\u00e9union-2-juillet-Mutations-Urbaines.pdf\">Convocation r\u00e9union du 2 juillet 2014<\/a><\/p>\n<p style=\"padding-left: 30px;\"><a href=\"http:\/\/cluq-grenoble.org\/WordPress\/wp-content\/uploads\/2016\/04\/2014-07-Compte-Rendu-com-mutation-du-2-juillet.pdf\" target=\"_blank\">Compte-rendu r\u00e9union du 2 juillet 2014<\/a><\/p>\n<p><a href=\"http:\/\/cluq-grenoble.org\/WordPress\/wp-content\/uploads\/2016\/04\/2014-07-CVC-24JUILLET.pdf\" target=\"_blank\">Convocation r\u00e9union du 24 juillet 2014<\/a><\/p>\n<p><a href=\"http:\/\/cluq-grenoble.org\/WordPress\/wp-content\/uploads\/2016\/04\/2014-09-CVC-com.-Mut.-Urb.-du-11-sept.pdf\" target=\"_blank\">Convocation r\u00e9union du 11 septembre 2014<\/a><\/p>\n<p><a href=\"http:\/\/cluq-grenoble.org\/WordPress\/wp-content\/uploads\/2016\/04\/2014-10-CVC-Com.-Mut-Urb-9oct14.pdf\" target=\"_blank\">Convocation r\u00e9union du 9 octobre 2014<\/a><\/p>\n<p><a href=\"http:\/\/cluq-grenoble.org\/WordPress\/wp-content\/uploads\/2016\/04\/2014-1112-CVC-Com.-Mut-Urb-novdec.pdf\" target=\"_blank\">Convocation r\u00e9union du 22 novembre et 27 novembre 2014<\/a><\/p>\n<p><a href=\"http:\/\/cluq-grenoble.org\/WordPress\/wp-content\/uploads\/2016\/04\/2014-11-CVC-Com.-Mut-Urb-4NOV.pdf\" target=\"_blank\">Convocation r\u00e9union du 4 d\u00e9cembre 2014<\/a><\/p>\n<p><a href=\"http:\/\/cluq-grenoble.org\/WordPress\/wp-content\/uploads\/2016\/04\/2015-03-CVC-COM-MUT-URBAINE-12mars.pdf\" target=\"_blank\">Convocation r\u00e9union du 12 mars 2015<\/a><\/p>\n<p><a href=\"http:\/\/cluq-grenoble.org\/WordPress\/wp-content\/uploads\/2016\/04\/CR-AG-juin-15.pdf\" target=\"_blank\">Compte rendu d&#8217;activit\u00e9 \u00e0 l&#8217;Assembl\u00e9e G\u00e9n\u00e9rale du 23 juin 2015<\/a><\/p>\n<p><a href=\"http:\/\/cluq-grenoble.org\/WordPress\/wp-content\/uploads\/2016\/04\/2015-10-CVC-Com-Mut.-Urbaine-12OCT.pdf\" target=\"_blank\">Convocation r\u00e9union du 12 octobre 2015<\/a><\/p>\n<p><strong>\u00a0Ann\u00e9e 2016<\/strong><\/p>\n<p><a href=\"http:\/\/cluq-grenoble.org\/WordPress\/wp-content\/uploads\/2016\/04\/2016-03-CVC-COM-Mut-Urbaines-12-mars-2016.pdf\">Convocation r\u00e9union du 12 avril 2016<\/a><\/p>\n<p style=\"padding-left: 30px;\"><a href=\"http:\/\/cluq-grenoble.org\/WordPress\/wp-content\/uploads\/2016\/04\/2016-04-CR-Com-Mut.-Urbaines-12avril.pdf\" target=\"_blank\">Compte rendu r\u00e9union du 12 avril 2016<\/a><\/p>\n<p style=\"padding-left: 30px;\">Annexe 1 &#8211; <a href=\"http:\/\/cluq-grenoble.org\/WordPress\/wp-content\/uploads\/2016\/04\/r\u00e9union-pup_Bastille_8-mars-2016-M.B-JP.Charre.pdf\" target=\"_blank\">R\u00e9union Bastille<\/a><\/p>\n<p style=\"padding-left: 30px;\">Annexe 2 &#8211; <a href=\"http:\/\/cluq-grenoble.org\/WordPress\/wp-content\/uploads\/2016\/04\/Sch\u00e9maDirecteurFinal.pdf\" target=\"_blank\">Sch\u00e9ma m\u00e9tropolitain de d\u00e9veloppement touristique 2016-2020<\/a>.<\/p>\n<p style=\"padding-left: 30px;\">Annexe 3 &#8211; <a href=\"http:\/\/cluq-grenoble.org\/WordPress\/wp-content\/uploads\/2016\/04\/Plan-Municipal-de-Sant\u00e9.pdf\" target=\"_blank\">Plan sant\u00e9 municipal\u00a0\u00a0 <\/a><\/p>\n<p style=\"padding-left: 30px;\">Annexe 4 &#8211; <a href=\"http:\/\/cluq-grenoble.org\/WordPress\/wp-content\/uploads\/2016\/04\/la-sante-en-projet.pdf\" target=\"_blank\">La sant\u00e9 en projet<\/a><\/p>\n<p style=\"padding-left: 30px;\">Annexe 5 &#8211; \u00a0<a href=\"http:\/\/cluq-grenoble.org\/WordPress\/wp-content\/uploads\/2016\/04\/Flyer-ville-amie-des-aines-definitif1.pdf\" target=\"_blank\">le flyer pr\u00e9sentant les contours de la d\u00e9marche VADA<\/a><\/p>\n<p>Convocation <a href=\"http:\/\/cluq-grenoble.org\/WordPress\/wp-content\/uploads\/2016\/04\/2016-05-CVC-COM-Mut-Urbaines-17-MAI-2016.pdf\" target=\"_blank\">r\u00e9union du 17 mai 2016<\/a><\/p>\n<p>Compte rendu de la <a href=\"http:\/\/cluq-grenoble.org\/WordPress\/wp-content\/uploads\/2016\/04\/Compte-rendu-AG-23.6.16-Com-Mutations-urbaines-Bon.pdf\" target=\"_blank\">commission pour l&#8217;Assembl\u00e9e G\u00e9n\u00e9rale de 19 juin 2016<\/a><\/p>\n<p>Annexe \u00e0 la demande de subvention 2017 &#8211;<a href=\"http:\/\/cluq-grenoble.org\/WordPress\/wp-content\/uploads\/2016\/04\/Annexe-dmde-suvbtion-Com-Mut-urbaines-oct-16.pdf\" target=\"_blank\"> 31 octobre2016<\/a><\/p>\n<p><strong>\u00a0Ann\u00e9e 2017<\/strong><\/p>\n<p>Compte rendu de la <a href=\"http:\/\/cluq-grenoble.org\/WordPress\/wp-content\/uploads\/2016\/04\/CR-AG-CLUQ-2017-v2-.pdf\" target=\"_blank\">commission pour l&#8217;Assembl\u00e9e G\u00e9n\u00e9rale du 29 juin 2017<\/a><\/p>\n<p><a href=\"http:\/\/cluq-grenoble.org\/WordPress\/wp-content\/uploads\/2016\/04\/Annexe-1-CR-AGDensification-et-Centralit\u00e9s-Hd-C.pdf\" target=\"_blank\">Annexe 1 : Densification et Centralit\u00e9<\/a><\/p>\n<p><a href=\"http:\/\/cluq-grenoble.org\/WordPress\/wp-content\/uploads\/2016\/04\/annexe-2-ZAC-Flaubert-JLB.pdf\" target=\"_blank\">Annexe 2 : ZAC Flaubert<\/a><\/p>\n<p>Compte rendu du Groupe de Travail P\u00e9rim\u00e8tre &#8211; <a href=\"http:\/\/cluq-grenoble.org\/WordPress\/wp-content\/uploads\/2016\/04\/CLUQLAHGGLO-compte-rendu-B-V2.pdf\" target=\"_blank\">r\u00e9union du 10 mai 2017<\/a><\/p>\n<p><a href=\"http:\/\/cluq-grenoble.org\/WordPress\/?p=2625\">Retour \u00e0 la page Commission Urbanisme<\/a><\/p>\n","protected":false},"excerpt":{"rendered":"<p>Ann\u00e9es 2014 &#8211; 2015 : requalification de l&#8217;Esplanade Convocation r\u00e9union<span class=\"more-link\"><a href=\"https:\/\/cluq-grenoble.org\/WordPress\/groupes-de-travail-cluq\/com-mutations-urbaines\/compte-rendu-et-convocations\/\">Lire la suite<\/a><\/span><\/p>\n","protected":false},"author":1,"featured_media":0,"parent":2625,"menu_order":0,"comment_status":"closed","ping_status":"open","template":"","meta":[],"_links":{"self":[{"href":"https:\/\/cluq-grenoble.org\/WordPress\/wp-json\/wp\/v2\/pages\/2627"}],"collection":[{"href":"https:\/\/cluq-grenoble.org\/WordPress\/wp-json\/wp\/v2\/pages"}],"about":[{"href":"https:\/\/cluq-grenoble.org\/WordPress\/wp-json\/wp\/v2\/types\/page"}],"author":[{"embeddable":true,"href":"https:\/\/cluq-grenoble.org\/WordPress\/wp-json\/wp\/v2\/users\/1"}],"replies":[{"embeddable":true,"href":"https:\/\/cluq-grenoble.org\/WordPress\/wp-json\/wp\/v2\/comments?post=2627"}],"version-history":[{"count":16,"href":"https:\/\/cluq-grenoble.org\/WordPress\/wp-json\/wp\/v2\/pages\/2627\/revisions"}],"predecessor-version":[{"id":3527,"href":"https:\/\/cluq-grenoble.org\/WordPress\/wp-json\/wp\/v2\/pages\/2627\/revisions\/3527"}],"up":[{"embeddable":true,"href":"https:\/\/cluq-grenoble.org\/WordPress\/wp-json\/wp\/v2\/pages\/2625"}],"wp:attachment":[{"href":"https:\/\/cluq-grenoble.org\/WordPress\/wp-json\/wp\/v2\/media?parent=2627"}],"curies":[{"name":"wp","href":"https:\/\/api.w.org\/{rel}","templated":true}]}}