{"id":265,"date":"2010-07-27T11:20:55","date_gmt":"2010-07-27T09:20:55","guid":{"rendered":"http:\/\/cluq-grenoble.org\/WordPress\/?page_id=265"},"modified":"2011-07-13T15:57:27","modified_gmt":"2011-07-13T13:57:27","slug":"interrogation-des-elus-fin-2007","status":"publish","type":"page","link":"https:\/\/cluq-grenoble.org\/WordPress\/groupes-de-travail-cluq\/donnees-libres-acces\/gt-grenoble-demain\/interrogation-des-elus-fin-2007\/","title":{"rendered":"Interrog. \u00e9lus : fin 07- d\u00e9but 08"},"content":{"rendered":"<h4>Interrogation des \u00e9lus : fin 2007\u00a0 d\u00e9but 2008\u00a0(dossiers \u00e0 t\u00e9l\u00e9charger en format PDF)<\/h4>\n<ol>\n<li><a href=\"http:\/\/cluq-grenoble.org\/WordPress\/wp-content\/uploads\/2010\/07\/20071219-cr-GT-centre-ville.pdf\">Compte-rendu Groupe de Travail centre ville 20071219 <\/a><\/li>\n<li><a href=\"http:\/\/cluq-grenoble.org\/WordPress\/wp-content\/uploads\/2010\/07\/Ltre-Vallini-20.12.07.pdf\">Lettre \u00e0 M. Vallini 20.12.07<\/a><\/li>\n<li><a href=\"http:\/\/cluq-grenoble.org\/WordPress\/wp-content\/uploads\/2010\/07\/Ltre-Maire-20.12.07.pdf\">Lettre \u00e0 M. le Maire 20.12.07<\/a><\/li>\n<li><a href=\"http:\/\/cluq-grenoble.org\/WordPress\/wp-content\/uploads\/2010\/07\/reponse-du-maire-25.01.08.pdf\">reponse du maire &#8211; 25.01.08<\/a><\/li>\n<li><a href=\"http:\/\/cluq-grenoble.org\/WordPress\/wp-content\/uploads\/2010\/07\/20080123-cr-GT-centre-ville.pdf\">Compte-rendu du Groupe de Travail Centre Ville 20080123<\/a><\/li>\n<li><a href=\"http:\/\/cluq-grenoble.org\/WordPress\/wp-content\/uploads\/2010\/07\/20080326-cr-GT-centre-ville.pdf\">Compte-rendu du Groupe de Travail Centre Ville 20080326<\/a><\/li>\n<\/ol>\n","protected":false},"excerpt":{"rendered":"<p>Interrogation des \u00e9lus : fin 2007\u00a0 d\u00e9but 2008\u00a0(dossiers \u00e0 t\u00e9l\u00e9charger<span class=\"more-link\"><a href=\"https:\/\/cluq-grenoble.org\/WordPress\/groupes-de-travail-cluq\/donnees-libres-acces\/gt-grenoble-demain\/interrogation-des-elus-fin-2007\/\">Lire la suite<\/a><\/span><\/p>\n","protected":false},"author":1,"featured_media":0,"parent":30,"menu_order":4,"comment_status":"closed","ping_status":"open","template":"","meta":[],"_links":{"self":[{"href":"https:\/\/cluq-grenoble.org\/WordPress\/wp-json\/wp\/v2\/pages\/265"}],"collection":[{"href":"https:\/\/cluq-grenoble.org\/WordPress\/wp-json\/wp\/v2\/pages"}],"about":[{"href":"https:\/\/cluq-grenoble.org\/WordPress\/wp-json\/wp\/v2\/types\/page"}],"author":[{"embeddable":true,"href":"https:\/\/cluq-grenoble.org\/WordPress\/wp-json\/wp\/v2\/users\/1"}],"replies":[{"embeddable":true,"href":"https:\/\/cluq-grenoble.org\/WordPress\/wp-json\/wp\/v2\/comments?post=265"}],"version-history":[{"count":14,"href":"https:\/\/cluq-grenoble.org\/WordPress\/wp-json\/wp\/v2\/pages\/265\/revisions"}],"predecessor-version":[{"id":698,"href":"https:\/\/cluq-grenoble.org\/WordPress\/wp-json\/wp\/v2\/pages\/265\/revisions\/698"}],"up":[{"embeddable":true,"href":"https:\/\/cluq-grenoble.org\/WordPress\/wp-json\/wp\/v2\/pages\/30"}],"wp:attachment":[{"href":"https:\/\/cluq-grenoble.org\/WordPress\/wp-json\/wp\/v2\/media?parent=265"}],"curies":[{"name":"wp","href":"https:\/\/api.w.org\/{rel}","templated":true}]}}