{"id":288,"date":"2010-07-29T10:57:04","date_gmt":"2010-07-29T08:57:04","guid":{"rendered":"http:\/\/cluq-grenoble.org\/WordPress\/?page_id=288"},"modified":"2010-07-29T10:57:04","modified_gmt":"2010-07-29T08:57:04","slug":"photos-quais-ete-2008","status":"publish","type":"page","link":"https:\/\/cluq-grenoble.org\/WordPress\/groupes-de-travail-cluq\/donnees-libres-acces\/gt-grenoble-demain\/photos-quais-ete-2008\/","title":{"rendered":"Photos quais : \u00e9t\u00e9 2008"},"content":{"rendered":"<h4>Photos quais : \u00e9t\u00e9 2008 &#8211; (documents au format PDF)<\/h4>\n<ul>\n<li><a href=\"http:\/\/cluq-grenoble.org\/WordPress\/wp-content\/uploads\/2010\/07\/commentaires-bernard-malraison.pdf\">commentaires bernard malraison<\/a><\/li>\n<li><a href=\"http:\/\/cluq-grenoble.org\/WordPress\/wp-content\/uploads\/2010\/07\/commentaires-fnassem.pdf\">commentaires fnassem<\/a><\/li>\n<li><a href=\"http:\/\/cluq-grenoble.org\/WordPress\/wp-content\/uploads\/2010\/07\/commentaires-mitzner.pdf\">commentaires mitzner<\/a><\/li>\n<li><a href=\"http:\/\/cluq-grenoble.org\/WordPress\/wp-content\/uploads\/2010\/07\/commentaires-territoire-et-patrimoine.pdf\">commentaires territoire et patrimoine<\/a><\/li>\n<li><a href=\"http:\/\/cluq-grenoble.org\/WordPress\/wp-content\/uploads\/2010\/07\/Commentaires-UQ-St-Lau.pdf\">Commentaires UQ St Laurent rive droite<\/a><\/li>\n<li><a href=\"http:\/\/cluq-grenoble.org\/WordPress\/wp-content\/uploads\/2010\/07\/20080618-cr-GT-centre-ville.pdf\">Compte-rendu Groupe de Travail Centre Ville 20080618 <\/a><\/li>\n<li><a href=\"http:\/\/cluq-grenoble.org\/WordPress\/wp-content\/uploads\/2010\/07\/20080701-cr-GT-centre-ville.pdf\">Compte-rendu du Groupe de Travail Centre Ville 20080701 <\/a><\/li>\n<li><a href=\"http:\/\/cluq-grenoble.org\/WordPress\/wp-content\/uploads\/2010\/07\/fiche-conseils-photographes-volontaires1.pdf\">fiche conseils photographes volontaires1<\/a><\/li>\n<\/ul>\n","protected":false},"excerpt":{"rendered":"<p>Photos quais : \u00e9t\u00e9 2008 &#8211; (documents au format PDF)<span class=\"more-link\"><a href=\"https:\/\/cluq-grenoble.org\/WordPress\/groupes-de-travail-cluq\/donnees-libres-acces\/gt-grenoble-demain\/photos-quais-ete-2008\/\">Lire la suite<\/a><\/span><\/p>\n","protected":false},"author":1,"featured_media":0,"parent":30,"menu_order":5,"comment_status":"closed","ping_status":"open","template":"","meta":[],"_links":{"self":[{"href":"https:\/\/cluq-grenoble.org\/WordPress\/wp-json\/wp\/v2\/pages\/288"}],"collection":[{"href":"https:\/\/cluq-grenoble.org\/WordPress\/wp-json\/wp\/v2\/pages"}],"about":[{"href":"https:\/\/cluq-grenoble.org\/WordPress\/wp-json\/wp\/v2\/types\/page"}],"author":[{"embeddable":true,"href":"https:\/\/cluq-grenoble.org\/WordPress\/wp-json\/wp\/v2\/users\/1"}],"replies":[{"embeddable":true,"href":"https:\/\/cluq-grenoble.org\/WordPress\/wp-json\/wp\/v2\/comments?post=288"}],"version-history":[{"count":1,"href":"https:\/\/cluq-grenoble.org\/WordPress\/wp-json\/wp\/v2\/pages\/288\/revisions"}],"predecessor-version":[{"id":302,"href":"https:\/\/cluq-grenoble.org\/WordPress\/wp-json\/wp\/v2\/pages\/288\/revisions\/302"}],"up":[{"embeddable":true,"href":"https:\/\/cluq-grenoble.org\/WordPress\/wp-json\/wp\/v2\/pages\/30"}],"wp:attachment":[{"href":"https:\/\/cluq-grenoble.org\/WordPress\/wp-json\/wp\/v2\/media?parent=288"}],"curies":[{"name":"wp","href":"https:\/\/api.w.org\/{rel}","templated":true}]}}