{"id":2894,"date":"2017-03-20T03:05:21","date_gmt":"2017-03-20T01:05:21","guid":{"rendered":"http:\/\/cluq-grenoble.org\/WordPress\/?page_id=2894"},"modified":"2017-12-03T20:53:51","modified_gmt":"2017-12-03T18:53:51","slug":"irreverence-expo-dart-contemporain","status":"publish","type":"page","link":"https:\/\/cluq-grenoble.org\/WordPress\/groupes-de-travail-cluq\/com-animation\/irreverence-expo-dart-contemporain\/","title":{"rendered":"Irr\u00e9v\u00e9rence : Expo d&#8217;Art Contemporain"},"content":{"rendered":"<p><a href=\"http:\/\/cluq-grenoble.org\/WordPress\/wp-content\/uploads\/2017\/03\/affiche-A3-final-with-logo-M\u00e9tro.jpg\"><img loading=\"lazy\" class=\"alignleft size-large wp-image-3668\" src=\"http:\/\/cluq-grenoble.org\/WordPress\/wp-content\/uploads\/2017\/03\/affiche-A3-final-with-logo-M\u00e9tro-724x1024.jpg\" alt=\"affiche A3 - final with logo M\u00e9tro\" width=\"584\" height=\"825\" srcset=\"https:\/\/cluq-grenoble.org\/WordPress\/wp-content\/uploads\/2017\/03\/affiche-A3-final-with-logo-M\u00e9tro-724x1024.jpg 724w, https:\/\/cluq-grenoble.org\/WordPress\/wp-content\/uploads\/2017\/03\/affiche-A3-final-with-logo-M\u00e9tro-212x300.jpg 212w, https:\/\/cluq-grenoble.org\/WordPress\/wp-content\/uploads\/2017\/03\/affiche-A3-final-with-logo-M\u00e9tro.jpg 763w\" sizes=\"(max-width: 584px) 100vw, 584px\" \/><\/a><\/p>\n<p><a href=\"http:\/\/cluq-grenoble.org\/WordPress\/?p=3017\"><img loading=\"lazy\" class=\"size-full wp-image-3032 alignleft\" src=\"http:\/\/cluq-grenoble.org\/WordPress\/wp-content\/uploads\/2017\/03\/Bouton-Postuler1.jpg\" alt=\"Bouton Postuler\" width=\"235\" height=\"107\" \/><\/a><\/p>\n<p style=\"text-align: center;\"><a href=\"http:\/\/cluq-grenoble.org\/WordPress\/?p=3034\"><img loading=\"lazy\" class=\"size-full wp-image-3033\" src=\"http:\/\/cluq-grenoble.org\/WordPress\/wp-content\/uploads\/2017\/03\/Bouton-Actualit\u00e9s.jpg\" alt=\"Bouton Actualit\u00e9s\" width=\"237\" height=\"109\" \/><\/a><\/p>\n<p style=\"text-align: center;\"><strong>Un rendez-vous des Unions de Quartier de la M\u00e9tropole<\/strong><\/p>\n<p style=\"text-align: left;\">Afin de promouvoir la cr\u00e9ation artistique dans notre M\u00e9tropole, la commission Animation et Culture r\u00e9unissant le CLUQ (Comit\u00e9 de Liaison des Unions de Quartier) et LAHGGLO (Les Associations d\u2019Habitants du Grand Grenoble), organise une grande exposition \u00e0 l\u2019ancien Mus\u00e9e de peinture-Biblioth\u00e8que de Grenoble, place de Verdun, avec le soutien de la Municipalit\u00e9 d&#8217;une part et d&#8217;autre part du Fonds de Participation M\u00e9tropolitain.<\/p>\n<p>Cette exposition se d\u00e9roulera du <strong>6 au 17 d\u00e9cembre 2017<\/strong>,<br \/>\nautour du th\u00e8me <strong>\u00ab\u00a0Irr\u00e9v\u00e9rence\u00a0\u00bb<\/strong><\/p>\n<ul>\n<li>Les Unions de Quartiers invitent cinq artistes connus et reconnus de notre M\u00e9tropole, qui exposeront dans la salle Matisse\u00a0: <strong><a title=\"Johann Rivat\" href=\"http:\/\/cluq-grenoble.org\/WordPress\/?p=2910\">Johann Rivat<\/a>, <a href=\"http:\/\/cluq-grenoble.org\/WordPress\/?p=2912\">Petite Poissone<\/a>, <a href=\"http:\/\/cluq-grenoble.org\/WordPress\/?p=2914\">Vincent Gontier<\/a>, <a href=\"http:\/\/cluq-grenoble.org\/WordPress\/?p=2916\">Samuel\u00a0<\/a><\/strong><a href=\"http:\/\/cluq-grenoble.org\/WordPress\/?p=2916\"><strong><strong>Rousseau <\/strong><\/strong><\/a>et<strong><strong> <a href=\"http:\/\/cluq-grenoble.org\/WordPress\/?p=2918\">Hamid Debarrah<\/a>.<\/strong><\/strong><\/li>\n<\/ul>\n<p style=\"padding-left: 30px;\"><div id=\"metaslider-id-3008\" style=\"width: 100%;\" class=\"ml-slider-3-20-3 metaslider metaslider-responsive metaslider-3008 ml-slider\">\n    <div id=\"metaslider_container_3008\">\n        <ul id='metaslider_3008' class='rslides'>\n            <li><a href=\"http:\/\/cluq-grenoble.org\/WordPress\/wp-content\/uploads\/2017\/03\/hamid-debarrah-2.jpg\" target=\"_self\"><img src=\"https:\/\/cluq-grenoble.org\/WordPress\/wp-content\/uploads\/2017\/03\/hamid-debarrah-2-435x186.jpg\" height=\"300\" width=\"700\" alt=\"\" class=\"slider-3008 slide-2900\" \/><div class=\"caption-wrap\"><div class=\"caption\">Hamid Debarrah<\/div><\/div><\/a><\/li>\n            <li style='display: none;'><a href=\"http:\/\/cluq-grenoble.org\/WordPress\/wp-content\/uploads\/2017\/03\/autodaf\u00e9-petit-02.05.jpg\" target=\"_self\"><img src=\"https:\/\/cluq-grenoble.org\/WordPress\/wp-content\/uploads\/2017\/03\/autodaf\u00e9-petit-02.05-640x274.jpg\" height=\"300\" width=\"700\" alt=\"\" class=\"slider-3008 slide-2899\" \/><div class=\"caption-wrap\"><div class=\"caption\">Samuel Rousseau - autodaf\u00e9 (petit) 02.05<\/div><\/div><\/a><\/li>\n            <li style='display: none;'><a href=\"http:\/\/cluq-grenoble.org\/WordPress\/?p=2910\" target=\"_self\"><img src=\"https:\/\/cluq-grenoble.org\/WordPress\/wp-content\/uploads\/2017\/03\/IMG_6068-700x300.jpg\" height=\"300\" width=\"700\" alt=\"\" class=\"slider-3008 slide-3011\" \/><div class=\"caption-wrap\"><div class=\"caption\">Johann Rivat<\/div><\/div><\/a><\/li>\n            <li style='display: none;'><a href=\"http:\/\/cluq-grenoble.org\/WordPress\/?p=2912\" target=\"_self\"><img src=\"https:\/\/cluq-grenoble.org\/WordPress\/wp-content\/uploads\/2017\/03\/IMG_7353-700x300.jpg\" height=\"300\" width=\"700\" alt=\"\" class=\"slider-3008 slide-3013\" \/><div class=\"caption-wrap\"><div class=\"caption\">Petite Poissone<\/div><\/div><\/a><\/li>\n            <li style='display: none;'><a href=\"http:\/\/cluq-grenoble.org\/WordPress\/wp-content\/uploads\/2017\/03\/N.Z.-2011.jpg\" target=\"_self\"><img src=\"https:\/\/cluq-grenoble.org\/WordPress\/wp-content\/uploads\/2017\/03\/N.Z.-2011-700x300.jpg\" height=\"300\" width=\"700\" alt=\"\" class=\"slider-3008 slide-2898\" \/><div class=\"caption-wrap\"><div class=\"caption\">Vincent Gontier - N.Z. 2011<\/div><\/div><\/a><\/li>\n        <\/ul>\n        \n    <\/div>\n<\/div><\/p>\n<p style=\"padding-left: 30px;\">Ces artistes ont g\u00e9n\u00e9reusement accept\u00e9 de \u00ab\u00a0parrainer\u00a0\u00bb l\u2019exposition et de cr\u00e9er une ou plusieurs \u0153uvres originales, faisant ainsi office de \u00ab\u00a0phare\u00a0\u00bb artistique. Au nom de la Ville et de l\u2019art, nous les en remercions.<\/p>\n<ul>\n<li><span style=\"color: #800080;\"><strong>Dans la grande salle de la Biblioth\u00e8que, tous les artistes de nos quartiers, amateurs et professionnels, auront la possibilit\u00e9, ensemble, de pr\u00e9senter leurs \u0153uvres, apr\u00e8s une s\u00e9lection pr\u00e9alable.<\/strong><\/span><\/li>\n<\/ul>\n<p>Dans un premier temps, avec comme date butoir le 31 d\u2019ao\u00fbt, un appel \u00e0 participation est lanc\u00e9 sur internet, ouvert \u00e0 tous les plasticiens et photographes qui le souhaitent\u00a0: il s\u2019agit d\u2019envoyer quelques lignes pour se pr\u00e9senter et une \u00e0 trois photos, faisant r\u00e9f\u00e9rence au th\u00e8me Irr\u00e9v\u00e9rence. Pour des raisons de s\u00e9curit\u00e9 et de place, les photographies et peintures devront avoir un format minimum de 30x40cm et un format maximum de 1mx1m; les petites sculptures risquant d\u2019\u00eatre d\u00e9rob\u00e9es, devront \u00eatre scell\u00e9es sur un pi\u00e9destal.<\/p>\n<p>Dans un deuxi\u00e8me temps, un comit\u00e9 de pilotage, compos\u00e9 de diverses personnalit\u00e9s du monde de l\u2019art et des Unions de Quartier, aura pour t\u00e2che de s\u00e9lectionner les artistes et les \u0153uvres qui seront retenus. Les membres faisant partie de ce comit\u00e9 sont les suivants\u00a0: Laurence Huault-Nesme (directrice du Mus\u00e9e H\u00e9bert), Olivier Tomasini (responsable du Mus\u00e9e Stendhal), Jean Serroy (professeur, \u00e9crivain et journaliste), Sylvie Berthemy , (collectionneuse), Jean-Jacques Mazet (Udhec)), Marie-Christine Simiand (vice pr\u00e9sidente de LAHGGLO), et Gis\u00e8le Lipovetsky (vice pr\u00e9sidente du CLUQ)<\/p>\n<p>Le th\u00e8me \u00ab\u00a0Irr\u00e9v\u00e9rence\u00a0\u00bb a \u00e9t\u00e9 choisi par ce comit\u00e9, se proposant de prendre de la distance, par rapport aux r\u00e8gles classiques \u00e9tablies.<\/p>\n<p>Le but de cet \u00e9v\u00e9nement est de permettre aux artistes de nos quartiers de se faire connaitre, en valorisant leurs cr\u00e9ations.<\/p>\n<p>Ce faisant, une synergie \u00a0s\u2019effectue entre artistes amateurs et professionnels (c\u2019est l\u00e0 la premi\u00e8re \u00ab\u00a0irr\u00e9v\u00e9rence\u00a0\u00bb), entre habitants et artistes, entre quartiers diff\u00e9rents, contribuant \u00e0 promouvoir l\u2019image et le rayonnement artistique de notre M\u00e9tropole.<\/p>\n<p>Plusieurs prix seront d\u00e9cern\u00e9s \u00e0 la suite de l\u2019exposition, notamment\u00a0 par le public et le jury\u00a0: \u00ab\u00a0palmes de l\u2019\u00e9mergence\u00a0\u00bb.<\/p>\n<p style=\"text-align: center;\"><strong>IRREVERENCE<\/strong><\/p>\n<p><strong>\u00a0<\/strong>L\u2019art contemporain s\u2019affirme dans la d\u00e9construction des r\u00e8gles, des formes, des styles et des crit\u00e8res m\u00eames de l\u2019art. Quelles que soient ses expressions, il est en cela irr\u00e9v\u00e9rencieux.<\/p>\n<p>Irr\u00e9v\u00e9rence\u00a0: cela implique\u00a0 irrespect, provocation, transgression, ironie, toutes les formes d\u2019esprit de distance et de libert\u00e9. Certes, l\u2019art moderne,\u00a0 depuis la fin du 19<sup>\u00e8me<\/sup> si\u00e8cle, s\u2019est construit autour de l\u2019irr\u00e9v\u00e9rence envers la tradition et les \u0153uvres du pass\u00e9 s\u00e9culaire. Mais un palier suppl\u00e9mentaire est maintenant franchi\u00a0: c\u2019est en effet \u00a0vis-\u00e0-vis des avant-gardes elles-m\u00eames que nous attendons de l\u2019irr\u00e9v\u00e9rence. Tout d\u00e9sormais appelle \u00e0 l\u2019irr\u00e9v\u00e9rence, plus rien n\u2019y \u00e9chappe avec pour r\u00e9sultat des formes h\u00e9t\u00e9roclites, des styles extr\u00eamement disparates\u00a0: retour \u00e0 la tradition, kitsch, installations, performances, n\u00e9o-abstraction, \u0153uvres conceptuelles.\u00a0 A pr\u00e9sent, ce qui fait la valeur des \u0153uvres ce n\u2019est plus une \u00e9cole nouvelle, ce n\u2019est plus l\u2019ambition de repr\u00e9senter\u00a0 l\u2019ultime phase de l\u2019histoire de l\u2019art. C\u2019est l\u2019irr\u00e9v\u00e9rence.<\/p>\n<p>Dans cette \u00e9poque o\u00f9 l\u2019id\u00e9e de direction\u00a0\u00ab\u00a0historiquement correcte\u00a0\u00bb de l\u2019art ne veut plus rien dire, o\u00f9 l\u2019on ne recherche plus, \u00e0 l\u2019instar des grandes avant-gardes historiques, \u00a0l\u2019essence de l\u2019art, c\u2019est l\u2019irr\u00e9v\u00e9rence sous toutes ses formes qui fait sens, continue de nous parler, de nous stimuler et parfois, de nous faire r\u00eaver.<\/p>\n<p>Irr\u00e9v\u00e9rence, le terme ne va pas sans \u00a0une connotation d\u2019esprit et de culture, un parfum d\u2019\u00e9l\u00e9gance, un brin de l\u00e9g\u00e8ret\u00e9 ironique \u00e0 l\u2019\u00e9gard des formes institu\u00e9es. Mais s\u2019il y a de l\u2019irrespect dans l\u2019irr\u00e9v\u00e9rence, c\u2019est un irrespect contr\u00f4l\u00e9, ma\u00eetris\u00e9, artiste, non l\u2019irrespect\u00a0 vulgaire, barbare, m\u00e9prisant du \u00ab\u00a0n\u2019importe quoi\u00a0\u00bb. Point donc d\u2019appel \u00e0 la table rase, \u00e0 la n\u00e9gation radicale de l\u2019h\u00e9ritage culturel\u00a0: dans l\u2019irr\u00e9v\u00e9rence un lien de sens subsiste avec le pass\u00e9 : simplement \u00a0il faut en jouer librement, absolument, prendre de la distance avec celui-ci en vue de l\u2019invention d\u2019un avenir ouvert.<\/p>\n<p>Dans une \u00e9poque devenue pluraliste, relativiste, il n\u2019y a pas \u00e0 donner une signification stricte au terme d\u2019irr\u00e9v\u00e9rence. Pas de manifeste, pas de r\u00e8gles contraignantes\u00a0: carte blanche aux artistes d\u00e8s lors qu\u2019ils marquent un \u00e9cart, un pas de c\u00f4t\u00e9 cr\u00e9atifs et irr\u00e9v\u00e9rencieux. Ne croyant plus \u00e0 une philosophie de l\u2019art qui irait dans un sens d\u00e9termin\u00e9, il nous reste l\u2019irr\u00e9v\u00e9rence \u00a0comme moteur, phare, id\u00e9al de la cr\u00e9ation.<\/p>\n<p>Nous appelons de nos v\u0153ux, non plus le stade avant-gardiste de l\u2019art mais son stade irr\u00e9v\u00e9rencieux<\/p>\n<p><span style=\"color: #0000ff;\"><em>Afin que votre appel \u00e0 participation soit pris en compte, indiquer\u00a0: nom, pr\u00e9nom, pseudo, adresse, mail. Fournir un \u00e0 trois supports visuels ainsi qu\u2019un petit texte de pr\u00e9sentation. (Pour toute information compl\u00e9mentaire, s\u2019adresser \u00e0 <span style=\"color: #008000;\"><strong>Gis\u00e8le Lipovetsky<\/strong><\/span>, coresponsable de la commission Animation et Culture: <\/em><\/span><span style=\"color: #3366ff;\"><strong>gise_li@yahoo.fr<\/strong>)<\/span><\/p>\n","protected":false},"excerpt":{"rendered":"<p>Un rendez-vous des Unions de Quartier de la M\u00e9tropole Afin<span class=\"more-link\"><a href=\"https:\/\/cluq-grenoble.org\/WordPress\/groupes-de-travail-cluq\/com-animation\/irreverence-expo-dart-contemporain\/\">Lire la suite<\/a><\/span><\/p>\n","protected":false},"author":1,"featured_media":0,"parent":1377,"menu_order":0,"comment_status":"closed","ping_status":"open","template":"","meta":[],"_links":{"self":[{"href":"https:\/\/cluq-grenoble.org\/WordPress\/wp-json\/wp\/v2\/pages\/2894"}],"collection":[{"href":"https:\/\/cluq-grenoble.org\/WordPress\/wp-json\/wp\/v2\/pages"}],"about":[{"href":"https:\/\/cluq-grenoble.org\/WordPress\/wp-json\/wp\/v2\/types\/page"}],"author":[{"embeddable":true,"href":"https:\/\/cluq-grenoble.org\/WordPress\/wp-json\/wp\/v2\/users\/1"}],"replies":[{"embeddable":true,"href":"https:\/\/cluq-grenoble.org\/WordPress\/wp-json\/wp\/v2\/comments?post=2894"}],"version-history":[{"count":22,"href":"https:\/\/cluq-grenoble.org\/WordPress\/wp-json\/wp\/v2\/pages\/2894\/revisions"}],"predecessor-version":[{"id":3670,"href":"https:\/\/cluq-grenoble.org\/WordPress\/wp-json\/wp\/v2\/pages\/2894\/revisions\/3670"}],"up":[{"embeddable":true,"href":"https:\/\/cluq-grenoble.org\/WordPress\/wp-json\/wp\/v2\/pages\/1377"}],"wp:attachment":[{"href":"https:\/\/cluq-grenoble.org\/WordPress\/wp-json\/wp\/v2\/media?parent=2894"}],"curies":[{"name":"wp","href":"https:\/\/api.w.org\/{rel}","templated":true}]}}