{"id":2914,"date":"2017-03-20T03:27:51","date_gmt":"2017-03-20T01:27:51","guid":{"rendered":"http:\/\/cluq-grenoble.org\/WordPress\/?page_id=2914"},"modified":"2017-03-24T03:29:23","modified_gmt":"2017-03-24T01:29:23","slug":"vincent-gontier","status":"publish","type":"page","link":"https:\/\/cluq-grenoble.org\/WordPress\/groupes-de-travail-cluq\/com-animation\/irreverence-expo-dart-contemporain\/vincent-gontier\/","title":{"rendered":"Vincent Gontier"},"content":{"rendered":"<div id=\"metaslider-id-3083\" style=\"width: 100%;\" class=\"ml-slider-3-20-3 metaslider metaslider-flex metaslider-3083 ml-slider\">\n    <div id=\"metaslider_container_3083\">\n        <div id=\"metaslider_3083\" class=\"flexslider\">\n            <ul aria-live=\"polite\" class=\"slides\">\n                <li style=\"display: block; width: 100%;\" class=\"slide-3085 ms-image\"><a href=\"http:\/\/cluq-grenoble.org\/WordPress\/wp-content\/uploads\/2017\/03\/1-Serie-Jour-de-soleil.jpg\" target=\"_self\"><img src=\"https:\/\/cluq-grenoble.org\/WordPress\/wp-content\/uploads\/2017\/03\/1-Serie-Jour-de-soleil-1200x800.jpg\" height=\"800\" width=\"1200\" alt=\"\" class=\"slider-3083 slide-3085\" \/><\/a><div class=\"caption-wrap\"><div class=\"caption\">Vincent Gontier - 1 Serie Jour de soleil<\/div><\/div><\/li>\n                <li style=\"display: none; width: 100%;\" class=\"slide-3087 ms-image\"><a href=\"http:\/\/cluq-grenoble.org\/WordPress\/wp-content\/uploads\/2017\/03\/2-serie-jour-de-soleil.jpg\" target=\"_self\"><img src=\"https:\/\/cluq-grenoble.org\/WordPress\/wp-content\/uploads\/2017\/03\/2-serie-jour-de-soleil-1200x800.jpg\" height=\"800\" width=\"1200\" alt=\"\" class=\"slider-3083 slide-3087\" \/><\/a><div class=\"caption-wrap\"><div class=\"caption\">Vincent Gontier - 2 serie jour de soleil<\/div><\/div><\/li>\n                <li style=\"display: none; width: 100%;\" class=\"slide-3089 ms-image\"><a href=\"http:\/\/cluq-grenoble.org\/WordPress\/wp-content\/uploads\/2017\/03\/3-serie-jour-de-soleil.jpg\" target=\"_self\"><img src=\"https:\/\/cluq-grenoble.org\/WordPress\/wp-content\/uploads\/2017\/03\/3-serie-jour-de-soleil-1200x800.jpg\" height=\"800\" width=\"1200\" alt=\"\" class=\"slider-3083 slide-3089\" \/><\/a><div class=\"caption-wrap\"><div class=\"caption\">Vincent Gontier - 3 serie jour de soleil<\/div><\/div><\/li>\n                <li style=\"display: none; width: 100%;\" class=\"slide-3091 ms-image\"><a href=\"http:\/\/cluq-grenoble.org\/WordPress\/wp-content\/uploads\/2017\/03\/4a-Vol.jpg\" target=\"_self\"><img src=\"https:\/\/cluq-grenoble.org\/WordPress\/wp-content\/uploads\/2017\/03\/4a-Vol-1024x682.jpg\" height=\"800\" width=\"1200\" alt=\"\" class=\"slider-3083 slide-3091\" \/><\/a><div class=\"caption-wrap\"><div class=\"caption\">Vincent Gontier - 4a Vol<\/div><\/div><\/li>\n                <li style=\"display: none; width: 100%;\" class=\"slide-3092 ms-image\"><a href=\"http:\/\/cluq-grenoble.org\/WordPress\/wp-content\/uploads\/2017\/03\/6i-HSBC-1.jpg\" target=\"_self\"><img src=\"https:\/\/cluq-grenoble.org\/WordPress\/wp-content\/uploads\/2017\/03\/6i-HSBC-1-1024x682.jpg\" height=\"800\" width=\"1200\" alt=\"\" class=\"slider-3083 slide-3092\" \/><\/a><div class=\"caption-wrap\"><div class=\"caption\">Vincent Gontier - 6i HSBC 1<\/div><\/div><\/li>\n                <li style=\"display: none; width: 100%;\" class=\"slide-2898 ms-image\"><a href=\"http:\/\/cluq-grenoble.org\/WordPress\/wp-content\/uploads\/2017\/03\/N.Z.-2011.jpg\" target=\"_self\"><img src=\"https:\/\/cluq-grenoble.org\/WordPress\/wp-content\/uploads\/2017\/03\/N.Z.-2011-1200x800.jpg\" height=\"800\" width=\"1200\" alt=\"\" class=\"slider-3083 slide-2898\" \/><\/a><div class=\"caption-wrap\"><div class=\"caption\">Vincent Gontier - N.Z. 2011<\/div><\/div><\/li>\n                <li style=\"display: none; width: 100%;\" class=\"slide-3093 ms-image\"><a href=\"http:\/\/cluq-grenoble.org\/WordPress\/wp-content\/uploads\/2017\/03\/6i-HSBC-2.jpg\" target=\"_self\"><img src=\"https:\/\/cluq-grenoble.org\/WordPress\/wp-content\/uploads\/2017\/03\/6i-HSBC-2-1024x682.jpg\" height=\"800\" width=\"1200\" alt=\"\" class=\"slider-3083 slide-3093\" \/><\/a><div class=\"caption-wrap\"><div class=\"caption\">Vincent Gontier - 6i HSBC 2<\/div><\/div><\/li>\n                <li style=\"display: none; width: 100%;\" class=\"slide-3094 ms-image\"><a href=\"http:\/\/cluq-grenoble.org\/WordPress\/wp-content\/uploads\/2017\/03\/6i-HSBC-3.jpg\" target=\"_self\"><img src=\"https:\/\/cluq-grenoble.org\/WordPress\/wp-content\/uploads\/2017\/03\/6i-HSBC-3-1024x682.jpg\" height=\"800\" width=\"1200\" alt=\"\" class=\"slider-3083 slide-3094\" \/><\/a><div class=\"caption-wrap\"><div class=\"caption\">Vincent Gontier - 6i HSBC 3<\/div><\/div><\/li>\n                <li style=\"display: none; width: 100%;\" class=\"slide-3095 ms-image\"><a href=\"http:\/\/cluq-grenoble.org\/WordPress\/wp-content\/uploads\/2017\/03\/6i-HSBC-5.jpg\" target=\"_self\"><img src=\"https:\/\/cluq-grenoble.org\/WordPress\/wp-content\/uploads\/2017\/03\/6i-HSBC-5-1024x682.jpg\" height=\"800\" width=\"1200\" alt=\"\" class=\"slider-3083 slide-3095\" \/><\/a><div class=\"caption-wrap\"><div class=\"caption\">Vincent Gontier - 6i HSBC 5<\/div><\/div><\/li>\n                <li style=\"display: none; width: 100%;\" class=\"slide-3096 ms-image\"><a href=\"http:\/\/cluq-grenoble.org\/WordPress\/wp-content\/uploads\/2017\/03\/Votogramme-22-avril-2012.jpg\" target=\"_self\"><img src=\"https:\/\/cluq-grenoble.org\/WordPress\/wp-content\/uploads\/2017\/03\/Votogramme-22-avril-2012-1200x800.jpg\" height=\"800\" width=\"1200\" alt=\"\" class=\"slider-3083 slide-3096\" \/><\/a><div class=\"caption-wrap\"><div class=\"caption\">Vincent Gontier - Votogramme 22 avril 2012<\/div><\/div><\/li>\n            <\/ul>\n        <\/div>\n        \n    <\/div>\n<\/div>\n<p><strong>Vincent Gontier <\/strong>est n\u00e9 en 1962 \u00e0 Fourmies, dans le Nord.<\/p>\n<p>Apr\u00e8s avoir pass\u00e9 son dipl\u00f4me \u00e0 l\u2019\u00c9cole des beaux-arts de Cherbourg et de Rouen,<br \/>\nil s\u2019installe \u00e0 Grenoble en 1987, puis \u00e0 Voiron o\u00f9 il vit et travaille.<\/p>\n<p>De 1991 \u00e0 1997 il est repr\u00e9sent\u00e9 par la Galerie Antoine De Galbert avec laquelle il participe \u00e0 divers salons expositions collectives et personnelles.<\/p>\n<p>Depuis 1990, il expose en France et \u00e0 l\u2019\u00e9tranger notamment, au Etats-Unis, lors d\u2019un workshop dirig\u00e9 par Anthony Caro, en Grande-Bretagne, en Pologne, en Finlande au Mus\u00e9e de Kuopio, en Suisse, Belgique et Nouvelle Z\u00e9lande.<\/p>\n<p>Il vient de pr\u00e9senter au Mus\u00e9e Hebert de La Tronche , l\u2019exposition \u00ab Jours de soleil \u00bb.<\/p>\n<p>Site Web : <a href=\"http:\/\/sculpture-presse.fr\/\">http:\/\/sculpture-presse.fr\/<\/a><br \/>\n<span lang=\"en-US\">Facebook : <\/span><a href=\"https:\/\/www.facebook.com\/profile.php?id=100006187126210\"><span lang=\"fr\">https:\/\/www.facebook.com\/profile.php?id=100006187126210<\/span><\/a><\/p>\n<p>Le journal est mon mat\u00e9riau,<\/p>\n<p>\u00ab\u00a0<em><span style=\"color: #0000ff;\">Parler de notre quotidien avec le quotidien, le d\u00e9roul\u00e9 des travaux et des jours<\/span>\u00a0<\/em>\u00bb<br \/>\nT. Duf\u00eane.<br \/>\n\u00ab\u00a0<em><span style=\"color: #0000ff;\">Quotidien bloqu\u00e9 entre des m\u00e2choires d\u2019acier, pages de signes dans des \u00e9taux obscurs<\/span>\u00a0<\/em>\u00bb P. P\u00e9ju<br \/>\n\u00ab\u00a0<span style=\"color: #0000ff;\">D\u00e9pli\u00e9 en d\u2019immenses tapis sur lesquels, pli\u00e9es en origami, s\u2019organisent des constructions fragiles<\/span><em>\u00a0<\/em>\u00bb V. Gontier<br \/>\n\u00ab<span style=\"color: #0000ff;\">\u00a0Fascin\u00e9 par les secrets et les \u00e9nigmes de nos vies quotidiennes, notre existence ballott\u00e9e, les soubresauts du monde\u2026<\/span><br \/>\n<span style=\"color: #0000ff;\">J\u2019ai choisi le journal qui compile tous les signes de notre vie, le m\u00e9tal qui structure et guide, l\u2019assemblage qui relie.<\/span><em>\u00a0<\/em>\u00bb V. Gontier<\/p>\n<p>\u00ab <span style=\"color: #0000ff;\">Cette part sensible qui nous tient, quelquefois indicible et pourtant si forte. Cette m\u00e9moire que l\u2019on porte, c\u2019est le myst\u00e8re de chacun que l\u2019on cherche \u00e0 conna\u00eetre\u00a0<\/span>\u00bb.<\/p>\n<p>Vincent Gontier \u2013 2015<\/p>\n<p>\u00ab <span style=\"color: #0000ff;\">De l\u2019alliance des contraires, des \u00e9pousailles de l\u2019acier tremp\u00e9 et du papier journal, de la violence de cette rencontre tout \u00e0 la fois puissamment radicale et \u00e9minemment sensible, na\u00eet d\u2019abord une esth\u00e9tique unique que les mots ont bien du mal \u00e0 r\u00e9sumer<\/span> \u00bb.<br \/>\nPhilippe Gonnet &#8211; Extrait &#8211; catalogue exposition Ateliers d\u2019art Douarnenez &#8211; 2008<\/p>\n<p>\u00ab <span style=\"color: #0000ff;\">Plus encore qu\u2019avant, l\u2019artiste \u00e0 \u00ab\u00e9lu le journal comme son mat\u00e9riau&#8230; Il n\u2019est plus simplement pr\u00e9sent dans sa mat\u00e9rialit\u00e9, en couches tendres et effeuill\u00e9es ou redress\u00e9 en piles, orgueilleux dans le corset de m\u00e9tal, &#8230; son contenu aussi prend forme sous nos yeux. Elire le journal, c\u2019est d\u2019abord le lire. D\u00e8s lors, l\u2019aventure commence : parler de notre quotidien avec le quotidien, le d\u00e9roul\u00e9 des travaux et des jours<\/span> \u00bb.<br \/>\nThierry Dufr\u00eane &#8211; Extrait &#8211; catalogue exposition inaugurale du VOG Fontaine (Is\u00e8re) &#8211; 2005<\/p>\n<p>\u00ab <span style=\"color: #0000ff;\">Les constructivistes russes des ann\u00e9es 20 (Rodtchenko, Tatline) sont parmi les premiers artistes que Vincent Gontier d\u00e9couvre&#8230; l\u2019\u00e9conomie des moyens utilis\u00e9s, la pauvret\u00e9 des mat\u00e9riaux, la simplicit\u00e9 des formes et la grande rigueur dont ils font preuve vont consid\u00e9rablement le marquer. Leurs assemblages et leurs constructions lui offriront de nouvelles voies de r\u00e9flexion qu\u2019il explorera en leur apportant une dimension suppl\u00e9mentaire, celle de l\u2019humanisme.<\/span><\/p>\n<p><span style=\"color: #0000ff;\">&#8230; Si l\u2019acier, qui \u00e9voque l\u2019architecture contemporaine et son environnement m\u00e9tallique, donne leur structure \u00e0 ces oeuvres et cr\u00e9e leur densit\u00e9 et leur forme, il est aussi imm\u00e9diatement associ\u00e9 \u00e0 des mat\u00e9riaux tels que le papier&#8230;<\/span>\u00bb, apparaissant \u00ab <span style=\"color: #0000ff;\">de prime abord incongrus et surprenants\u00a0<\/span>\u00bb mais faisant le \u00ab <span style=\"color: #0000ff;\">lien entre les diff\u00e9rents \u00e9l\u00e9ments de la construction\u00a0<\/span>\u00bb et lui offrant toute leur po\u00e9sie.<br \/>\nV\u00e9ronique Tixidre &#8211; Extrait &#8211; Catalogue Exposition Mus\u00e9e de Grenoble &#8211; 1996<\/p>\n<p><span style=\"text-decoration: underline;\">Portrait de l\u2019artiste en mots<\/span> : jeu de signes, espaces physique et mental, jeux d\u2019\u00e9chelle, torsion et distorsion, jeux formels, stratifier et po\u00e9tiser, \u00e9criture plastique<\/p>\n<p><span style=\"text-decoration: underline;\">Expose en France et \u00e0 l\u2019\u00e9tranger :<br \/>\n<\/span>USA, workshop dirig\u00e9 par Anthony Caro<br \/>\nGrande-Bretagne, Pologne, Suisse, Belgique, Nouvelle Z\u00e9lande, Japon, Finlande&#8230;<\/p>\n<p><a href=\"http:\/\/cluq-grenoble.org\/WordPress\/?p=2894\">retour \u00e0 la page pr\u00e9c\u00e9dente<\/a><\/p>\n","protected":false},"excerpt":{"rendered":"<p>Vincent Gontier est n\u00e9 en 1962 \u00e0 Fourmies, dans le<span class=\"more-link\"><a href=\"https:\/\/cluq-grenoble.org\/WordPress\/groupes-de-travail-cluq\/com-animation\/irreverence-expo-dart-contemporain\/vincent-gontier\/\">Lire la suite<\/a><\/span><\/p>\n","protected":false},"author":1,"featured_media":0,"parent":2894,"menu_order":0,"comment_status":"closed","ping_status":"open","template":"","meta":[],"_links":{"self":[{"href":"https:\/\/cluq-grenoble.org\/WordPress\/wp-json\/wp\/v2\/pages\/2914"}],"collection":[{"href":"https:\/\/cluq-grenoble.org\/WordPress\/wp-json\/wp\/v2\/pages"}],"about":[{"href":"https:\/\/cluq-grenoble.org\/WordPress\/wp-json\/wp\/v2\/types\/page"}],"author":[{"embeddable":true,"href":"https:\/\/cluq-grenoble.org\/WordPress\/wp-json\/wp\/v2\/users\/1"}],"replies":[{"embeddable":true,"href":"https:\/\/cluq-grenoble.org\/WordPress\/wp-json\/wp\/v2\/comments?post=2914"}],"version-history":[{"count":6,"href":"https:\/\/cluq-grenoble.org\/WordPress\/wp-json\/wp\/v2\/pages\/2914\/revisions"}],"predecessor-version":[{"id":3109,"href":"https:\/\/cluq-grenoble.org\/WordPress\/wp-json\/wp\/v2\/pages\/2914\/revisions\/3109"}],"up":[{"embeddable":true,"href":"https:\/\/cluq-grenoble.org\/WordPress\/wp-json\/wp\/v2\/pages\/2894"}],"wp:attachment":[{"href":"https:\/\/cluq-grenoble.org\/WordPress\/wp-json\/wp\/v2\/media?parent=2914"}],"curies":[{"name":"wp","href":"https:\/\/api.w.org\/{rel}","templated":true}]}}