{"id":2916,"date":"2017-03-20T03:28:54","date_gmt":"2017-03-20T01:28:54","guid":{"rendered":"http:\/\/cluq-grenoble.org\/WordPress\/?page_id=2916"},"modified":"2017-03-24T03:30:52","modified_gmt":"2017-03-24T01:30:52","slug":"samuel-rousseau","status":"publish","type":"page","link":"https:\/\/cluq-grenoble.org\/WordPress\/groupes-de-travail-cluq\/com-animation\/irreverence-expo-dart-contemporain\/samuel-rousseau\/","title":{"rendered":"Samuel Rousseau"},"content":{"rendered":"<div id=\"metaslider-id-3066\" style=\"width: 100%;\" class=\"ml-slider-3-20-3 metaslider metaslider-responsive metaslider-3066 ml-slider\">\n    <div id=\"metaslider_container_3066\">\n        <ul id='metaslider_3066' class='rslides'>\n            <li><a href=\"http:\/\/cluq-grenoble.org\/WordPress\/wp-content\/uploads\/2017\/03\/autodaf\u00e9-petit-02.05.jpg\" target=\"_self\"><img src=\"https:\/\/cluq-grenoble.org\/WordPress\/wp-content\/uploads\/2017\/03\/autodaf\u00e9-petit-02.05-640x426.jpg\" height=\"800\" width=\"1200\" alt=\"\" class=\"slider-3066 slide-2899\" \/><div class=\"caption-wrap\"><div class=\"caption\">Samuel Rousseau - autodaf\u00e9 (petit) 02.05<\/div><\/div><\/a><\/li>\n            <li style='display: none;'><a href=\"http:\/\/cluq-grenoble.org\/WordPress\/wp-content\/uploads\/2017\/03\/sans-titre-larbre-et-son-ombre.jpg\" target=\"_self\"><img src=\"https:\/\/cluq-grenoble.org\/WordPress\/wp-content\/uploads\/2017\/03\/sans-titre-larbre-et-son-ombre-640x426.jpg\" height=\"800\" width=\"1200\" alt=\"\" class=\"slider-3066 slide-3068\" \/><div class=\"caption-wrap\"><div class=\"caption\">Samuel Rousseau - sans titre (l'arbre et son ombre)<\/div><\/div><\/a><\/li>\n            <li style='display: none;'><a href=\"http:\/\/cluq-grenoble.org\/WordPress\/wp-content\/uploads\/2017\/03\/soleil-noir03.03.jpg\" target=\"_self\"><img src=\"https:\/\/cluq-grenoble.org\/WordPress\/wp-content\/uploads\/2017\/03\/soleil-noir03.03-452x301.jpg\" height=\"800\" width=\"1200\" alt=\"\" class=\"slider-3066 slide-3069\" \/><div class=\"caption-wrap\"><div class=\"caption\">Samuel Rousseau - soleil noir03.03<\/div><\/div><\/a><\/li>\n        <\/ul>\n        \n    <\/div>\n<\/div>\n<p>&nbsp;<\/p>\n<ul>\n<li style=\"margin: 0in; font-family: Calibri; font-size: 9.75pt; color: black;\"><span style=\"background: white;\">Autodaf\u00e9 2016<br \/>\n<\/span><span style=\"background: white;\">90 X 90 X 15 cm<br \/>\n<\/span><span style=\"background: white;\"><span style=\"background: white;\">livres anciens brul\u00e9s, \u00e9tag\u00e8re, vid\u00e9o projection.<\/span><\/span>&nbsp;<\/li>\n<li style=\"margin: 0in; font-family: Calibri; font-size: 9.75pt; color: black;\"><span style=\"background: white;\">Soleil noir 2017<br \/>\n<\/span><span style=\"background: white;\">Sph\u00e8re 30cm, projection 110 cm<br \/>\n<\/span><span style=\"background: white;\"><span style=\"background: white;\">Barbel\u00e9 concertina, vid\u00e9o projection 3D en HD.<\/span><\/span>&nbsp;<\/li>\n<li style=\"margin: 0in; font-family: Calibri; font-size: 9.75pt; color: black;\"><span style=\"background: white;\">San titre (l&#8217;arbre et son ombre) 2012<br \/>\n<\/span><span style=\"background: white;\">150 x 120 x 90 cm<br \/>\n<\/span><span style=\"background: white;\">Ch\u00e2taign\u00e9 mort, acier, vid\u00e9o projection 3D en HD.<\/span><\/li>\n<\/ul>\n<p style=\"padding-left: 30px;\"><span style=\"background: white;\">\u00a9 Samuel Rousseau, courtesy galerie Claire Gastaud et galerie RX.<br \/>\n<\/span>Mod\u00e9lisation 3D Rapha\u00ebl Bot-Gartner<\/p>\n<p><a href=\"http:\/\/cluq-grenoble.org\/WordPress\/?p=2894\">retour \u00e0 la page pr\u00e9c\u00e9dente<\/a><\/p>\n","protected":false},"excerpt":{"rendered":"<p>&nbsp; Autodaf\u00e9 2016 90 X 90 X 15 cm livres<span class=\"more-link\"><a href=\"https:\/\/cluq-grenoble.org\/WordPress\/groupes-de-travail-cluq\/com-animation\/irreverence-expo-dart-contemporain\/samuel-rousseau\/\">Lire la suite<\/a><\/span><\/p>\n","protected":false},"author":1,"featured_media":0,"parent":2894,"menu_order":0,"comment_status":"closed","ping_status":"open","template":"","meta":[],"_links":{"self":[{"href":"https:\/\/cluq-grenoble.org\/WordPress\/wp-json\/wp\/v2\/pages\/2916"}],"collection":[{"href":"https:\/\/cluq-grenoble.org\/WordPress\/wp-json\/wp\/v2\/pages"}],"about":[{"href":"https:\/\/cluq-grenoble.org\/WordPress\/wp-json\/wp\/v2\/types\/page"}],"author":[{"embeddable":true,"href":"https:\/\/cluq-grenoble.org\/WordPress\/wp-json\/wp\/v2\/users\/1"}],"replies":[{"embeddable":true,"href":"https:\/\/cluq-grenoble.org\/WordPress\/wp-json\/wp\/v2\/comments?post=2916"}],"version-history":[{"count":8,"href":"https:\/\/cluq-grenoble.org\/WordPress\/wp-json\/wp\/v2\/pages\/2916\/revisions"}],"predecessor-version":[{"id":3110,"href":"https:\/\/cluq-grenoble.org\/WordPress\/wp-json\/wp\/v2\/pages\/2916\/revisions\/3110"}],"up":[{"embeddable":true,"href":"https:\/\/cluq-grenoble.org\/WordPress\/wp-json\/wp\/v2\/pages\/2894"}],"wp:attachment":[{"href":"https:\/\/cluq-grenoble.org\/WordPress\/wp-json\/wp\/v2\/media?parent=2916"}],"curies":[{"name":"wp","href":"https:\/\/api.w.org\/{rel}","templated":true}]}}