{"id":2952,"date":"2017-03-22T02:19:57","date_gmt":"2017-03-22T00:19:57","guid":{"rendered":"http:\/\/cluq-grenoble.org\/WordPress\/?page_id=2952"},"modified":"2017-09-22T12:31:15","modified_gmt":"2017-09-22T10:31:15","slug":"guide-de-la-participation","status":"publish","type":"page","link":"https:\/\/cluq-grenoble.org\/WordPress\/com-dlp\/guide-de-la-participation\/","title":{"rendered":"Guide de la participation"},"content":{"rendered":"<p><strong>Mise \u00e0 jour : <span style=\"color: #0000ff;\">21 Septembre\u00a02017<\/span><\/strong><\/p>\n<p><strong>De quoi s&#8217;agit-il ?<\/strong><br \/>\n<span style=\"font-weight: 300;\">Suite \u00e0 :<\/span><\/p>\n<ul>\n<li>Un constat d&#8217;\u00e9chec partag\u00e9 sur les participations citoyennes des diff\u00e9rents projets initi\u00e9s par la ville.<\/li>\n<li>La proposition par le CLUQ suite \u00e0 la votation citoyenne d&#8217;\u00e9crire noir sur blanc les r\u00e8gles du jeu.<\/li>\n<\/ul>\n<p>Pascal Clouaire est revenu vers les UQs\u00a0 et les CCI avec la proposition d&#8217;un guide de la participation :\u00a0<a href=\"http:\/\/cluq-grenoble.org\/WordPress\/wp-content\/uploads\/2017\/03\/Guide-pratique-version-CCI-UQ.docx\">Guide pratique version CCI-UQ<\/a>\u00a0(.doc)<\/p>\n<p>Dans un cadre bien d\u00e9termin\u00e9 :<\/p>\n<ul>\n<li>Offre de participation citoyenne, par la mairie, sur un projet initi\u00e9 par la mairie<\/li>\n<li>Il ne s&#8217;agit pas d&#8217;initiative citoyenne<\/li>\n<li><span style=\"font-weight: 300;\">Il ne s&#8217;agit pas de d\u00e9finir ce qui doit \u00eatre concert\u00e9, co-construit, \u2026.<\/span><\/li>\n<\/ul>\n<p><span style=\"color: #0000ff;\"><strong>Il s&#8217;agit de d\u00e9finir de ce que veut dire information, consultation, concertation et co-construction, et de d\u00e9finir de ce que cela implique pour la ville, et de ce que cela permet pour les citoyens participants.<\/strong><\/span><\/p>\n<p><strong>Une premi\u00e8re r\u00e9union<\/strong>\u00a0a eu lieu \u00e0 la mairie le 10 Janvier 2017 ou les UQs et les CCI ont\u00a0pu faire leurs\u00a0retours. Suite \u00e0 un CA et une r\u00e9union interne au CLUQ (ouverte aux CCI),\u00a0le CLUQ a propos\u00e9 les conditions de travail suivantes :<\/p>\n<ul>\n<li>Demande de co-construction<\/li>\n<li>Nous voulons le texte en avance &#8211;&gt; pour faire une r\u00e9union<\/li>\n<li>Illustration des exemples dans le contexte<\/li>\n<li>Que soit pris en consid\u00e9ration la charte de la d\u00e9mocratie locale sur laquelle le CLUQ avait fortement contribu\u00e9 en 2009 :<br \/>\n<a href=\"http:\/\/cluq-grenoble.org\/WordPress\/wp-content\/uploads\/2017\/03\/Grenoble-charte-de-la-democratie-locale-2009.pdf\">Grenoble &#8211; charte de la democratie locale &#8211; 2009<\/a>\u00a0(.pdf)<\/li>\n<\/ul>\n<p>&#8211;&gt; La mairie a accept\u00e9 l&#8217;ensemble de nos propositions, mais a d\u00e9cid\u00e9 de rester sur une concertation et non sur une co-construction du texte. Elle nous propose alors le texte suivant :\u00a0<a href=\"http:\/\/cluq-grenoble.org\/WordPress\/wp-content\/uploads\/2017\/03\/Guide-pratique-\u00e9lus-services-citoyens-provisoire-23-mars.pdf\">Guide pratique \u00e9lus+services+citoyens provisoire 23 mars<\/a>\u00a0(.pdf)<\/p>\n<p><strong>Une seconde\u00a0r\u00e9union<\/strong> a eu lieu le jeudi 23 Mars \u00e0 la mairie, pour continuer les travaux sur ce texte.<br \/>\n&#8211;&gt; Malheureusement, nous n&#8217;\u00e9tions que peu de membres des UQs et des CCI pr\u00e9sents \u00e0 cette r\u00e9union, face \u00e0 un grand nombre d&#8217;\u00e9lus et de personnels de la mairie.<br \/>\n&#8211;&gt; Les conditions de travail et de prise de d\u00e9cision commune sur ce texte n&#8217;\u00e9taient alors pas\u00a0id\u00e9ales, en tout cas la contribution des citoyens \u00e9taient fortement limit\u00e9e par rapport \u00e0 la r\u00e9union pr\u00e9c\u00e9dente.<\/p>\n<p>Compte Rendu de cette r\u00e9union :\u00a0<a href=\"http:\/\/cluq-grenoble.org\/WordPress\/wp-content\/uploads\/2017\/03\/CR-Rencontre-regards-crois\u00e9s-VF.pdf\">CR Rencontre regards crois\u00e9s VF<\/a>\u00a0(.pdf)<\/p>\n<p><strong>Le 5 Mai 2017, un comit\u00e9 de relecture<\/strong> du guide pratique de la participation citoyenne, s&#8217;est r\u00e9uni pour\u00a0finaliser la mise en forme de ce guide pratique pour permettre aux grenoblois de se l\u2019approprier. Cette finalisation est effectu\u00e9e dans le cadre d\u2019un comit\u00e9 de lecture r\u00e9unissant 2 \u00e9lus (P. Clouaire et A. Denoyelle), 2 agents municipaux (PL Chambon et E. Oddos) et 2 citoyens (G. Namur et C. Bailly) qui travaillent sur la maquette du guide pratique avant publication.<br \/>\nProposition de Guide soumis \u00e0 relecture :\u00a0<a href=\"http:\/\/cluq-grenoble.org\/WordPress\/wp-content\/uploads\/2017\/03\/Guide-Participation-couleur-2804.pdf\">Guide-Participation-couleur-2804<\/a>\u00a0(.pdf)<\/p>\n<p>&#8211;&gt; Le CLUQ a propos\u00e9 les modifications suivantes :<br \/>\n<a href=\"http:\/\/cluq-grenoble.org\/WordPress\/wp-content\/uploads\/2017\/03\/Proposition-CLUQ-pour-modif-guide-de-la-participation-05Mai2017.pdf\">Proposition CLUQ pour modif guide de la participation &#8211; 05Mai2017<\/a>\u00a0(.pdf)<\/p>\n<p>&#8211;&gt; Voici le\u00a0texte a \u00e9t\u00e9 amend\u00e9 qui en r\u00e9sulte, m\u00eame s&#8217;il reste \u00e0 changer photos, couleurs, etc&#8230; :\u00a0<a href=\"http:\/\/cluq-grenoble.org\/WordPress\/wp-content\/uploads\/2017\/03\/Guide-Participation-A5-2017-05-23.pdf\">Guide-Participation-A5 &#8211; 2017-05-23<\/a>\u00a0(.pdf)<\/p>\n<p><strong>Lundi 12 Juin 2017, dernier comit\u00e9 de relecture :<br \/>\n<\/strong>Proposition de Guide soumis \u00e0 relecture :\u00a0<a href=\"http:\/\/cluq-grenoble.org\/WordPress\/wp-content\/uploads\/2017\/03\/Guide-Participation-A5-2017-06-09.pdf\">Guide-Participation-A5 &#8211; 2017-06-09<\/a>\u00a0(.pdf)<br \/>\nRetours du CLUQ :\u00a0<a href=\"http:\/\/cluq-grenoble.org\/WordPress\/wp-content\/uploads\/2017\/03\/Proposition-CLUQ-pour-modif-guide-de-la-participation-12Juin2017.docx\">Proposition CLUQ pour modif guide de la participation &#8211; 12Juin2017<\/a>\u00a0(.doc)<br \/>\nCompte-Rendu de ce comit\u00e9 de relecture :\u00a0<a href=\"http:\/\/cluq-grenoble.org\/WordPress\/wp-content\/uploads\/2017\/03\/CR-comit\u00e9-de-lecture-Guide-pratique-de-la-participation-du-12-juin-2017-23Juin2017.docx\">CR comit\u00e9 de lecture Guide pratique de la participation du 12 juin 2017 &#8211; 23Juin2017<\/a>\u00a0(.doc)<\/p>\n<p>Annonc\u00e9 en Juillet, le guide final a \u00e9t\u00e9\u00a0publi\u00e9 en ligne sur le site Internet de la Ville le 21 septembre 2017. Une version papier sera transmise aux instances citoyennes grenobloises (CCI, Unions de quartier, Tables de quartier).<br \/>\n<a href=\"http:\/\/cluq-grenoble.org\/WordPress\/wp-content\/uploads\/2017\/03\/Guide-Participation-A5-version-finale-2017-09-21.pdf\">Guide-Participation-A5 &#8211; version finale &#8211; 2017-09-21<\/a>\u00a0(.pdf)<br \/>\naussi disponible en suivant ce lien :\u00a0<a href=\"http:\/\/www.grenoble.fr\/92-citoyennete.htm\">http:\/\/www.grenoble.fr\/92-citoyennete.htm<\/a><\/p>\n<p>Gilles Namur<\/p>\n<p><a href=\"http:\/\/cluq-grenoble.org\/WordPress\/?p=2957\">Retour sur la page de la <strong>Commission D\u00e9mocratie Locale &amp; Participation<\/strong><\/a><\/p>\n","protected":false},"excerpt":{"rendered":"<p>Mise \u00e0 jour : 21 Septembre\u00a02017 De quoi s&#8217;agit-il ?<span class=\"more-link\"><a href=\"https:\/\/cluq-grenoble.org\/WordPress\/com-dlp\/guide-de-la-participation\/\">Lire la suite<\/a><\/span><\/p>\n","protected":false},"author":1,"featured_media":0,"parent":2957,"menu_order":0,"comment_status":"closed","ping_status":"open","template":"","meta":[],"_links":{"self":[{"href":"https:\/\/cluq-grenoble.org\/WordPress\/wp-json\/wp\/v2\/pages\/2952"}],"collection":[{"href":"https:\/\/cluq-grenoble.org\/WordPress\/wp-json\/wp\/v2\/pages"}],"about":[{"href":"https:\/\/cluq-grenoble.org\/WordPress\/wp-json\/wp\/v2\/types\/page"}],"author":[{"embeddable":true,"href":"https:\/\/cluq-grenoble.org\/WordPress\/wp-json\/wp\/v2\/users\/1"}],"replies":[{"embeddable":true,"href":"https:\/\/cluq-grenoble.org\/WordPress\/wp-json\/wp\/v2\/comments?post=2952"}],"version-history":[{"count":8,"href":"https:\/\/cluq-grenoble.org\/WordPress\/wp-json\/wp\/v2\/pages\/2952\/revisions"}],"predecessor-version":[{"id":3565,"href":"https:\/\/cluq-grenoble.org\/WordPress\/wp-json\/wp\/v2\/pages\/2952\/revisions\/3565"}],"up":[{"embeddable":true,"href":"https:\/\/cluq-grenoble.org\/WordPress\/wp-json\/wp\/v2\/pages\/2957"}],"wp:attachment":[{"href":"https:\/\/cluq-grenoble.org\/WordPress\/wp-json\/wp\/v2\/media?parent=2952"}],"curies":[{"name":"wp","href":"https:\/\/api.w.org\/{rel}","templated":true}]}}