{"id":308,"date":"2010-07-29T11:02:49","date_gmt":"2010-07-29T09:02:49","guid":{"rendered":"http:\/\/cluq-grenoble.org\/WordPress\/?page_id=308"},"modified":"2011-07-13T15:59:00","modified_gmt":"2011-07-13T13:59:00","slug":"quest-reamenagement-quais-200809","status":"publish","type":"page","link":"https:\/\/cluq-grenoble.org\/WordPress\/groupes-de-travail-cluq\/donnees-libres-acces\/gt-grenoble-demain\/quest-reamenagement-quais-200809\/","title":{"rendered":"Quest. r\u00e9am. quais : fin 08 d\u00e9b. 09"},"content":{"rendered":"<h4>Questionnaire r\u00e9am\u00e9nagement des quais 2008\/2009 &#8211; (Documents en format PDF)<\/h4>\n<ul>\n<li><a href=\"http:\/\/cluq-grenoble.org\/WordPress\/wp-content\/uploads\/2010\/07\/lettre-questionnaire-28112008.pdf\">lettre questionnaire -28112008<\/a><\/li>\n<li><a href=\"http:\/\/cluq-grenoble.org\/WordPress\/wp-content\/uploads\/2010\/07\/Compte-rendu-Groupe-de-Travail-centre-ville-du-17-dec-2008.pdf\">Compte-rendu Groupe de Travail centre ville du 17 dec 2008<\/a><\/li>\n<li><a href=\"http:\/\/cluq-grenoble.org\/WordPress\/wp-content\/uploads\/2010\/07\/Questionnaire-quais-25-d\u00e9c-08-B.pdf\">Questionnaire quais 25 d\u00e9c 08 B<\/a><\/li>\n<li><a href=\"http:\/\/cluq-grenoble.org\/WordPress\/wp-content\/uploads\/2010\/07\/compte-rendu-et-convocation-GT-centre-ville-200901.pdf\">compte rendu et convocation GT centre ville 200901<\/a><\/li>\n<li><a href=\"http:\/\/cluq-grenoble.org\/WordPress\/wp-content\/uploads\/2010\/07\/Compte-rendu-GT-centre-ville-21-fev-09.pdf\">Compte-rendu GT centre ville 21 fev 09<\/a><\/li>\n<li><a href=\"http:\/\/cluq-grenoble.org\/WordPress\/wp-content\/uploads\/2010\/07\/Synth\u00e8se-r\u00e9ponses-questions-quais-12.08-01.09.pdf\">Synth\u00e8se r\u00e9ponses questions quais, 12.08-01.09<\/a><\/li>\n<li><a href=\"http:\/\/cluq-grenoble.org\/WordPress\/wp-content\/uploads\/2010\/07\/lettre-aux-pr\u00e9sidents-membres-GT-02022009.pdf\">lettre aux pr\u00e9sidents et membres du GT &#8211; 02022009<\/a><\/li>\n<li><a href=\"http:\/\/cluq-grenoble.org\/WordPress\/wp-content\/uploads\/2010\/07\/r\u00e9sum\u00e9-long.pdf\">r\u00e9sum\u00e9 &#8211; long<\/a><\/li>\n<li><a href=\"http:\/\/cluq-grenoble.org\/WordPress\/wp-content\/uploads\/2010\/07\/r\u00e9sum\u00e9-synt.-courte.pdf\">r\u00e9sum\u00e9 &#8211; synt. courte<\/a><\/li>\n<li><a href=\"http:\/\/cluq-grenoble.org\/WordPress\/wp-content\/uploads\/2010\/07\/2008-dec-lettre-\u00e0-Michel-Destot-questionnaire.pdf\">2008 dec lettre \u00e0 Michel Destot &#8211; questionnaire<\/a><\/li>\n<li><a href=\"http:\/\/cluq-grenoble.org\/WordPress\/wp-content\/uploads\/2010\/07\/annonce-synth-programme-r\u00e9unions.pdf\">annonce synth- programme r\u00e9unions<\/a><\/li>\n<li><a href=\"http:\/\/cluq-grenoble.org\/WordPress\/wp-content\/uploads\/2010\/07\/Michel-Destot-relance-questionnaire.pdf\">Michel Destot &#8211; relance questionnaire<\/a><\/li>\n<\/ul>\n","protected":false},"excerpt":{"rendered":"<p>Questionnaire r\u00e9am\u00e9nagement des quais 2008\/2009 &#8211; (Documents en format PDF)<span class=\"more-link\"><a href=\"https:\/\/cluq-grenoble.org\/WordPress\/groupes-de-travail-cluq\/donnees-libres-acces\/gt-grenoble-demain\/quest-reamenagement-quais-200809\/\">Lire la suite<\/a><\/span><\/p>\n","protected":false},"author":1,"featured_media":0,"parent":30,"menu_order":7,"comment_status":"closed","ping_status":"open","template":"","meta":[],"_links":{"self":[{"href":"https:\/\/cluq-grenoble.org\/WordPress\/wp-json\/wp\/v2\/pages\/308"}],"collection":[{"href":"https:\/\/cluq-grenoble.org\/WordPress\/wp-json\/wp\/v2\/pages"}],"about":[{"href":"https:\/\/cluq-grenoble.org\/WordPress\/wp-json\/wp\/v2\/types\/page"}],"author":[{"embeddable":true,"href":"https:\/\/cluq-grenoble.org\/WordPress\/wp-json\/wp\/v2\/users\/1"}],"replies":[{"embeddable":true,"href":"https:\/\/cluq-grenoble.org\/WordPress\/wp-json\/wp\/v2\/comments?post=308"}],"version-history":[{"count":6,"href":"https:\/\/cluq-grenoble.org\/WordPress\/wp-json\/wp\/v2\/pages\/308\/revisions"}],"predecessor-version":[{"id":700,"href":"https:\/\/cluq-grenoble.org\/WordPress\/wp-json\/wp\/v2\/pages\/308\/revisions\/700"}],"up":[{"embeddable":true,"href":"https:\/\/cluq-grenoble.org\/WordPress\/wp-json\/wp\/v2\/pages\/30"}],"wp:attachment":[{"href":"https:\/\/cluq-grenoble.org\/WordPress\/wp-json\/wp\/v2\/media?parent=308"}],"curies":[{"name":"wp","href":"https:\/\/api.w.org\/{rel}","templated":true}]}}