{"id":3125,"date":"2017-03-25T15:49:47","date_gmt":"2017-03-25T13:49:47","guid":{"rendered":"http:\/\/cluq-grenoble.org\/WordPress\/?page_id=3125"},"modified":"2018-12-19T15:50:20","modified_gmt":"2018-12-19T13:50:20","slug":"com-evaluation-de-linitiative-citoyenne","status":"publish","type":"page","link":"https:\/\/cluq-grenoble.org\/WordPress\/com-dlp\/com-evaluation-de-linitiative-citoyenne\/","title":{"rendered":"Com. Evaluation de l&#8217;Initiative Citoyenne"},"content":{"rendered":"<p><em>Derni\u00e8re mise \u00e0 jour : 19\u00a0d\u00e9cembre 2018<\/em><\/p>\n<p><strong><span style=\"color: #0000ff;\">Le conseil municipal du 23 juin 2016 a adopt\u00e9 la <span style=\"text-decoration: underline;\">cr\u00e9ation d\u2019une Commission de suivi de l\u2019initiative citoyenne<\/span>. Cette commission a pour objectif\u00a0de rendre un avis sur les deux outils de d\u00e9mocratie locale relevant de l\u2019initiative citoyenne\u00a0: le budget participatif et l\u2019interpellation citoyenne.<\/span><\/strong><\/p>\n<p>\u2192\u00a0Le CLUQ est repr\u00e9sent\u00e9 dans cette commission par Gilles Namur.<\/p>\n<ul>\n<li><span style=\"color: #000000;\"><span style=\"color: #000000;\">Bilan annuel (2016) des outils municipaux de d\u00e9mocratie locale relevant de l\u2019initiative citoyenne pr\u00e9sent\u00e9 par les services municipaux aux membres de la\u00a0commission:\u00a0<strong><a href=\"http:\/\/cluq-grenoble.org\/WordPress\/wp-content\/uploads\/2017\/03\/Bilan-VFF.docx\">Bilan VFF<\/a><\/strong>\u00a0(.doc)<\/span><\/span><\/li>\n<li><span style=\"color: #000000;\">Compte-Rendu de la 1\u00e8re r\u00e9union de la commission (09 d\u00e9cembre 2017) :<br \/>\n<strong><a href=\"http:\/\/cluq-grenoble.org\/WordPress\/wp-content\/uploads\/2017\/03\/CR-commission-du-9-d\u00e9cembre-2016-VDiffus\u00e9.pdf\">CR commission du 9 d\u00e9cembre 2016 VDiffus\u00e9<\/a><\/strong>\u00a0(.pdf)<br \/>\n<\/span><\/li>\n<li>Compte-Rendu de la 2\u00e8me\u00a0r\u00e9union de la commission (23\u00a0janvier\u00a02017) :<br \/>\n<strong><a href=\"http:\/\/cluq-grenoble.org\/WordPress\/wp-content\/uploads\/2017\/03\/CR-commission-du-23-janvier-2017-Vdiffus\u00e9.pdf\">CR commission du 23 janvier 2017 Vdiffus\u00e9<\/a><\/strong>\u00a0(.pdf)<\/li>\n<li>Compte-Rendu de la 3\u00e8me\u00a0r\u00e9union de la commission (12\u00a0mars 2017) :<br \/>\n<strong><a href=\"http:\/\/cluq-grenoble.org\/WordPress\/wp-content\/uploads\/2017\/03\/CR-commission-du-12-mars-2017.pdf\">CR commission du 12 mars 2017<\/a><\/strong>\u00a0(.pdf)<\/li>\n<li>Compte-Rendu de la 4\u00e8me\u00a0r\u00e9union de la commission (17 mai 2017) :<br \/>\n<strong><a href=\"http:\/\/cluq-grenoble.org\/WordPress\/wp-content\/uploads\/2017\/03\/CR-commission-du-17-mai-2017-VF.pdf\">CR commission du 17 mai 2017 VF<\/a>\u00a0<\/strong>(.pdf)<\/li>\n<li>Compte-Rendu de la 5\u00e8me\u00a0r\u00e9union de la commission (8 juin\u00a02017) :<br \/>\n<strong><a href=\"http:\/\/cluq-grenoble.org\/WordPress\/wp-content\/uploads\/2017\/03\/CR-commission-du-8-juin-2017.pdf\">CR commission du 8 juin 2017<\/a><\/strong>\u00a0(.pdf)<\/li>\n<\/ul>\n<ul>\n<li><span style=\"color: #ff0000;\"><strong>Rapport Final de pr\u00e9conisations pour l&#8217;ann\u00e9e 2017<\/strong><\/span><br \/>\n<strong><a href=\"http:\/\/cluq-grenoble.org\/WordPress\/wp-content\/uploads\/2017\/03\/Rapport-final-pr\u00e9conisations-commission-initiative-citoyenne.pdf\">Rapport final pr\u00e9conisations commission initiative citoyenne<\/a>\u00a0<\/strong>(.pdf)<\/p>\n<ul>\n<li>R\u00e9ponse du Maire \u00e0 la synth\u00e8se des pr\u00e9conisations de la Commission qui lui ont \u00e9t\u00e9 transmises :\u00a0<strong><a href=\"http:\/\/cluq-grenoble.org\/WordPress\/wp-content\/uploads\/2017\/03\/R\u00e9ponse-du-maire-Octobre-2017.pdf\">R\u00e9ponse du maire &#8211; Octobre 2017<\/a><\/strong>\u00a0(.pdf)<\/li>\n<li>Le maire annonce ici la prise en compte d&#8217;un certain nombre de pr\u00e9conisations d\u00e8s l&#8217;automne 2017 avec notamment :\n<ul>\n<li>Augmentation du nombre de bureaux de vote + augmentation du temps d&#8217;ouverture + vote en ligne + vote par procuration<\/li>\n<li>Visualisation par les votants du bon enregistrement de leur \u00e9margement<\/li>\n<\/ul>\n<\/li>\n<\/ul>\n<\/li>\n<\/ul>\n<ul>\n<li><strong>Compte-Rendu de la 6\u00e8me r\u00e9union de la commission (19 d\u00e9cembre 2017) :<\/strong><br \/>\n<strong><a href=\"http:\/\/cluq-grenoble.org\/WordPress\/wp-content\/uploads\/2017\/03\/CR-Commission-du-19-d\u00e9cembre-2017.pdf\">CR Commission du 19 d\u00e9cembre 2017<\/a><\/strong><span style=\"font-weight: 300;\">\u00a0(.pdf)<\/span><\/p>\n<ul>\n<li>Ce compte-rendu comprend le bilan annuel des dispositifs d\u2019initiative citoyenne enrichi des demandes de pr\u00e9cision des membres de la commission et comprenant le document d\u2019\u00e9valuation de la Ruche aux projets 2017 (annexe 3).<\/li>\n<\/ul>\n<\/li>\n<\/ul>\n<ul>\n<li><strong>Compte-Rendu de la 7\u00e8me r\u00e9union de la commission (9 mars 2018) :<\/strong><br \/>\n<strong><a href=\"http:\/\/cluq-grenoble.org\/WordPress\/wp-content\/uploads\/2017\/03\/CR-commission-du-9-mars-2018.pdf\">CR commission du 9 mars 2018<\/a><\/strong>\u00a0(.pdf)<\/p>\n<ul>\n<li>Dans ce compte-rendu, il est question d&#8217;<strong>\u00e9volutions majeures sur le dispositif d&#8217;interpellation et de votation citoyenne<\/strong>. La ville dit avoir entendu nos interrogations et d\u00e9bats et nous propose un\u00a0dispositif avec des changements importants concernant les seuils mais aussi une m\u00e9canique de prise en compte des n\u00e9gociations possibles entre les p\u00e9titionnaires et la mairie.<\/li>\n<li>M\u00e9canique propos\u00e9e :\n<ul>\n<li>Un <strong>seuil de signatures plus bas pour les p\u00e9titions qui permet un d\u00e9bat en conseil municipal<\/strong><\/li>\n<li>Possibilit\u00e9, si la Ville et le p\u00e9titionnaire le souhaitent, d\u2019<strong>une n\u00e9gociation<\/strong>.<\/li>\n<li>Un seuil de signatures plus haut pour les p\u00e9titions qui permet le d\u00e9clenchement d\u2019<strong>une votation sans seuil<\/strong>.<br \/>\nPartant<\/li>\n<li><a href=\"http:\/\/cluq-grenoble.org\/WordPress\/wp-content\/uploads\/2017\/03\/nouveau-sch\u00e9ma-du-dispositif-dinterpellation-citoyenne-9-mars-2018.jpg\"><img loading=\"lazy\" class=\"alignleft size-medium wp-image-3898\" src=\"http:\/\/cluq-grenoble.org\/WordPress\/wp-content\/uploads\/2017\/03\/nouveau-sch\u00e9ma-du-dispositif-dinterpellation-citoyenne-9-mars-2018-300x226.jpg\" alt=\"nouveau sch\u00e9ma du dispositif d'interpellation citoyenne - 9 mars 2018\" width=\"300\" height=\"226\" srcset=\"https:\/\/cluq-grenoble.org\/WordPress\/wp-content\/uploads\/2017\/03\/nouveau-sch\u00e9ma-du-dispositif-dinterpellation-citoyenne-9-mars-2018-300x226.jpg 300w, https:\/\/cluq-grenoble.org\/WordPress\/wp-content\/uploads\/2017\/03\/nouveau-sch\u00e9ma-du-dispositif-dinterpellation-citoyenne-9-mars-2018-397x300.jpg 397w, https:\/\/cluq-grenoble.org\/WordPress\/wp-content\/uploads\/2017\/03\/nouveau-sch\u00e9ma-du-dispositif-dinterpellation-citoyenne-9-mars-2018.jpg 966w\" sizes=\"(max-width: 300px) 100vw, 300px\" \/><\/a><\/li>\n<\/ul>\n<\/li>\n<\/ul>\n<\/li>\n<\/ul>\n<p>&nbsp;<\/p>\n<p>&nbsp;<\/p>\n<p>&nbsp;<\/p>\n<p>&nbsp;<\/p>\n<p>&nbsp;<\/p>\n<ul>\n<li><strong>Compte-Rendu de la 8\u00e8me r\u00e9union de la commission (27\u00a0juin 2018) :<br \/>\n<\/strong><\/p>\n<ul>\n<li><a href=\"http:\/\/cluq-grenoble.org\/WordPress\/wp-content\/uploads\/2017\/03\/CR-commission-du-27-juin-2018.pdf\">CR commission du 27 juin 2018<\/a>\u00a0(pdf)<\/li>\n<li>El\u00e9ments cl\u00e9s :\n<ul>\n<li>Bilan des \u00e9volutions mises en place pour le Budget Participatif 2018 suite \u00e0 nos pr\u00e9conisations<\/li>\n<li><b>Dispositif d&#8217;interpellation et de votation citoyenne :<br \/>\n<\/b>&#8220;Suite au recours du Pr\u00e9fet du 8 f\u00e9vrier 2016, le tribunal administratif de Grenoble a d\u00e9cid\u00e9 le 24 mai 2018 d\u2019annuler le dispositif d\u2019interpellation et de votation citoyenne.La Ville de Grenoble a fait appel de cette d\u00e9cision.&#8221;<\/li>\n<\/ul>\n<\/li>\n<\/ul>\n<\/li>\n<\/ul>\n<ul>\n<li><strong>Compte rendu du comit\u00e9 de pilotage du Budget Participatif du 23\/11\/2018<\/strong>\n<ul>\n<li><a href=\"http:\/\/cluq-grenoble.org\/WordPress\/wp-content\/uploads\/2017\/03\/copil-du-23112018.pdf\">copil du 23112018<\/a>\u00a0(pdf)<\/li>\n<\/ul>\n<\/li>\n<\/ul>\n<ul>\n<li><strong>Prochaine r\u00e9union de la commission : <span style=\"color: #0000ff;\">Jeudi 20 d\u00e9cembre 2018 &#8211; 18h30<\/span><\/strong><\/li>\n<\/ul>\n<hr \/>\n<p><a href=\"http:\/\/cluq-grenoble.org\/WordPress\/?p=2957\">Retour sur la page de la <strong>Commission D\u00e9mocratie Locale &amp; Participation<\/strong><\/a><\/p>\n","protected":false},"excerpt":{"rendered":"<p>Derni\u00e8re mise \u00e0 jour : 19\u00a0d\u00e9cembre 2018 Le conseil municipal<span class=\"more-link\"><a href=\"https:\/\/cluq-grenoble.org\/WordPress\/com-dlp\/com-evaluation-de-linitiative-citoyenne\/\">Lire la suite<\/a><\/span><\/p>\n","protected":false},"author":1,"featured_media":0,"parent":2957,"menu_order":0,"comment_status":"closed","ping_status":"open","template":"","meta":[],"_links":{"self":[{"href":"https:\/\/cluq-grenoble.org\/WordPress\/wp-json\/wp\/v2\/pages\/3125"}],"collection":[{"href":"https:\/\/cluq-grenoble.org\/WordPress\/wp-json\/wp\/v2\/pages"}],"about":[{"href":"https:\/\/cluq-grenoble.org\/WordPress\/wp-json\/wp\/v2\/types\/page"}],"author":[{"embeddable":true,"href":"https:\/\/cluq-grenoble.org\/WordPress\/wp-json\/wp\/v2\/users\/1"}],"replies":[{"embeddable":true,"href":"https:\/\/cluq-grenoble.org\/WordPress\/wp-json\/wp\/v2\/comments?post=3125"}],"version-history":[{"count":25,"href":"https:\/\/cluq-grenoble.org\/WordPress\/wp-json\/wp\/v2\/pages\/3125\/revisions"}],"predecessor-version":[{"id":4385,"href":"https:\/\/cluq-grenoble.org\/WordPress\/wp-json\/wp\/v2\/pages\/3125\/revisions\/4385"}],"up":[{"embeddable":true,"href":"https:\/\/cluq-grenoble.org\/WordPress\/wp-json\/wp\/v2\/pages\/2957"}],"wp:attachment":[{"href":"https:\/\/cluq-grenoble.org\/WordPress\/wp-json\/wp\/v2\/media?parent=3125"}],"curies":[{"name":"wp","href":"https:\/\/api.w.org\/{rel}","templated":true}]}}