{"id":330,"date":"2010-07-29T11:22:35","date_gmt":"2010-07-29T09:22:35","guid":{"rendered":"http:\/\/cluq-grenoble.org\/WordPress\/?page_id=330"},"modified":"2011-07-13T16:01:40","modified_gmt":"2011-07-13T14:01:40","slug":"expo-quais-ete-2009","status":"publish","type":"page","link":"https:\/\/cluq-grenoble.org\/WordPress\/groupes-de-travail-cluq\/donnees-libres-acces\/gt-grenoble-demain\/expo-quais-ete-2009\/","title":{"rendered":"Expo quais : \u00e9t\u00e9 2009"},"content":{"rendered":"<h4>Expo quais \u00e9t\u00e9 2009 &#8211; (Documents au format PDF)<\/h4>\n<ul>\n<li><a href=\"http:\/\/cluq-grenoble.org\/WordPress\/wp-content\/uploads\/2010\/07\/Compte-rendu-Com-Centre-ville-Prospectives-Urbainnes-22.04.09.pdf\">Compte-rendu Com Centre ville Prospectives Urbainnes 22.04.09<\/a><\/li>\n<li><a href=\"http:\/\/cluq-grenoble.org\/WordPress\/wp-content\/uploads\/2010\/07\/Affiche-visite-24.06.09B.pdf\">Affiche visite 24.06.09B<\/a><\/li>\n<li><a href=\"http:\/\/cluq-grenoble.org\/WordPress\/wp-content\/uploads\/2010\/07\/Compte-rendu-Com.-Centre-Ville-Prospectives-Urbaines-01.07.09.pdf\">Compte-rendu Com. Centre Ville Prospectives Urbaines 01.07.09<\/a><\/li>\n<li><a href=\"http:\/\/cluq-grenoble.org\/WordPress\/wp-content\/uploads\/2010\/07\/Compte-rendu-Com.-Centre-Ville-Prospectives-Urbaines-10.09.09.pdf\">Compte-rendu Com. Centre Ville Prospectives Urbaines 10.09.09<\/a><\/li>\n<\/ul>\n","protected":false},"excerpt":{"rendered":"<p>Expo quais \u00e9t\u00e9 2009 &#8211; (Documents au format PDF) Compte-rendu<span class=\"more-link\"><a href=\"https:\/\/cluq-grenoble.org\/WordPress\/groupes-de-travail-cluq\/donnees-libres-acces\/gt-grenoble-demain\/expo-quais-ete-2009\/\">Lire la suite<\/a><\/span><\/p>\n","protected":false},"author":1,"featured_media":0,"parent":30,"menu_order":9,"comment_status":"closed","ping_status":"open","template":"","meta":[],"_links":{"self":[{"href":"https:\/\/cluq-grenoble.org\/WordPress\/wp-json\/wp\/v2\/pages\/330"}],"collection":[{"href":"https:\/\/cluq-grenoble.org\/WordPress\/wp-json\/wp\/v2\/pages"}],"about":[{"href":"https:\/\/cluq-grenoble.org\/WordPress\/wp-json\/wp\/v2\/types\/page"}],"author":[{"embeddable":true,"href":"https:\/\/cluq-grenoble.org\/WordPress\/wp-json\/wp\/v2\/users\/1"}],"replies":[{"embeddable":true,"href":"https:\/\/cluq-grenoble.org\/WordPress\/wp-json\/wp\/v2\/comments?post=330"}],"version-history":[{"count":3,"href":"https:\/\/cluq-grenoble.org\/WordPress\/wp-json\/wp\/v2\/pages\/330\/revisions"}],"predecessor-version":[{"id":336,"href":"https:\/\/cluq-grenoble.org\/WordPress\/wp-json\/wp\/v2\/pages\/330\/revisions\/336"}],"up":[{"embeddable":true,"href":"https:\/\/cluq-grenoble.org\/WordPress\/wp-json\/wp\/v2\/pages\/30"}],"wp:attachment":[{"href":"https:\/\/cluq-grenoble.org\/WordPress\/wp-json\/wp\/v2\/media?parent=330"}],"curies":[{"name":"wp","href":"https:\/\/api.w.org\/{rel}","templated":true}]}}