{"id":343,"date":"2010-07-29T11:31:00","date_gmt":"2010-07-29T09:31:00","guid":{"rendered":"http:\/\/cluq-grenoble.org\/WordPress\/?page_id=343"},"modified":"2011-07-13T16:03:57","modified_gmt":"2011-07-13T14:03:57","slug":"specificite-coherence-calend-deb-2010","status":"publish","type":"page","link":"https:\/\/cluq-grenoble.org\/WordPress\/groupes-de-travail-cluq\/donnees-libres-acces\/gt-grenoble-demain\/specificite-coherence-calend-deb-2010\/","title":{"rendered":"Coh\u00e9rence : d\u00e9but 2010"},"content":{"rendered":"<h4>Sp\u00e9cificit\u00e9 Coh\u00e9rence d\u00e9but 2010 &#8211; (Documents au format PDF)<\/h4>\n<ul>\n<li><a href=\"http:\/\/cluq-grenoble.org\/WordPress\/wp-content\/uploads\/2010\/07\/Compte-rendu-Com.-Centre-Ville-Prospective-Urbaine-3.12\u2026.pdf\">Compte-rendu Com. Centre Ville Prospective Urbaine 3.12\u2026<\/a><\/li>\n<li><a href=\"http:\/\/cluq-grenoble.org\/WordPress\/wp-content\/uploads\/2010\/07\/lettre-\u00e0-M.-Destot-grands-projets-urbains-10.02.2010.pdf\">lettre \u00e0 M. Destot &#8211; grands projets urbains- 10.02.2010<\/a><\/li>\n<li><a href=\"http:\/\/cluq-grenoble.org\/WordPress\/wp-content\/uploads\/2010\/07\/lettre-\u00e0-M.-Destot-projet-quais-10.02.2010.pdf\">lettre \u00e0 M. Destot &#8211; projet quais- 10.02.2010<\/a><\/li>\n<li><a href=\"http:\/\/cluq-grenoble.org\/WordPress\/wp-content\/uploads\/2010\/07\/r\u00e9ponse-mairie.pdf\">r\u00e9ponse du Maire 15 mars 2010<\/a><\/li>\n<\/ul>\n","protected":false},"excerpt":{"rendered":"<p>Sp\u00e9cificit\u00e9 Coh\u00e9rence d\u00e9but 2010 &#8211; (Documents au format PDF) Compte-rendu<span class=\"more-link\"><a href=\"https:\/\/cluq-grenoble.org\/WordPress\/groupes-de-travail-cluq\/donnees-libres-acces\/gt-grenoble-demain\/specificite-coherence-calend-deb-2010\/\">Lire la suite<\/a><\/span><\/p>\n","protected":false},"author":1,"featured_media":0,"parent":30,"menu_order":11,"comment_status":"closed","ping_status":"open","template":"","meta":[],"_links":{"self":[{"href":"https:\/\/cluq-grenoble.org\/WordPress\/wp-json\/wp\/v2\/pages\/343"}],"collection":[{"href":"https:\/\/cluq-grenoble.org\/WordPress\/wp-json\/wp\/v2\/pages"}],"about":[{"href":"https:\/\/cluq-grenoble.org\/WordPress\/wp-json\/wp\/v2\/types\/page"}],"author":[{"embeddable":true,"href":"https:\/\/cluq-grenoble.org\/WordPress\/wp-json\/wp\/v2\/users\/1"}],"replies":[{"embeddable":true,"href":"https:\/\/cluq-grenoble.org\/WordPress\/wp-json\/wp\/v2\/comments?post=343"}],"version-history":[{"count":8,"href":"https:\/\/cluq-grenoble.org\/WordPress\/wp-json\/wp\/v2\/pages\/343\/revisions"}],"predecessor-version":[{"id":706,"href":"https:\/\/cluq-grenoble.org\/WordPress\/wp-json\/wp\/v2\/pages\/343\/revisions\/706"}],"up":[{"embeddable":true,"href":"https:\/\/cluq-grenoble.org\/WordPress\/wp-json\/wp\/v2\/pages\/30"}],"wp:attachment":[{"href":"https:\/\/cluq-grenoble.org\/WordPress\/wp-json\/wp\/v2\/media?parent=343"}],"curies":[{"name":"wp","href":"https:\/\/api.w.org\/{rel}","templated":true}]}}