{"id":3431,"date":"2017-06-22T09:13:49","date_gmt":"2017-06-22T07:13:49","guid":{"rendered":"http:\/\/cluq-grenoble.org\/WordPress\/?page_id=3431"},"modified":"2017-10-24T09:59:01","modified_gmt":"2017-10-24T07:59:01","slug":"ccspl-metropole","status":"publish","type":"page","link":"https:\/\/cluq-grenoble.org\/WordPress\/groupes-de-travail-cluq\/com-mutations-urbaines\/ccspl\/ccspl-metropole\/","title":{"rendered":"CCSPL &#8211; M\u00e9tropole"},"content":{"rendered":"<ul>\n<li><strong>Gestion des parkings en ouvrage m\u00e9tropolitains<\/strong> &#8211; <a href=\"http:\/\/cluq-grenoble.org\/WordPress\/wp-content\/uploads\/2017\/06\/Gestion-des-parkings-en-ouvrage-m\u00e9tropolitains-B-V2.pdf\" target=\"_blank\">Historique<\/a><\/li>\n<li><strong><span style=\"text-decoration: underline; color: #ff0000;\">R\u00e9union du 12 septembre 2017 <\/span><\/strong>&#8211; Pi\u00e8ces Jointes :\n<ul>\n<li><a href=\"http:\/\/cluq-grenoble.org\/WordPress\/wp-content\/uploads\/2017\/06\/presentation-Assainissement-CCSPL.pdf\">presentation-Assainissement-CCSPL<\/a><\/li>\n<li><a href=\"http:\/\/cluq-grenoble.org\/WordPress\/wp-content\/uploads\/2017\/06\/RPQS-Assainissement-2017.pdf\">RPQS-Assainissement-2017<\/a><\/li>\n<li><a href=\"http:\/\/cluq-grenoble.org\/WordPress\/wp-content\/uploads\/2017\/06\/Synth\u00e8se-assainssement.pdf\">Synth\u00e8se-assainssement<\/a><\/li>\n<li><a href=\"http:\/\/cluq-grenoble.org\/WordPress\/wp-content\/uploads\/2017\/06\/Analyse-gestion-eau-CCSPL.pdf\">Analyse-gestion-eau-CCSPL<\/a><\/li>\n<li><a href=\"http:\/\/cluq-grenoble.org\/WordPress\/wp-content\/uploads\/2017\/06\/presentation-eau-CCSPL-12_09.pdf\">presentation-eau-CCSPL-12_09<\/a><\/li>\n<\/ul>\n<\/li>\n<li><strong><span style=\"text-decoration: underline; color: #ff0000;\">R\u00e9union du 3 octobre 2017<\/span><\/strong> &#8211; <a href=\"http:\/\/cluq-grenoble.org\/WordPress\/wp-content\/uploads\/2017\/06\/CVC-CCSPL-ville-de-grenoble-3-oct-2017.pdf\" target=\"_blank\">Convocation &#8211; Ordre du Jour<\/a>\n<ul>\n<li>Rapport du d\u00e9l\u00e9gataire\n<ul>\n<li>Alpexpo : <a href=\"http:\/\/cluq-grenoble.org\/WordPress\/wp-content\/uploads\/2017\/06\/SPL-Alpexpo-Rapport-du-delegataire-2016.pdf\">SPL Alpexpo Rapport du d\u00e9l\u00e9gataire 2016<\/a><\/li>\n<li>MIXLAB : <a href=\"http:\/\/cluq-grenoble.org\/WordPress\/wp-content\/uploads\/2017\/06\/Rapport-du-d\u00e9l\u00e9gataire-MixLab-2016.pdf\">Rapport du d\u00e9l\u00e9gataire MixLab 2016<\/a><\/li>\n<\/ul>\n<\/li>\n<li>Rapports d&#8217;activit\u00e9\n<ul>\n<li>ACTIS : <a href=\"http:\/\/cluq-grenoble.org\/WordPress\/wp-content\/uploads\/2017\/06\/ACTIS-Rapport-dactivit\u00e9-2016.pdf\">ACTIS Rapport d&#8217;activit\u00e9 2016<\/a><\/li>\n<li>T\u00e9l\u00e9ph\u00e9rique : <a href=\"http:\/\/cluq-grenoble.org\/WordPress\/wp-content\/uploads\/2017\/06\/R\u00e9gie-du-T\u00e9l\u00e9ph\u00e9rique-Rapport-activite-2016.pdf\">R\u00e9gie du T\u00e9l\u00e9ph\u00e9rique Rapport activite 2016<\/a><\/li>\n<\/ul>\n<\/li>\n<li><span style=\"text-decoration: underline;\">\u00a0<strong>Compte-rendu :<\/strong><\/span>\n<ul>\n<li><a href=\"http:\/\/cluq-grenoble.org\/WordPress\/wp-content\/uploads\/2017\/06\/CR-CCSPL-3-10-17.pdf\">CR CCSPL 3-10-17<\/a><\/li>\n<li><a href=\"http:\/\/cluq-grenoble.org\/WordPress\/wp-content\/uploads\/2017\/06\/CCSPL-3-10-2017-La-Belle-\u00e9lectrique-2016-Mixlab.pptx\">CCSPL 3 10 2017 &#8211; La Belle \u00e9lectrique 2016 &#8211; Mixlab<\/a><\/li>\n<li><a href=\"http:\/\/cluq-grenoble.org\/WordPress\/wp-content\/uploads\/2017\/06\/CCSPL-3-10-2017-DCG-PRES-RAP-ACTIVITE-ACTIS.ppt\">CCSPL 3 10 2017 DCG PRES RAP ACTIVITE ACTIS<\/a><\/li>\n<li><a href=\"http:\/\/cluq-grenoble.org\/WordPress\/wp-content\/uploads\/2017\/06\/CCSPL-DCG-Pr\u00e9sentation-activit\u00e9-R\u00e9gie-du-T\u00e9l\u00e9ph\u00e9rique.ppt\">CCSPL DCG Pr\u00e9sentation activit\u00e9 R\u00e9gie du T\u00e9l\u00e9ph\u00e9rique<\/a><\/li>\n<li><a href=\"http:\/\/cluq-grenoble.org\/WordPress\/wp-content\/uploads\/2017\/06\/CCSPL-DCG-Pr\u00e9sentation-comptes-2016-SPL-Alpexpo.ppt\">CCSPL DCG Pr\u00e9sentation comptes 2016 SPL Alpexpo<\/a><\/li>\n<li><a href=\"http:\/\/cluq-grenoble.org\/WordPress\/wp-content\/uploads\/2017\/06\/Etat-de-pr\u00e9sence-3-10.pdf\">Etat de pr\u00e9sence 3-10<\/a><\/li>\n<\/ul>\n<\/li>\n<\/ul>\n<\/li>\n<\/ul>\n","protected":false},"excerpt":{"rendered":"<p>Gestion des parkings en ouvrage m\u00e9tropolitains &#8211; Historique R\u00e9union du<span class=\"more-link\"><a href=\"https:\/\/cluq-grenoble.org\/WordPress\/groupes-de-travail-cluq\/com-mutations-urbaines\/ccspl\/ccspl-metropole\/\">Lire la suite<\/a><\/span><\/p>\n","protected":false},"author":1,"featured_media":0,"parent":3426,"menu_order":0,"comment_status":"closed","ping_status":"open","template":"","meta":[],"_links":{"self":[{"href":"https:\/\/cluq-grenoble.org\/WordPress\/wp-json\/wp\/v2\/pages\/3431"}],"collection":[{"href":"https:\/\/cluq-grenoble.org\/WordPress\/wp-json\/wp\/v2\/pages"}],"about":[{"href":"https:\/\/cluq-grenoble.org\/WordPress\/wp-json\/wp\/v2\/types\/page"}],"author":[{"embeddable":true,"href":"https:\/\/cluq-grenoble.org\/WordPress\/wp-json\/wp\/v2\/users\/1"}],"replies":[{"embeddable":true,"href":"https:\/\/cluq-grenoble.org\/WordPress\/wp-json\/wp\/v2\/comments?post=3431"}],"version-history":[{"count":12,"href":"https:\/\/cluq-grenoble.org\/WordPress\/wp-json\/wp\/v2\/pages\/3431\/revisions"}],"predecessor-version":[{"id":3593,"href":"https:\/\/cluq-grenoble.org\/WordPress\/wp-json\/wp\/v2\/pages\/3431\/revisions\/3593"}],"up":[{"embeddable":true,"href":"https:\/\/cluq-grenoble.org\/WordPress\/wp-json\/wp\/v2\/pages\/3426"}],"wp:attachment":[{"href":"https:\/\/cluq-grenoble.org\/WordPress\/wp-json\/wp\/v2\/media?parent=3431"}],"curies":[{"name":"wp","href":"https:\/\/api.w.org\/{rel}","templated":true}]}}