{"id":3919,"date":"2018-06-21T22:53:03","date_gmt":"2018-06-21T20:53:03","guid":{"rendered":"http:\/\/cluq-grenoble.org\/WordPress\/?page_id=3919"},"modified":"2018-11-23T01:44:01","modified_gmt":"2018-11-22T23:44:01","slug":"jeux-dhiver-et-varies-expo-dart-contemporain","status":"publish","type":"page","link":"https:\/\/cluq-grenoble.org\/WordPress\/groupes-de-travail-cluq\/com-animation\/jeux-dhiver-et-varies-expo-dart-contemporain\/","title":{"rendered":"Jeux d&#8217;Hiver et vari\u00e9s : Expo d&#8217;art contemporain"},"content":{"rendered":"<p><a href=\"http:\/\/cluq-grenoble.org\/WordPress\/wp-content\/uploads\/2018\/06\/Affiche-finale.jpg\"><img loading=\"lazy\" class=\"alignleft wp-image-4078 size-full\" src=\"http:\/\/cluq-grenoble.org\/WordPress\/wp-content\/uploads\/2018\/06\/Affiche-finale.jpg\" alt=\"Affiche finale\" width=\"734\" height=\"1023\" srcset=\"https:\/\/cluq-grenoble.org\/WordPress\/wp-content\/uploads\/2018\/06\/Affiche-finale.jpg 734w, https:\/\/cluq-grenoble.org\/WordPress\/wp-content\/uploads\/2018\/06\/Affiche-finale-215x300.jpg 215w\" sizes=\"(max-width: 734px) 100vw, 734px\" \/><\/a><\/p>\n<p>&nbsp;<\/p>\n<p><a href=\"http:\/\/cluq-grenoble.org\/WordPress\/?p=3933\"><img loading=\"lazy\" class=\"aligncenter wp-image-3033 size-full\" src=\"http:\/\/cluq-grenoble.org\/WordPress\/wp-content\/uploads\/2017\/03\/Bouton-Actualit\u00e9s.jpg\" alt=\"Bouton Actualit\u00e9s\" width=\"237\" height=\"109\" \/><\/a><\/p>\n<h1><span style=\"color: #000080;\">\u00a0\u00a0\u00a0\u00a0\u00a0\u00a0\u00a0\u00a0\u00a0\u00a0\u00a0\u00a0\u00a0\u00a0\u00a0\u00a0\u00a0\u00a0\u00a0\u00a0\u00a0\u00a0\u00a0\u00a0\u00a0\u00a0\u00a0\u00a0\u00a0\u00a0\u00a0\u00a0\u00a0\u00a0\u00a0\u00a0\u00a0\u00a0\u00a0\u00a0\u00a0\u00a0\u00a0\u00a0 <strong>Jeux d\u2019Hiver et vari\u00e9s<\/strong><\/span><\/h1>\n<p style=\"text-align: justify;\">Afin de promouvoir la cr\u00e9ation artistique dans notre M\u00e9tropole, la Commission Culture\/Animation, commune au <strong>CLUQ<\/strong> (Comit\u00e9 de liaison des Unions de Quartier) et \u00e0 <strong>LAHGGLO<\/strong> (Associations d\u2019Habitants du grand Grenoble) organise, pour la deuxi\u00e8me ann\u00e9e cons\u00e9cutive, une grande exposition d\u2019art contemporain, \u00e0 l\u2019ancien Mus\u00e9e-Biblioth\u00e8que, place de Verdun, avec le soutien de la Ville de Grenoble.<\/p>\n<p style=\"text-align: justify;\">Cette exposition se d\u00e9roulera du 5 au\u00a016 d\u00e9cembre, sur le th\u00e8me <strong>\u00ab\u00a0Jeux d\u2019Hiver et vari\u00e9s\u00a0\u00bb.<\/strong><\/p>\n<ul>\n<li style=\"text-align: justify;\">Les Unions de Quartier invitent 4 artistes de large notori\u00e9t\u00e9: <strong><a href=\"http:\/\/cluq-grenoble.org\/WordPress\/?p=3993\">Christine Barbe<\/a>, <a href=\"http:\/\/cluq-grenoble.org\/WordPress\/?p=4053\">Fabrice Croux<\/a>, <a href=\"http:\/\/cluq-grenoble.org\/WordPress\/?p=4068\">Pierre Gaudu<\/a> et <a href=\"http:\/\/cluq-grenoble.org\/WordPress\/?p=4024\">David Lefebvre<\/a><\/strong>, qui ont accept\u00e9 de \u00ab\u00a0parrainer\u00a0\u00bb l\u2019exposition et pr\u00e9senteront leurs \u0153uvres dans la salle<strong> Matisse, <\/strong>faisant ainsi office de \u00ab\u00a0phare de la cr\u00e9ation\u00a0\u00bb. Le comit\u00e9 d\u2019organisation tient \u00e0 les remercier particuli\u00e8rement pour leur contribution.<\/li>\n<\/ul>\n<ul>\n<li style=\"text-align: justify;\">Dans la grande salle de la<strong> Biblioth\u00e8que<\/strong>, les artistes plasticiens de notre M\u00e9tropole, auront la possibilit\u00e9 de pr\u00e9senter leurs \u0153uvres, suite \u00e0 une s\u00e9lection pr\u00e9alable\u00a0: peintures, photos, vid\u00e9os, sculptures, installations, performances etc.<\/li>\n<\/ul>\n<p style=\"text-align: justify;\">\u00a0Un appel \u00e0 participation est lanc\u00e9 sur internet (Facebook; sites du CLUQ et de LAHGGLO\u00a0; messagerie), ouvert \u00e0 tous les artistes de la M\u00e9tropole qui le souhaitent. La date de cl\u00f4ture des inscriptions a \u00e9t\u00e9 fix\u00e9e au 14\u00a0octobre. \u00a0Il s\u2019agit d\u2019envoyer un texte de quelques lignes pour pr\u00e9senter leur travail ainsi qu\u2019une \u00e0 trois photos, illustrant leurs \u0153uvres et faisant r\u00e9f\u00e9rence au th\u00e8me choisi. Pour des raisons de s\u00e9curit\u00e9 et de place, les photographies et peintures devront \u00a0avoir un format minimum de 30 x 40cm et un format maximum de 1m x 1m. Les petites sculptures, risquant d\u2019\u00eatre d\u00e9rob\u00e9es, devront \u00eatre scell\u00e9es sur un pi\u00e9destal. Les candidatures devront nous parvenir \u00e0 l\u2019adresse suivante\u00a0: <span style=\"color: #0000ff;\"><strong>contact.expo.jeuxdhiver@orange.fr<\/strong><\/span><\/p>\n<p style=\"text-align: justify;\"><em>(Indiquer\u00a0: nom, pr\u00e9nom, pseudo, adresse compl\u00e8te, num\u00e9ros de t\u00e9l\u00e9phone, messagerie, site)\u00a0 \u00a0\u00a0<\/em><\/p>\n<p style=\"text-align: justify;\">A partir du 15 octobre, un comit\u00e9 de pilotage compos\u00e9 de diverses personnalit\u00e9s du monde de l\u2019art et des Unions de Quartier, s\u00e9lectionnera les artistes et les \u0153uvres retenues. Les r\u00e9sultats seront communiqu\u00e9s fin octobre.<\/p>\n<p style=\"text-align: justify;\">Les membres faisant partie de ce comit\u00e9 sont les suivants\u00a0: Laurence Huault Nesme (directrice du Mus\u00e9e H\u00e9bert), Val\u00e9rie Lagier (conservatrice en chef, au Mus\u00e9e de peinture de Grenoble), Sylvie Berthemy (collectionneuse et pr\u00e9sidente des amis du Magasin), Jean Serroy (professeur, \u00e9crivain et journaliste), Jean-Jacques Mazet (Eaux Claires; organisateur d\u2019\u00e9v\u00e9nements), Marie-Christine Simiand (vice-pr\u00e9sidente de LAHGGLO) et Gis\u00e8le Lipovetsky (vice-pr\u00e9sidente du CLUQ).<\/p>\n<p style=\"text-align: justify;\">En fin d\u2019exposition, des prix seront attribu\u00e9s aux artistes laur\u00e9ats, d\u00e9cern\u00e9s par le public et le jury.<\/p>\n<hr \/>\n<p style=\"text-align: center;\"><strong><span style=\"color: #333399;\">Th\u00e8me 2018<\/span><\/strong><\/p>\n<p style=\"text-align: center;\"><a href=\"http:\/\/cluq-grenoble.org\/WordPress\/wp-content\/uploads\/2018\/06\/Titre.jpg\"><img loading=\"lazy\" class=\"aligncenter wp-image-3925 size-full\" src=\"http:\/\/cluq-grenoble.org\/WordPress\/wp-content\/uploads\/2018\/06\/Titre.jpg\" alt=\"Titre\" width=\"572\" height=\"142\" srcset=\"https:\/\/cluq-grenoble.org\/WordPress\/wp-content\/uploads\/2018\/06\/Titre.jpg 572w, https:\/\/cluq-grenoble.org\/WordPress\/wp-content\/uploads\/2018\/06\/Titre-300x74.jpg 300w, https:\/\/cluq-grenoble.org\/WordPress\/wp-content\/uploads\/2018\/06\/Titre-500x124.jpg 500w\" sizes=\"(max-width: 572px) 100vw, 572px\" \/><\/a><\/p>\n<hr \/>\n<p>Grenoble se mobilise cette ann\u00e9e pour c\u00e9l\u00e9brer le cinquantenaire des Jeux Olympiques. L\u2019occasion \u00e9tait trop belle pour ne pas inciter les artistes de notre M\u00e9tropole \u00e0 contribuer, selon leur propre sensibilit\u00e9, \u00e0 cet \u00e9v\u00e9nement.<\/p>\n<p style=\"text-align: justify;\">D\u2019o\u00f9 ces <strong>\u00ab\u00a0Jeux d\u2019Hiver\u00a0et vari\u00e9s \u00bb<\/strong> que nous proposons cette ann\u00e9e comme th\u00e8me, au Mus\u00e9e-Biblioth\u00e8que, place de Verdun, Grenoble. \u00ab\u00a0Jeux d\u2019hiver\u00a0\u00bb, en clin d\u2019\u0153il \u00e9vident aux Jeux Olympiques d\u2019Hiver de Grenoble mais aussi des \u00ab\u00a0Jeux vari\u00e9s\u00a0\u00bb, plus malicieux, parce que l\u2019art lui-m\u00eame entretient des liens intimes avec le ph\u00e9nom\u00e8ne du jeu\u00a0: jeu avec la v\u00e9rit\u00e9, jeu avec le monde, jeu avec les formes. Et l\u2019art ne serait-il pas, \u00e0 cet \u00e9gard, la plus haute puissance du jeu\u00a0?<\/p>\n<p style=\"text-align: justify;\">A l\u2019occasion de ces Jeux d\u2019Hiver, les athl\u00e8tes doivent repousser de plus en plus loin leurs limites. Mais de m\u00eame qu\u2019il n\u2019y a pas d\u2019\u00e9preuve sportive sans d\u00e9passement de soi, de m\u00eame dans le domaine de la cr\u00e9ation contemporaine, il n\u2019est point d\u2019art sans esprit de surpassement. Simplement, ce sont les artistes et non plus les sportifs, auxquels on demande ici de se d\u00e9passer.<\/p>\n<p style=\"text-align: justify;\">Glisser, slalomer, sauter, s\u2019envoler, \u00ab\u00a0ma\u00eetriser le chaos que l\u2019on est\u00a0\u00bb (Nietzsche) autant d\u2019activit\u00e9s susceptibles d\u2019inspirer la cr\u00e9ation et qui peuvent \u00eatre, de surcro\u00eet, des m\u00e9taphores du travail de l\u2019art, de sa puissance et de son ludisme cr\u00e9atif. Le jeu ma\u00eetris\u00e9 devient une exigence et un id\u00e9al, tant pour l\u2019athl\u00e8te, ma\u00eetre de son corps et de ses gestes, que pour l\u2019artiste, ma\u00eetre de ses formes et construisant son style. Activit\u00e9 sportive, activit\u00e9 artistique\u00a0: ce sont bien des jeux divers, des jeux similaires et diff\u00e9rents, d\u2019une certaine mani\u00e8re en jeu, pour notre plus grand plaisir.<\/p>\n<p style=\"text-align: justify;\">Alors, que la f\u00eate des jeux commence\u2026 Et que le bonheur du spectacle des corps artistiques, sur la neige et sur la glace, se retrouve au travers des jeux de l\u2019art, de la puissance des formes cr\u00e9atives, de l\u2019imaginaire des hivers et de la performance.<\/p>\n","protected":false},"excerpt":{"rendered":"<p>&nbsp; \u00a0\u00a0\u00a0\u00a0\u00a0\u00a0\u00a0\u00a0\u00a0\u00a0\u00a0\u00a0\u00a0\u00a0\u00a0\u00a0\u00a0\u00a0\u00a0\u00a0\u00a0\u00a0\u00a0\u00a0\u00a0\u00a0\u00a0\u00a0\u00a0\u00a0\u00a0\u00a0\u00a0\u00a0\u00a0\u00a0\u00a0\u00a0\u00a0\u00a0\u00a0\u00a0\u00a0\u00a0 Jeux d\u2019Hiver et vari\u00e9s Afin de promouvoir la<span class=\"more-link\"><a href=\"https:\/\/cluq-grenoble.org\/WordPress\/groupes-de-travail-cluq\/com-animation\/jeux-dhiver-et-varies-expo-dart-contemporain\/\">Lire la suite<\/a><\/span><\/p>\n","protected":false},"author":1,"featured_media":0,"parent":1377,"menu_order":0,"comment_status":"closed","ping_status":"open","template":"","meta":[],"_links":{"self":[{"href":"https:\/\/cluq-grenoble.org\/WordPress\/wp-json\/wp\/v2\/pages\/3919"}],"collection":[{"href":"https:\/\/cluq-grenoble.org\/WordPress\/wp-json\/wp\/v2\/pages"}],"about":[{"href":"https:\/\/cluq-grenoble.org\/WordPress\/wp-json\/wp\/v2\/types\/page"}],"author":[{"embeddable":true,"href":"https:\/\/cluq-grenoble.org\/WordPress\/wp-json\/wp\/v2\/users\/1"}],"replies":[{"embeddable":true,"href":"https:\/\/cluq-grenoble.org\/WordPress\/wp-json\/wp\/v2\/comments?post=3919"}],"version-history":[{"count":27,"href":"https:\/\/cluq-grenoble.org\/WordPress\/wp-json\/wp\/v2\/pages\/3919\/revisions"}],"predecessor-version":[{"id":4091,"href":"https:\/\/cluq-grenoble.org\/WordPress\/wp-json\/wp\/v2\/pages\/3919\/revisions\/4091"}],"up":[{"embeddable":true,"href":"https:\/\/cluq-grenoble.org\/WordPress\/wp-json\/wp\/v2\/pages\/1377"}],"wp:attachment":[{"href":"https:\/\/cluq-grenoble.org\/WordPress\/wp-json\/wp\/v2\/media?parent=3919"}],"curies":[{"name":"wp","href":"https:\/\/api.w.org\/{rel}","templated":true}]}}