{"id":3993,"date":"2018-11-22T23:37:54","date_gmt":"2018-11-22T21:37:54","guid":{"rendered":"http:\/\/cluq-grenoble.org\/WordPress\/?page_id=3993"},"modified":"2018-11-23T01:26:10","modified_gmt":"2018-11-22T23:26:10","slug":"christine-barbe","status":"publish","type":"page","link":"https:\/\/cluq-grenoble.org\/WordPress\/groupes-de-travail-cluq\/com-animation\/jeux-dhiver-et-varies-expo-dart-contemporain\/christine-barbe\/","title":{"rendered":"Christine Barbe"},"content":{"rendered":"<div id=\"metaslider-id-3994\" style=\"max-width: 700px;\" class=\"ml-slider-3-20-3 metaslider metaslider-flex metaslider-3994 ml-slider\">\n    <div id=\"metaslider_container_3994\">\n        <div id=\"metaslider_3994\">\n            <ul aria-live=\"polite\" class=\"slides\">\n                <li style=\"display: block; width: 100%;\" class=\"slide-4003 ms-image\"><img src=\"https:\/\/cluq-grenoble.org\/WordPress\/wp-content\/uploads\/2018\/11\/Paysages-de-neige-calcin\u00e9s-700x700.jpg\" height=\"700\" width=\"700\" alt=\"\" class=\"slider-3994 slide-4003\" title=\"Paysages de neige calcin\u00e9s\" \/><div class=\"caption-wrap\"><div class=\"caption\">Peinture \ns\u00e9rie : \u00ab paysages de neige calcin\u00e9s \u00bb\ntechniques mixtes et rehauts d'encre sur impression photographique sur toile 120x 160<\/div><\/div><\/li>\n                <li style=\"display: none; width: 100%;\" class=\"slide-4004 ms-image\"><img src=\"https:\/\/cluq-grenoble.org\/WordPress\/wp-content\/uploads\/2018\/11\/Vue-de-l\u2019exposition-Christine-Barbe-L\u00e0-bas-\u2013-Down-1-700x700.jpg\" height=\"700\" width=\"700\" alt=\"\" class=\"slider-3994 slide-4004\" title=\"Vue de l\u2019exposition Christine Barbe, L\u00e0-bas \u2013 Down - 1\" \/><div class=\"caption-wrap\"><div class=\"caption\">Vue de l\u2019exposition Christine Barbe, L\u00e0-bas \u2013 Down There. Galerie Eric Mouchet, 2018\n\u00a9 Rebecca Fanuele<\/div><\/div><\/li>\n                <li style=\"display: none; width: 100%;\" class=\"slide-4005 ms-image\"><img src=\"https:\/\/cluq-grenoble.org\/WordPress\/wp-content\/uploads\/2018\/11\/Vue-de-l\u2019exposition-Christine-Barbe-L\u00e0-bas-\u2013-Down-2-700x700.jpg\" height=\"700\" width=\"700\" alt=\"\" class=\"slider-3994 slide-4005\" title=\"Vue de l\u2019exposition Christine Barbe, L\u00e0-bas \u2013 Down - 2\" \/><div class=\"caption-wrap\"><div class=\"caption\">Vue de l\u2019exposition Christine Barbe, L\u00e0-bas \u2013 Down There. Galerie Eric Mouchet, 2018\n\u00a9 Rebecca Fanuele<\/div><\/div><\/li>\n                <li style=\"display: none; width: 100%;\" class=\"slide-4006 ms-image\"><img src=\"https:\/\/cluq-grenoble.org\/WordPress\/wp-content\/uploads\/2018\/11\/Vue-de-l\u2019exposition-Christine-Barbe-L\u00e0-bas-\u2013-Down-3-700x700.jpg\" height=\"700\" width=\"700\" alt=\"\" class=\"slider-3994 slide-4006\" title=\"Vue de l\u2019exposition Christine Barbe, L\u00e0-bas \u2013 Down - 3\" \/><div class=\"caption-wrap\"><div class=\"caption\">Vue de l\u2019exposition Christine Barbe, L\u00e0-bas \u2013 Down There Galerie Eric Mouchet, 2018\n\u00a9 Rebecca Fanuele<\/div><\/div><\/li>\n                <li style=\"display: none; width: 100%;\" class=\"slide-4007 ms-image\"><img src=\"https:\/\/cluq-grenoble.org\/WordPress\/wp-content\/uploads\/2018\/11\/cr\u00e9ature-700x700.jpg\" height=\"700\" width=\"700\" alt=\"\" class=\"slider-3994 slide-4007\" title=\"cr\u00e9ature\" \/><div class=\"caption-wrap\"><div class=\"caption\">Dessin. \u00ab cr\u00e9ature \u00bb. Taupe. \ns\u00e9rie : L\u00e0-bas - Down There\ntechniques mixtes et rehauts d'encre sur impression photographique sur papier 21 x 29 cm\nPi\u00e8ce unique <\/div><\/div><\/li>\n                <li style=\"display: none; width: 100%;\" class=\"slide-4008 ms-image\"><img src=\"https:\/\/cluq-grenoble.org\/WordPress\/wp-content\/uploads\/2018\/11\/L\u00e0-bas-Down-There-1-700x700.jpg\" height=\"700\" width=\"700\" alt=\"\" class=\"slider-3994 slide-4008\" title=\"L\u00e0-bas - Down There - 1\" \/><div class=\"caption-wrap\"><div class=\"caption\">Peinture \ns\u00e9rie : L\u00e0-bas - Down There\ntechniques mixtes et rehauts d'encre sur impression photographique sur toile 200 x 200<\/div><\/div><\/li>\n                <li style=\"display: none; width: 100%;\" class=\"slide-4009 ms-image\"><img src=\"https:\/\/cluq-grenoble.org\/WordPress\/wp-content\/uploads\/2018\/11\/L\u00e0-bas-Down-There-2-700x700.jpg\" height=\"700\" width=\"700\" alt=\"\" class=\"slider-3994 slide-4009\" title=\"L\u00e0-bas - Down There - 2\" \/><div class=\"caption-wrap\"><div class=\"caption\">Peinture \ns\u00e9rie : L\u00e0-bas - Down There\ntechniques mixtes et rehauts d'encre sur impression photographique sur toile 180x 135<\/div><\/div><\/li>\n                <li style=\"display: none; width: 100%;\" class=\"slide-4010 ms-image\"><img src=\"https:\/\/cluq-grenoble.org\/WordPress\/wp-content\/uploads\/2018\/11\/L\u00e0-bas-Down-There-3-700x700.jpg\" height=\"700\" width=\"700\" alt=\"\" class=\"slider-3994 slide-4010\" title=\"L\u00e0-bas - Down There - 3\" \/><div class=\"caption-wrap\"><div class=\"caption\">Peinture \ns\u00e9rie : L\u00e0-bas - Down There\ntechniques mixtes et rehauts d'encre sur impression photographique sur toile 180 x 135<\/div><\/div><\/li>\n            <\/ul>\n        <\/div>\n        \n    <\/div>\n<\/div>\n<p>&#8220;Le travail de Christine Barbe est prot\u00e9iforme. Comme nombre de ses contemporains, elle \u00a0a su constamment s\u2019adapter aux nouveaux m\u00e9diums. Son propos est \u00a0transpos\u00e9 de diverses mani\u00e8res alliant \u00a0la vid\u00e9o, le dessin, la peinture et la photographie.<\/p>\n<p>L\u2019\u0153uvre de Christine Barbe parle de l\u2019emp\u00eachement. Elle parle de la difficult\u00e9 de s\u2019actualiser en tant qu\u2019\u00eatre social, dans un monde auquel on nous demande d\u2019appartenir et de participer. Elle parle\u00a0aussi de la fonci\u00e8re inhospitalit\u00e9 de tout lieu dans lequel on arrive comme \u00e9tranger, d\u2019y trouver sa place et son champ de vie. &#8221;<\/p>\n<ul>\n<li><a href=\"http:\/\/www.christinebarbe.com\/\">http:\/\/www.christinebarbe.com\/<\/a><\/li>\n<li><a href=\"http:\/\/www.christinebarbe.com\/cv\/\">http:\/\/www.christinebarbe.com\/cv\/<\/a><\/li>\n<\/ul>\n<p><strong>\u00a0Entretien avec Christine Barbe<\/strong> :\u00a0<a href=\"http:\/\/cluq-grenoble.org\/WordPress\/wp-content\/uploads\/2018\/11\/Entretien-avec-Christine-Barbe.pdf\">Entretien avec Christine Barbe<\/a>\u00a0(pdf)<\/p>\n<p><a href=\"http:\/\/cluq-grenoble.org\/WordPress\/?p=3919\">\u00a0retour \u00e0 la page pr\u00e9c\u00e9dente<\/a><\/p>\n","protected":false},"excerpt":{"rendered":"<p>&#8220;Le travail de Christine Barbe est prot\u00e9iforme. Comme nombre de<span class=\"more-link\"><a href=\"https:\/\/cluq-grenoble.org\/WordPress\/groupes-de-travail-cluq\/com-animation\/jeux-dhiver-et-varies-expo-dart-contemporain\/christine-barbe\/\">Lire la suite<\/a><\/span><\/p>\n","protected":false},"author":1,"featured_media":0,"parent":3919,"menu_order":0,"comment_status":"closed","ping_status":"open","template":"","meta":[],"_links":{"self":[{"href":"https:\/\/cluq-grenoble.org\/WordPress\/wp-json\/wp\/v2\/pages\/3993"}],"collection":[{"href":"https:\/\/cluq-grenoble.org\/WordPress\/wp-json\/wp\/v2\/pages"}],"about":[{"href":"https:\/\/cluq-grenoble.org\/WordPress\/wp-json\/wp\/v2\/types\/page"}],"author":[{"embeddable":true,"href":"https:\/\/cluq-grenoble.org\/WordPress\/wp-json\/wp\/v2\/users\/1"}],"replies":[{"embeddable":true,"href":"https:\/\/cluq-grenoble.org\/WordPress\/wp-json\/wp\/v2\/comments?post=3993"}],"version-history":[{"count":9,"href":"https:\/\/cluq-grenoble.org\/WordPress\/wp-json\/wp\/v2\/pages\/3993\/revisions"}],"predecessor-version":[{"id":4076,"href":"https:\/\/cluq-grenoble.org\/WordPress\/wp-json\/wp\/v2\/pages\/3993\/revisions\/4076"}],"up":[{"embeddable":true,"href":"https:\/\/cluq-grenoble.org\/WordPress\/wp-json\/wp\/v2\/pages\/3919"}],"wp:attachment":[{"href":"https:\/\/cluq-grenoble.org\/WordPress\/wp-json\/wp\/v2\/media?parent=3993"}],"curies":[{"name":"wp","href":"https:\/\/api.w.org\/{rel}","templated":true}]}}