{"id":4024,"date":"2018-11-23T00:51:44","date_gmt":"2018-11-22T22:51:44","guid":{"rendered":"http:\/\/cluq-grenoble.org\/WordPress\/?page_id=4024"},"modified":"2018-11-23T01:27:11","modified_gmt":"2018-11-22T23:27:11","slug":"david-lefebvre","status":"publish","type":"page","link":"https:\/\/cluq-grenoble.org\/WordPress\/groupes-de-travail-cluq\/com-animation\/jeux-dhiver-et-varies-expo-dart-contemporain\/david-lefebvre\/","title":{"rendered":"David Lefebvre"},"content":{"rendered":"<div id=\"metaslider-id-4025\" style=\"max-width: 700px;\" class=\"ml-slider-3-20-3 metaslider metaslider-flex metaslider-4025 ml-slider\">\n    <div id=\"metaslider_container_4025\">\n        <div id=\"metaslider_4025\">\n            <ul aria-live=\"polite\" class=\"slides\">\n                <li style=\"display: block; width: 100%;\" class=\"slide-4037 ms-image\"><img src=\"https:\/\/cluq-grenoble.org\/WordPress\/wp-content\/uploads\/2018\/11\/IMG_0461-480x480.jpg\" height=\"700\" width=\"700\" alt=\"\" class=\"slider-4025 slide-4037\" title=\"IMG_0461\" \/><\/li>\n                <li style=\"display: none; width: 100%;\" class=\"slide-4038 ms-image\"><img src=\"https:\/\/cluq-grenoble.org\/WordPress\/wp-content\/uploads\/2018\/11\/banane-huile-sur-toile-150-x-150-cm-2015-700x700.jpg\" height=\"700\" width=\"700\" alt=\"\" class=\"slider-4025 slide-4038\" title=\"banane, huile sur toile, 150 x 150 cm, 2015\" \/><\/li>\n                <li style=\"display: none; width: 100%;\" class=\"slide-4039 ms-image\"><img src=\"https:\/\/cluq-grenoble.org\/WordPress\/wp-content\/uploads\/2018\/11\/IMG_0456-480x480.jpg\" height=\"700\" width=\"700\" alt=\"\" class=\"slider-4025 slide-4039\" title=\"IMG_0456\" \/><\/li>\n                <li style=\"display: none; width: 100%;\" class=\"slide-4040 ms-image\"><img src=\"https:\/\/cluq-grenoble.org\/WordPress\/wp-content\/uploads\/2018\/11\/montagne-III-huile-et-acrylique-sur-toile-73-x-92-cm-2015-700x700.jpg\" height=\"700\" width=\"700\" alt=\"\" class=\"slider-4025 slide-4040\" title=\"montagne III, huile et acrylique sur toile, 73 x 92 cm, 2015\" \/><\/li>\n                <li style=\"display: none; width: 100%;\" class=\"slide-4041 ms-image\"><img src=\"https:\/\/cluq-grenoble.org\/WordPress\/wp-content\/uploads\/2018\/11\/montagne-IV-huile-et-acrylique-sur-toile-54-x-73-cm-2015-700x700.jpg\" height=\"700\" width=\"700\" alt=\"\" class=\"slider-4025 slide-4041\" title=\"montagne IV, huile et acrylique sur toile, 54 x 73 cm, 2015\" \/><\/li>\n                <li style=\"display: none; width: 100%;\" class=\"slide-4042 ms-image\"><img src=\"https:\/\/cluq-grenoble.org\/WordPress\/wp-content\/uploads\/2018\/11\/rocher-III-huile-sur-toitle-140-x-200-cm-2017-700x700.jpg\" height=\"700\" width=\"700\" alt=\"\" class=\"slider-4025 slide-4042\" title=\"rocher III, huile sur toitle , 140 x 200 cm, 2017\" \/><\/li>\n                <li style=\"display: none; width: 100%;\" class=\"slide-4043 ms-image\"><img src=\"https:\/\/cluq-grenoble.org\/WordPress\/wp-content\/uploads\/2018\/11\/rocher-IV-huile-sur-toitle-200-x-130-cm-2017-498x498.jpg\" height=\"700\" width=\"700\" alt=\"\" class=\"slider-4025 slide-4043\" title=\"rocher IV, huile sur toitle , 200 x 130 cm, 2017\" \/><\/li>\n                <li style=\"display: none; width: 100%;\" class=\"slide-4044 ms-image\"><img src=\"https:\/\/cluq-grenoble.org\/WordPress\/wp-content\/uploads\/2018\/11\/roches-I-huile-sur-toile-145-x-195-cm-2017-700x700.jpg\" height=\"700\" width=\"700\" alt=\"\" class=\"slider-4025 slide-4044\" title=\"roches I, huile sur toile, 145 x 195 cm, 2017\" \/><\/li>\n                <li style=\"display: none; width: 100%;\" class=\"slide-4045 ms-image\"><img src=\"https:\/\/cluq-grenoble.org\/WordPress\/wp-content\/uploads\/2018\/11\/Trou-huile-sur-toile-81-x-65-cm-2015-700x700.jpg\" height=\"700\" width=\"700\" alt=\"\" class=\"slider-4025 slide-4045\" title=\"Trou, huile sur toile, 81 x 65 cm, 2015\" \/><\/li>\n                <li style=\"display: none; width: 100%;\" class=\"slide-4046 ms-image\"><img src=\"https:\/\/cluq-grenoble.org\/WordPress\/wp-content\/uploads\/2018\/11\/Capture-361x361.jpg\" height=\"700\" width=\"700\" alt=\"\" class=\"slider-4025 slide-4046\" title=\"Capture\" \/><\/li>\n                <li style=\"display: none; width: 100%;\" class=\"slide-4047 ms-image\"><img src=\"https:\/\/cluq-grenoble.org\/WordPress\/wp-content\/uploads\/2018\/11\/gemmes-I-90-x-120-cm-huile-sur-toile-2017-700x700.jpg\" height=\"700\" width=\"700\" alt=\"\" class=\"slider-4025 slide-4047\" title=\"gemmes I, 90 x 120 cm, huile sur toile, 2017\" \/><\/li>\n            <\/ul>\n        <\/div>\n        \n    <\/div>\n<\/div>\n<p>N\u00e9 en 1980 Vit et travaille \u00e0 Grenoble<br \/>\nSite internet : <a href=\"http:\/\/davidlefebvre.blogspot.fr\/\">http:\/\/davidlefebvre.blogspot.fr\/<\/a><\/p>\n<p>Qui est David Lefebvre ? :\u00a0<a href=\"http:\/\/cluq-grenoble.org\/WordPress\/wp-content\/uploads\/2018\/11\/Qui-est-David-Lefebvre.pdf\">Qui est David Lefebvre<\/a>\u00a0(pdf)<\/p>\n<p><a href=\"http:\/\/cluq-grenoble.org\/WordPress\/?p=3919\">Retour \u00e0 la page pr\u00e9c\u00e9dente<\/a><\/p>\n","protected":false},"excerpt":{"rendered":"<p>N\u00e9 en 1980 Vit et travaille \u00e0 Grenoble Site internet<span class=\"more-link\"><a href=\"https:\/\/cluq-grenoble.org\/WordPress\/groupes-de-travail-cluq\/com-animation\/jeux-dhiver-et-varies-expo-dart-contemporain\/david-lefebvre\/\">Lire la suite<\/a><\/span><\/p>\n","protected":false},"author":1,"featured_media":0,"parent":3919,"menu_order":0,"comment_status":"closed","ping_status":"open","template":"","meta":[],"_links":{"self":[{"href":"https:\/\/cluq-grenoble.org\/WordPress\/wp-json\/wp\/v2\/pages\/4024"}],"collection":[{"href":"https:\/\/cluq-grenoble.org\/WordPress\/wp-json\/wp\/v2\/pages"}],"about":[{"href":"https:\/\/cluq-grenoble.org\/WordPress\/wp-json\/wp\/v2\/types\/page"}],"author":[{"embeddable":true,"href":"https:\/\/cluq-grenoble.org\/WordPress\/wp-json\/wp\/v2\/users\/1"}],"replies":[{"embeddable":true,"href":"https:\/\/cluq-grenoble.org\/WordPress\/wp-json\/wp\/v2\/comments?post=4024"}],"version-history":[{"count":2,"href":"https:\/\/cluq-grenoble.org\/WordPress\/wp-json\/wp\/v2\/pages\/4024\/revisions"}],"predecessor-version":[{"id":4077,"href":"https:\/\/cluq-grenoble.org\/WordPress\/wp-json\/wp\/v2\/pages\/4024\/revisions\/4077"}],"up":[{"embeddable":true,"href":"https:\/\/cluq-grenoble.org\/WordPress\/wp-json\/wp\/v2\/pages\/3919"}],"wp:attachment":[{"href":"https:\/\/cluq-grenoble.org\/WordPress\/wp-json\/wp\/v2\/media?parent=4024"}],"curies":[{"name":"wp","href":"https:\/\/api.w.org\/{rel}","templated":true}]}}