{"id":4053,"date":"2018-11-23T01:05:22","date_gmt":"2018-11-22T23:05:22","guid":{"rendered":"http:\/\/cluq-grenoble.org\/WordPress\/?page_id=4053"},"modified":"2018-11-24T19:26:08","modified_gmt":"2018-11-24T17:26:08","slug":"fabrice-croux","status":"publish","type":"page","link":"https:\/\/cluq-grenoble.org\/WordPress\/groupes-de-travail-cluq\/com-animation\/jeux-dhiver-et-varies-expo-dart-contemporain\/fabrice-croux\/","title":{"rendered":"Fabrice Croux"},"content":{"rendered":"<div id=\"metaslider-id-4056\" style=\"max-width: 700px;\" class=\"ml-slider-3-20-3 metaslider metaslider-flex metaslider-4056 ml-slider\">\n    <div id=\"metaslider_container_4056\">\n        <div id=\"metaslider_4056\">\n            <ul aria-live=\"polite\" class=\"slides\">\n                <li style=\"display: block; width: 100%;\" class=\"slide-4112 ms-image\"><img src=\"https:\/\/cluq-grenoble.org\/WordPress\/wp-content\/uploads\/2018\/11\/Vue-de-lexposition-Monts-et-merveilles-Le-Bel-Ordinaire-Bill\u00e8res-589x589.jpg\" height=\"700\" width=\"700\" alt=\"\" class=\"slider-4056 slide-4112\" title=\"Vue de l&#039;exposition Monts et merveilles - Le Bel Ordinaire, Bill\u00e8res\" \/><\/li>\n                <li style=\"display: none; width: 100%;\" class=\"slide-4111 ms-image\"><img src=\"https:\/\/cluq-grenoble.org\/WordPress\/wp-content\/uploads\/2018\/11\/Vue-de-lexposition-AMARONAPANORAMA-Le-scond-jeudi-du-mlis-Bayonne-700x700.jpg\" height=\"700\" width=\"700\" alt=\"\" class=\"slider-4056 slide-4111\" title=\"Vue de l&#039;exposition AMARONAPANORAMA - Le scond jeudi du mlis, Bayonne\" \/><\/li>\n                <li style=\"display: none; width: 100%;\" class=\"slide-4110 ms-image\"><img src=\"https:\/\/cluq-grenoble.org\/WordPress\/wp-content\/uploads\/2018\/11\/Morbido-M\u00e9dium-teint\u00e9-dans-la-masse-paillettes-grillons-700x700.jpg\" height=\"700\" width=\"700\" alt=\"\" class=\"slider-4056 slide-4110\" title=\"Morbido - M\u00e9dium teint\u00e9 dans la masse, paillettes, grillons\" \/><\/li>\n                <li style=\"display: none; width: 100%;\" class=\"slide-4109 ms-image\"><img src=\"https:\/\/cluq-grenoble.org\/WordPress\/wp-content\/uploads\/2018\/11\/Hobbies-details-C\u00e9ramique-700x700.jpg\" height=\"700\" width=\"700\" alt=\"\" class=\"slider-4056 slide-4109\" title=\"Hobbies details -C\u00e9ramique\" \/><\/li>\n                <li style=\"display: none; width: 100%;\" class=\"slide-4108 ms-image\"><img src=\"https:\/\/cluq-grenoble.org\/WordPress\/wp-content\/uploads\/2018\/11\/Apache-Installation-sonore-contreplaqu\u00e9-maquette-700x700.jpg\" height=\"700\" width=\"700\" alt=\"\" class=\"slider-4056 slide-4108\" title=\"Apache - Installation sonore, contreplaqu\u00e9, maquette\" \/><\/li>\n                <li style=\"display: none; width: 100%;\" class=\"slide-4061 ms-image\"><img src=\"https:\/\/cluq-grenoble.org\/WordPress\/wp-content\/uploads\/2018\/11\/IMG_0464-480x480.jpg\" height=\"700\" width=\"700\" alt=\"\" class=\"slider-4056 slide-4061\" title=\"IMG_0464\" \/><\/li>\n                <li style=\"display: none; width: 100%;\" class=\"slide-4062 ms-image\"><img src=\"https:\/\/cluq-grenoble.org\/WordPress\/wp-content\/uploads\/2018\/11\/IMG_0465-480x480.jpg\" height=\"700\" width=\"700\" alt=\"\" class=\"slider-4056 slide-4062\" title=\"IMG_0465\" \/><\/li>\n                <li style=\"display: none; width: 100%;\" class=\"slide-4063 ms-image\"><img src=\"https:\/\/cluq-grenoble.org\/WordPress\/wp-content\/uploads\/2018\/11\/IMG_0466-480x480.jpg\" height=\"700\" width=\"700\" alt=\"\" class=\"slider-4056 slide-4063\" title=\"IMG_0466\" \/><\/li>\n                <li style=\"display: none; width: 100%;\" class=\"slide-4064 ms-image\"><img src=\"https:\/\/cluq-grenoble.org\/WordPress\/wp-content\/uploads\/2018\/11\/IMG_0467-480x480.jpg\" height=\"700\" width=\"700\" alt=\"\" class=\"slider-4056 slide-4064\" title=\"IMG_0467\" \/><\/li>\n            <\/ul>\n        <\/div>\n        \n    <\/div>\n<\/div>\n<p><span style=\"color: #0000ff;\"><strong>\u00a0<a href=\"https:\/\/www.paysage-paysages.fr\/fabrice-croux\">https:\/\/www.paysage-paysages.fr\/fabrice-croux<\/a><\/strong><\/span><\/p>\n<p style=\"padding-left: 30px;\">&#8220;<strong>Sculpteur<br \/>\n<\/strong>N\u00e9 en 1977 \u00e0 Casabmanca (Maroc).<br \/>\nVit et travaille \u00e0 Grenoble. (France).<\/p>\n<p class=\"rtejustify\" style=\"padding-left: 30px;\">Fabrice Croux est dipl\u00f4m\u00e9 de la Villa Arson &#8211; ENSA de Nice en 2001, de l\u2019ESAD de Grenoble en 2005 et de\u00a0l\u2019ESAA d\u2019Annecy (DSRA) en 2015. Membre actif de l\u2019Association pour l\u2019Agencement des Activit\u00e9s, il prend part de\u00a02007 \u00e0 2013 au projet collectif du centre d\u2019art OUI \u00e0 Grenoble. Depuis 2000, il participe \u00e0 diverses r\u00e9sidences\u00a0et son travail est r\u00e9guli\u00e8rement expos\u00e9 en France et \u00e0 l\u2019\u00e9tranger. Il a notamment b\u00e9n\u00e9fici\u00e9 de la bourse des arts\u00a0plastiques de la Ville de Grenoble et particip\u00e9 \u00e0 l\u2019exposition Rendez\u2014Vous | Biennale de Lyon 2015 \u00e0 l\u2019Institut d\u2019art\u00a0contemporain, Villeurbanne\/Rh\u00f4ne-Alpes.<\/p>\n<p class=\"rtejustify\" style=\"padding-left: 30px;\">Au travers d\u2019un corpus de gestes et de pratiques \u00e9parses, ses productions r\u00e9fl\u00e9chissent les notions de d\u00e9cor,\u00a0d\u2019amateurisme et de domesticit\u00e9. La fronti\u00e8re floue de son travail s\u2019auto-d\u00e9finit progressivement par la juxtaposition\u00a0des objets qu\u2019il produit. Ils forment des \u00ab Mondes intentionnels h\u00e9t\u00e9rog\u00e8nes \u00bb et non attach\u00e9s \u00e0 un\u00a0m\u00e9dium pr\u00e9cis, car d\u00e9pendants des moyens, des rencontres, des trouvailles.\u00a0\u00ab Les sculptures et installations de Fabrice Croux sont des \u00ab matrices narratives \u00bb, mettant en exergue une pratique,\u00a0une succession de gestes, dont r\u00e9sultent des formes aux sens multiples, laissant le spectateur confront\u00e9\u00a0\u00e0 leur caract\u00e8re hypnotique. Il se joue des \u00e9chelles, celle des objets notamment face auxquels nous nous interrogeons\u00a0: s\u2019agit-il d\u2019une maquette, d\u2019un objet r\u00e9el, r\u00e9tr\u00e9ci ou alors agrandi ? \u00bb&#8221;<\/p>\n<p><a href=\"http:\/\/i-ac.eu\/fr\/artistes\/1363_fabrice-croux\"><span style=\"color: #0000ff;\"><strong>http:\/\/i-ac.eu\/fr\/artistes\/1363_fabrice-croux<\/strong><\/span><\/a><\/p>\n<p class=\"rtejustify\" style=\"padding-left: 30px;\">&#8220;Les sculptures et installations de\u00a0Fabrice Croux sont des \u00ab matrices\u00a0narratives \u00bb, mettant en exergue\u00a0une pratique, une succession de\u00a0gestes, dont r\u00e9sultent des formes\u00a0aux sens multiples, laissant le\u00a0spectateur confront\u00e9 \u00e0 leur caract\u00e8re\u00a0hypnotique. Il se joue des \u00e9chelles,\u00a0celle des objets notamment face\u00a0auxquels nous nous interrogeons :\u00a0s\u2019agit-il d\u2019une maquette, d\u2019un objet\u00a0r\u00e9el, r\u00e9tr\u00e9ci ou alors agrandi ?&#8221;<\/p>\n<p class=\"rtejustify\" style=\"padding-left: 30px;\">Qui est Fabrice Croux ? :\u00a0<a href=\"http:\/\/cluq-grenoble.org\/WordPress\/wp-content\/uploads\/2018\/11\/Qui-est-Fabrice-Croux.pdf\">Qui est Fabrice Croux<\/a>\u00a0(pdf)<\/p>\n<p style=\"padding-left: 30px;\"><a href=\"http:\/\/cluq-grenoble.org\/WordPress\/?p=3919\">Revenir \u00e0 la page pr\u00e9c\u00e9dente<\/a><\/p>\n","protected":false},"excerpt":{"rendered":"<p>\u00a0https:\/\/www.paysage-paysages.fr\/fabrice-croux &#8220;Sculpteur N\u00e9 en 1977 \u00e0 Casabmanca (Maroc). Vit et<span class=\"more-link\"><a href=\"https:\/\/cluq-grenoble.org\/WordPress\/groupes-de-travail-cluq\/com-animation\/jeux-dhiver-et-varies-expo-dart-contemporain\/fabrice-croux\/\">Lire la suite<\/a><\/span><\/p>\n","protected":false},"author":1,"featured_media":0,"parent":3919,"menu_order":0,"comment_status":"closed","ping_status":"open","template":"","meta":[],"_links":{"self":[{"href":"https:\/\/cluq-grenoble.org\/WordPress\/wp-json\/wp\/v2\/pages\/4053"}],"collection":[{"href":"https:\/\/cluq-grenoble.org\/WordPress\/wp-json\/wp\/v2\/pages"}],"about":[{"href":"https:\/\/cluq-grenoble.org\/WordPress\/wp-json\/wp\/v2\/types\/page"}],"author":[{"embeddable":true,"href":"https:\/\/cluq-grenoble.org\/WordPress\/wp-json\/wp\/v2\/users\/1"}],"replies":[{"embeddable":true,"href":"https:\/\/cluq-grenoble.org\/WordPress\/wp-json\/wp\/v2\/comments?post=4053"}],"version-history":[{"count":6,"href":"https:\/\/cluq-grenoble.org\/WordPress\/wp-json\/wp\/v2\/pages\/4053\/revisions"}],"predecessor-version":[{"id":4102,"href":"https:\/\/cluq-grenoble.org\/WordPress\/wp-json\/wp\/v2\/pages\/4053\/revisions\/4102"}],"up":[{"embeddable":true,"href":"https:\/\/cluq-grenoble.org\/WordPress\/wp-json\/wp\/v2\/pages\/3919"}],"wp:attachment":[{"href":"https:\/\/cluq-grenoble.org\/WordPress\/wp-json\/wp\/v2\/media?parent=4053"}],"curies":[{"name":"wp","href":"https:\/\/api.w.org\/{rel}","templated":true}]}}