{"id":4068,"date":"2018-11-23T01:16:30","date_gmt":"2018-11-22T23:16:30","guid":{"rendered":"http:\/\/cluq-grenoble.org\/WordPress\/?page_id=4068"},"modified":"2018-11-24T20:19:54","modified_gmt":"2018-11-24T18:19:54","slug":"pierre-gaudu","status":"publish","type":"page","link":"https:\/\/cluq-grenoble.org\/WordPress\/groupes-de-travail-cluq\/com-animation\/jeux-dhiver-et-varies-expo-dart-contemporain\/pierre-gaudu\/","title":{"rendered":"Pierre Gaudu"},"content":{"rendered":"<div id=\"metaslider-id-3770\" style=\"width: 100%;\" class=\"ml-slider-3-20-3 metaslider metaslider-nivo metaslider-3770 ml-slider\">\n    <div id=\"metaslider_container_3770\">\n        <div class='slider-wrapper theme-default'><div class='ribbon'><\/div><div id='metaslider_3770' class='nivoSlider'><img src=\"https:\/\/cluq-grenoble.org\/WordPress\/wp-content\/uploads\/2018\/11\/IMG_0478-480x480.jpg\" height=\"700\" width=\"700\" title=\"IMG_0478\" alt=\"\" class=\"slider-3770 slide-4133\" \/><img src=\"https:\/\/cluq-grenoble.org\/WordPress\/wp-content\/uploads\/2018\/11\/IMG_0468-480x480.jpg\" height=\"700\" width=\"700\" title=\"IMG_0468\" alt=\"\" class=\"slider-3770 slide-4127\" \/><img src=\"https:\/\/cluq-grenoble.org\/WordPress\/wp-content\/uploads\/2018\/11\/IMG_0469-480x480.jpg\" height=\"700\" width=\"700\" title=\"IMG_0469\" alt=\"\" class=\"slider-3770 slide-4128\" \/><img src=\"https:\/\/cluq-grenoble.org\/WordPress\/wp-content\/uploads\/2018\/11\/IMG_0470-700x700.jpg\" height=\"700\" width=\"700\" title=\"IMG_0470\" alt=\"\" class=\"slider-3770 slide-4129\" \/><img src=\"https:\/\/cluq-grenoble.org\/WordPress\/wp-content\/uploads\/2018\/11\/IMG_0471-700x700.jpg\" height=\"700\" width=\"700\" title=\"IMG_0471\" alt=\"\" class=\"slider-3770 slide-4130\" \/><img src=\"https:\/\/cluq-grenoble.org\/WordPress\/wp-content\/uploads\/2018\/11\/IMG_0472-700x700.jpg\" height=\"700\" width=\"700\" title=\"IMG_0472\" alt=\"\" class=\"slider-3770 slide-4131\" \/><img src=\"https:\/\/cluq-grenoble.org\/WordPress\/wp-content\/uploads\/2018\/11\/IMG_0473-700x700.jpg\" height=\"700\" width=\"700\" title=\"IMG_0473\" alt=\"\" class=\"slider-3770 slide-4132\" \/><\/div><\/div>\n        \n    <\/div>\n<\/div>\n<p>Depuis ses plus jeunes ann\u00e9es, Pierre Gaudu est passionn\u00e9 par\u00a0 le dessin, \u00a0pratique dans laquelle il excelle, avec une pr\u00e9cision et une inspiration \u00e9tonnante, depuis les ann\u00e9es 70.<\/p>\n<p>Install\u00e9 \u00e0 Grenoble d\u00e8s cette d\u00e9cennie, il est soutenu par la galerie Jean-Marie Cupillard qui lui permet de faire sa 1<sup>\u00e8re<\/sup> exposition en 1976. Dans la foul\u00e9e, Pierre Gaudibert, conservateur au Mus\u00e9e de peinture de Grenoble, acquiert un de ses dessins \u00ab\u00a0Mati\u00e8re \u00e0 r\u00e9flexion\u00a0\u00bb et le fait entrer au Lutrin, importante galerie lyonnaise, o\u00f9 deux expositions vont se succ\u00e9der. En 1983, une exposition remarqu\u00e9e \u00a0\u00ab\u00a0Trois dessinateurs au Mus\u00e9e\u00a0\u00bb oriente de fa\u00e7on d\u00e9cisive sa carri\u00e8re artistique, en lui ouvrant les portes du Mus\u00e9e de peinture de Grenoble. Curieux clin d\u2019\u0153il au pr\u00e9sent, puisqu\u2019il va exposer\u00a0 \u00e0 nouveau dans la salle Matisse en d\u00e9cembre 2018 ! Puis, Jacques Mauchant l\u2019expose \u00e0 la FIAC et\u00a0 dans sa galerie la t\u00eate de l\u2019art \u00e0 Grenoble et lui fait rencontrer la galerie Krief-Raymond \u00e0 Paris qui \u00a0pr\u00e9sentera son travail, pendant plusieurs ann\u00e9es cons\u00e9cutives.<\/p>\n<p>Dans les ann\u00e9es 1980, sa notori\u00e9t\u00e9 se d\u00e9veloppant,\u00a0 Pierre Gaudu est convi\u00e9 \u00e0 une s\u00e9rie d\u2019expositions au centre Pompidou, \u00e0 Paris, dans les salles contemporaines\u00a0 \u00ab\u00a0Ateliers d\u2019aujourd\u2019hui\u00a0\u00bb.<\/p>\n<p>En 1985, \u00e0 Grenoble, Elizabeth Chambon, qui le soutient sans discontinuer, lui consacre une exposition personnelle au Mus\u00e9e G\u00e9o Charles.<\/p>\n<p>Et depuis, l\u2019histoire suit son cours, les derni\u00e8res expositions ayant eu lieu au Mus\u00e9e H\u00e9bert, \u00a0au Mus\u00e9e G\u00e9o Charles et \u00e0 la galerie Antoine de Galbert \u00e0 Grenoble\u2026<\/p>\n<p><a href=\"http:\/\/pierre-gaudu.wixsite.com\/photos\">http:\/\/pierre-gaudu.wixsite.com\/photos<\/a><\/p>\n<p>Entretien avec Pierre Gaudu :\u00a0<a href=\"http:\/\/cluq-grenoble.org\/WordPress\/wp-content\/uploads\/2018\/11\/Entretien-avec-Pierre-Gaudu.pdf\">Entretien avec Pierre Gaudu<\/a>\u00a0(pdf)<\/p>\n<p><a href=\"http:\/\/cluq-grenoble.org\/WordPress\/?p=3919\">Revenir \u00e0 la page pr\u00e9c\u00e9dente<\/a><\/p>\n","protected":false},"excerpt":{"rendered":"<p>Depuis ses plus jeunes ann\u00e9es, Pierre Gaudu est passionn\u00e9 par\u00a0<span class=\"more-link\"><a href=\"https:\/\/cluq-grenoble.org\/WordPress\/groupes-de-travail-cluq\/com-animation\/jeux-dhiver-et-varies-expo-dart-contemporain\/pierre-gaudu\/\">Lire la suite<\/a><\/span><\/p>\n","protected":false},"author":1,"featured_media":0,"parent":3919,"menu_order":0,"comment_status":"closed","ping_status":"open","template":"","meta":[],"_links":{"self":[{"href":"https:\/\/cluq-grenoble.org\/WordPress\/wp-json\/wp\/v2\/pages\/4068"}],"collection":[{"href":"https:\/\/cluq-grenoble.org\/WordPress\/wp-json\/wp\/v2\/pages"}],"about":[{"href":"https:\/\/cluq-grenoble.org\/WordPress\/wp-json\/wp\/v2\/types\/page"}],"author":[{"embeddable":true,"href":"https:\/\/cluq-grenoble.org\/WordPress\/wp-json\/wp\/v2\/users\/1"}],"replies":[{"embeddable":true,"href":"https:\/\/cluq-grenoble.org\/WordPress\/wp-json\/wp\/v2\/comments?post=4068"}],"version-history":[{"count":6,"href":"https:\/\/cluq-grenoble.org\/WordPress\/wp-json\/wp\/v2\/pages\/4068\/revisions"}],"predecessor-version":[{"id":4136,"href":"https:\/\/cluq-grenoble.org\/WordPress\/wp-json\/wp\/v2\/pages\/4068\/revisions\/4136"}],"up":[{"embeddable":true,"href":"https:\/\/cluq-grenoble.org\/WordPress\/wp-json\/wp\/v2\/pages\/3919"}],"wp:attachment":[{"href":"https:\/\/cluq-grenoble.org\/WordPress\/wp-json\/wp\/v2\/media?parent=4068"}],"curies":[{"name":"wp","href":"https:\/\/api.w.org\/{rel}","templated":true}]}}