{"id":4140,"date":"2018-11-25T00:44:35","date_gmt":"2018-11-24T22:44:35","guid":{"rendered":"http:\/\/cluq-grenoble.org\/WordPress\/?page_id=4140"},"modified":"2018-12-17T11:53:30","modified_gmt":"2018-12-17T09:53:30","slug":"chonovelo","status":"publish","type":"page","link":"https:\/\/cluq-grenoble.org\/WordPress\/groupes-de-travail-cluq\/commission-mobilites\/chonovelo\/","title":{"rendered":"ChonoV\u00e9lo"},"content":{"rendered":"<h1><strong>Tous les documents \u201cofficiels\u201d\u00a0<\/strong><strong>(d\u00e9lib\u00e9rations, annonce publique, pr\u00e9sentation) :<\/strong><\/h1>\n<ul>\n<li><strong>D\u00e9c. 2014.<\/strong>\u00a0Vote de la d\u00e9lib\u00e9ration-cadre n\u00b043\u00a0\u00ab relative \u00e0 la politique cyclable de Grenoble-Alpes M\u00e9tropole. \u00bb du Conseil m\u00e9tropolitain du 19 d\u00e9cembre 2014<br \/>\n<a href=\"http:\/\/cluq-grenoble.org\/WordPress\/wp-content\/uploads\/2018\/11\/De\u0301lib-METRO-n\u00b043_cadre-politique-cyclable_19-de\u0301c-2014.pdf\" target=\"_blank\">De\u0301lib-METRO-n\u00b043_cadre politique cyclable_19 de\u0301c 2014<\/a><\/li>\n<li><strong>Oct. 2015.<\/strong>\u00a0Les propositions de trac\u00e9s du &#8220;Comit\u00e9 de concertation v\u00e9lo\u201d sont rendues publiques dans\u00a0un article du Dauphin\u00e9 Lib\u00e9r\u00e9 du 23 octobre 2015 :<br \/>\n&#8211;\u00a0<a href=\"http:\/\/cluq-grenoble.org\/WordPress\/wp-content\/uploads\/2018\/11\/151023_DL_grenoble_carte1.pdf\" target=\"_blank\">proposition de Plan de trac\u00e9s<\/a> (pdf)<br \/>\n&#8211; <a href=\"http:\/\/cluq-grenoble.org\/WordPress\/wp-content\/uploads\/2018\/11\/151023_DL_grenoble_intw-Mongaburu1.pdf\" target=\"_blank\">interview de Yann MONGABURU<\/a>, vice-pdt aux d\u00e9placements de la M\u00e9tro dans lequel il s&#8217;engage \u00e0 organiser une concertation \u00ab plus large \u00bb<\/li>\n<li><strong>D\u00e9c. 2015.<\/strong>\u00a0Les Associations des Habitants du Grand Grenoble : Lien et Ouverture (LAHGGLO) \u00e9crit un courrier faisant \u00e9tat de leur surprise\u00a0quant \u00e0 la mani\u00e8re\u00a0dont avait \u00e9t\u00e9 pr\u00e9sent\u00e9 le projet de trac\u00e9s \u00ab <em>notamment, par son caract\u00e8re \u201cd\u00e9finitif\u201d qui ne correspond pas \u00e0 l\u2019esprit dans lequel la commission a travaill\u00e9.\u00a0En particulier, il \u00e9tait clair que les r\u00e9flexions du &#8220;Comit\u00e9 Concertation V\u00e9lo&#8221; devaient exprimer le &#8220;souhaitable&#8221; et donc se mener en faisant abstraction de toute autre consid\u00e9ration,(\u2026) Cette limite n&#8217;apparait nulle part.<\/em> \u00bb<br \/>\n<a href=\"http:\/\/cluq-grenoble.org\/WordPress\/wp-content\/uploads\/2018\/11\/151215_courrier-LAHGGLO_Autoroutes-A-Ve\u0301los_15-dec.-2015.pdf\">Courrier de LAGHHLO du 15 d\u00e9c. 2015<\/a>\u00a0sur les &#8220;autoroutes \u00e0 v\u00e9los&#8221;\u00a0(pdf)<\/li>\n<li><strong>3 Mai 2018.<\/strong> R\u00e9union de pr\u00e9sentation du tron\u00e7on &#8220;Courbet \/ Place de la Gare \/ Gueymard \/ Arago\u201d :\u00a0<a href=\"http:\/\/cluq-grenoble.org\/WordPress\/wp-content\/uploads\/2018\/11\/Chronovelo-Gueymard_Pre\u0301sentation-du-3-mai-2018.pdf\">Chronovelo-Gueymard_Pre\u0301sentation du 3 mai 2018<\/a> (pdf)<\/li>\n<li><strong>7 Juin 2018.<\/strong>\u00a0R\u00e9union de pr\u00e9sentation du tron\u00e7on &#8220;rue Joseph Rey (Estacade)\u201d:\u00a0<a href=\"http:\/\/cluq-grenoble.org\/WordPress\/wp-content\/uploads\/2018\/11\/Chronovelo-Rey-Estacade_Re\u0301union-de-dialogue-du-7-juin-2018.pdf\">Chronovelo-Rey-Estacade_Re\u0301union de dialogue du 7 juin 2018<\/a> (pdf)<\/li>\n<li><strong>15\u00a0Juin 2018.<\/strong> \u201cR\u00e9union de\u00a0dialogue\u201d du\u00a015 juin 2018 du tron\u00e7on &#8220;rue Gal Mangin et Pitet\u201d :\u00a0<a href=\"http:\/\/cluq-grenoble.org\/WordPress\/wp-content\/uploads\/2018\/11\/Chronovelo-Mangin_Re\u0301union-publique-du-15-juin-2018.pdf\">Chronovelo-Mangin_Re\u0301union publique du 15 juin 2018<\/a> (pdf)<\/li>\n<li><strong>4 Juillet 2018.<\/strong> &#8220;R\u00e9union de\u00a0dialogue&#8221; du\u00a04 juillet\u00a02018 du tron\u00e7on &#8220;cours Berriat (de Gambetta \u00e0 Estacade\u201d :\u00a0<a href=\"http:\/\/cluq-grenoble.org\/WordPress\/wp-content\/uploads\/2018\/11\/Chronovelo-Berriat_Re\u0301union-de-dialogue-du-4-Juillet-2018.pdf\">Chronovelo-Berriat_Re\u0301union de dialogue du 4 Juillet 2018<\/a> (pdf)<\/li>\n<li><strong>6 juillet 2018.<\/strong> Vote de la d\u00e9lib\u00e9ration n\u00b044 \u00ab\u00a0<em>Sch\u00e9ma directeur des itin\u00e9raires cyclables<\/em> \u00bb et de la d\u00e9lib\u00e9ration n\u00b045 \u00ab <em>Programmation de travaux relative au re\u0301seau cyclable en 2018<\/em> \u00bb par le Conseil m\u00e9tropolitain du 6 juillet 2018 :<br \/>\n&#8211; <a href=\"http:\/\/cluq-grenoble.org\/WordPress\/wp-content\/uploads\/2018\/11\/de\u0301lib-n\u00b044_SchDir-Itine\u0301raires-Cyclables_CM-du-6-juillet-2018.pdf\">d\u00e9lib\u00e9ration n\u00b044 \u00ab Sch\u00e9ma directeur des itin\u00e9raires cyclables \u00bb<\/a>\u00a0(pdf)<br \/>\n&#8211;\u00a0<a href=\"http:\/\/cluq-grenoble.org\/WordPress\/wp-content\/uploads\/2018\/11\/de\u0301lib-n\u00b045_Programmation-de-travaux-relative-au-re\u0301seau-cyclable-en-2018_CM-du-6-juillet-2018.pdf\">d\u00e9lib\u00e9ration n\u00b045 \u00ab Programmation de travaux \u00bb<\/a> (pdf)<br \/>\n&#8211; d\u00e9lib\u00e9ration n\u00b044 &#8211; annexe cartographique (PNG)<br \/>\n<a href=\"http:\/\/cluq-grenoble.org\/WordPress\/wp-content\/uploads\/2018\/11\/de\u0301lib-n\u00b044-annexe_Cartographie_CM-du-6-juillet-2018.png\"><br \/>\n<\/a><a href=\"http:\/\/cluq-grenoble.org\/WordPress\/wp-content\/uploads\/2018\/11\/de\u0301lib-n\u00b044-annexe_Cartographie_CM-du-6-juillet-2018.png\" target=\"_blank\"><img loading=\"lazy\" class=\"alignnone wp-image-4200\" src=\"http:\/\/cluq-grenoble.org\/WordPress\/wp-content\/uploads\/2018\/11\/de\u0301lib-n\u00b044-annexe_Cartographie_CM-du-6-juillet-2018-211x300.png\" alt=\"de\u0301lib n\u00b044-annexe_Cartographie_CM du 6 juillet 2018\" width=\"100\" height=\"142\" srcset=\"https:\/\/cluq-grenoble.org\/WordPress\/wp-content\/uploads\/2018\/11\/de\u0301lib-n\u00b044-annexe_Cartographie_CM-du-6-juillet-2018-211x300.png 211w, https:\/\/cluq-grenoble.org\/WordPress\/wp-content\/uploads\/2018\/11\/de\u0301lib-n\u00b044-annexe_Cartographie_CM-du-6-juillet-2018-721x1024.png 721w\" sizes=\"(max-width: 100px) 100vw, 100px\" \/><\/a>\u00a0 \u00a0 \u00a0<a href=\"http:\/\/cluq-grenoble.org\/WordPress\/wp-content\/uploads\/2018\/11\/de\u0301lib-n\u00b044-annexe_Cartographie_CM-du-6-juillet-2018_extrait-Grenoble.png\" target=\"_blank\"><img loading=\"lazy\" class=\"alignnone wp-image-4188\" src=\"http:\/\/cluq-grenoble.org\/WordPress\/wp-content\/uploads\/2018\/11\/de\u0301lib-n\u00b044-annexe_Cartographie_CM-du-6-juillet-2018_extrait-Grenoble-300x192.png\" alt=\"de\u0301lib n\u00b044-annexe_Cartographie_CM du 6 juillet 2018_extrait Grenoble\" width=\"221\" height=\"153\" \/><\/a><br \/>\ncompl\u00e8te\u00a0 \u00a0 \u00a0 \u00a0 \u00a0 \u00a0 \u00a0 \u00a0 \u00a0 \u00a0 zoom sur Grenoble<\/li>\n<\/ul>\n<p>&nbsp;<\/p>\n<hr \/>\n<p><strong><a href=\"http:\/\/cluq-grenoble.org\/WordPress\/wp-content\/uploads\/2018\/11\/LOGOTYPE-RVB.jpg\"><img loading=\"lazy\" class=\"alignleft wp-image-4146\" src=\"http:\/\/cluq-grenoble.org\/WordPress\/wp-content\/uploads\/2018\/11\/LOGOTYPE-RVB-150x150.jpg\" alt=\"LOGOTYPE-RVB\" width=\"75\" height=\"65\" srcset=\"https:\/\/cluq-grenoble.org\/WordPress\/wp-content\/uploads\/2018\/11\/LOGOTYPE-RVB-300x260.jpg 300w, https:\/\/cluq-grenoble.org\/WordPress\/wp-content\/uploads\/2018\/11\/LOGOTYPE-RVB-1024x889.jpg 1024w, https:\/\/cluq-grenoble.org\/WordPress\/wp-content\/uploads\/2018\/11\/LOGOTYPE-RVB-345x300.jpg 345w, https:\/\/cluq-grenoble.org\/WordPress\/wp-content\/uploads\/2018\/11\/LOGOTYPE-RVB.jpg 1091w\" sizes=\"(max-width: 75px) 100vw, 75px\" \/><\/a>R\u00e9action du CLUQ<\/strong><\/p>\n<ul>\n<li>Courrier du CLUQ adress\u00e9 \u00e0 la mairie de Grenoble, \u00e0 la m\u00e9tropole et au pr\u00e9sident du SMTC, le 5 octobre 2018 pour demander l&#8217;organisation d&#8217;une r\u00e9union publique de concertation au sujet des trac\u00e9s du Chronov\u00e9lo :<br \/>\n<a href=\"http:\/\/cluq-grenoble.org\/WordPress\/wp-content\/uploads\/2018\/11\/Courrier-a\u0300-Me\u0301tro-Grenoble_ChronoVe\u0301los_20181005.pdf\" target=\"_blank\">Courrier-a\u0300-Me\u0301tro-Grenoble_ChronoVe\u0301los_20181005<\/a>\u00a0(pdf)<\/li>\n<li>R\u00e9ponse de Jacques Wiart (\u00e9lu Grenoblois en charge des mobilit\u00e9s) du 19 octobre 2018 :\u00a0&#8220;Il n&#8217;est donc, aujourd&#8217;hui, pas envisageable de questionner \u00e0 nouveau le sch\u00e9ma directeur du r\u00e9seau act\u00e9 par la M\u00e9tropole&#8221; + Proposition d&#8217;une r\u00e9union &#8220;pour refaire un point d&#8217;information globale sur le r\u00e9seau Chronov\u00e9lo.&#8221;<br \/>\n<a href=\"http:\/\/cluq-grenoble.org\/WordPress\/wp-content\/uploads\/2018\/11\/r\u00e9ponse-de-Jacques-Wiart-chronov\u00e9lo-20181019.pdf\" target=\"_blank\">R\u00e9ponse de Jacques Wiart &#8211; chronov\u00e9lo &#8211; 20181019<\/a>\u00a0(pdf)<\/li>\n<li>R\u00e9ponse du CLUQ le 04 novembre 2018 : &#8220;Cela ne r\u00e9pond en rien \u00e0 notre demande du 5 octobre. Nous vous informons donc que nous ne nous rendrons pas \u00e0 cette r\u00e9union d\u2019information.&#8221;<br \/>\n<a href=\"http:\/\/cluq-grenoble.org\/WordPress\/wp-content\/uploads\/2018\/11\/Courrier-\u00e0-M\u00e9tro-Grenoble_ChronoV\u00e9los-20181104.pdf\" target=\"_blank\">Courrier \u00e0 M\u00e9tro-Grenoble_ChronoV\u00e9los &#8211; 20181104<\/a>\u00a0(pdf)<\/li>\n<li>Courrier du CLUQ du 16 novembre 2018, annon\u00e7ant \u00e0 la mairie de Grenoble, \u00e0 la m\u00e9tropole et au pr\u00e9sident du SMTC, l&#8217;organisation, par le CLUQ, d&#8217;une r\u00e9union publique de concertation au sujet du Chronov\u00e9lo, le 4 d\u00e9cembre 2018 \u00e0 la Maison du Tourisme. Les \u00e9lus Grenoblois et M\u00e9tropolitains sont bien \u00e9videmment vivement invit\u00e9s \u00e0 &#8220;y engager le d\u00e9bat [&#8230;] promis en octobre 2015 par voie de presse.&#8221;<br \/>\n<a href=\"http:\/\/cluq-grenoble.org\/WordPress\/wp-content\/uploads\/2018\/11\/Courrier-\u00e0-M\u00e9tro-Grenoble_ChronoV\u00e9los-20181116.pdf\" target=\"_blank\">Courrier \u00e0 M\u00e9tro-Grenoble_ChronoV\u00e9los &#8211; 20181116<\/a>\u00a0(pdf)<\/li>\n<li><strong>24 novembre 2018 : Communiqu\u00e9 de presse<\/strong><\/li>\n<\/ul>\n<p><strong><a href=\"http:\/\/cluq-grenoble.org\/WordPress\/wp-content\/uploads\/2018\/11\/LOGOTYPE-RVB.jpg\"><img loading=\"lazy\" class=\"alignleft wp-image-4146\" src=\"http:\/\/cluq-grenoble.org\/WordPress\/wp-content\/uploads\/2018\/11\/LOGOTYPE-RVB-150x150.jpg\" alt=\"LOGOTYPE-RVB\" width=\"86\" height=\"75\" srcset=\"https:\/\/cluq-grenoble.org\/WordPress\/wp-content\/uploads\/2018\/11\/LOGOTYPE-RVB-300x260.jpg 300w, https:\/\/cluq-grenoble.org\/WordPress\/wp-content\/uploads\/2018\/11\/LOGOTYPE-RVB-1024x889.jpg 1024w, https:\/\/cluq-grenoble.org\/WordPress\/wp-content\/uploads\/2018\/11\/LOGOTYPE-RVB-345x300.jpg 345w, https:\/\/cluq-grenoble.org\/WordPress\/wp-content\/uploads\/2018\/11\/LOGOTYPE-RVB.jpg 1091w\" sizes=\"(max-width: 86px) 100vw, 86px\" \/><\/a><\/strong><\/p>\n<p>&nbsp;<\/p>\n<p><strong>Le CLUQ organise une r\u00e9union publique de concertation sur\u00a0les trac\u00e9s du Chronov\u00e9lo<\/strong><\/p>\n<p>&nbsp;<\/p>\n<p>Depuis l\u2019annonce, en octobre 2015, par Yann Mongaburu, vice-pr\u00e9sident d\u00e9l\u00e9gu\u00e9 aux d\u00e9pla\u00adce\u00adments d\u2019un Plan g\u00e9n\u00e9ral d\u2019\u00ab\u00a0Autoroutes \u00e0 v\u00e9lo\u00a0\u00bb, les habitants de Grenoble mobilis\u00e9s dans les Unions de quartiers, attendent depuis 3 ans la concertation sur les trac\u00e9s qui avait alors \u00e9t\u00e9 promise.<\/p>\n<p>Le CLUQ partage les objectifs de ce projet de <em>Chronov\u00e9lo<\/em> et ne tient en aucune mani\u00e8re \u00e0 le remettre en cause. Bien au contraire. Mais nous regrettons vivement que les habitants, les associations d\u2019habitants n\u2019aient pas pu contribuer aux choix des trac\u00e9s de ce grand projet, qui n\u00e9cessite pourtant l\u2019adh\u00e9sion des habitants et donc une \u00ab\u00a0large concertation\u00a0\u00bb.<\/p>\n<p>Interpell\u00e9 par certaines Unions de Quartier du centre-ville sur cette absence de dialogue, de concer\u00adtation, le Conseil d\u2019Administration du CLUQ a d\u00e9cid\u00e9 de demander \u00e0 la ville d\u2019organiser enfin, une v\u00e9rita\u00adble r\u00e9union publique de concertation pour \u00ab <em>confronter les points de vue et approfondir les alternatives<\/em>\u00a0\u00bb comme le pr\u00e9cise le \u00ab <em>Guide pratique de la participation citoyenne<\/em>\u00a0\u00bb de la Ville de Grenoble.<\/p>\n<p>Devant le refus, formul\u00e9 par Jacques Wiart, de \u00ab\u00a0<em>questionner \u00e0 nouveau le sch\u00e9ma directeur du r\u00e9seau act\u00e9 par la M\u00e9tropole<\/em>\u00a0\u00bb, <strong>le CLUQ a d\u00e9cid\u00e9 d\u2019organiser lui-m\u00eame cette r\u00e9union publique de concertation<\/strong> et d\u2019inviter le maire de Grenoble, le vice-pr\u00e9sident en charge des d\u00e9placements \u00e0 la M\u00e9tropole,\u00a0les \u00e9lus, \u00e0 venir d\u00e9fen\u00addre leur projet, en d\u00e9battre, et discuter des alternatives propos\u00e9es par certains habitants et Unions de Quartier. Nous invitons donc \u00e9galement toute personne, association, d\u00e9sirant proposer d\u2019autres sc\u00e9na\u00adrios de trac\u00e9s pour ce plan v\u00e9lo \u00e0 nous contacter afin de pouvoir le pr\u00e9senter et le d\u00e9fen\u00addre lors de la r\u00e9union publique.<\/p>\n<p>C\u2019est en toute neutralit\u00e9 sur ce sujet que se pose le CLUQ dans ce d\u00e9bat que nous demandons \u00e0 la Ville et \u00e0 la M\u00e9tropole. Il nous semble jouer pleinement notre r\u00f4le de relais de la parole citoyenne, en per\u00admettant \u00e0 tous de donner leur avis et de proposer ses id\u00e9es sur ce projet structurant pour notre cit\u00e9. Ce d\u00e9bat, nous le voulons exemplaire et ferons tout pour qu\u2019il se passe dans les meilleures conditions possibles, le respect et l\u2019\u00e9coute des uns et des autres.<\/p>\n<p>Ouverte \u00e0 tous, cette r\u00e9union publique aura lieu le <strong>mardi 4 d\u00e9cembre 2018,<\/strong> 20h, \u00e0 la Maison du touris\u00adme. Nous souhaitons vivement que les \u00e9lus de la Ville de Grenoble et de la M\u00e9tropole viennent partici\u00adper au d\u00e9bat.<\/p>\n<p>Grenoble, le 24 novembre 2018<br \/>\npour le Conseil d\u2019Administration du CLUQ,<br \/>\n<span style=\"font-weight: 300;\">Gilles NAMUR, pr\u00e9sident<br \/>\n<\/span><\/p>\n<p><a href=\"http:\/\/cluq-grenoble.org\/WordPress\/wp-content\/uploads\/2018\/11\/CLUQ-Communiqu\u00e9-de-presse-Organisation-dune-r\u00e9union-de-concertation-sur-le-chronov\u00e9lo-24nov2018.pdf\">CLUQ &#8211; Communiqu\u00e9 de presse &#8211; Organisation d&#8217;une r\u00e9union de concertation sur le chronov\u00e9lo &#8211; 24nov2018<\/a>\u00a0(pdf)<\/p>\n<p><a href=\"http:\/\/cluq-grenoble.org\/WordPress\/wp-content\/uploads\/2018\/11\/Affiche-avec-Cadre.jpg\"><img loading=\"lazy\" class=\"alignleft wp-image-4147\" src=\"http:\/\/cluq-grenoble.org\/WordPress\/wp-content\/uploads\/2018\/11\/Affiche-avec-Cadre.jpg\" alt=\"Affiche avec Cadre\" width=\"455\" height=\"639\" \/><\/a><\/p>\n<p>&nbsp;<\/p>\n<p>&nbsp;<\/p>\n<p>&nbsp;<\/p>\n<p>&nbsp;<\/p>\n<p>&nbsp;<\/p>\n<p>&nbsp;<\/p>\n<p>&nbsp;<\/p>\n<p>&nbsp;<\/p>\n<p>&nbsp;<\/p>\n<p>&nbsp;<\/p>\n<p>&nbsp;<\/p>\n<p>&nbsp;<\/p>\n<p>&nbsp;<\/p>\n<p>&nbsp;<\/p>\n<p>&nbsp;<\/p>\n<ul>\n<li><strong>Article Place Gre&#8217;Net du 27 Novembre 2018<\/strong> : <a href=\"https:\/\/www.placegrenet.fr\/2018\/11\/27\/plan-chronovelo-cluq-reunion-concertation\/218440\">ici<\/a><\/li>\n<li><strong><strong>Article du DL du 28 Novembre 2018<br \/>\n<\/strong><\/strong><a href=\"http:\/\/cluq-grenoble.org\/WordPress\/wp-content\/uploads\/2018\/11\/Article-DL-28-d\u00e9cembre-2018.png\"><img loading=\"lazy\" class=\"alignleft wp-image-4229 size-full\" src=\"http:\/\/cluq-grenoble.org\/WordPress\/wp-content\/uploads\/2018\/11\/Article-DL-28-d\u00e9cembre-2018.png\" alt=\"Article DL - 28 d\u00e9cembre 2018\" width=\"1017\" height=\"497\" srcset=\"https:\/\/cluq-grenoble.org\/WordPress\/wp-content\/uploads\/2018\/11\/Article-DL-28-d\u00e9cembre-2018.png 1017w, https:\/\/cluq-grenoble.org\/WordPress\/wp-content\/uploads\/2018\/11\/Article-DL-28-d\u00e9cembre-2018-300x146.png 300w, https:\/\/cluq-grenoble.org\/WordPress\/wp-content\/uploads\/2018\/11\/Article-DL-28-d\u00e9cembre-2018-500x244.png 500w\" sizes=\"(max-width: 1017px) 100vw, 1017px\" \/><\/a><\/li>\n<\/ul>\n<hr \/>\n<p>&nbsp;<\/p>\n<hr \/>\n<p><strong>R\u00e9union publique de Concertation sur le Chronov\u00e9lo du 4 d\u00e9cembre 2018<\/strong><\/p>\n<ul>\n<li>Pr\u00e9sentation de la M\u00e9tropole :\u00a0<a href=\"http:\/\/cluq-grenoble.org\/WordPress\/wp-content\/uploads\/2018\/11\/Projet-Chronov\u00e9lo-Grenoble-Alpe-M\u00e9tropole-r\u00e9union-publique-04122018-V2.pdf\">Projet Chronov\u00e9lo &#8211; Grenoble Alpe M\u00e9tropole &#8211; r\u00e9union publique &#8211; 04122018-V2<\/a> (pdf)<\/li>\n<li>Pr\u00e9sentation du collectif &#8220;Le v\u00e9lo qui marche&#8221;:\n<ul>\n<li><a href=\"http:\/\/cluq-grenoble.org\/WordPress\/wp-content\/uploads\/2018\/11\/Chronov\u00e9lo-cest-quoi-Collectif-LeV\u00e9loQuiMarche-0412208.pdf\">Chronov\u00e9lo c&#8217;est quoi &#8211; Collectif LeV\u00e9loQuiMarche &#8211; 0412208<\/a>\u00a0(pdf)<\/li>\n<li><a href=\"http:\/\/cluq-grenoble.org\/WordPress\/wp-content\/uploads\/2018\/11\/Analyse-et-propositions-Collectif-LeV\u00e9loQuiMarche-0412208.pdf\">Analyse et propositions &#8211; Collectif LeV\u00e9loQuiMarche &#8211; 0412208<\/a>\u00a0(pdf)<\/li>\n<\/ul>\n<\/li>\n<li>Article du DL du 5 d\u00e9cembre 2018<br \/>\n<a href=\"http:\/\/cluq-grenoble.org\/WordPress\/wp-content\/uploads\/2018\/11\/Article-DL-05-d\u00e9cembre-2018.jpg\"><img loading=\"lazy\" class=\"alignleft wp-image-4293 size-full\" src=\"http:\/\/cluq-grenoble.org\/WordPress\/wp-content\/uploads\/2018\/11\/Article-DL-05-d\u00e9cembre-2018.jpg\" alt=\"Article DL - 05 d\u00e9cembre 2018\" width=\"2048\" height=\"1665\" srcset=\"https:\/\/cluq-grenoble.org\/WordPress\/wp-content\/uploads\/2018\/11\/Article-DL-05-d\u00e9cembre-2018.jpg 2048w, https:\/\/cluq-grenoble.org\/WordPress\/wp-content\/uploads\/2018\/11\/Article-DL-05-d\u00e9cembre-2018-300x243.jpg 300w, https:\/\/cluq-grenoble.org\/WordPress\/wp-content\/uploads\/2018\/11\/Article-DL-05-d\u00e9cembre-2018-1024x832.jpg 1024w, https:\/\/cluq-grenoble.org\/WordPress\/wp-content\/uploads\/2018\/11\/Article-DL-05-d\u00e9cembre-2018-369x300.jpg 369w\" sizes=\"(max-width: 2048px) 100vw, 2048px\" \/><\/a><\/li>\n<\/ul>\n<hr \/>\n<ul>\n<li>\u00a0Article de Place Gre&#8217;Net suite \u00e0\u00a0 notre r\u00e9union publique : <a href=\"https:\/\/www.placegrenet.fr\/2018\/12\/10\/plan-chronovelo-le-velo-qui-marche\/220465\">&#8220;PLAN CHRONOV\u00c9LO\u00a0: La contre-proposition du collectif le v\u00e9lo qui marche n&#8217;a pas convaincu&#8221;<\/a><\/li>\n<\/ul>\n<hr \/>\n<p>Retour \u00e0 la page <a href=\"http:\/\/cluq-grenoble.org\/WordPress\/?p=4137\">Commission Mobilit\u00e9s<\/a><\/p>\n","protected":false},"excerpt":{"rendered":"<p>Tous les documents \u201cofficiels\u201d\u00a0(d\u00e9lib\u00e9rations, annonce publique, pr\u00e9sentation) : D\u00e9c. 2014.\u00a0Vote<span class=\"more-link\"><a href=\"https:\/\/cluq-grenoble.org\/WordPress\/groupes-de-travail-cluq\/commission-mobilites\/chonovelo\/\">Lire la suite<\/a><\/span><\/p>\n","protected":false},"author":1,"featured_media":0,"parent":4137,"menu_order":0,"comment_status":"closed","ping_status":"open","template":"","meta":[],"_links":{"self":[{"href":"https:\/\/cluq-grenoble.org\/WordPress\/wp-json\/wp\/v2\/pages\/4140"}],"collection":[{"href":"https:\/\/cluq-grenoble.org\/WordPress\/wp-json\/wp\/v2\/pages"}],"about":[{"href":"https:\/\/cluq-grenoble.org\/WordPress\/wp-json\/wp\/v2\/types\/page"}],"author":[{"embeddable":true,"href":"https:\/\/cluq-grenoble.org\/WordPress\/wp-json\/wp\/v2\/users\/1"}],"replies":[{"embeddable":true,"href":"https:\/\/cluq-grenoble.org\/WordPress\/wp-json\/wp\/v2\/comments?post=4140"}],"version-history":[{"count":51,"href":"https:\/\/cluq-grenoble.org\/WordPress\/wp-json\/wp\/v2\/pages\/4140\/revisions"}],"predecessor-version":[{"id":4369,"href":"https:\/\/cluq-grenoble.org\/WordPress\/wp-json\/wp\/v2\/pages\/4140\/revisions\/4369"}],"up":[{"embeddable":true,"href":"https:\/\/cluq-grenoble.org\/WordPress\/wp-json\/wp\/v2\/pages\/4137"}],"wp:attachment":[{"href":"https:\/\/cluq-grenoble.org\/WordPress\/wp-json\/wp\/v2\/media?parent=4140"}],"curies":[{"name":"wp","href":"https:\/\/api.w.org\/{rel}","templated":true}]}}