{"id":4835,"date":"2020-02-11T11:07:12","date_gmt":"2020-02-11T10:07:12","guid":{"rendered":"http:\/\/cluq-grenoble.org\/WordPress\/?page_id=4835"},"modified":"2020-02-27T10:48:39","modified_gmt":"2020-02-27T09:48:39","slug":"elections-municipales-2020","status":"publish","type":"page","link":"https:\/\/cluq-grenoble.org\/WordPress\/politique\/elections-municipales-2020\/","title":{"rendered":"\u00c9lections Municipales 2020"},"content":{"rendered":"<p>Le CLUQ a interpell\u00e9 les candidats aux \u00e9lections municipales 2020.<\/p>\n<p>Retrouvez le document ci-dessous<\/p>\n\n\n<div class=\"wp-block-file\"><a href=\"http:\/\/cluq-grenoble.org\/WordPress\/wp-content\/uploads\/2020\/02\/Interpellation-par-le-CLUQ.pdf\">Interpellation-par-le-CLUQ<\/a><a href=\"http:\/\/cluq-grenoble.org\/WordPress\/wp-content\/uploads\/2020\/02\/Interpellation-par-le-CLUQ.pdf\" class=\"wp-block-file__button\" download>T\u00e9l\u00e9charger<\/a><\/div>\n\n\n<p>Ci-dessous les r\u00e9ponses re\u00e7ues par le CLUQ<\/p>\n\n\n<div class=\"wp-block-file\"><a href=\"http:\/\/cluq-grenoble.org\/WordPress\/wp-content\/uploads\/2020\/02\/CLUQ-vdf-GEC-1.pdf\">Interpellation : R\u00e9ponses de Grenoble en Commun<\/a><a href=\"http:\/\/cluq-grenoble.org\/WordPress\/wp-content\/uploads\/2020\/02\/CLUQ-vdf-GEC-1.pdf\" class=\"wp-block-file__button\" download>T\u00e9l\u00e9charger<\/a><\/div>\n\n\n\n<div class=\"wp-block-file\"><a href=\"http:\/\/cluq-grenoble.org\/WordPress\/wp-content\/uploads\/2020\/02\/Questionnaire-du-CLUQ-R\u00e9ponses-Grenoble-Nouvel-Air.pdf\">Interpellation : R\u00e9ponses de Grenoble Nouvel Air<\/a><a href=\"http:\/\/cluq-grenoble.org\/WordPress\/wp-content\/uploads\/2020\/02\/Questionnaire-du-CLUQ-R\u00e9ponses-Grenoble-Nouvel-Air.pdf\" class=\"wp-block-file__button\" download>T\u00e9l\u00e9charger<\/a><\/div>\n\n\n\n<div class=\"wp-block-file\"><a href=\"http:\/\/cluq-grenoble.org\/WordPress\/wp-content\/uploads\/2020\/02\/CLUQ-_r\u00e9ponses_-DOrnano.pdf\">Interpellation : R\u00e9ponses de Mieux vivre \u00e0 Grenoble<\/a><a href=\"http:\/\/cluq-grenoble.org\/WordPress\/wp-content\/uploads\/2020\/02\/CLUQ-_r\u00e9ponses_-DOrnano.pdf\" class=\"wp-block-file__button\" download>T\u00e9l\u00e9charge<\/a><\/div>\n\n\n\n<div class=\"wp-block-file\"><a href=\"http:\/\/cluq-grenoble.org\/WordPress\/wp-content\/uploads\/2020\/02\/20200222-Emilie-CHALAS-2020_R\u00e9ponses-au-CLUQ.pdf\">Interpellation : R\u00e9ponses de Un nouveau regard sur Grenoble<\/a><a href=\"http:\/\/cluq-grenoble.org\/WordPress\/wp-content\/uploads\/2020\/02\/20200222-Emilie-CHALAS-2020_R\u00e9ponses-au-CLUQ.pdf\" class=\"wp-block-file__button\" download>T\u00e9l\u00e9charger<\/a><\/div>\n\n\n\n<div class=\"wp-block-file\"><a href=\"http:\/\/cluq-grenoble.org\/WordPress\/wp-content\/uploads\/2020\/02\/2020-02-01-Questionnaire-CLUQ-Carignon.pdf\">Interpellation : R\u00e9ponses de la soci\u00e9t\u00e9 civile<\/a><a href=\"http:\/\/cluq-grenoble.org\/WordPress\/wp-content\/uploads\/2020\/02\/2020-02-01-Questionnaire-CLUQ-Carignon.pdf\" class=\"wp-block-file__button\" download>T\u00e9l\u00e9charger<\/a><\/div>\n","protected":false},"excerpt":{"rendered":"<p>Le CLUQ a interpell\u00e9 les candidats aux \u00e9lections municipales 2020.<span class=\"more-link\"><a href=\"https:\/\/cluq-grenoble.org\/WordPress\/politique\/elections-municipales-2020\/\">Lire la suite<\/a><\/span><\/p>\n","protected":false},"author":1,"featured_media":0,"parent":2015,"menu_order":0,"comment_status":"closed","ping_status":"closed","template":"","meta":[],"_links":{"self":[{"href":"https:\/\/cluq-grenoble.org\/WordPress\/wp-json\/wp\/v2\/pages\/4835"}],"collection":[{"href":"https:\/\/cluq-grenoble.org\/WordPress\/wp-json\/wp\/v2\/pages"}],"about":[{"href":"https:\/\/cluq-grenoble.org\/WordPress\/wp-json\/wp\/v2\/types\/page"}],"author":[{"embeddable":true,"href":"https:\/\/cluq-grenoble.org\/WordPress\/wp-json\/wp\/v2\/users\/1"}],"replies":[{"embeddable":true,"href":"https:\/\/cluq-grenoble.org\/WordPress\/wp-json\/wp\/v2\/comments?post=4835"}],"version-history":[{"count":8,"href":"https:\/\/cluq-grenoble.org\/WordPress\/wp-json\/wp\/v2\/pages\/4835\/revisions"}],"predecessor-version":[{"id":4870,"href":"https:\/\/cluq-grenoble.org\/WordPress\/wp-json\/wp\/v2\/pages\/4835\/revisions\/4870"}],"up":[{"embeddable":true,"href":"https:\/\/cluq-grenoble.org\/WordPress\/wp-json\/wp\/v2\/pages\/2015"}],"wp:attachment":[{"href":"https:\/\/cluq-grenoble.org\/WordPress\/wp-json\/wp\/v2\/media?parent=4835"}],"curies":[{"name":"wp","href":"https:\/\/api.w.org\/{rel}","templated":true}]}}