{"id":4900,"date":"2020-11-24T00:11:07","date_gmt":"2020-11-23T23:11:07","guid":{"rendered":"http:\/\/cluq-grenoble.org\/WordPress\/?page_id=4900"},"modified":"2021-07-21T18:14:02","modified_gmt":"2021-07-21T17:14:02","slug":"tour-de-quartier","status":"publish","type":"page","link":"https:\/\/cluq-grenoble.org\/WordPress\/tour-de-quartier\/","title":{"rendered":"Tour de Quartier"},"content":{"rendered":"\n<h2 class=\"has-text-align-center\">Fonctionnement<\/h2>\n\n\n\n<p>Les&#8221;Tours de Quartiers&#8221; nouvelle formule dit aujourd&#8217;hui &#8221; rencontre th\u00e9matique&#8221; sont organis\u00e9s par l&#8217;Union de Quartier avec la Ville de Grenoble et sont ouverts \u00e0 tous les habitants. Ils se d\u00e9roulent en pr\u00e9sence de l&#8217;\u00e9lu de secteur, du responsable de l&#8217;antenne de Mairie et des repr\u00e9sentants des services impliqu\u00e9s sur les sujets abord\u00e9s.<br><br>Auparavant il y avait deux &#8220;tour de Quartier&#8221; par an, un au printemps et un \u00e0 l&#8217;automne<em>.<\/em> Aujourd&#8217;hui c&#8217;est au bon vouloir de l&#8217;union de quartier et suivant l&#8217;obtention de la validation du th\u00e8me sp\u00e9cifique propos\u00e9 par l&#8217;Union de Quartier par la ville. <br><strong>L&#8217;union de quartier est initiatrice et partie prenante dans l&#8217;organisation de la &#8220;rencontre th\u00e9matique&#8221; et le suivi des actions. <\/strong><\/p>\n\n\n\n<p><strong>Le descriptif et la proc\u00e9dure<\/strong> sont contenu dans le courier de r\u00e9ponse de l&#8217;\u00e9lue en charge de la d\u00e9mocratie ouverte : \u00a0<a href=\"https:\/\/cluq-grenoble.org\/WordPress\/wp-content\/uploads\/2021\/02\/2021-02-courrier-au-maire-tours-de-quartiers.pdf\">courrier tours de quartier<\/a>. r\u00e9ponse de<a href=\"https:\/\/cluq-grenoble.org\/WordPress\/wp-content\/uploads\/2021\/03\/2021-027-Courrier-CLUQ-Tours-de-quartiers.pdf\">\u00a0Mme Annabelle Bretton<\/a> (16 mars 2021)<\/p>\n\n\n\n<p><strong>Voici les \u00e9l\u00e9ments d\u00e9taill\u00e9s: <\/strong><br><strong>La publicit\u00e9\u00a0:<\/strong><br>            La direction de territoire peut assurer la publicit\u00e9 de la \u00ab\u00a0rencontre th\u00e9matique \u00bb par voie d\u2019affichettes (<em> \u00e0 confirmer<\/em> ). L\u2019UQ fait para\u00eetre sur son site web et\/ou FaceBook l\u2019information en vue de recueillir les demandes des habitants et promouvoir l\u2019\u00e9v\u00e9nement.<br><strong>Le contenu\u00a0:<\/strong><br>             Dans un premier temps l\u2019UQ recueille les demandes des habitants et les regroupe par th\u00e9matique. Elle \u00e9labore une proposition de &#8220;rencontre th\u00e9matique&#8221; \u00e0 la ville . Si la ville accepte la rencontre peut \u00eatre programm\u00e9e.<br><strong>Le parcours:<\/strong><br>            L\u2019UQ pr\u00e9pare avec la direction de territoire la \u00ab\u00a0rencontre th\u00e9matique\u00a0\u00bb, en fonction des sujets soulev\u00e9es un point et une heure de RdV seront fix\u00e9s afin de permettre aux habitants de rejoindre cette r\u00e9union sur site.<\/p>\n\n\n\n<p><strong>La suite : <\/strong><br>Les demandes exprim\u00e9es seront report\u00e9es dans un tableau de suivi  propos\u00e9 par le CLUQ et remplit par l&#8217;Union de Quartier. Celui-ci (voir ci-dessous) permet de lister les demandes, de mesurer d\u2019une ann\u00e9e sur l\u2019autre leurs traitements et en cas de difficult\u00e9s d\u2019apporter des informations compl\u00e9mentaires.<\/p>\n\n\n\n<blockquote class=\"wp-block-quote\"><p>Le CA de l\u2019UQ est mobilis\u00e9 sur les diff\u00e9rentes \u00e9tapes de pr\u00e9paration et valide la liste des demandes consign\u00e9es dans le tableau ainsi que le suivi. Ses membres sont pr\u00e9sents le jour fix\u00e9 et font le lien avec les \u00e9lus si besoin par la suite.<\/p><\/blockquote>\n\n\n\n<p>Carte des secteurs et des quartiers : <a href=\"https:\/\/cluq-grenoble.org\/WordPress\/wp-content\/uploads\/2021\/04\/15423751_10208075901791741_593784258_n.png.jpg\">lien_carte_secteurs<\/a> &amp;  <a href=\"https:\/\/cluq-grenoble.org\/WordPress\/wp-content\/uploads\/2021\/04\/Grenoble_instances_citoyennes_A3.pdf\">lien_carte_quartiers<\/a><\/p>\n\n\n\n<hr class=\"wp-block-separator\"\/>\n\n\n\n<h2 class=\"has-text-align-center\">Suivi des points soulev\u00e9s en &#8220;Rencontre Th\u00e9matique&#8221;<\/h2>\n\n\n\n<p>Le suivi des demandes sera accessible via cette page gr\u00e2ce au tableau et  \u00e0 la carte interactive :<\/p>\n\n\n\n<p><strong>Tableau de suivi  des &#8220;Rencontre Th\u00e9matique 2021&#8221;: <\/strong><br> <em>(utiliser le filtre &#8220;Rechercher&#8221;  pour trouver les points concernant votre quartier par la saisit de son nom)<\/em><\/p>\n\n\n\n<table id=\"tablepress-2\" class=\"tablepress tablepress-id-2\">\n<thead>\n<tr class=\"row-1 odd\">\n\t<th class=\"column-1\">Quartier<\/th><th class=\"column-2\">r\u00e9f\u00e9rence [Q- 1ere lettre quartier-Num\u00e9ro]<\/th><th class=\"column-3\">Observation Citoyenne<\/th><th class=\"column-4\">date<\/th><th class=\"column-5\">lieu<\/th><th class=\"column-6\">Description technique<\/th><th class=\"column-7\">Services Ville<\/th><th class=\"column-8\">Services M\u00e9tro<\/th><th class=\"column-9\">Commentaire<\/th><th class=\"column-10\">Statut<\/th>\n<\/tr>\n<\/thead>\n<tbody class=\"row-hover\">\n<tr class=\"row-2 even\">\n\t<td class=\"column-1\">Championnet-Bonne-Condorcet-Hoche<\/td><td class=\"column-2\">QC1<\/td><td class=\"column-3\">manque la plaque d'\u00e9gout<\/td><td class=\"column-4\">11\/12\/20<\/td><td class=\"column-5\">rue Colonel Dumont<\/td><td class=\"column-6\">la plaque est absente<\/td><td class=\"column-7\">Non<\/td><td class=\"column-8\">Oui<\/td><td class=\"column-9\">commande en cours<\/td><td class=\"column-10\">transmis en cours<\/td>\n<\/tr>\n<tr class=\"row-3 odd\">\n\t<td class=\"column-1\">Exposition-Bajati\u00e8re<\/td><td class=\"column-2\">QB1<\/td><td class=\"column-3\">lampadaire non fonctionnel<\/td><td class=\"column-4\">11\/12\/20<\/td><td class=\"column-5\">Chemin de l'\u00e9glise<\/td><td class=\"column-6\">lampe \u00e0 remplacer ?<\/td><td class=\"column-7\">Oui<\/td><td class=\"column-8\">Non<\/td><td class=\"column-9\">pris en charge par le service \u00e9clairage publique<\/td><td class=\"column-10\">transmis en cours<\/td>\n<\/tr>\n<tr class=\"row-4 even\">\n\t<td class=\"column-1\">Exposition-Bajati\u00e8re<\/td><td class=\"column-2\">QB2<\/td><td class=\"column-3\">trou dans la chauss\u00e9e<\/td><td class=\"column-4\">10\/12\/20<\/td><td class=\"column-5\">rue Saint-Fran\u00e7ois<\/td><td class=\"column-6\">d\u00e9gradation de la chauss\u00e9e<\/td><td class=\"column-7\">Non<\/td><td class=\"column-8\">Oui<\/td><td class=\"column-9\">\u00e9tude du renouvellement par le service voirie m\u00e9tropole<\/td><td class=\"column-10\">trait\u00e9<\/td>\n<\/tr>\n<tr class=\"row-5 odd\">\n\t<td class=\"column-1\"><\/td><td class=\"column-2\"><\/td><td class=\"column-3\"><\/td><td class=\"column-4\"><\/td><td class=\"column-5\"><\/td><td class=\"column-6\"><\/td><td class=\"column-7\"><\/td><td class=\"column-8\"><\/td><td class=\"column-9\"><\/td><td class=\"column-10\"><\/td>\n<\/tr>\n<\/tbody>\n<\/table>\n<!-- #tablepress-2 from cache -->\n\n\n\n<p><strong>Carte interactive des points du tableau de suivi <strong>&#8220;Rencontre Th\u00e9matique 2021&#8221;<\/strong>:<\/strong><\/p>\n\n\n<p>[ultimate_maps id=&#8221;3&#8243;]<\/p>\n\n\n\n<hr class=\"wp-block-separator\"\/>\n\n\n\n<h2 class=\"has-text-align-center\">Avant \/ Apr\u00e8s la &#8220;Rencontre Th\u00e9matique&#8221;<\/h2>\n\n\n\n<p>En dehors du temps de la rencontre th\u00e9matique officielle  il est possible de signaler \u00e0 tout moment des points via le formulaire suivant, ces \u00e9l\u00e9ments seront utilis\u00e9s et pond\u00e9r\u00e9s en amont pour d\u00e9finir la prochaine r\u00e9union th\u00e9matique : <br><em>(\u00e0 venir formulaire de saisi d\u2019\u00e9l\u00e9ments pour le Tour de Quartier)<\/em>.<\/p>\n\n\n\n<p>Nous vous rappelons le Fil vert de la ville pour signaler des probl\u00e9matiques de d\u00e9t\u00e9rioration de l&#8217;espace publique -> <a href=\"https:\/\/www.grenoble.fr\/389-le-fil-de-la-ville.htm\">https:\/\/www.grenoble.fr\/389-le-fil-de-la-ville.htm<\/a><\/p>\n\n\n\n<p class=\"has-vivid-green-cyan-background-color has-background\"> <strong>Contactez le 0 800 12 13 14 (du lundi au vendredi de 8h \u00e0 18h, appel gratuit d&#8217;un poste fixe)<\/strong>.<\/p>\n\n\n\n<p><strong>Si votre probl\u00e8me concerne la voirie (exemple : trou dans la chauss\u00e9e, probl\u00e8me sur une piste cyclable&#8230;),\u00a0<a href=\"https:\/\/www.grenoblealpesmetropole.fr\/54-je-signale-un-probleme.htm\">merci de contacter directement la M\u00e9tropole.<\/a><\/strong><\/p>\n","protected":false},"excerpt":{"rendered":"<p>Fonctionnement Les&#8221;Tours de Quartiers&#8221; nouvelle formule dit aujourd&#8217;hui &#8221; rencontre<span class=\"more-link\"><a href=\"https:\/\/cluq-grenoble.org\/WordPress\/tour-de-quartier\/\">Lire la suite<\/a><\/span><\/p>\n","protected":false},"author":1,"featured_media":0,"parent":0,"menu_order":0,"comment_status":"closed","ping_status":"closed","template":"","meta":[],"_links":{"self":[{"href":"https:\/\/cluq-grenoble.org\/WordPress\/wp-json\/wp\/v2\/pages\/4900"}],"collection":[{"href":"https:\/\/cluq-grenoble.org\/WordPress\/wp-json\/wp\/v2\/pages"}],"about":[{"href":"https:\/\/cluq-grenoble.org\/WordPress\/wp-json\/wp\/v2\/types\/page"}],"author":[{"embeddable":true,"href":"https:\/\/cluq-grenoble.org\/WordPress\/wp-json\/wp\/v2\/users\/1"}],"replies":[{"embeddable":true,"href":"https:\/\/cluq-grenoble.org\/WordPress\/wp-json\/wp\/v2\/comments?post=4900"}],"version-history":[{"count":27,"href":"https:\/\/cluq-grenoble.org\/WordPress\/wp-json\/wp\/v2\/pages\/4900\/revisions"}],"predecessor-version":[{"id":7933,"href":"https:\/\/cluq-grenoble.org\/WordPress\/wp-json\/wp\/v2\/pages\/4900\/revisions\/7933"}],"wp:attachment":[{"href":"https:\/\/cluq-grenoble.org\/WordPress\/wp-json\/wp\/v2\/media?parent=4900"}],"curies":[{"name":"wp","href":"https:\/\/api.w.org\/{rel}","templated":true}]}}