{"id":4903,"date":"2020-11-24T00:14:16","date_gmt":"2020-11-23T23:14:16","guid":{"rendered":"http:\/\/cluq-grenoble.org\/WordPress\/?page_id=4903"},"modified":"2024-01-18T09:24:29","modified_gmt":"2024-01-18T08:24:29","slug":"adhesion","status":"publish","type":"page","link":"https:\/\/cluq-grenoble.org\/WordPress\/adhesion\/","title":{"rendered":"Adh\u00e9rez !"},"content":{"rendered":"\n<hr class=\"wp-block-separator\"\/>\n\n\n\n<p class=\"has-luminous-vivid-amber-background-color has-background\">\/!\\ L&#8217;<strong>adh\u00e9sion directe des Habitants au CLUQ n&#8217;est pas possible, les habitants doivent adh\u00e9rer \u00e0 leur Union de Quartier respectives<\/strong> (voir section &#8220;<strong>ADHESION des HABITANTS \u00e0 leur Union de Quartier<\/strong>&#8221; ) \/!\\<\/p>\n\n\n\n<hr class=\"wp-block-separator\"\/>\n\n\n\n<h2><strong>ADHESION des ASSOCIATIONS d&#8217;HABITANTS au CLUQ :<\/strong><\/h2>\n\n\n\n<h3>Pourquoi adh\u00e9rer au CLUQ ? -&gt; t\u00e9l\u00e9chargez notre plaquette de pr\u00e9sentation pour tout comprendre et vous aussi faire partie de cette belle dynamique !<\/h3>\n\n\n\n<div class=\"wp-block-file\"><a href=\"http:\/\/cluq-grenoble.org\/WordPress\/wp-content\/uploads\/2021\/02\/brochure-2021-V-2.pdf\">Plaquette-CLUQ-2021-V2<\/a><a href=\"http:\/\/cluq-grenoble.org\/WordPress\/wp-content\/uploads\/2021\/02\/brochure-2021-V-2.pdf\" class=\"wp-block-file__button\" download>T\u00e9l\u00e9charger<\/a><\/div>\n\n\n\n<p><strong>Pour \u00eatre adh\u00e9rent au CLUQ , il faut :<\/strong><\/p>\n\n\n\n<ul><li>que l&#8217;association soit reconnue comme Union de Quartier sur un des 22 territoires identifi\u00e9s par le CLUQ (voir-&gt;&nbsp;<a href=\"http:\/\/cluq-grenoble.org\/WordPress\/wp-content\/uploads\/2015\/12\/cropped-LimitesUQs16.png\">plan des quartiers<\/a>)<\/li><\/ul>\n\n\n\n<ul><li>Avoir r\u00e9gl\u00e9 le montant de la cotisation annuelle en compl\u00e9tant le <strong><strong>Bulletin d&#8217;adh\u00e9sion pour les Unions de Quartiers au CLUQ:<\/strong><\/strong><\/li><\/ul>\n\n\n\n<div class=\"wp-block-file\"><a href=\"https:\/\/cluq-grenoble.org\/WordPress\/wp-content\/uploads\/2024\/01\/cotisations-UQs-2024.pdf\">cotisations-UQs-2024<\/a><a href=\"https:\/\/cluq-grenoble.org\/WordPress\/wp-content\/uploads\/2024\/01\/cotisations-UQs-2024.pdf\" class=\"wp-block-file__button\" download>T\u00e9l\u00e9charger<\/a><\/div>\n\n\n\n<hr class=\"wp-block-separator\"\/>\n\n\n\n<h2><strong>ADHESION des HABITANTS \u00e0 leur Union de Quartier:<\/strong><\/h2>\n\n\n\n<p>L&#8217;<strong>adh\u00e9sion directe des Habitants au CLUQ n&#8217;est pas possible, les habitants doivent adh\u00e9rer \u00e0 leur Union de Quartier respectives: <\/strong><br><br>pour trouver votre Union de Quartier et la contacter,  visitez la page suivante -&gt; <a href=\"http:\/\/cluq-grenoble.org\/WordPress\/unions-de-quartiers\/\">http:\/\/cluq-grenoble.org\/WordPress\/unions-de-quartiers\/<\/a> <\/p>\n\n\n\n<h5><strong>Liens vers les bulletins d&#8217;adh\u00e9sion des Unions de Quartier membres du CLUQ :<\/strong><\/h5>\n\n\n\n<figure class=\"wp-block-table\"><table><tbody><tr><td>Union des Habitants du Centre-Ville<\/td><td><em><a href=\"https:\/\/drive.google.com\/open?id=1rBUuZ3PbH4U74u-agtfj_SR9W1Mmr3_J\">lien vers bulletin  adh\u00e9sion 2021<\/a><\/em><\/td><td><a href=\"https:\/\/cluq-grenoble.org\/WordPress\/2020\/12\/liens-partenaires-uqcv\/logo-uhcv\/\"><img loading=\"lazy\" src=\"https:\/\/cluq-grenoble.org\/WordPress\/wp-content\/uploads\/2020\/11\/Logo-UHCV-150x150.jpg\" alt=\"\" width=\"150\" height=\"150\"><\/a><a href=\"http:\/\/www.mnei.fr\/\"><\/a><\/td><\/tr><tr><td>&nbsp;Mutualit\u00e9-Pr\u00e9fecture<\/td><td><em><a href=\"https:\/\/cluq-grenoble.org\/WordPress\/wp-content\/uploads\/2020\/11\/Formulaire-Adhe%CC%81sionUQMP2020.pdf\">lien vers bulletin adh\u00e9sion 2021<\/a><\/em><\/td><td>&nbsp;<img src=\"http:\/\/cluq-grenoble.org\/WordPress\/wp-content\/uploads\/2020\/11\/cropped-logoUQMP.jpg\" alt=\"L\u2019attribut alt de cette image est vide, son nom de fichier est cropped-logoUQMP.jpg.\"><a href=\"http:\/\/www.resistance-en-isere.fr\/\"><\/a><\/td><\/tr><tr><td>Exposition-Bajati\u00e8re<\/td><td><em><a href=\"https:\/\/cluq-grenoble.org\/WordPress\/wp-content\/uploads\/2024\/01\/UHQEB-bulletin-ADHESION-2024_20240110_0001.pdf\" data-type=\"URL\">lien vers bulletin 2024<\/a> <\/em><\/td><td><a href=\"https:\/\/cluq-grenoble.org\/WordPress\/uq-uhqeb\/logo\/\"><img loading=\"lazy\" src=\"https:\/\/cluq-grenoble.org\/WordPress\/wp-content\/uploads\/2018\/03\/logo-150x150.gif\" alt=\"\" width=\"150\" height=\"150\"><\/a><a href=\"http:\/\/www.grenoble.fr\/639-museum-de-grenoble.htm\"><\/a><\/td><\/tr><tr><td>Berriat St-Bruno Europole<\/td><td><em>lien vers bulletin 2021 \u00e0 venir<\/em><\/td><td><a href=\"https:\/\/cluq-grenoble.org\/WordPress\/logo-uq-berriat\/\"><img loading=\"lazy\" src=\"https:\/\/cluq-grenoble.org\/WordPress\/wp-content\/uploads\/2020\/12\/logo-uq-berriat-150x113.jpg\" alt=\"\" width=\"150\" height=\"113\"><\/a><\/td><\/tr><tr><td>Ile verte<\/td><td><em><a href=\"https:\/\/uqiv.org\/adhesion\/\">lien vers bulletin adh\u00e9sion 2021 <\/a><\/em><\/td><td><a href=\"https:\/\/cluq-grenoble.org\/WordPress\/logouqivnew\/\"><img loading=\"lazy\" src=\"https:\/\/cluq-grenoble.org\/WordPress\/wp-content\/uploads\/2020\/12\/logoUQIVnew-150x150.png\" alt=\"\" width=\"150\" height=\"150\"><\/a><\/td><\/tr><tr><td>Grenoble Confluence<\/td><td><em><a href=\"https:\/\/cluq-grenoble.org\/WordPress\/wp-content\/uploads\/2021\/04\/210301-UQ-Grenoble-confluence-Adhesion-2021.pdf\">lien vers bulletin 2021<\/a> <\/em><\/td><td><a href=\"https:\/\/cluq-grenoble.org\/WordPress\/2020\/12\/liens-partenaires-uqconfluence\/uq-confluence2\/\"><img loading=\"lazy\" src=\"https:\/\/cluq-grenoble.org\/WordPress\/wp-content\/uploads\/2020\/12\/UQ-Confluence2-150x150.jpg\" alt=\"\" width=\"150\" height=\"150\"><\/a><\/td><\/tr><tr><td>Village Olympique &#8211; Vigny Musset<\/td><td><em><a href=\"https:\/\/cluq-grenoble.org\/WordPress\/wp-content\/uploads\/2021\/08\/flyer-adh-uq-vovm.pdf\">lien vers bulletin 2021<\/a> <\/em><\/td><td><a href=\"https:\/\/cluq-grenoble.org\/WordPress\/2020\/12\/liens-partenaires-uqvovm\/00-logo-uqvovm\/\"><img loading=\"lazy\" src=\"https:\/\/cluq-grenoble.org\/WordPress\/wp-content\/uploads\/2020\/12\/00-Logo-UQVOVM-150x150.jpg\" alt=\"\" width=\"150\" height=\"150\"><\/a><\/td><\/tr><tr><td>Mistral- CoHaMis<\/td><td><em><a href=\"https:\/\/cluq-grenoble.org\/WordPress\/wp-content\/uploads\/2021\/08\/Flyer-adh-UQ-cohamis.pdf\">lien vers bulletin 2021<\/a> <\/em><\/td><td><a href=\"https:\/\/cluq-grenoble.org\/WordPress\/2020\/12\/liens-partenaires-uqcohamis\/logo-cohamis\/\"><img loading=\"lazy\" srcset=\"https:\/\/cluq-grenoble.org\/WordPress\/wp-content\/uploads\/2020\/12\/LOGO-COHAMIS-150x150.jpg 150w, https:\/\/cluq-grenoble.org\/WordPress\/wp-content\/uploads\/2020\/12\/LOGO-COHAMIS-300x300.jpg 300w, https:\/\/cluq-grenoble.org\/WordPress\/wp-content\/uploads\/2020\/12\/LOGO-COHAMIS-1024x1024.jpg 1024w, https:\/\/cluq-grenoble.org\/WordPress\/wp-content\/uploads\/2020\/12\/LOGO-COHAMIS-768x768.jpg 768w, https:\/\/cluq-grenoble.org\/WordPress\/wp-content\/uploads\/2020\/12\/LOGO-COHAMIS-1536x1536.jpg 1536w, https:\/\/cluq-grenoble.org\/WordPress\/wp-content\/uploads\/2020\/12\/LOGO-COHAMIS-2048x2048.jpg 2048w, https:\/\/cluq-grenoble.org\/WordPress\/wp-content\/uploads\/2020\/12\/LOGO-COHAMIS-465x465.jpg 465w, https:\/\/cluq-grenoble.org\/WordPress\/wp-content\/uploads\/2020\/12\/LOGO-COHAMIS-500x500.jpg 500w\" src=\"https:\/\/cluq-grenoble.org\/WordPress\/wp-content\/uploads\/2020\/12\/LOGO-COHAMIS-150x150.jpg\" alt=\"\" width=\"150\" height=\"150\"><\/a><\/td><\/tr><tr><td>Notre-Dame<\/td><td><em><a href=\"http:\/\/cluq-grenoble.org\/WordPress\/wp-content\/uploads\/2021\/07\/notre-dame-Site-web-Conception-Agence-Flyer-2.pdf\">lien vers bulletin 2021 <\/a><\/em><\/td><td><a href=\"https:\/\/cluq-grenoble.org\/WordPress\/2020\/12\/liens-partenaires-uqnd\/logo-uqnd-regular\/\"><img loading=\"lazy\" srcset=\"https:\/\/cluq-grenoble.org\/WordPress\/wp-content\/uploads\/2020\/12\/logo-UQND-regular-150x150.jpg 150w, https:\/\/cluq-grenoble.org\/WordPress\/wp-content\/uploads\/2020\/12\/logo-UQND-regular.jpg 200w\" src=\"https:\/\/cluq-grenoble.org\/WordPress\/wp-content\/uploads\/2020\/12\/logo-UQND-regular-150x150.jpg\" alt=\"\" width=\"150\" height=\"150\"><\/a><\/td><\/tr><tr><td>Villeneuve Arlequin<\/td><td><em><a href=\"https:\/\/cluq-grenoble.org\/WordPress\/wp-content\/uploads\/2021\/04\/Bulletin-adhe\u0301sion-UQ-villeneuve-1.pdf\">lien vers bulletin 2021<\/a><\/em><\/td><td><img src=\"https:\/\/cluq-grenoble.org\/WordPress\/wp-content\/uploads\/2021\/01\/logUQVN1-150x150.jpg\"><\/td><\/tr><tr><td>G\u00e9ants Baladins<\/td><td><em><a href=\"https:\/\/cluq-grenoble.org\/WordPress\/wp-content\/uploads\/2021\/08\/Flyer-adh-UQ-Baladin-Geants.pdf\">lien vers bulletin 2021<\/a> <\/em><\/td><td><a href=\"https:\/\/cluq-grenoble.org\/WordPress\/logo-uq-2-baladins\/\"><img loading=\"lazy\" src=\"https:\/\/cluq-grenoble.org\/WordPress\/wp-content\/uploads\/2020\/12\/Logo-UQ-2-Baladins-150x150.png\" alt=\"\" width=\"150\" height=\"150\"><\/a><\/td><\/tr><tr><td>Rive Droite Saint Laurent<\/td><td><em>lien vers bulletin 2021 \u00e0 venir<\/em><\/td><td><a href=\"https:\/\/cluq-grenoble.org\/WordPress\/2020\/12\/liens-partenaires-uqrd\/logo_uqrd_jaunev2\/\"><img loading=\"lazy\" src=\"https:\/\/cluq-grenoble.org\/WordPress\/wp-content\/uploads\/2020\/12\/logo_uqrd_JAUNEv2-150x150.png\" alt=\"\" width=\"150\" height=\"150\"><\/a><\/td><\/tr><tr><td>Eaux-Claires<\/td><td><em><a href=\"https:\/\/www.udhec38.com\/file\/si1683844\/download\/Fiche_adh%c3%a9sion_2021-fi28890732.docx\">lien vers bulletin 2021<\/a> <\/em><\/td><td><a href=\"https:\/\/cluq-grenoble.org\/WordPress\/2020\/12\/liens-partenaires-uqec\/logo_udhec_c\/\"><img loading=\"lazy\" src=\"https:\/\/cluq-grenoble.org\/WordPress\/wp-content\/uploads\/2020\/12\/Logo_UDHEC_c-150x150.jpg\" alt=\"\" width=\"150\" height=\"150\"><\/a><\/td><\/tr><tr><td>Championnet-Bonne-Condorcet-Hoche<\/td><td><em><a href=\"http:\/\/cluq-grenoble.org\/WordPress\/wp-content\/uploads\/2021\/07\/Bulletin-dadhesion-2021-UQ-CBCH-MDA.pdf\">lien vers bulletin 2021 <\/a><\/em><\/td><td><a href=\"https:\/\/cluq-grenoble.org\/WordPress\/2020\/12\/liens-partenaires-uqcbc\/logo-uq-cbch\/\"><img loading=\"lazy\" srcset=\"https:\/\/cluq-grenoble.org\/WordPress\/wp-content\/uploads\/2021\/01\/logo-UQ-CBCH-150x150.png 150w, https:\/\/cluq-grenoble.org\/WordPress\/wp-content\/uploads\/2021\/01\/logo-UQ-CBCH-300x300.png 300w, https:\/\/cluq-grenoble.org\/WordPress\/wp-content\/uploads\/2021\/01\/logo-UQ-CBCH.png 304w\" src=\"https:\/\/cluq-grenoble.org\/WordPress\/wp-content\/uploads\/2021\/01\/logo-UQ-CBCH-150x150.png\" alt=\"\" width=\"150\" height=\"150\"><\/a><\/td><\/tr><tr><td>Centre Gares<\/td><td><em><a href=\"https:\/\/cluq-grenoble.org\/WordPress\/wp-content\/uploads\/2021\/08\/Flyer-adh-uq-centre-gares.pdf\">lien vers bulletin 2021<\/a> <\/em><\/td><td><a href=\"https:\/\/cluq-grenoble.org\/WordPress\/logo-uqcg\/?customize_changeset_uuid=b28191f3-99d6-4ffe-b383-cf9826421541&amp;customize_autosaved=on&amp;customize_messenger_channel=preview-1\"><img loading=\"lazy\" src=\"https:\/\/cluq-grenoble.org\/WordPress\/wp-content\/uploads\/2020\/12\/logo-UQCG-150x150.jpg\" alt=\"\" width=\"150\" height=\"150\"><\/a><\/td><\/tr><tr><td>Abbaye &#8211; Jouhaux<\/td><td><em><a href=\"https:\/\/cluq-grenoble.org\/WordPress\/wp-content\/uploads\/2021\/08\/Flyer-adh-uq-Abbaye-jouhaux.pdf\">lien vers bulletin 2021<\/a> <\/em><\/td><td><a href=\"https:\/\/cluq-grenoble.org\/WordPress\/logo_abbaye\/?customize_changeset_uuid=97e6ed28-e2c2-48ee-b0bf-b659d3542334&amp;customize_autosaved=on&amp;customize_messenger_channel=preview-1\"><img loading=\"lazy\" src=\"https:\/\/cluq-grenoble.org\/WordPress\/wp-content\/uploads\/2021\/02\/logo_Abbaye-150x150.png\" alt=\"\" width=\"150\" height=\"150\"><\/a><\/td><\/tr><tr><td>Capuche &#8211; Grands Boulevards<\/td><td><em><a href=\"https:\/\/cluq-grenoble.org\/WordPress\/wp-content\/uploads\/2021\/08\/Flyer-adh-uq-Capuche.pdf\">lien vers bulletin 2021<\/a> <\/em><\/td><td><a href=\"https:\/\/cluq-grenoble.org\/WordPress\/logo_capuche\/?customize_changeset_uuid=d5dc3d2e-db7a-4d0c-baa7-9bbb84714c0b&amp;customize_autosaved=on&amp;customize_messenger_channel=preview-1\"><img loading=\"lazy\" src=\"https:\/\/cluq-grenoble.org\/WordPress\/wp-content\/uploads\/2021\/02\/logo_capuche-150x150.jpg\" alt=\"\" width=\"150\" height=\"150\"><\/a><\/td><\/tr><\/tbody><\/table><figcaption>Bulletin d&#8217;inscription 2021 des Unions de Quartier<\/figcaption><\/figure>\n","protected":false},"excerpt":{"rendered":"<p>\/!\\ L&#8217;adh\u00e9sion directe des Habitants au CLUQ n&#8217;est pas possible,<span class=\"more-link\"><a href=\"https:\/\/cluq-grenoble.org\/WordPress\/adhesion\/\">Lire la suite<\/a><\/span><\/p>\n","protected":false},"author":1,"featured_media":0,"parent":0,"menu_order":0,"comment_status":"closed","ping_status":"closed","template":"","meta":[],"_links":{"self":[{"href":"https:\/\/cluq-grenoble.org\/WordPress\/wp-json\/wp\/v2\/pages\/4903"}],"collection":[{"href":"https:\/\/cluq-grenoble.org\/WordPress\/wp-json\/wp\/v2\/pages"}],"about":[{"href":"https:\/\/cluq-grenoble.org\/WordPress\/wp-json\/wp\/v2\/types\/page"}],"author":[{"embeddable":true,"href":"https:\/\/cluq-grenoble.org\/WordPress\/wp-json\/wp\/v2\/users\/1"}],"replies":[{"embeddable":true,"href":"https:\/\/cluq-grenoble.org\/WordPress\/wp-json\/wp\/v2\/comments?post=4903"}],"version-history":[{"count":34,"href":"https:\/\/cluq-grenoble.org\/WordPress\/wp-json\/wp\/v2\/pages\/4903\/revisions"}],"predecessor-version":[{"id":9087,"href":"https:\/\/cluq-grenoble.org\/WordPress\/wp-json\/wp\/v2\/pages\/4903\/revisions\/9087"}],"wp:attachment":[{"href":"https:\/\/cluq-grenoble.org\/WordPress\/wp-json\/wp\/v2\/media?parent=4903"}],"curies":[{"name":"wp","href":"https:\/\/api.w.org\/{rel}","templated":true}]}}