{"id":5383,"date":"2020-12-09T10:47:15","date_gmt":"2020-12-09T09:47:15","guid":{"rendered":"http:\/\/cluq-grenoble.org\/WordPress\/?page_id=5383"},"modified":"2020-12-10T17:27:19","modified_gmt":"2020-12-10T16:27:19","slug":"reaction-tribunelibre","status":"publish","type":"page","link":"https:\/\/cluq-grenoble.org\/WordPress\/revue-de-presse\/reaction-tribunelibre\/","title":{"rendered":"R\u00e9action\/TribuneLibre"},"content":{"rendered":"\n<p><strong>R\u00e9action \u00e0 l\u2019actualit\u00e9 \/ Tribune Libre :<\/strong><\/p>\n\n\n\n<p><em>Les articles de cette rubrique n\u2019engagent que leurs auteurs. Limit\u00e9s \u00e0 une page, ils peuvent r\u00e9agir \u00e0 une information officielle ou donner une opinion personnelle, sur un th\u00e8me que traitent les Unions de Quartier. Ils doivent respecter les r\u00e8gles de la courtoisie et comporter un argumentaire solide, \u00e9tay\u00e9. La r\u00e9daction se donne le droit de demander leur modification\/am\u00e9lioration<\/em>.<\/p>\n\n\n\n<p><\/p>\n\n\n\n<p><strong>Soumettre une R\u00e9action \/ Tribune Libre :<\/strong><\/p>\n\n\n\n<div style=\"display:none\" class=\"fm-form-container fm-theme38\"><div id=\"fm-pages14\" class=\"fm-pages wdform_page_navigation \" show_title=\"false\" show_numbers=\"true\" type=\"none\"><\/div><form name=\"form14\" action=\"\/WordPress\/wp-json\/wp\/v2\/pages\/5383\" method=\"post\" id=\"form14\" class=\"fm-form form14  \" enctype=\"multipart\/form-data\"><input type=\"hidden\" id=\"counter14\" value=\"17\" name=\"counter14\" \/><input type=\"hidden\" id=\"Itemid14\" value=\"\" name=\"Itemid14\" \/><input type=\"hidden\" id=\"fm_shake14\" value=\"1\" name=\"fm_shake14\" \/><input type=\"text\" class=\"fm-hide\" id=\"fm_empty_field_validation14\" value=\"\" name=\"fm_empty_field_validation14\" data-value=\"bd736efb144d599cf463541431fbf5c4\" \/><div class=\"wdform-page-and-images fm-form-builder\" style=\"display:table; border-top:0px solid black;\"><div id=\"14form_view1\" class=\"wdform_page\" page_title=\"Untitled page\" next_title=\"Next\" next_type=\"text\" next_class=\"wdform-page-button\" next_checkable=\"false\" previous_title=\"Previous\" previous_type=\"text\" previous_class=\"wdform-page-button\" previous_checkable=\"false\"><div class=\"wdform_section fm-col-1\"><div class=\"wdform_column\"><div wdid=\"1\" class=\"wdform_row\"><div type=\"type_name\" class=\"wdform-field wd-width-100 wd-flex wd-flex-row\" ><div class=\"wdform-label-section wd-width-30  wd-flex-row\" style=\"max-width: 150px;\">    <label  for=\"wdform_1_element_first14\" class=\"wdform-label\">r\u00e9dacteur<\/label><span class=\"wdform-required\">*<\/span><\/div><div class=\"wdform-element-section wd-flex  wd-flex-row wd-width-70\" style=\"max-width: 200px;\"><div class=\"wd-flex wd-flex-column wd-width-50\"><input type=\"text\" class=\"wd-width-100\" id=\"wdform_1_element_first14\" name=\"wdform_1_element_first14\" value=\"\" title=\"\" placeholder=\"\"  \/><label class=\"mini_label\" for=\"wdform_1_element_first14\">Pr\u00e9nom<\/label><\/div><div class=\"wd-flex wd-flex-column wd-name-separator\"><\/div><div class=\"wd-flex wd-flex-column wd-width-50\"><input type=\"text\" class=\"wd-width-100\" id=\"wdform_1_element_last14\" name=\"wdform_1_element_last14\" value=\"\" title=\"\" placeholder=\"\"  \/><label class=\"mini_label\" for=\"wdform_1_element_last14\">Nom<\/label><\/div><\/div><\/div><\/div><\/div><div class=\"wdform_column\"><div wdid=\"3\" class=\"wdform_row\"><div type=\"type_submitter_mail\" class=\"wdform-field wd-width-100 wd-flex wd-flex-row\" ><div class=\"wdform-label-section wd-width-30  wd-flex-row\" style=\"max-width: 150px;\">    <label  for=\"wdform_3_element14\" class=\"wdform-label\">E-mail<\/label><span class=\"wdform-required\">*<\/span><\/div><div class=\"wdform-element-section wd-flex  wd-flex-row wd-width-70\" style=\"max-width: 200px;\"><input type=\"text\" class=\"wd-width-100\" id=\"wdform_3_element14\" name=\"wdform_3_element14\" value=\"\" title=\"\" placeholder=\"\"   onchange=\"wd_check_email('3', '14', 'Ceci n\\'est pas une adresse e-mail valide')\" \/><\/div><\/div><\/div><\/div><div class=\"wdform_column\"><div wdid=\"15\" class=\"wdform_row\"><div type=\"type_own_select\" class=\"wdform-field wd-width-100 wd-flex wd-flex-column\" ><div class=\"wdform-label-section wd-width-100 wdform_select wd-flex-row\">    <label  for=\"wdform_15_element14\" class=\"wdform-label\">Votre Quartier<\/label><\/div><div class=\"wdform-element-section wd-flex wdform_select wd-flex-row wd-width-100\" style=\"max-width: 200px;\"><select class=\"wd-width-100\" id=\"wdform_15_element14\" name=\"wdform_15_element14\" ><option value=\"\" selected=\"selected\">Select value<\/option><option value=\"Abbaye-Jouhaux\" >Abbaye-Jouhaux<\/option><option value=\"Alli\u00e9s-Alpins\" >Alli\u00e9s-Alpins<\/option><option value=\"Capuche\" >Capuche<\/option><option value=\"Championnet-Bonne-Condorcet-Hoche\" >Championnet-Bonne-Condorcet-Hoche<\/option><option value=\"Confluence\" >Confluence<\/option><option value=\"Eaux-Claires\" >Eaux-Claires<\/option><option value=\"Exposition-Bajati\u00e8re\" >Exposition-Bajati\u00e8re<\/option><option value=\"Ile Verte\" >Ile Verte<\/option><option value=\"Mutualit\u00e9-Pr\u00e9fecture\" >Mutualit\u00e9-Pr\u00e9fecture<\/option><option value=\"Notre-Dame\" >Notre-Dame<\/option><option value=\"Centre-Ville\" >Centre-Ville<\/option><option value=\"Saint-Bruno\" >Saint-Bruno<\/option><option value=\"Rive Droite Saint-Laurent\" >Rive Droite Saint-Laurent<\/option><option value=\"Teisseire\" >Teisseire<\/option><option value=\"Arlequin\" >Arlequin<\/option><option value=\"G\u00e9ants-Baladins\" >G\u00e9ants-Baladins<\/option><option value=\"Mistral\" >Mistral<\/option><option value=\"Rondeau-Lib\u00e9ration\" >Rondeau-Lib\u00e9ration<\/option><option value=\"Malherbes\" >Malherbes<\/option><option value=\"Centre-Gares\" >Centre-Gares<\/option><\/select><\/div><\/div><\/div><\/div><div class=\"wdform_column\"><div wdid=\"10\" class=\"wdform_row\"><div type=\"type_own_select\" class=\"wdform-field wd-width-100 wd-flex wd-flex-row\" ><div class=\"wdform-label-section wd-width-30 wdform_select wd-flex-row\" style=\"max-width: 150px;\">    <label  for=\"wdform_10_element14\" class=\"wdform-label\">Type<\/label><span class=\"wdform-required\">*<\/span><\/div><div class=\"wdform-element-section wd-flex wdform_select wd-flex-row wd-width-70\" style=\"max-width: 200px;\"><select class=\"wd-width-100\" id=\"wdform_10_element14\" name=\"wdform_10_element14\" ><option value=\"S\u00e9lectionner le type\" selected=\"selected\">S\u00e9lectionner le type<\/option><option value=\"r\u00e9action \u00e0 un article de presse\" >r\u00e9action \u00e0 un article de presse<\/option><option value=\"Tribune Libre\" >Tribune Libre<\/option><\/select><\/div><\/div><\/div><\/div><div class=\"wdform_column\"><div wdid=\"16\" class=\"wdform_row\"><div type=\"type_text\" class=\"wdform-field wd-width-100 wd-flex wd-flex-column\" ><div class=\"wdform-label-section wd-width-100  wd-flex-row wd-align-items-center\">    <label  for=\"wdform_16_element14\" class=\"wdform-label\">Titre de votre Article\/ Tribune (titre de l'article en r\u00e9action le cas \u00e9ch\u00e9ant)<\/label><\/div><div class=\"wdform-element-section wd-flex  wd-flex-row wd-align-items-center wd-width-100\" style=\"max-width: 300px;\"><input type=\"text\"                           class=\"wd-width-100\"                           id=\"wdform_16_element14\"                           name=\"wdform_16_element14\"                           value=\"\"                           title=\"\"                           placeholder=\"\"                                                       \/><\/div><\/div><\/div><\/div><div class=\"wdform_column\"><div wdid=\"11\" class=\"wdform_row\"><div type=\"type_textarea\" class=\"wdform-field wd-width-100 wd-flex wd-flex-row\" ><div class=\"wdform-label-section wd-width-30 \" style=\"max-width: 150px;\">    <label  for=\"wdform_11_element14\" class=\"wdform-label\">Message<\/label><\/div><div class=\"wdform-element-section wd-flex  wd-width-70\" style=\"max-width: 1000px;\"><textarea class=\"wd-width-100\"                      id=\"wdform_11_element14\"                      name=\"wdform_11_element14\"                      placeholder=\"\"                      maxlength=\"\"                      style=\"height: 1000px;\"                      ><\/textarea><\/div><\/div><\/div><\/div><div class=\"wdform_column\"><div wdid=\"12\" class=\"wdform_row\"><div type=\"type_submit_reset\" class=\"wdform-field wd-width-100 wd-flex wd-flex-column\" ><div class=\"wdform-element-section wd-flex  wd-flex-row wd-justify-content-left wd-width-100\" ><button  type=\"button\" class=\"button-submit\" onclick=\"fm_submit_form('14');\"  data-ajax=\"0\"><span class=\"fm-submit-loading spinner fm-ico-spinner\"><\/span>Submit<\/button><button  type=\"button\" class=\"button-reset wd-hidden\" onclick=\"fm_reset_form(14);\" >Reset<\/button><\/div><\/div><\/div><\/div><\/div><div valign=\"top\" class=\"wdform_footer\" style=\"width: 100%;\"><div style=\"width: 100%;\"><div style=\"width: 100%; display: table;\"><div style=\"display: table-row-group;\"><div id=\"14page_nav1\" style=\"display: table-row;\"><\/div><\/div><\/div><\/div><\/div><\/div><\/div><div class=\"wdform_preload\"><\/div><\/form><\/div>\n\n\n\n<p><\/p>\n","protected":false},"excerpt":{"rendered":"<p>R\u00e9action \u00e0 l\u2019actualit\u00e9 \/ Tribune Libre : Les articles de<span class=\"more-link\"><a href=\"https:\/\/cluq-grenoble.org\/WordPress\/revue-de-presse\/reaction-tribunelibre\/\">Lire la suite<\/a><\/span><\/p>\n","protected":false},"author":1,"featured_media":0,"parent":4915,"menu_order":0,"comment_status":"closed","ping_status":"closed","template":"","meta":[],"_links":{"self":[{"href":"https:\/\/cluq-grenoble.org\/WordPress\/wp-json\/wp\/v2\/pages\/5383"}],"collection":[{"href":"https:\/\/cluq-grenoble.org\/WordPress\/wp-json\/wp\/v2\/pages"}],"about":[{"href":"https:\/\/cluq-grenoble.org\/WordPress\/wp-json\/wp\/v2\/types\/page"}],"author":[{"embeddable":true,"href":"https:\/\/cluq-grenoble.org\/WordPress\/wp-json\/wp\/v2\/users\/1"}],"replies":[{"embeddable":true,"href":"https:\/\/cluq-grenoble.org\/WordPress\/wp-json\/wp\/v2\/comments?post=5383"}],"version-history":[{"count":3,"href":"https:\/\/cluq-grenoble.org\/WordPress\/wp-json\/wp\/v2\/pages\/5383\/revisions"}],"predecessor-version":[{"id":5396,"href":"https:\/\/cluq-grenoble.org\/WordPress\/wp-json\/wp\/v2\/pages\/5383\/revisions\/5396"}],"up":[{"embeddable":true,"href":"https:\/\/cluq-grenoble.org\/WordPress\/wp-json\/wp\/v2\/pages\/4915"}],"wp:attachment":[{"href":"https:\/\/cluq-grenoble.org\/WordPress\/wp-json\/wp\/v2\/media?parent=5383"}],"curies":[{"name":"wp","href":"https:\/\/api.w.org\/{rel}","templated":true}]}}