{"id":5711,"date":"2021-01-14T11:47:49","date_gmt":"2021-01-14T10:47:49","guid":{"rendered":"http:\/\/cluq-grenoble.org\/WordPress\/?page_id=5711"},"modified":"2021-01-14T11:47:49","modified_gmt":"2021-01-14T10:47:49","slug":"page-dediee-au-travail-collaboratif-cluq-civipole","status":"publish","type":"page","link":"https:\/\/cluq-grenoble.org\/WordPress\/page-dediee-au-travail-collaboratif-cluq-civipole\/","title":{"rendered":"Page d\u00e9di\u00e9e au travail collaboratif CLUQ-Civipole"},"content":{"rendered":"\n<p>Nous avosn identifi\u00e9es plusierus actions , les premi\u00e8res sont : <\/p>\n\n\n\n<ul><li>revoir l&#8217;am\u00e9nagement du local : partie bureau, acc\u00e8s \u00e0 la salle de r\u00e9union, d\u00e9sencombrer l&#8217;espace, cr\u00e9er des cheminements clairs<\/li><li>cr\u00e9er un r\u00e8glement d&#8217;usage: nettoyage et a\u00e9ration de  la salle apr\u00e8s chaque r\u00e9union <\/li><li>affichage au local<\/li><\/ul>\n\n\n\n<p>commenter librement la page pour partager vos derni\u00e8res id\u00e9es d&#8217;am\u00e9lioration.<\/p>\n","protected":false},"excerpt":{"rendered":"<p>Nous avosn identifi\u00e9es plusierus actions , les premi\u00e8res sont :<span class=\"more-link\"><a href=\"https:\/\/cluq-grenoble.org\/WordPress\/page-dediee-au-travail-collaboratif-cluq-civipole\/\">Lire la suite<\/a><\/span><\/p>\n","protected":false},"author":1,"featured_media":0,"parent":0,"menu_order":0,"comment_status":"open","ping_status":"closed","template":"","meta":[],"_links":{"self":[{"href":"https:\/\/cluq-grenoble.org\/WordPress\/wp-json\/wp\/v2\/pages\/5711"}],"collection":[{"href":"https:\/\/cluq-grenoble.org\/WordPress\/wp-json\/wp\/v2\/pages"}],"about":[{"href":"https:\/\/cluq-grenoble.org\/WordPress\/wp-json\/wp\/v2\/types\/page"}],"author":[{"embeddable":true,"href":"https:\/\/cluq-grenoble.org\/WordPress\/wp-json\/wp\/v2\/users\/1"}],"replies":[{"embeddable":true,"href":"https:\/\/cluq-grenoble.org\/WordPress\/wp-json\/wp\/v2\/comments?post=5711"}],"version-history":[{"count":1,"href":"https:\/\/cluq-grenoble.org\/WordPress\/wp-json\/wp\/v2\/pages\/5711\/revisions"}],"predecessor-version":[{"id":5712,"href":"https:\/\/cluq-grenoble.org\/WordPress\/wp-json\/wp\/v2\/pages\/5711\/revisions\/5712"}],"wp:attachment":[{"href":"https:\/\/cluq-grenoble.org\/WordPress\/wp-json\/wp\/v2\/media?parent=5711"}],"curies":[{"name":"wp","href":"https:\/\/api.w.org\/{rel}","templated":true}]}}