{"id":6842,"date":"2021-02-27T12:16:14","date_gmt":"2021-02-27T11:16:14","guid":{"rendered":"https:\/\/cluq-grenoble.org\/WordPress\/?page_id=6842"},"modified":"2021-02-27T12:16:56","modified_gmt":"2021-02-27T11:16:56","slug":"signaler-un-incident","status":"publish","type":"page","link":"https:\/\/cluq-grenoble.org\/WordPress\/signaler-un-incident\/","title":{"rendered":"Signaler un &#8220;Incident&#8221;"},"content":{"rendered":"\n<div style=\"display:none\" class=\"fm-form-container fm-theme38\"><div id=\"fm-pages20\" class=\"fm-pages wdform_page_navigation \" show_title=\"false\" show_numbers=\"true\" type=\"none\"><\/div><form name=\"form20\" action=\"\/WordPress\/wp-json\/wp\/v2\/pages\/6842\" method=\"post\" id=\"form20\" class=\"fm-form form20  \" enctype=\"multipart\/form-data\"><input type=\"hidden\" id=\"counter20\" value=\"19\" name=\"counter20\" \/><input type=\"hidden\" id=\"Itemid20\" value=\"\" name=\"Itemid20\" \/><input type=\"hidden\" id=\"fm_shake20\" value=\"1\" name=\"fm_shake20\" \/><input type=\"text\" class=\"fm-hide\" id=\"fm_empty_field_validation20\" value=\"\" name=\"fm_empty_field_validation20\" data-value=\"bd736efb144d599cf463541431fbf5c4\" \/><div class=\"wdform-page-and-images fm-form-builder\" style=\"display:table; border-top:0px solid black;\"><div id=\"20form_view1\" class=\"wdform_page\" page_title=\"Untitled page\" next_title=\"Next\" next_type=\"text\" next_class=\"wdform-page-button\" next_checkable=\"false\" previous_title=\"Previous\" previous_type=\"text\" previous_class=\"wdform-page-button\" previous_checkable=\"false\"><div class=\"wdform_section fm-col-1\"><div class=\"wdform_column\"><div wdid=\"1\" class=\"wdform_row\"><div type=\"type_name\" class=\"wdform-field wd-width-100 wd-flex wd-flex-row\" ><div class=\"wdform-label-section wd-width-30  wd-flex-row\" style=\"max-width: 150px;\">    <label  for=\"wdform_1_element_first20\" class=\"wdform-label\">r\u00e9dacteur<\/label><span class=\"wdform-required\">*<\/span><\/div><div class=\"wdform-element-section wd-flex  wd-flex-row wd-width-70\" style=\"max-width: 200px;\"><div class=\"wd-flex wd-flex-column wd-width-50\"><input type=\"text\" class=\"wd-width-100\" id=\"wdform_1_element_first20\" name=\"wdform_1_element_first20\" value=\"\" title=\"\" placeholder=\"\"  \/><label class=\"mini_label\" for=\"wdform_1_element_first20\">Pr\u00e9nom<\/label><\/div><div class=\"wd-flex wd-flex-column wd-name-separator\"><\/div><div class=\"wd-flex wd-flex-column wd-width-50\"><input type=\"text\" class=\"wd-width-100\" id=\"wdform_1_element_last20\" name=\"wdform_1_element_last20\" value=\"\" title=\"\" placeholder=\"\"  \/><label class=\"mini_label\" for=\"wdform_1_element_last20\">Nom<\/label><\/div><\/div><\/div><\/div><\/div><div class=\"wdform_column\"><div wdid=\"3\" class=\"wdform_row\"><div type=\"type_submitter_mail\" class=\"wdform-field wd-width-100 wd-flex wd-flex-row\" ><div class=\"wdform-label-section wd-width-30  wd-flex-row\" style=\"max-width: 150px;\">    <label  for=\"wdform_3_element20\" class=\"wdform-label\">E-mail<\/label><span class=\"wdform-required\">*<\/span><\/div><div class=\"wdform-element-section wd-flex  wd-flex-row wd-width-70\" style=\"max-width: 200px;\"><input type=\"text\" class=\"wd-width-100\" id=\"wdform_3_element20\" name=\"wdform_3_element20\" value=\"\" title=\"\" placeholder=\"\"   onchange=\"wd_check_email('3', '20', 'Ceci n\\'est pas une adresse e-mail valide')\" \/><\/div><\/div><\/div><\/div><div class=\"wdform_column\"><div wdid=\"15\" class=\"wdform_row\"><div type=\"type_own_select\" class=\"wdform-field wd-width-100 wd-flex wd-flex-column\" ><div class=\"wdform-label-section wd-width-100 wdform_select wd-flex-row\">    <label  for=\"wdform_15_element20\" class=\"wdform-label\">Votre Quartier<\/label><\/div><div class=\"wdform-element-section wd-flex wdform_select wd-flex-row wd-width-100\" style=\"max-width: 200px;\"><select class=\"wd-width-100\" id=\"wdform_15_element20\" name=\"wdform_15_element20\" ><option value=\"\" selected=\"selected\">Select value<\/option><option value=\"Abbaye-Jouhaux\" >Abbaye-Jouhaux<\/option><option value=\"Alli\u00e9s-Alpins\" >Alli\u00e9s-Alpins<\/option><option value=\"Capuche\" >Capuche<\/option><option value=\"Championnet-Bonne-Condorcet-Hoche\" >Championnet-Bonne-Condorcet-Hoche<\/option><option value=\"Confluence\" >Confluence<\/option><option value=\"Eaux-Claires\" >Eaux-Claires<\/option><option value=\"Exposition-Bajati\u00e8re\" >Exposition-Bajati\u00e8re<\/option><option value=\"Ile Verte\" >Ile Verte<\/option><option value=\"Mutualit\u00e9-Pr\u00e9fecture\" >Mutualit\u00e9-Pr\u00e9fecture<\/option><option value=\"Notre-Dame\" >Notre-Dame<\/option><option value=\"Centre-Ville\" >Centre-Ville<\/option><option value=\"Saint-Bruno\" >Saint-Bruno<\/option><option value=\"Rive Droite Saint-Laurent\" >Rive Droite Saint-Laurent<\/option><option value=\"Teisseire\" >Teisseire<\/option><option value=\"Arlequin\" >Arlequin<\/option><option value=\"G\u00e9ants-Baladins\" >G\u00e9ants-Baladins<\/option><option value=\"Mistral\" >Mistral<\/option><option value=\"Rondeau-Lib\u00e9ration\" >Rondeau-Lib\u00e9ration<\/option><option value=\"Malherbes\" >Malherbes<\/option><option value=\"Centre-Gares\" >Centre-Gares<\/option><\/select><\/div><\/div><\/div><\/div><div class=\"wdform_column\"><div wdid=\"10\" class=\"wdform_row\"><div type=\"type_own_select\" class=\"wdform-field wd-width-100 wd-flex wd-flex-row\" ><div class=\"wdform-label-section wd-width-30 wdform_select wd-flex-row\" style=\"max-width: 150px;\">    <label  for=\"wdform_10_element20\" class=\"wdform-label\">Type d'incident<\/label><span class=\"wdform-required\">*<\/span><\/div><div class=\"wdform-element-section wd-flex wdform_select wd-flex-row wd-width-70\" style=\"max-width: 200px;\"><select class=\"wd-width-100\" id=\"wdform_10_element20\" name=\"wdform_10_element20\" ><option value=\"S\u00e9lectionner le type\" selected=\"selected\">S\u00e9lectionner le type<\/option><option value=\"Contravention\" >Contravention<\/option><option value=\"D\u00e9lit\" >D\u00e9lit<\/option><option value=\"Crime\" >Crime<\/option><\/select><\/div><\/div><\/div><\/div><div class=\"wdform_column\"><div wdid=\"18\" class=\"wdform_row\"><div type=\"type_own_select\" class=\"wdform-field wd-width-100 wd-flex wd-flex-column\" ><div class=\"wdform-label-section wd-width-100 wdform_select wd-flex-row\">    <label  for=\"wdform_18_element20\" class=\"wdform-label\">Cat\u00e9gorie d'incident<\/label><\/div><div class=\"wdform-element-section wd-flex wdform_select wd-flex-row wd-width-100\" ><select class=\"wd-width-100\" id=\"wdform_18_element20\" name=\"wdform_18_element20\" ><option value=\"\" selected=\"selected\">Select value<\/option><option value=\"D\u00e9gradation - Destruction\" >D\u00e9gradation - Destruction<\/option><option value=\"Vol li\u00e9 au v\u00e9hicule\" >Vol li\u00e9 au v\u00e9hicule<\/option><option value=\"Cambriolage\" >Cambriolage<\/option><option value=\"Menace de violence\" >Menace de violence<\/option><option value=\"Violence physique non crapuleuse\" >Violence physique non crapuleuse<\/option><option value=\"Violence physique crapuleuse\" >Violence physique crapuleuse<\/option><option value=\"Violence sexuelle\" >Violence sexuelle<\/option><\/select><\/div><\/div><\/div><\/div><div class=\"wdform_column\"><div wdid=\"11\" class=\"wdform_row\" style=\"position: relative; left: 0px; top: 0px;\"><div type=\"type_textarea\" class=\"wdform-field wd-width-100 wd-flex wd-flex-row\" ><div class=\"wdform-label-section wd-width-30 \" style=\"max-width: 150px;\">    <label  for=\"wdform_11_element20\" class=\"wdform-label\">Descriptif de l'Incident (vos observations, vous pouvez \u00e9galement envoyer une photo \u00e0 contact@cluq-grenoble.fr) Indiquez si une plainte a \u00e9t\u00e9 d\u00e9pos\u00e9 et le nombre d'appel au 17 d\u00e9j\u00e0 r\u00e9alis\u00e9. Indiquez si des courrier ont \u00e9t\u00e9 adress\u00e9 \u00e0 des bailleurs, des \u00e9lus, le procureur ou le pr\u00e9fet .<\/label><\/div><div class=\"wdform-element-section wd-flex  wd-width-70\" style=\"max-width: 1000px;\"><textarea class=\"wd-width-100\"                      id=\"wdform_11_element20\"                      name=\"wdform_11_element20\"                      placeholder=\"\"                      maxlength=\"\"                      style=\"height: 300px;\"                      ><\/textarea><\/div><\/div><\/div><\/div><div class=\"wdform_column\"><div wdid=\"17\" class=\"wdform_row\"><div type=\"type_mark_map\" class=\"wdform-field wd-width-100 wd-flex wd-flex-column\" ><div class=\"wdform-label-section wd-width-100 wdform_map wd-flex-row\">    <label  class=\"wdform-label\">Indiquer le lieu exact (appuyer sur OK dans la fen\u00eatre et d\u00e9placer l'\u00e9pingle rouge sur le lieu exact)<\/label><\/div><div class=\"wdform-element-section wd-flex wdform_map wd-flex-row wd-width-100\" ><input type=\"hidden\" id=\"wdform_17_long20\" name=\"wdform_17_long20\" value=\"5.731978\" \/><input type=\"hidden\" id=\"wdform_17_lat20\" name=\"wdform_17_lat20\" value=\"45.178422\" \/><div class=\"wd-width-100\" id=\"wdform_17_element20\" long0=\"5.731978\" lat0=\"45.178422\" zoom=\"14\" info0=\"\" center_x=\"5.731978\" center_y=\"45.178422\" style=\"max-width: 670px; height: 500px;\" ><\/div><\/div><\/div><\/div><\/div><div class=\"wdform_column\"><div wdid=\"12\" class=\"wdform_row\"><div type=\"type_submit_reset\" class=\"wdform-field wd-width-100 wd-flex wd-flex-column\" ><div class=\"wdform-element-section wd-flex  wd-flex-row wd-justify-content-left wd-width-100\" ><button  type=\"button\" class=\"button-submit\" onclick=\"fm_submit_form('20');\"  data-ajax=\"0\"><span class=\"fm-submit-loading spinner fm-ico-spinner\"><\/span>Submit<\/button><button  type=\"button\" class=\"button-reset wd-hidden\" onclick=\"fm_reset_form(20);\" >Reset<\/button><\/div><\/div><\/div><\/div><\/div><div valign=\"top\" class=\"wdform_footer\" style=\"width: 100%;\"><div style=\"width: 100%;\"><div style=\"width: 100%; display: table;\"><div style=\"display: table-row-group;\"><div id=\"20page_nav1\" style=\"display: table-row;\"><\/div><\/div><\/div><\/div><\/div><\/div><\/div><div class=\"wdform_preload\"><\/div><\/form><\/div>\n\n\n\n<p><\/p>\n","protected":false},"excerpt":{"rendered":"<p><span class=\"more-link\"><a href=\"https:\/\/cluq-grenoble.org\/WordPress\/signaler-un-incident\/\">Lire la suite<\/a><\/span><\/p>\n","protected":false},"author":1,"featured_media":0,"parent":0,"menu_order":0,"comment_status":"closed","ping_status":"closed","template":"","meta":[],"_links":{"self":[{"href":"https:\/\/cluq-grenoble.org\/WordPress\/wp-json\/wp\/v2\/pages\/6842"}],"collection":[{"href":"https:\/\/cluq-grenoble.org\/WordPress\/wp-json\/wp\/v2\/pages"}],"about":[{"href":"https:\/\/cluq-grenoble.org\/WordPress\/wp-json\/wp\/v2\/types\/page"}],"author":[{"embeddable":true,"href":"https:\/\/cluq-grenoble.org\/WordPress\/wp-json\/wp\/v2\/users\/1"}],"replies":[{"embeddable":true,"href":"https:\/\/cluq-grenoble.org\/WordPress\/wp-json\/wp\/v2\/comments?post=6842"}],"version-history":[{"count":2,"href":"https:\/\/cluq-grenoble.org\/WordPress\/wp-json\/wp\/v2\/pages\/6842\/revisions"}],"predecessor-version":[{"id":6844,"href":"https:\/\/cluq-grenoble.org\/WordPress\/wp-json\/wp\/v2\/pages\/6842\/revisions\/6844"}],"wp:attachment":[{"href":"https:\/\/cluq-grenoble.org\/WordPress\/wp-json\/wp\/v2\/media?parent=6842"}],"curies":[{"name":"wp","href":"https:\/\/api.w.org\/{rel}","templated":true}]}}