{"id":6845,"date":"2021-02-27T12:17:28","date_gmt":"2021-02-27T11:17:28","guid":{"rendered":"https:\/\/cluq-grenoble.org\/WordPress\/?page_id=6845"},"modified":"2021-02-27T12:17:28","modified_gmt":"2021-02-27T11:17:28","slug":"3-points-noirs","status":"publish","type":"page","link":"https:\/\/cluq-grenoble.org\/WordPress\/3-points-noirs\/","title":{"rendered":"3 points noirs"},"content":{"rendered":"\n<div style=\"display:none\" class=\"fm-form-container fm-theme38\"><div id=\"fm-pages19\" class=\"fm-pages wdform_page_navigation \" show_title=\"false\" show_numbers=\"true\" type=\"none\"><\/div><form name=\"form19\" action=\"\/WordPress\/wp-json\/wp\/v2\/pages\/6845\" method=\"post\" id=\"form19\" class=\"fm-form form19  \" enctype=\"multipart\/form-data\"><input type=\"hidden\" id=\"counter19\" value=\"19\" name=\"counter19\" \/><input type=\"hidden\" id=\"Itemid19\" value=\"\" name=\"Itemid19\" \/><input type=\"hidden\" id=\"fm_shake19\" value=\"1\" name=\"fm_shake19\" \/><input type=\"text\" class=\"fm-hide\" id=\"fm_empty_field_validation19\" value=\"\" name=\"fm_empty_field_validation19\" data-value=\"bd736efb144d599cf463541431fbf5c4\" \/><div class=\"wdform-page-and-images fm-form-builder\" style=\"display:table; border-top:0px solid black;\"><div id=\"19form_view1\" class=\"wdform_page\" page_title=\"Untitled page\" next_title=\"Next\" next_type=\"text\" next_class=\"wdform-page-button\" next_checkable=\"false\" previous_title=\"Previous\" previous_type=\"text\" previous_class=\"wdform-page-button\" previous_checkable=\"false\"><div class=\"wdform_section fm-col-1\"><div class=\"wdform_column\"><div wdid=\"1\" class=\"wdform_row\"><div type=\"type_name\" class=\"wdform-field wd-width-100 wd-flex wd-flex-row\" ><div class=\"wdform-label-section wd-width-30  wd-flex-row\" style=\"max-width: 150px;\">    <label  for=\"wdform_1_element_first19\" class=\"wdform-label\">r\u00e9dacteur<\/label><span class=\"wdform-required\">*<\/span><\/div><div class=\"wdform-element-section wd-flex  wd-flex-row wd-width-70\" style=\"max-width: 200px;\"><div class=\"wd-flex wd-flex-column wd-width-50\"><input type=\"text\" class=\"wd-width-100\" id=\"wdform_1_element_first19\" name=\"wdform_1_element_first19\" value=\"\" title=\"\" placeholder=\"\"  \/><label class=\"mini_label\" for=\"wdform_1_element_first19\">Pr\u00e9nom<\/label><\/div><div class=\"wd-flex wd-flex-column wd-name-separator\"><\/div><div class=\"wd-flex wd-flex-column wd-width-50\"><input type=\"text\" class=\"wd-width-100\" id=\"wdform_1_element_last19\" name=\"wdform_1_element_last19\" value=\"\" title=\"\" placeholder=\"\"  \/><label class=\"mini_label\" for=\"wdform_1_element_last19\">Nom<\/label><\/div><\/div><\/div><\/div><\/div><div class=\"wdform_column\"><div wdid=\"3\" class=\"wdform_row\"><div type=\"type_submitter_mail\" class=\"wdform-field wd-width-100 wd-flex wd-flex-row\" ><div class=\"wdform-label-section wd-width-30  wd-flex-row\" style=\"max-width: 150px;\">    <label  for=\"wdform_3_element19\" class=\"wdform-label\">E-mail<\/label><span class=\"wdform-required\">*<\/span><\/div><div class=\"wdform-element-section wd-flex  wd-flex-row wd-width-70\" style=\"max-width: 200px;\"><input type=\"text\" class=\"wd-width-100\" id=\"wdform_3_element19\" name=\"wdform_3_element19\" value=\"\" title=\"\" placeholder=\"\"   onchange=\"wd_check_email('3', '19', 'Ceci n\\'est pas une adresse e-mail valide')\" \/><\/div><\/div><\/div><\/div><div class=\"wdform_column\"><div wdid=\"15\" class=\"wdform_row\"><div type=\"type_own_select\" class=\"wdform-field wd-width-100 wd-flex wd-flex-column\" ><div class=\"wdform-label-section wd-width-100 wdform_select wd-flex-row\">    <label  for=\"wdform_15_element19\" class=\"wdform-label\">Votre Quartier<\/label><\/div><div class=\"wdform-element-section wd-flex wdform_select wd-flex-row wd-width-100\" style=\"max-width: 200px;\"><select class=\"wd-width-100\" id=\"wdform_15_element19\" name=\"wdform_15_element19\" ><option value=\"\" selected=\"selected\">Select value<\/option><option value=\"Abbaye-Jouhaux\" >Abbaye-Jouhaux<\/option><option value=\"Alli\u00e9s-Alpins\" >Alli\u00e9s-Alpins<\/option><option value=\"Capuche\" >Capuche<\/option><option value=\"Championnet-Bonne-Condorcet-Hoche\" >Championnet-Bonne-Condorcet-Hoche<\/option><option value=\"Confluence\" >Confluence<\/option><option value=\"Eaux-Claires\" >Eaux-Claires<\/option><option value=\"Exposition-Bajati\u00e8re\" >Exposition-Bajati\u00e8re<\/option><option value=\"Ile Verte\" >Ile Verte<\/option><option value=\"Mutualit\u00e9-Pr\u00e9fecture\" >Mutualit\u00e9-Pr\u00e9fecture<\/option><option value=\"Notre-Dame\" >Notre-Dame<\/option><option value=\"Centre-Ville\" >Centre-Ville<\/option><option value=\"Saint-Bruno\" >Saint-Bruno<\/option><option value=\"Rive Droite Saint-Laurent\" >Rive Droite Saint-Laurent<\/option><option value=\"Teisseire\" >Teisseire<\/option><option value=\"Arlequin\" >Arlequin<\/option><option value=\"G\u00e9ants-Baladins\" >G\u00e9ants-Baladins<\/option><option value=\"Mistral\" >Mistral<\/option><option value=\"Rondeau-Lib\u00e9ration\" >Rondeau-Lib\u00e9ration<\/option><option value=\"Malherbes\" >Malherbes<\/option><option value=\"Centre-Gares\" >Centre-Gares<\/option><option value=\"Autre commune de la M\u00e9tro\" >Autre commune de la M\u00e9tro<\/option><\/select><\/div><\/div><\/div><\/div><div class=\"wdform_column\"><div wdid=\"10\" class=\"wdform_row\"><div type=\"type_own_select\" class=\"wdform-field wd-width-100 wd-flex wd-flex-row\" ><div class=\"wdform-label-section wd-width-30 wdform_select wd-flex-row\" style=\"max-width: 150px;\">    <label  for=\"wdform_10_element19\" class=\"wdform-label\">Type<\/label><span class=\"wdform-required\">*<\/span><\/div><div class=\"wdform-element-section wd-flex wdform_select wd-flex-row wd-width-70\" style=\"max-width: 200px;\"><select class=\"wd-width-100\" id=\"wdform_10_element19\" name=\"wdform_10_element19\" ><option value=\"S\u00e9lectionner le type\" selected=\"selected\">S\u00e9lectionner le type<\/option><option value=\"Point noir V\u00e9los\" >Point noir V\u00e9los<\/option><option value=\"Point noir Pi\u00e9tons\" >Point noir Pi\u00e9tons<\/option><\/select><\/div><\/div><\/div><\/div><div class=\"wdform_column\"><div wdid=\"18\" class=\"wdform_row\" style=\"position: relative; left: 0px; top: 0px;\"><div type=\"type_radio\" class=\"wdform-field wd-width-100 wd-flex wd-flex-column\" ><div class=\"wdform-label-section wd-width-100  wd-flex-wrap wd-flex-column\">    <label  class=\"wdform-label\">Avez vous d\u00e9j\u00e0 entrepris des actions \u00e0 ce sujet ?, si oui pr\u00e9cisez le bri\u00e8vement dans le descriptif <\/label><\/div><div class=\"wdform-element-section wd-flex  wd-flex-wrap wd-flex-column wd-width-100\" ><div class=\"wd-flex wd-flex-column\"><input type=\"hidden\" name=\"wdform_18_element19\" value=\"\" \/><div class=\"radio-div wd-choice wd-flex wd-flex-row\"><input type=\"radio\"  id=\"wdform_18_element190\" name=\"wdform_18_element19\" value=\"Premi\u00e8re d\u00e9claration\" onclick=\"set_default(&quot;wdform_18&quot;,&quot;0&quot;,&quot;19&quot;); \"   \/><label class=\"wd-align-items-center wd-flex wd-flex-row\" for=\"wdform_18_element190\"><span><\/span>Premi\u00e8re d\u00e9claration<\/label><\/div><div class=\"radio-div wd-choice wd-flex wd-flex-row\"><input type=\"radio\"  id=\"wdform_18_element191\" name=\"wdform_18_element19\" value=\"D\u00e9j\u00e0 partag\u00e9 avec Ville ou M\u00e9tro\" onclick=\"set_default(&quot;wdform_18&quot;,&quot;1&quot;,&quot;19&quot;); \"   \/><label class=\"wd-align-items-center wd-flex wd-flex-row\" for=\"wdform_18_element191\"><span><\/span>D\u00e9j\u00e0 partag\u00e9 avec Ville ou M\u00e9tro<\/label><\/div><\/div><\/div><\/div><\/div><\/div><div class=\"wdform_column\"><div wdid=\"11\" class=\"wdform_row\" style=\"position: relative; left: 0px; top: 0px;\"><div type=\"type_textarea\" class=\"wdform-field wd-width-100 wd-flex wd-flex-row\" ><div class=\"wdform-label-section wd-width-30 \" style=\"max-width: 150px;\">    <label  for=\"wdform_11_element19\" class=\"wdform-label\">Descriptif du point noir (vous pouvez \u00e9galement envoyer une photo \u00e0 contact@cluq-grenoble.fr)<\/label><\/div><div class=\"wdform-element-section wd-flex  wd-width-70\" style=\"max-width: 1000px;\"><textarea class=\"wd-width-100\"                      id=\"wdform_11_element19\"                      name=\"wdform_11_element19\"                      placeholder=\"\"                      maxlength=\"\"                      style=\"height: 300px;\"                      ><\/textarea><\/div><\/div><\/div><\/div><div class=\"wdform_column\"><div wdid=\"17\" class=\"wdform_row\"><div type=\"type_mark_map\" class=\"wdform-field wd-width-100 wd-flex wd-flex-column\" ><div class=\"wdform-label-section wd-width-100 wdform_map wd-flex-row\">    <label  class=\"wdform-label\">Indiquer le lieu exact en d\u00e9pla\u00e7ant l'\u00e9pingle rouge sur la carte (cliquer sur OK pour le warning, cela fonctionne tout de m\u00eame, son retrait est en cours de r\u00e9solution)<\/label><\/div><div class=\"wdform-element-section wd-flex wdform_map wd-flex-row wd-width-100\" ><input type=\"hidden\" id=\"wdform_17_long19\" name=\"wdform_17_long19\" value=\"5.731978\" \/><input type=\"hidden\" id=\"wdform_17_lat19\" name=\"wdform_17_lat19\" value=\"45.178422\" \/><div class=\"wd-width-100\" id=\"wdform_17_element19\" long0=\"5.731978\" lat0=\"45.178422\" zoom=\"14\" info0=\"\" center_x=\"5.731978\" center_y=\"45.178422\" style=\"max-width: 670px; height: 500px;\" ><\/div><\/div><\/div><\/div><\/div><div class=\"wdform_column\"><div wdid=\"12\" class=\"wdform_row\"><div type=\"type_submit_reset\" class=\"wdform-field wd-width-100 wd-flex wd-flex-column\" ><div class=\"wdform-element-section wd-flex  wd-flex-row wd-justify-content-left wd-width-100\" ><button  type=\"button\" class=\"button-submit\" onclick=\"fm_submit_form('19');\"  data-ajax=\"0\"><span class=\"fm-submit-loading spinner fm-ico-spinner\"><\/span>Submit<\/button><button  type=\"button\" class=\"button-reset wd-hidden\" onclick=\"fm_reset_form(19);\" >Reset<\/button><\/div><\/div><\/div><\/div><\/div><div valign=\"top\" class=\"wdform_footer\" style=\"width: 100%;\"><div style=\"width: 100%;\"><div style=\"width: 100%; display: table;\"><div style=\"display: table-row-group;\"><div id=\"19page_nav1\" style=\"display: table-row;\"><\/div><\/div><\/div><\/div><\/div><\/div><\/div><div class=\"wdform_preload\"><\/div><\/form><\/div>\n","protected":false},"excerpt":{"rendered":"<p><span class=\"more-link\"><a href=\"https:\/\/cluq-grenoble.org\/WordPress\/3-points-noirs\/\">Lire la suite<\/a><\/span><\/p>\n","protected":false},"author":1,"featured_media":0,"parent":0,"menu_order":0,"comment_status":"closed","ping_status":"closed","template":"","meta":[],"_links":{"self":[{"href":"https:\/\/cluq-grenoble.org\/WordPress\/wp-json\/wp\/v2\/pages\/6845"}],"collection":[{"href":"https:\/\/cluq-grenoble.org\/WordPress\/wp-json\/wp\/v2\/pages"}],"about":[{"href":"https:\/\/cluq-grenoble.org\/WordPress\/wp-json\/wp\/v2\/types\/page"}],"author":[{"embeddable":true,"href":"https:\/\/cluq-grenoble.org\/WordPress\/wp-json\/wp\/v2\/users\/1"}],"replies":[{"embeddable":true,"href":"https:\/\/cluq-grenoble.org\/WordPress\/wp-json\/wp\/v2\/comments?post=6845"}],"version-history":[{"count":1,"href":"https:\/\/cluq-grenoble.org\/WordPress\/wp-json\/wp\/v2\/pages\/6845\/revisions"}],"predecessor-version":[{"id":6847,"href":"https:\/\/cluq-grenoble.org\/WordPress\/wp-json\/wp\/v2\/pages\/6845\/revisions\/6847"}],"wp:attachment":[{"href":"https:\/\/cluq-grenoble.org\/WordPress\/wp-json\/wp\/v2\/media?parent=6845"}],"curies":[{"name":"wp","href":"https:\/\/api.w.org\/{rel}","templated":true}]}}