{"id":6905,"date":"2021-03-01T19:56:19","date_gmt":"2021-03-01T18:56:19","guid":{"rendered":"https:\/\/cluq-grenoble.org\/WordPress\/?page_id=6905"},"modified":"2021-03-01T19:56:19","modified_gmt":"2021-03-01T18:56:19","slug":"arbres-remarquables","status":"publish","type":"page","link":"https:\/\/cluq-grenoble.org\/WordPress\/arbres-remarquables\/","title":{"rendered":"Arbres remarquables"},"content":{"rendered":"\n<p>liste des arbres remarquabes :<\/p>\n\n\n\n<table id=\"tablepress-9\" class=\"tablepress tablepress-id-9\">\n<thead>\n<tr class=\"row-1 odd\">\n\t<th class=\"column-1\">Quartier<\/th><th class=\"column-2\">r\u00e9f\u00e9rence [Q- 1ere lettre quartier-Num\u00e9ro]<\/th><th class=\"column-3\">Observation Citoyenne<\/th><th class=\"column-4\">date<\/th><th class=\"column-5\">lieu<\/th><th class=\"column-6\">Description technique<\/th><th class=\"column-7\">Services Ville<\/th><th class=\"column-8\">Services M\u00e9tro<\/th><th class=\"column-9\">Commentaire<\/th><th class=\"column-10\">Statut<\/th>\n<\/tr>\n<\/thead>\n<tbody class=\"row-hover\">\n<tr class=\"row-2 even\">\n\t<td class=\"column-1\">Championnet-Bonne-Condorcet-Hoche<\/td><td class=\"column-2\">AC1<\/td><td class=\"column-3\">C\u00e8dres, jeunes<\/td><td class=\"column-4\">11\/12\/20<\/td><td class=\"column-5\">ancienne clinique des c\u00e8dres<\/td><td class=\"column-6\">?<\/td><td class=\"column-7\">Oui<\/td><td class=\"column-8\">Non<\/td><td class=\"column-9\">commande en cours<\/td><td class=\"column-10\">transmis en cours<\/td>\n<\/tr>\n<tr class=\"row-3 odd\">\n\t<td class=\"column-1\">Exposition-Bajati\u00e8re<\/td><td class=\"column-2\">AB1<\/td><td class=\"column-3\">Grand pin de l\u2019Himalaya, ag\u00e9<\/td><td class=\"column-4\">11\/12\/20<\/td><td class=\"column-5\">Chemin de l'\u00e9glise<\/td><td class=\"column-6\">?<\/td><td class=\"column-7\">Oui<\/td><td class=\"column-8\">Non<\/td><td class=\"column-9\">pris en charge par le service \u00e9clairage publique<\/td><td class=\"column-10\">transmis en cours<\/td>\n<\/tr>\n<tr class=\"row-4 even\">\n\t<td class=\"column-1\">Exposition-Bajati\u00e8re<\/td><td class=\"column-2\">AB2<\/td><td class=\"column-3\">Grands C\u00e8dres, \u00e2g\u00e9s<\/td><td class=\"column-4\">10\/12\/20<\/td><td class=\"column-5\">ave Marcelin Berthelot (arr\u00eat Mounier)<\/td><td class=\"column-6\">? <\/td><td class=\"column-7\">Oui<\/td><td class=\"column-8\">Non<\/td><td class=\"column-9\">\u00e9tude du renouvellement par le service voirie m\u00e9tropole<\/td><td class=\"column-10\">trait\u00e9<\/td>\n<\/tr>\n<tr class=\"row-5 odd\">\n\t<td class=\"column-1\"><\/td><td class=\"column-2\"><\/td><td class=\"column-3\"><\/td><td class=\"column-4\"><\/td><td class=\"column-5\"><\/td><td class=\"column-6\"><\/td><td class=\"column-7\"><\/td><td class=\"column-8\"><\/td><td class=\"column-9\"><\/td><td class=\"column-10\"><\/td>\n<\/tr>\n<\/tbody>\n<\/table>\n<!-- #tablepress-9 from cache -->\n\n\n\n<p><\/p>\n","protected":false},"excerpt":{"rendered":"<p>liste des arbres remarquabes :<span class=\"more-link\"><a href=\"https:\/\/cluq-grenoble.org\/WordPress\/arbres-remarquables\/\">Lire la suite<\/a><\/span><\/p>\n","protected":false},"author":1,"featured_media":0,"parent":0,"menu_order":0,"comment_status":"closed","ping_status":"closed","template":"","meta":[],"_links":{"self":[{"href":"https:\/\/cluq-grenoble.org\/WordPress\/wp-json\/wp\/v2\/pages\/6905"}],"collection":[{"href":"https:\/\/cluq-grenoble.org\/WordPress\/wp-json\/wp\/v2\/pages"}],"about":[{"href":"https:\/\/cluq-grenoble.org\/WordPress\/wp-json\/wp\/v2\/types\/page"}],"author":[{"embeddable":true,"href":"https:\/\/cluq-grenoble.org\/WordPress\/wp-json\/wp\/v2\/users\/1"}],"replies":[{"embeddable":true,"href":"https:\/\/cluq-grenoble.org\/WordPress\/wp-json\/wp\/v2\/comments?post=6905"}],"version-history":[{"count":1,"href":"https:\/\/cluq-grenoble.org\/WordPress\/wp-json\/wp\/v2\/pages\/6905\/revisions"}],"predecessor-version":[{"id":6906,"href":"https:\/\/cluq-grenoble.org\/WordPress\/wp-json\/wp\/v2\/pages\/6905\/revisions\/6906"}],"wp:attachment":[{"href":"https:\/\/cluq-grenoble.org\/WordPress\/wp-json\/wp\/v2\/media?parent=6905"}],"curies":[{"name":"wp","href":"https:\/\/api.w.org\/{rel}","templated":true}]}}