{"id":6909,"date":"2021-03-01T20:01:40","date_gmt":"2021-03-01T19:01:40","guid":{"rendered":"https:\/\/cluq-grenoble.org\/WordPress\/?page_id=6909"},"modified":"2021-03-01T20:01:40","modified_gmt":"2021-03-01T19:01:40","slug":"participation-citoyenne","status":"publish","type":"page","link":"https:\/\/cluq-grenoble.org\/WordPress\/participation-citoyenne\/","title":{"rendered":"Participation citoyenne"},"content":{"rendered":"\n<p>R\u00e9sultat de l&#8217;analyse de la participation citoyenne \u00e0 partir de la liste des projets port\u00e9s par les Unions de Quartier :<\/p>\n\n\n\n<figure class=\"wp-block-image size-large\"><a href=\"https:\/\/cluq-grenoble.org\/WordPress\/wp-content\/uploads\/2021\/03\/ThermometreParticipatif_Insuffisant.png\"><img loading=\"lazy\" width=\"817\" height=\"207\" src=\"https:\/\/cluq-grenoble.org\/WordPress\/wp-content\/uploads\/2021\/03\/ThermometreParticipatif_Insuffisant.png\" alt=\"\" class=\"wp-image-6896\" srcset=\"https:\/\/cluq-grenoble.org\/WordPress\/wp-content\/uploads\/2021\/03\/ThermometreParticipatif_Insuffisant.png 817w, https:\/\/cluq-grenoble.org\/WordPress\/wp-content\/uploads\/2021\/03\/ThermometreParticipatif_Insuffisant-300x76.png 300w, https:\/\/cluq-grenoble.org\/WordPress\/wp-content\/uploads\/2021\/03\/ThermometreParticipatif_Insuffisant-768x195.png 768w, https:\/\/cluq-grenoble.org\/WordPress\/wp-content\/uploads\/2021\/03\/ThermometreParticipatif_Insuffisant-465x118.png 465w, https:\/\/cluq-grenoble.org\/WordPress\/wp-content\/uploads\/2021\/03\/ThermometreParticipatif_Insuffisant-695x176.png 695w\" sizes=\"(max-width: 817px) 100vw, 817px\" \/><\/a><\/figure>\n\n\n\n<table id=\"tablepress-8\" class=\"tablepress tablepress-id-8\">\n<thead>\n<tr class=\"row-1 odd\">\n\t<th class=\"column-1\">Quartier<\/th><th class=\"column-2\">r\u00e9f\u00e9rence [C- 1ere lettre quartier-Num\u00e9ro]<\/th><th class=\"column-3\">Sujet<\/th><th class=\"column-4\">date de cr\u00e9ation<\/th><th class=\"column-5\">lieu concern\u00e9<\/th><th class=\"column-6\">Descriptif<\/th><th class=\"column-7\">En lien avec la Ville<\/th><th class=\"column-8\">En lien avec la M\u00e9tro<\/th><th class=\"column-9\">Statut, d\u00e9tails -> voir colonnes de droite<\/th><th class=\"column-10\">R\u00e9union d'Instruction<\/th><th class=\"column-11\">R\u00e9union d'information<\/th><th class=\"column-12\">Auto-saisine<\/th><th class=\"column-13\">Consultation<\/th><th class=\"column-14\">Implication<\/th><th class=\"column-15\">Partenariat (Co-construction)<\/th><th class=\"column-16\">D\u00e9l\u00e9gation<\/th>\n<\/tr>\n<\/thead>\n<tbody class=\"row-hover\">\n<tr class=\"row-2 even\">\n\t<td class=\"column-1\">Rive Droite Saint-Laurent<\/td><td class=\"column-2\">CR1<\/td><td class=\"column-3\">Projet ESPLANADE<\/td><td class=\"column-4\">21\/01\/21<\/td><td class=\"column-5\">Esplanade<\/td><td class=\"column-6\">Requalification de l'espace en une place publique partiellement v\u00e9g\u00e9talis\u00e9 permettant de maintenir les activit\u00e9s culturelles et de loisirs<\/td><td class=\"column-7\">Oui<\/td><td class=\"column-8\">Oui<\/td><td class=\"column-9\">PAS de CONCERTATION<\/td><td class=\"column-10\">non<\/td><td class=\"column-11\">NON<\/td><td class=\"column-12\">OUI<\/td><td class=\"column-13\">NON<\/td><td class=\"column-14\">NON<\/td><td class=\"column-15\">NON<\/td><td class=\"column-16\">NON<\/td>\n<\/tr>\n<tr class=\"row-3 odd\">\n\t<td class=\"column-1\">Notre Dame<\/td><td class=\"column-2\">CN1<\/td><td class=\"column-3\">Pi\u00e9tonisation de Notre-Dame<\/td><td class=\"column-4\">04\/02\/21<\/td><td class=\"column-5\">rue Gach\u00e9, Bayard, Pr\u00e9sident Carnot<\/td><td class=\"column-6\">Fermeture \u00e0 la circulation de ces rues pour v\u00e9g\u00e9taliser et am\u00e9liorer la circulation des pi\u00e9tons<\/td><td class=\"column-7\">Oui<\/td><td class=\"column-8\">Oui<\/td><td class=\"column-9\">PAS de CONCERTATION<\/td><td class=\"column-10\">non<\/td><td class=\"column-11\">Oui le 24 f\u00e9vrier<\/td><td class=\"column-12\">OUI<\/td><td class=\"column-13\">Oui<\/td><td class=\"column-14\">?<\/td><td class=\"column-15\">?<\/td><td class=\"column-16\">NON<\/td>\n<\/tr>\n<tr class=\"row-4 even\">\n\t<td class=\"column-1\">Exposition-Bajati\u00e8re<\/td><td class=\"column-2\">CB1<\/td><td class=\"column-3\">Projet Tour PERRET<\/td><td class=\"column-4\">11\/12\/20<\/td><td class=\"column-5\">Parc Mistral<\/td><td class=\"column-6\">R\u00e9novation de la tour et projet de requalification du parc autour<\/td><td class=\"column-7\">Oui<\/td><td class=\"column-8\">Non<\/td><td class=\"column-9\">Groupe de travail anim\u00e9 par la Ville, d\u00e9livrant des informations sur le projet de test de r\u00e9novation<\/td><td class=\"column-10\">non<\/td><td class=\"column-11\">OUI<\/td><td class=\"column-12\">NON<\/td><td class=\"column-13\">OUI<\/td><td class=\"column-14\">NON<\/td><td class=\"column-15\">NON<\/td><td class=\"column-16\">NON<\/td>\n<\/tr>\n<tr class=\"row-5 odd\">\n\t<td class=\"column-1\">Exposition-Bajati\u00e8re<\/td><td class=\"column-2\">CB2<\/td><td class=\"column-3\">Projet Mounier<\/td><td class=\"column-4\">10\/04\/16<\/td><td class=\"column-5\">Lyc\u00e9e Mounier<\/td><td class=\"column-6\">Reconstruction du Lyc\u00e9e<\/td><td class=\"column-7\">Non<\/td><td class=\"column-8\">Non<\/td><td class=\"column-9\">Information de la R\u00e9gion<\/td><td class=\"column-10\">non<\/td><td class=\"column-11\">OUI<\/td><td class=\"column-12\">OUI<\/td><td class=\"column-13\">NON<\/td><td class=\"column-14\">NON<\/td><td class=\"column-15\">NON<\/td><td class=\"column-16\">NON<\/td>\n<\/tr>\n<tr class=\"row-6 even\">\n\t<td class=\"column-1\">Exposition-Bajati\u00e8re<\/td><td class=\"column-2\">CB3<\/td><td class=\"column-3\">Projet abords Mounier<\/td><td class=\"column-4\">01\/01\/21<\/td><td class=\"column-5\">Abords du Lyc\u00e9e Mounier, parvis Marcelin Berthelot et arri\u00e8re cot\u00e9 rue Perreto <\/td><td class=\"column-6\">Cr\u00e9ation d'un parvis devant le Lyc\u00e9e, acc\u00e8s cot\u00e9 Perreto et sortie des \u00e9l\u00e8ves<\/td><td class=\"column-7\">Oui<\/td><td class=\"column-8\">Oui<\/td><td class=\"column-9\">Concertation en cours<\/td><td class=\"column-10\">non<\/td><td class=\"column-11\">OUI<\/td><td class=\"column-12\">OUI<\/td><td class=\"column-13\">OUI<\/td><td class=\"column-14\">OUI<\/td><td class=\"column-15\">NON<\/td><td class=\"column-16\">NON<\/td>\n<\/tr>\n<tr class=\"row-7 odd\">\n\t<td class=\"column-1\">Centre-Vile<\/td><td class=\"column-2\">CC1<\/td><td class=\"column-3\">Projet Victor-Hugo<\/td><td class=\"column-4\">11\/12\/20<\/td><td class=\"column-5\">place Victor-Hugo<\/td><td class=\"column-6\">R\u00e9novation de la place, v\u00e9g\u00e9talisation, ouverture des pelouses et d\u00e9s-imperm\u00e9abilisation des sols<\/td><td class=\"column-7\">Oui<\/td><td class=\"column-8\">Oui<\/td><td class=\"column-9\">PAS de CONCERTATION<\/td><td class=\"column-10\">non<\/td><td class=\"column-11\">NON<\/td><td class=\"column-12\">OUI<\/td><td class=\"column-13\">OUI a posteriori<\/td><td class=\"column-14\">NON<\/td><td class=\"column-15\">NON<\/td><td class=\"column-16\">NON<\/td>\n<\/tr>\n<tr class=\"row-8 even\">\n\t<td class=\"column-1\">Rive Droite Saint-Laurent<\/td><td class=\"column-2\">CR2<\/td><td class=\"column-3\">Projet \"bastille\"<\/td><td class=\"column-4\">01\/02\/2021<\/td><td class=\"column-5\">bastille<\/td><td class=\"column-6\">requalification de la bastille<\/td><td class=\"column-7\">Oui<\/td><td class=\"column-8\">?<\/td><td class=\"column-9\">Information re\u00e7u, suite ?<\/td><td class=\"column-10\">non<\/td><td class=\"column-11\">Oui<\/td><td class=\"column-12\">OUI<\/td><td class=\"column-13\">?<\/td><td class=\"column-14\">?<\/td><td class=\"column-15\">?<\/td><td class=\"column-16\">NON<\/td>\n<\/tr>\n<tr class=\"row-9 odd\">\n\t<td class=\"column-1\"><\/td><td class=\"column-2\"><\/td><td class=\"column-3\"><\/td><td class=\"column-4\"><\/td><td class=\"column-5\"><\/td><td class=\"column-6\"><\/td><td class=\"column-7\"><\/td><td class=\"column-8\"><\/td><td class=\"column-9\"><\/td><td class=\"column-10\"><\/td><td class=\"column-11\"><\/td><td class=\"column-12\"><\/td><td class=\"column-13\"><\/td><td class=\"column-14\"><\/td><td class=\"column-15\"><\/td><td class=\"column-16\"><\/td>\n<\/tr>\n<\/tbody>\n<\/table>\n<!-- #tablepress-8 from cache -->\n\n\n\n<p> <\/p>\n","protected":false},"excerpt":{"rendered":"<p>R\u00e9sultat de l&#8217;analyse de la participation citoyenne \u00e0 partir de<span class=\"more-link\"><a href=\"https:\/\/cluq-grenoble.org\/WordPress\/participation-citoyenne\/\">Lire la suite<\/a><\/span><\/p>\n","protected":false},"author":1,"featured_media":0,"parent":0,"menu_order":0,"comment_status":"closed","ping_status":"closed","template":"","meta":[],"_links":{"self":[{"href":"https:\/\/cluq-grenoble.org\/WordPress\/wp-json\/wp\/v2\/pages\/6909"}],"collection":[{"href":"https:\/\/cluq-grenoble.org\/WordPress\/wp-json\/wp\/v2\/pages"}],"about":[{"href":"https:\/\/cluq-grenoble.org\/WordPress\/wp-json\/wp\/v2\/types\/page"}],"author":[{"embeddable":true,"href":"https:\/\/cluq-grenoble.org\/WordPress\/wp-json\/wp\/v2\/users\/1"}],"replies":[{"embeddable":true,"href":"https:\/\/cluq-grenoble.org\/WordPress\/wp-json\/wp\/v2\/comments?post=6909"}],"version-history":[{"count":1,"href":"https:\/\/cluq-grenoble.org\/WordPress\/wp-json\/wp\/v2\/pages\/6909\/revisions"}],"predecessor-version":[{"id":6910,"href":"https:\/\/cluq-grenoble.org\/WordPress\/wp-json\/wp\/v2\/pages\/6909\/revisions\/6910"}],"wp:attachment":[{"href":"https:\/\/cluq-grenoble.org\/WordPress\/wp-json\/wp\/v2\/media?parent=6909"}],"curies":[{"name":"wp","href":"https:\/\/api.w.org\/{rel}","templated":true}]}}