{"id":6913,"date":"2021-03-01T23:42:03","date_gmt":"2021-03-01T22:42:03","guid":{"rendered":"https:\/\/cluq-grenoble.org\/WordPress\/?page_id=6913"},"modified":"2021-03-25T19:42:16","modified_gmt":"2021-03-25T18:42:16","slug":"points-noirs-velos-pietons","status":"publish","type":"page","link":"https:\/\/cluq-grenoble.org\/WordPress\/points-noirs-velos-pietons\/","title":{"rendered":"Points noirs V\u00e9los &#038; Pi\u00e9tons"},"content":{"rendered":"\n<p> <\/p>\n\n\n\n<p class=\"has-text-align-center\" id=\"block-2d79d31a-ac4b-432b-a226-cd3e2d8c6e05\">Voici le plan des points noirs<strong> V\u00e9lo (\u00e9pingles bleues<\/strong>) et <strong>Pi\u00e9ton (\u00e9pingles rouges)<\/strong> : <br><em>(en cours de construction, une \u00e9pingle par point. Ces informations sont mises \u00e0 jours manuellement \u00e0 partir des formulaires de saisies re\u00e7us par le CLUQ)<\/em>. <\/p>\n\n\n<p>[ultimate_maps id=&#8221;1&#8243;]<\/p>\n\n\n\n<hr class=\"wp-block-separator\"\/>\n\n\n\n<p><strong>voici la liste compl\u00e8te des points noirs remont\u00e9s par les Unions de Quartier :<\/strong><\/p>\n\n\n\n<table id=\"tablepress-10\" class=\"tablepress tablepress-id-10\">\n<thead>\n<tr class=\"row-1 odd\">\n\t<th class=\"column-1\">Quartier<\/th><th class=\"column-2\">r\u00e9f\u00e9rence [Q- 1ere lettre quartier-Num\u00e9ro]<\/th><th class=\"column-3\">Observation Citoyenne<\/th><th class=\"column-4\">date<\/th><th class=\"column-5\">lieu<\/th><th class=\"column-6\">Description technique<\/th><th class=\"column-7\">Services Ville<\/th><th class=\"column-8\">Services M\u00e9tro<\/th><th class=\"column-9\">Commentaire<\/th><th class=\"column-10\">Statut<\/th>\n<\/tr>\n<\/thead>\n<tbody class=\"row-hover\">\n<tr class=\"row-2 even\">\n\t<td class=\"column-1\">Championnet-Bonne-Condorcet-Hoche<\/td><td class=\"column-2\">PC1<\/td><td class=\"column-3\">carrefour dangereux Gambetta \/Lesdigui\u00e8res<\/td><td class=\"column-4\">11\/12\/20<\/td><td class=\"column-5\">carrefour bvd Gambetta  et rue Lesdigui\u00e8res <\/td><td class=\"column-6\">pas de marquage v\u00e9lo au sol<\/td><td class=\"column-7\">Oui<\/td><td class=\"column-8\">Non<\/td><td class=\"column-9\">connu<\/td><td class=\"column-10\">pas d'information re\u00e7u<\/td>\n<\/tr>\n<tr class=\"row-3 odd\">\n\t<td class=\"column-1\">Exposition-Bajati\u00e8re<\/td><td class=\"column-2\">PB1<\/td><td class=\"column-3\">carrefour St fra\u00e7ois de sale dangereux<\/td><td class=\"column-4\">11\/12\/20<\/td><td class=\"column-5\">carrefour St Fran\u00e7ios de Sale et rue Ponsard<\/td><td class=\"column-6\">travers\u00e9 pi\u00e9tonne dangereuse et impossible pour les PMR, beaucoup de scolaire<\/td><td class=\"column-7\">Oui<\/td><td class=\"column-8\">Non<\/td><td class=\"column-9\">connu<\/td><td class=\"column-10\">pas d'information re\u00e7u<\/td>\n<\/tr>\n<tr class=\"row-4 even\">\n\t<td class=\"column-1\">Exposition-Bajati\u00e8re<\/td><td class=\"column-2\">PB2<\/td><td class=\"column-3\">piste cyclable Jean Perrot<\/td><td class=\"column-4\">10\/12\/20<\/td><td class=\"column-5\">Avenue Jean PErrot<\/td><td class=\"column-6\">pas de piste cyclable cot\u00e9 Ouest<\/td><td class=\"column-7\">Oui<\/td><td class=\"column-8\">Non<\/td><td class=\"column-9\">\u00e9tude d'une Chronov\u00e9lo en cours <\/td><td class=\"column-10\">pas d'information re\u00e7u<\/td>\n<\/tr>\n<tr class=\"row-5 odd\">\n\t<td class=\"column-1\"><\/td><td class=\"column-2\"><\/td><td class=\"column-3\"><\/td><td class=\"column-4\"><\/td><td class=\"column-5\"><\/td><td class=\"column-6\"><\/td><td class=\"column-7\"><\/td><td class=\"column-8\"><\/td><td class=\"column-9\"><\/td><td class=\"column-10\"><\/td>\n<\/tr>\n<\/tbody>\n<\/table>\n<!-- #tablepress-10 from cache -->\n","protected":false},"excerpt":{"rendered":"<p>Voici le plan des points noirs V\u00e9lo (\u00e9pingles bleues) et<span class=\"more-link\"><a href=\"https:\/\/cluq-grenoble.org\/WordPress\/points-noirs-velos-pietons\/\">Lire la suite<\/a><\/span><\/p>\n","protected":false},"author":1,"featured_media":0,"parent":0,"menu_order":0,"comment_status":"closed","ping_status":"closed","template":"","meta":[],"_links":{"self":[{"href":"https:\/\/cluq-grenoble.org\/WordPress\/wp-json\/wp\/v2\/pages\/6913"}],"collection":[{"href":"https:\/\/cluq-grenoble.org\/WordPress\/wp-json\/wp\/v2\/pages"}],"about":[{"href":"https:\/\/cluq-grenoble.org\/WordPress\/wp-json\/wp\/v2\/types\/page"}],"author":[{"embeddable":true,"href":"https:\/\/cluq-grenoble.org\/WordPress\/wp-json\/wp\/v2\/users\/1"}],"replies":[{"embeddable":true,"href":"https:\/\/cluq-grenoble.org\/WordPress\/wp-json\/wp\/v2\/comments?post=6913"}],"version-history":[{"count":4,"href":"https:\/\/cluq-grenoble.org\/WordPress\/wp-json\/wp\/v2\/pages\/6913\/revisions"}],"predecessor-version":[{"id":7172,"href":"https:\/\/cluq-grenoble.org\/WordPress\/wp-json\/wp\/v2\/pages\/6913\/revisions\/7172"}],"wp:attachment":[{"href":"https:\/\/cluq-grenoble.org\/WordPress\/wp-json\/wp\/v2\/media?parent=6913"}],"curies":[{"name":"wp","href":"https:\/\/api.w.org\/{rel}","templated":true}]}}