{"id":7184,"date":"2021-03-28T08:51:31","date_gmt":"2021-03-28T07:51:31","guid":{"rendered":"https:\/\/cluq-grenoble.org\/WordPress\/?page_id=7184"},"modified":"2021-10-03T00:41:27","modified_gmt":"2021-10-02T23:41:27","slug":"covid-19","status":"publish","type":"page","link":"https:\/\/cluq-grenoble.org\/WordPress\/covid-19\/","title":{"rendered":"Covid-19"},"content":{"rendered":"\n<h2 class=\"has-text-align-center\"><strong>Sp\u00e9cial COVID-19<\/strong><\/h2>\n\n\n\n<div class=\"wp-block-image\"><figure class=\"aligncenter size-large is-resized\"><a href=\"http:\/\/cluq-grenoble.org\/WordPress\/wp-content\/uploads\/2021\/01\/info-coronavirus-post-fb-1200x630-1.jpg\"><img loading=\"lazy\" src=\"http:\/\/cluq-grenoble.org\/WordPress\/wp-content\/uploads\/2021\/01\/info-coronavirus-post-fb-1200x630-1-1024x538.jpg\" alt=\"image d\u00e9corative COVID-19\" class=\"wp-image-5660\" width=\"381\" height=\"200\" srcset=\"https:\/\/cluq-grenoble.org\/WordPress\/wp-content\/uploads\/2021\/01\/info-coronavirus-post-fb-1200x630-1-1024x538.jpg 1024w, https:\/\/cluq-grenoble.org\/WordPress\/wp-content\/uploads\/2021\/01\/info-coronavirus-post-fb-1200x630-1-300x158.jpg 300w, https:\/\/cluq-grenoble.org\/WordPress\/wp-content\/uploads\/2021\/01\/info-coronavirus-post-fb-1200x630-1-768x403.jpg 768w, https:\/\/cluq-grenoble.org\/WordPress\/wp-content\/uploads\/2021\/01\/info-coronavirus-post-fb-1200x630-1-1536x806.jpg 1536w, https:\/\/cluq-grenoble.org\/WordPress\/wp-content\/uploads\/2021\/01\/info-coronavirus-post-fb-1200x630-1-2048x1075.jpg 2048w, https:\/\/cluq-grenoble.org\/WordPress\/wp-content\/uploads\/2021\/01\/info-coronavirus-post-fb-1200x630-1-465x244.jpg 465w, https:\/\/cluq-grenoble.org\/WordPress\/wp-content\/uploads\/2021\/01\/info-coronavirus-post-fb-1200x630-1-695x365.jpg 695w\" sizes=\"(max-width: 381px) 100vw, 381px\" \/><\/a><\/figure><\/div>\n\n\n\n<p><strong>Voici les derni\u00e8res informations que nous avons pu collecter pour faire face au virus \u00e0 Grenoble :<\/strong> <\/p>\n\n\n\n<p>La COVID-19 affecte les individus de diff\u00e9rentes mani\u00e8res. La plupart des personnes infect\u00e9es d\u00e9veloppent une forme l\u00e9g\u00e8re \u00e0 mod\u00e9r\u00e9e de la maladie et gu\u00e9rissent sans hospitalisation.<\/p>\n\n\n\n<p><strong>Sympt\u00f4mes les plus fr\u00e9quents:<\/strong> fi\u00e8vre, toux s\u00e8che, fatigue.<br><strong>Sympt\u00f4mes moins fr\u00e9quents: <\/strong>courbatures, maux de gorge, diarrh\u00e9e, conjonctivite, maux de t\u00eate, perte de l\u2019odorat ou du go\u00fbt, \u00e9ruption cutan\u00e9e, ou d\u00e9coloration des doigts ou des orteils.<\/p>\n\n\n\n<hr class=\"wp-block-separator\"\/>\n\n\n\n<h4>Gestes barri\u00e8res :<\/h4>\n\n\n\n<p>Prot\u00e9gez-vous et prot\u00e9gez les autres en vous tenant inform\u00e9 et en prenant les pr\u00e9cautions appropri\u00e9es. Suivez les conseils des autorit\u00e9s sanitaires locales. Pour emp\u00eacher la propagation de la COVID-19, suivez ces recommandations de gestes barri\u00e8res :<\/p>\n\n\n\n<div class=\"wp-block-columns\">\n<div class=\"wp-block-column\">\n<figure class=\"wp-block-image size-large\"><a href=\"http:\/\/cluq-grenoble.org\/WordPress\/wp-content\/uploads\/2021\/01\/sketch-1610565473337.png\"><img loading=\"lazy\" width=\"782\" height=\"1024\" src=\"http:\/\/cluq-grenoble.org\/WordPress\/wp-content\/uploads\/2021\/01\/sketch-1610565473337-782x1024.png\" alt=\"\" class=\"wp-image-5687\" srcset=\"https:\/\/cluq-grenoble.org\/WordPress\/wp-content\/uploads\/2021\/01\/sketch-1610565473337-782x1024.png 782w, https:\/\/cluq-grenoble.org\/WordPress\/wp-content\/uploads\/2021\/01\/sketch-1610565473337-229x300.png 229w, https:\/\/cluq-grenoble.org\/WordPress\/wp-content\/uploads\/2021\/01\/sketch-1610565473337-768x1006.png 768w, https:\/\/cluq-grenoble.org\/WordPress\/wp-content\/uploads\/2021\/01\/sketch-1610565473337-420x550.png 420w, https:\/\/cluq-grenoble.org\/WordPress\/wp-content\/uploads\/2021\/01\/sketch-1610565473337-382x500.png 382w, https:\/\/cluq-grenoble.org\/WordPress\/wp-content\/uploads\/2021\/01\/sketch-1610565473337.png 1080w\" sizes=\"(max-width: 782px) 100vw, 782px\" \/><\/a><figcaption>Gestes barri\u00e8res 1\/2<\/figcaption><\/figure>\n<\/div>\n\n\n\n<div class=\"wp-block-column\">\n<figure class=\"wp-block-image size-large\"><a href=\"http:\/\/cluq-grenoble.org\/WordPress\/wp-content\/uploads\/2021\/01\/sketch-1610565505412-edited-1.png\"><img loading=\"lazy\" width=\"764\" height=\"1024\" src=\"http:\/\/cluq-grenoble.org\/WordPress\/wp-content\/uploads\/2021\/01\/sketch-1610565505412-edited-1-764x1024.png\" alt=\"\" class=\"wp-image-5697\" srcset=\"https:\/\/cluq-grenoble.org\/WordPress\/wp-content\/uploads\/2021\/01\/sketch-1610565505412-edited-1-764x1024.png 764w, https:\/\/cluq-grenoble.org\/WordPress\/wp-content\/uploads\/2021\/01\/sketch-1610565505412-edited-1-224x300.png 224w, https:\/\/cluq-grenoble.org\/WordPress\/wp-content\/uploads\/2021\/01\/sketch-1610565505412-edited-1-768x1030.png 768w, https:\/\/cluq-grenoble.org\/WordPress\/wp-content\/uploads\/2021\/01\/sketch-1610565505412-edited-1-410x550.png 410w, https:\/\/cluq-grenoble.org\/WordPress\/wp-content\/uploads\/2021\/01\/sketch-1610565505412-edited-1-373x500.png 373w, https:\/\/cluq-grenoble.org\/WordPress\/wp-content\/uploads\/2021\/01\/sketch-1610565505412-edited-1.png 1044w\" sizes=\"(max-width: 764px) 100vw, 764px\" \/><\/a><figcaption>Gestes barri\u00e8res 2\/2<\/figcaption><\/figure>\n<\/div>\n<\/div>\n\n\n\n<div class=\"wp-block-columns\">\n<div class=\"wp-block-column\" style=\"flex-basis:100%\"><\/div>\n<\/div>\n\n\n\n<p>Pr\u00e9cisions : utilisez bien du savon, ou une solution hydroalcoolique lors du lavage des mains.  Restez chez vous si vous ne vous sentez pas bien. Consultez un professionnel de sant\u00e9 si vous avez de la fi\u00e8vre, que vous toussez et que vous avez des difficult\u00e9s \u00e0 respirer. Pr\u00e9venez le professionnel de sant\u00e9 par t\u00e9l\u00e9phone au pr\u00e9alable. Il pourra ainsi vous orienter rapidement vers l&#8217;\u00e9tablissement de sant\u00e9 ad\u00e9quat. Cela vous prot\u00e8ge, et emp\u00eache la propagation des virus et d&#8217;autres infections.<\/p>\n\n\n\n<p class=\"has-pale-pink-background-color has-background\"><em>Les masques peuvent contribuer \u00e0 \u00e9viter que les personnes qui les portent transmettent le virus \u00e0 d&#8217;autres personnes.<strong> Le seul port du masque ne prot\u00e8ge pas contre la COVID-19<\/strong>. Il doit \u00eatre associ\u00e9 \u00e0 des mesures de distanciation physique et d&#8217;hygi\u00e8ne des mains. Suivez les gestes barri\u00e8res et les conseils des autorit\u00e9s sanitaires locales.<\/em><\/p>\n\n\n\n<hr class=\"wp-block-separator\"\/>\n\n\n\n<h4><strong>Vaccination, prise de rendez-vous<\/strong> :<\/h4>\n\n\n\n<p>&#8211; se rendre sur le site\u00a0<a rel=\"noreferrer noopener\" href=\"http:\/\/www.sante.fr\/\" target=\"_blank\">www.sante.fr<\/a><br>&#8211; appeler le num\u00e9ro vert national 0800 009 110, ouvert d\u00e8s 8 heures<br>&#8211; les personnes vuln\u00e9rables \u00e0 haut risque doivent d&#8217;abord consulter leur m\u00e9decin traitant.<\/p>\n\n\n\n<p>Centre de vaccination \ud83d\udc89 :<\/p>\n\n\n\n<ul><li>GRENOBLE Centre de sant\u00e9 d\u00e9partemental 23 rue Albert 1er de Belgique 38000 GRENOBLE<\/li><li>GRENOBLE Centre communal de vaccination 33 rue Joseph Chanrion 38000 GRENOBLE<\/li><\/ul>\n\n\n\n<p><strong>Le jour du rendez-vous:<\/strong><br>&#8211; se munir de sa carte d&#8217;identit\u00e9 et de sa carte vitale ou d&#8217;une attestation de droit.<br>&#8211; pr\u00e9senter ses documents d&#8217;identit\u00e9 et r\u00e9pondre \u00e0 un bref questionnaire qui sera v\u00e9rifi\u00e9 par un m\u00e9decin pr\u00e9sent<br>&#8211; observer une pr\u00e9caution de 15 minutes apr\u00e8s l&#8217;injection<\/p>\n\n\n\n<p><strong>Apr\u00e8s la vaccination&nbsp;:<\/strong><br>&#8211; un rendez-vous sera pris imm\u00e9diatement pour la 2<sup>e<\/sup>&nbsp;injection.<br>&#8211; tout effet ind\u00e9sirable pourra \u00eatre signal\u00e9 sur signalement.social-sante@gouv.fr ou aupr\u00e8s de son m\u00e9decin<\/p>\n\n\n\n<hr class=\"wp-block-separator\"\/>\n\n\n\n<h4>Conseils pratiques :<\/h4>\n\n\n\n<p>\u00c9tat de la pendemie en Is\u00e8re :<a href=\"https:\/\/geodes.santepubliquefrance.fr\/#c=indicator&amp;view=map2\" data-type=\"URL\" data-id=\"https:\/\/geodes.santepubliquefrance.fr\/#c=indicator&amp;view=map2\"> lien donn\u00e9es sant\u00e9<\/a> \/ Trouver un lieu pour se faire d\u00e9pister : <a href=\"https:\/\/sante.fr\/recherche\/trouver\/DepistageCovid\" data-type=\"URL\" data-id=\"https:\/\/sante.fr\/recherche\/trouver\/DepistageCovid\">lien<\/a> \/ Conseils personnalis\u00e9s : <a href=\"https:\/\/mesconseilscovid.sante.gouv.fr\/?source=TousAntiCovid#introduction\" data-type=\"URL\" data-id=\"https:\/\/mesconseilscovid.sante.gouv.fr\/?source=TousAntiCovid#introduction\">lien<\/a> <\/p>\n","protected":false},"excerpt":{"rendered":"<p>Sp\u00e9cial COVID-19 Voici les derni\u00e8res informations que nous avons pu<span class=\"more-link\"><a href=\"https:\/\/cluq-grenoble.org\/WordPress\/covid-19\/\">Lire la suite<\/a><\/span><\/p>\n","protected":false},"author":1,"featured_media":0,"parent":0,"menu_order":0,"comment_status":"closed","ping_status":"closed","template":"","meta":[],"_links":{"self":[{"href":"https:\/\/cluq-grenoble.org\/WordPress\/wp-json\/wp\/v2\/pages\/7184"}],"collection":[{"href":"https:\/\/cluq-grenoble.org\/WordPress\/wp-json\/wp\/v2\/pages"}],"about":[{"href":"https:\/\/cluq-grenoble.org\/WordPress\/wp-json\/wp\/v2\/types\/page"}],"author":[{"embeddable":true,"href":"https:\/\/cluq-grenoble.org\/WordPress\/wp-json\/wp\/v2\/users\/1"}],"replies":[{"embeddable":true,"href":"https:\/\/cluq-grenoble.org\/WordPress\/wp-json\/wp\/v2\/comments?post=7184"}],"version-history":[{"count":2,"href":"https:\/\/cluq-grenoble.org\/WordPress\/wp-json\/wp\/v2\/pages\/7184\/revisions"}],"predecessor-version":[{"id":8260,"href":"https:\/\/cluq-grenoble.org\/WordPress\/wp-json\/wp\/v2\/pages\/7184\/revisions\/8260"}],"wp:attachment":[{"href":"https:\/\/cluq-grenoble.org\/WordPress\/wp-json\/wp\/v2\/media?parent=7184"}],"curies":[{"name":"wp","href":"https:\/\/api.w.org\/{rel}","templated":true}]}}