{"id":753,"date":"2011-10-18T10:05:44","date_gmt":"2011-10-18T08:05:44","guid":{"rendered":"http:\/\/cluq-grenoble.org\/WordPress\/marche-vers-deplacements-ete-11\/"},"modified":"2016-04-27T15:48:09","modified_gmt":"2016-04-27T13:48:09","slug":"marche-vers-deplacements-ete-11","status":"publish","type":"page","link":"https:\/\/cluq-grenoble.org\/WordPress\/groupes-de-travail-cluq\/donnees-libres-acces\/gt-grenoble-demain\/marche-vers-deplacements-ete-11\/","title":{"rendered":"Voirie &#038; mobilit\u00e9 : juil 11 \u00e0 d\u00e9c 12"},"content":{"rendered":"<h2>Voirie et mobilit\u00e9 : sols et stationnements : juillet 2011 \u00e0 d\u00e9cembre 2012<\/h2>\n<p><a href=\"http:\/\/cluq-grenoble.org\/WordPress\/wp-content\/uploads\/2011\/10\/CR-GD-7-7-11-CVC-8-9-11.pdf\">Compte-Rendu GT Grenoble Demain du 7 juillet 2011<\/a><\/p>\n<p><a href=\"http:\/\/cluq-grenoble.org\/WordPress\/wp-content\/uploads\/2011\/10\/Lettre-densification-CLUQ-LAHGGLO.pdf\">Courrier du CLUQ et LAHGGLO envoy\u00e9 au Maire de Grenoble le 20 juillet 2011<\/a><\/p>\n<p><a href=\"http:\/\/cluq-grenoble.org\/WordPress\/wp-content\/uploads\/2011\/10\/11-09-08-CR-GD-8-9-11-CVC-13-10-11.pdf\">Compte-Rendu GT Grenoble Demain du 8 septembre 2011<\/a><\/p>\n<p><a href=\"http:\/\/cluq-grenoble.org\/WordPress\/wp-content\/uploads\/2011\/10\/reponse-du-maire-17-oct-2011.pdf\">R\u00e9ponse du Maire &#8211; 17 oct 2011<\/a><\/p>\n<p><a href=\"http:\/\/cluq-grenoble.org\/WordPress\/wp-content\/uploads\/2011\/10\/11-10-14-CR-GD-13-10-11-CVC-10-11-11.pdf\" target=\"_blank\">Compte-Rendu GT Grenoble Demain du 13 octobre 2011<\/a><\/p>\n<p><a href=\"http:\/\/cluq-grenoble.org\/WordPress\/wp-content\/uploads\/2011\/10\/11-10-14-CR-GD-13-10-11-CVC-10-11-11.pdf\" target=\"_blank\">Compte-Rendu GT Grenoble Demain du 10 novembre 2011<\/a><\/p>\n<p><a href=\"http:\/\/cluq-grenoble.org\/WordPress\/wp-content\/uploads\/2011\/10\/11-10-14-CR-GD-13-10-11-CVC-10-11-11.pdfhttp:\/\/\" target=\"_blank\">Places de parking &#8211;\u00a0 courrier a Michel Destot et Jacques Chiron &#8211;\u00a0 Juin 2012<\/a><\/p>\n<p><a href=\"http:\/\/cluq-grenoble.org\/WordPress\/wp-content\/uploads\/2011\/10\/11-10-14-CR-GD-13-10-11-CVC-10-11-11.pdf\" target=\"_blank\">Am\u00e9nagement des contre-all\u00e9es\u00a0 du cours Jean Jaur\u00e8s &#8211; Courrier \u00e0 Michel Destot et Jacques Chiron &#8211; Sept 2012<\/a><\/p>\n<p><a href=\"http:\/\/cluq-grenoble.org\/WordPress\/wp-content\/uploads\/2011\/10\/2012-10-23-SOLS-ST-LAURENT.pdf\" target=\"_blank\">R\u00e9am\u00e9nagement des quais et concertation &#8211; courrier \u00e0 Michel Destot &#8211; oct 2012<\/a><\/p>\n<p><a href=\"http:\/\/cluq-grenoble.org\/WordPress\/wp-content\/uploads\/2011\/10\/r\u00e9ponse-du-maire-QUAI-ST-LAURENT-17DEC2012.pdf\" target=\"_blank\">R\u00e9ponse de Michel Destot &#8211; r\u00e9am\u00e9nagement des quais de l&#8217;Is\u00e8re &#8211; D\u00e9c 2012<\/a><\/p>\n","protected":false},"excerpt":{"rendered":"<p>Voirie et mobilit\u00e9 : sols et stationnements : juillet 2011<span class=\"more-link\"><a href=\"https:\/\/cluq-grenoble.org\/WordPress\/groupes-de-travail-cluq\/donnees-libres-acces\/gt-grenoble-demain\/marche-vers-deplacements-ete-11\/\">Lire la suite<\/a><\/span><\/p>\n","protected":false},"author":1,"featured_media":0,"parent":30,"menu_order":14,"comment_status":"closed","ping_status":"open","template":"","meta":[],"_links":{"self":[{"href":"https:\/\/cluq-grenoble.org\/WordPress\/wp-json\/wp\/v2\/pages\/753"}],"collection":[{"href":"https:\/\/cluq-grenoble.org\/WordPress\/wp-json\/wp\/v2\/pages"}],"about":[{"href":"https:\/\/cluq-grenoble.org\/WordPress\/wp-json\/wp\/v2\/types\/page"}],"author":[{"embeddable":true,"href":"https:\/\/cluq-grenoble.org\/WordPress\/wp-json\/wp\/v2\/users\/1"}],"replies":[{"embeddable":true,"href":"https:\/\/cluq-grenoble.org\/WordPress\/wp-json\/wp\/v2\/comments?post=753"}],"version-history":[{"count":7,"href":"https:\/\/cluq-grenoble.org\/WordPress\/wp-json\/wp\/v2\/pages\/753\/revisions"}],"predecessor-version":[{"id":2624,"href":"https:\/\/cluq-grenoble.org\/WordPress\/wp-json\/wp\/v2\/pages\/753\/revisions\/2624"}],"up":[{"embeddable":true,"href":"https:\/\/cluq-grenoble.org\/WordPress\/wp-json\/wp\/v2\/pages\/30"}],"wp:attachment":[{"href":"https:\/\/cluq-grenoble.org\/WordPress\/wp-json\/wp\/v2\/media?parent=753"}],"curies":[{"name":"wp","href":"https:\/\/api.w.org\/{rel}","templated":true}]}}