{"id":8573,"date":"2022-01-20T22:42:44","date_gmt":"2022-01-20T21:42:44","guid":{"rendered":"https:\/\/cluq-grenoble.org\/WordPress\/?page_id=8573"},"modified":"2022-11-05T12:02:32","modified_gmt":"2022-11-05T11:02:32","slug":"agenda-des-reunions-publiques-ville-ou-metro","status":"publish","type":"page","link":"https:\/\/cluq-grenoble.org\/WordPress\/agenda-des-reunions-publiques-ville-ou-metro\/","title":{"rendered":"Agenda des R\u00e9unions Publiques Ville ou M\u00e9tro"},"content":{"rendered":"\n<p>[r\u00e9f\u00e9rencement des <strong>R\u00e9unions et Concertations<\/strong> connues de l&#8217;initiative de <strong> la Ville ou la M\u00e9tro<\/strong>]<\/p>\n\n\n\n<hr class=\"wp-block-separator\"\/>\n\n\n\n<figure class=\"wp-block-table\"><table><tbody><tr><td><\/td><td class=\"has-text-align-left\" data-align=\"left\">Prochaine <strong>R\u00e9union Publique Ville:<\/strong><br>&#8211;  pas de r\u00e9union connue<br>plus d&#8217;infos sur  <a href=\"https:\/\/www.grenoble.fr\/92-citoyennete.htm\">https:\/\/www.grenoble.fr\/92-citoyennete.htm<\/a><br><\/td><\/tr><tr><td><\/td><td class=\"has-text-align-left\" data-align=\"left\">Prochaine <strong>R\u00e9union Publique M\u00e9tro<\/strong> :<br>&#8211; pas de r\u00e9union connue<br>plus d&#8217;infos sur <a href=\"https:\/\/metropoleparticipative.fr\/\">https:\/\/metropoleparticipative.fr\/<\/a><\/td><\/tr><\/tbody><\/table><figcaption>Mise \u00e0 jour le 20 janvier 2022<\/figcaption><\/figure>\n","protected":false},"excerpt":{"rendered":"<p>[r\u00e9f\u00e9rencement des R\u00e9unions et Concertations connues de l&#8217;initiative de la<span class=\"more-link\"><a href=\"https:\/\/cluq-grenoble.org\/WordPress\/agenda-des-reunions-publiques-ville-ou-metro\/\">Lire la suite<\/a><\/span><\/p>\n","protected":false},"author":1,"featured_media":0,"parent":0,"menu_order":0,"comment_status":"closed","ping_status":"closed","template":"","meta":[],"_links":{"self":[{"href":"https:\/\/cluq-grenoble.org\/WordPress\/wp-json\/wp\/v2\/pages\/8573"}],"collection":[{"href":"https:\/\/cluq-grenoble.org\/WordPress\/wp-json\/wp\/v2\/pages"}],"about":[{"href":"https:\/\/cluq-grenoble.org\/WordPress\/wp-json\/wp\/v2\/types\/page"}],"author":[{"embeddable":true,"href":"https:\/\/cluq-grenoble.org\/WordPress\/wp-json\/wp\/v2\/users\/1"}],"replies":[{"embeddable":true,"href":"https:\/\/cluq-grenoble.org\/WordPress\/wp-json\/wp\/v2\/comments?post=8573"}],"version-history":[{"count":3,"href":"https:\/\/cluq-grenoble.org\/WordPress\/wp-json\/wp\/v2\/pages\/8573\/revisions"}],"predecessor-version":[{"id":8865,"href":"https:\/\/cluq-grenoble.org\/WordPress\/wp-json\/wp\/v2\/pages\/8573\/revisions\/8865"}],"wp:attachment":[{"href":"https:\/\/cluq-grenoble.org\/WordPress\/wp-json\/wp\/v2\/media?parent=8573"}],"curies":[{"name":"wp","href":"https:\/\/api.w.org\/{rel}","templated":true}]}}