{"id":9171,"date":"2024-08-18T12:03:23","date_gmt":"2024-08-18T11:03:23","guid":{"rendered":"https:\/\/cluq-grenoble.org\/WordPress\/?page_id=9171"},"modified":"2024-08-20T15:05:11","modified_gmt":"2024-08-20T14:05:11","slug":"declaration-des-droits-des-habitants-es-rendez-vous-le-9-novembre","status":"publish","type":"page","link":"https:\/\/cluq-grenoble.org\/WordPress\/declaration-des-droits-des-habitants-es-rendez-vous-le-9-novembre\/","title":{"rendered":"\u201cD\u00e9claration des Droits des Habitants.es\u201d : rendez-vous le 9 novembre !"},"content":{"rendered":"\n<p><strong><span style=\"line-height:28.0pt;font-size:28.0pt;font-family:&quot;Times New Roman&quot;,serif;\nbackground:yellow\"><img class=\"wp-image-9176\" style=\"width: NaNpx;\" src=\"https:\/\/cluq-grenoble.org\/WordPress\/wp-content\/uploads\/2024\/08\/DE\u0301CLARATION-des-DROITS-des-HABITANTS-et-HABITANTES_version-A3.pdf\" alt=\"\">\u201cD\u00e9claration des Droits des Habitants.es\u201d : <\/span><\/strong><br><strong><span style=\"line-height:28.0pt;font-size:28.0pt;font-family:&quot;Times New Roman&quot;,serif;\nbackground:yellow\">rendez-vous le 9 novembre !<\/span><\/strong><\/p>\n\n\n\n<p>Lass\u00e9es des proc\u00e9dures participatives Potemkine dans lesquelles les habitants ne sont que des faire-valoir de d\u00e9cisions d\u00e9j\u00e0 prises, les 40 associations d\u2019habitants de Grenoble et des communes de la M\u00e9tropole grenobloise \u2013 commun\u00e9ment appel\u00e9es Unions de Quartier \u2013 r\u00e9unies dans 2 structures \u2013 le Comit\u00e9 de Liaison des Unions de Quartier (CLUQ) pour la commune de Grenoble et Civipole pour l&#8217;agglom\u00e9ration \u2013 ont d\u00e9cid\u00e9 de prendre les choses en main et de consacrer l&#8217;ann\u00e9e 2021 \u00e0 l&#8217;\u00e9laboration d&#8217;un <strong>texte de r\u00e9f\u00e9rence <span style=\"text-decoration: underline;\">unique en France<\/span><\/strong> qu\u2019elles ont adopt\u00e9 en septembre 2021 et qu&#8217;elles ont d\u00e9nomm\u00e9 :<\/p>\n\n\n\n<p><b><span style=\"line-height:20.0pt;font-size:20.0pt;font-family:&quot;Times New Roman&quot;,serif;\nbackground:yellow\">La D\u00e9claration des Droits <\/span><\/b><br><b><span style=\"line-height:20.0pt;font-size:20.0pt;font-family:&quot;Times New Roman&quot;,serif;\nbackground:yellow\">des habitants et habitantes <\/span><\/b><br><b><span style=\"line-height:20.0pt;font-size:20.0pt;font-family:&quot;Times New Roman&quot;,serif;\nbackground:yellow\">\u00e0 participer \u00e0 la d\u00e9cision publique <\/span><\/b> <br><span style=\"color:red\">&gt; <em><a href=\"https:\/\/cluq-grenoble.org\/WordPress\/wp-content\/uploads\/2024\/08\/DE\u0301CLARATION-des-DROITS-des-HABITANTS-et-HABITANTES_version-A3-3.pdf\" data-type=\"URL\" data-id=\"https:\/\/cluq-grenoble.org\/WordPress\/wp-content\/uploads\/2024\/08\/DE\u0301CLARATION-des-DROITS-des-HABITANTS-et-HABITANTES_version-A3-3.pdf\"><span style=\"color:red\">T\u00e9l\u00e9charger la D\u00e9claration des Droits des habitants.es [PDF]<\/span><\/a><\/em><\/span><\/p>\n\n\n\n<p><strong>Nous avons voulu cette D\u00e9claration<\/strong> <strong><span style=\"text-decoration: underline;\">accessible et lisible par tous<\/span><\/strong> \u2013 10 articles seulement \u2013, \u00e0 l&#8217;instar de la D\u00e9claration des Droits de l&#8217;Homme et du Citoyen, et ses dispositions sont ais\u00e9es \u00e0 mettre en \u0153uvre. En attendant une lecture plus compl\u00e8te, en voici un extrait du prologue :<\/p>\n\n\n\n<p><span style=\"background:yellow;line-height:12.0pt\"><em>\u00ab Nous, habitantes et habitants de Grenoble et de la M\u00e9tropole, r\u00e9unis ce jour<\/em><\/span> <span style=\"background:yellow;line-height:12.0pt\"><em>(&#8230;)<\/em><\/span><br><span style=\"background:yellow;line-height:12.0pt\"><em>Consid\u00e9rant qu\u2019il n\u2019y a pas de d\u00e9mocratie r\u00e9elle sans reconnaissance de droits r\u00e9els,<\/em><\/span><br><span style=\"background:yellow;line-height:12.0pt\"><em>Avons r\u00e9solu d\u2019exposer, dans une D\u00e9claration solennelle,<\/em><\/span><br><span style=\"background:yellow;line-height:12.0pt\"><em>les droits des habitants<\/em> <em>\u00e0 participer \u00e0 la d\u00e9cision publique. \u00bb<\/em><\/span><\/p>\n\n\n\n<p>Apr\u00e8s une diffusion strictement locale, nos deux associations ont d\u00e9cid\u00e9 de soumettre la <em>D\u00e9claration des Droits des Habitants et Habitantes<\/em> \u00e0 l\u2019analyse critique de tous les acteurs concern\u00e9s par la participation en France, les habitants et habitantes, les associations, l\u00e9s \u00e9lus, les universitaires&#8230; avec un but&nbsp;: r\u00e9pondre \u00e0 la question <span style=\"color:red\"><strong>\u00ab <em>Comment la D\u00e9claration des Droits des Habitants peut-elle faire vivre la d\u00e9mocratie participative ? <\/em>\u00bb<\/strong><\/span>.<\/p>\n\n\n\n<p>Le CLUQ et Civipole organisent donc&nbsp;:<br><b><span style=\"line-height:20.0pt;font-size:20.0pt;font-family:&quot;Times New Roman&quot;,serif;\ncolor:red\">une journ\u00e9e d\u2019\u00e9tude et de d\u00e9bat <\/span><\/b><br><b><span style=\"line-height:20.0pt;font-size:20.0pt;font-family:&quot;Times New Roman&quot;,serif;\ncolor:red\">avec des habitants, des \u00e9lus, des universitaires\u2026<\/span><\/b><br><b><span style=\"line-height:20.0pt;font-size:20.0pt;font-family:&quot;Times New Roman&quot;,serif;\ncolor:red\">samedi 9 novembre 2024 \u00e0 Grenoble<\/span><\/b><\/p>\n\n\n\n<p>Vous vous int\u00e9ressez aux questions de d\u00e9mocratie locale et de participation citoyenne&nbsp;? Vous vous confrontez aux m\u00e9andres des dispositifs de participation&nbsp;? Cette journ\u00e9e vous est destin\u00e9e. Son organisation est en cours de finalisation, elle comprendra tables rondes et ateliers th\u00e9matiques.<\/p>\n\n\n\n<p>Nous comptons sur vous ce samedi 9 novembre&nbsp;!<\/p>\n\n\n\n<p><em><span style=\"color:red\">Toutes les informations sur le programme et l\u2019organisation de cette journ\u00e9e d\u2019\u00e9tude et de d\u00e9bat sur ce site \u00e0 partir du <strong>2 septembre 2024.<\/strong><\/span><\/em><\/p>\n","protected":false},"excerpt":{"rendered":"<p>\u201cD\u00e9claration des Droits des Habitants.es\u201d : rendez-vous le 9 novembre<span class=\"more-link\"><a href=\"https:\/\/cluq-grenoble.org\/WordPress\/declaration-des-droits-des-habitants-es-rendez-vous-le-9-novembre\/\">Lire la suite<\/a><\/span><\/p>\n","protected":false},"author":1,"featured_media":0,"parent":0,"menu_order":0,"comment_status":"closed","ping_status":"closed","template":"","meta":[],"_links":{"self":[{"href":"https:\/\/cluq-grenoble.org\/WordPress\/wp-json\/wp\/v2\/pages\/9171"}],"collection":[{"href":"https:\/\/cluq-grenoble.org\/WordPress\/wp-json\/wp\/v2\/pages"}],"about":[{"href":"https:\/\/cluq-grenoble.org\/WordPress\/wp-json\/wp\/v2\/types\/page"}],"author":[{"embeddable":true,"href":"https:\/\/cluq-grenoble.org\/WordPress\/wp-json\/wp\/v2\/users\/1"}],"replies":[{"embeddable":true,"href":"https:\/\/cluq-grenoble.org\/WordPress\/wp-json\/wp\/v2\/comments?post=9171"}],"version-history":[{"count":27,"href":"https:\/\/cluq-grenoble.org\/WordPress\/wp-json\/wp\/v2\/pages\/9171\/revisions"}],"predecessor-version":[{"id":9222,"href":"https:\/\/cluq-grenoble.org\/WordPress\/wp-json\/wp\/v2\/pages\/9171\/revisions\/9222"}],"wp:attachment":[{"href":"https:\/\/cluq-grenoble.org\/WordPress\/wp-json\/wp\/v2\/media?parent=9171"}],"curies":[{"name":"wp","href":"https:\/\/api.w.org\/{rel}","templated":true}]}}