{"id":955,"date":"2012-07-12T09:14:43","date_gmt":"2012-07-12T07:14:43","guid":{"rendered":"http:\/\/cluq-grenoble.org\/WordPress\/?page_id=955"},"modified":"2014-08-25T21:08:02","modified_gmt":"2014-08-25T19:08:02","slug":"scot","status":"publish","type":"page","link":"https:\/\/cluq-grenoble.org\/WordPress\/groupes-de-travail-cluq\/donnees-libres-acces\/scot\/","title":{"rendered":"Archive SCoT"},"content":{"rendered":"<p>Le SCoT est un <a title=\"blocked::http:\/\/fr.wikipedia.org\/wiki\/Document_d'urbanisme&lt;br \/&gt;\nDocument d'urbanisme\" href=\"http:\/\/fr.wikipedia.org\/wiki\/Document_d%27urbanisme\" target=\"_blank\">document d&#8217;urbanisme<\/a> instaur\u00e9 par la loi Solidarit\u00e9 et Renouvellement Urbain (SRU), du 13 d\u00e9cembre 2000. Il d\u00e9termine, pour 273 communes et 730\u00a0000 habitants, jusqu\u2019en 2030 (avec une r\u00e9vision tous les six ans), un projet visant \u00e0 mettre en coh\u00e9rence l&#8217;ensemble des politiques sectorielles, notamment en mati\u00e8re d&#8217;urbanisme, d&#8217;habitat, de d\u00e9placements et d&#8217;\u00e9quipements commerciaux, dans un environnement pr\u00e9serv\u00e9 et valoris\u00e9.<\/p>\n<p>Celui de la r\u00e9gion urbaine de Grenoble est l\u2019un des premiers \u00e0 int\u00e9grer la loi sur l&#8217;environnement, dite Grenelle II, du 12 juillet 2010.<\/p>\n<p>Il a \u00e9t\u00e9 \u00e9tabli par l\u2019Etablissement Public SCoT, constitu\u00e9 d\u2019\u00e9lus repr\u00e9sentant les communaut\u00e9s d\u2019agglom\u00e9rations et de communes. Apr\u00e8s une concertation commenc\u00e9e en 2008, son Comit\u00e9 syndical a arr\u00eat\u00e9, le 19 d\u00e9cembre 2011, avec 90 % de votes favorables,\u00a0le dossier de projet de SCoT.<\/p>\n<p>Celui-ci comprend notamment le Projet d\u2019Am\u00e9nagement et de D\u00e9veloppement Durables (PADD), un Document d\u2019Orientations et d\u2019Objectifs (DOO), et un Document d\u2019Am\u00e9nagement Commercial (DAC).<\/p>\n<p>Voici le lien qui permet de t\u00e9l\u00e9charger le Document d\u2019Orientations et d\u2019Objectifs\u00a0:<\/p>\n<p><a title=\"blocked::http:\/\/www.scot-region-grenoble.org\/images\/stories\/SCoT_Arrete\/DOO arrete dec2011.pdf&lt;br \/&gt;\nhttp:\/\/www.scot-region-grenoble.org\/images\/stories\/SCoT_Arrete\/DOO%20arrete%20dec2011.pdf\" href=\"http:\/\/www.scot-region-grenoble.org\/images\/stories\/SCoT_Arrete\/DOO%20arrete%20dec2011.pdf\" target=\"_blank\">www.scot-region-grenoble.org\/images\/stories\/SCoT_Arrete\/DOO%20arrete%20dec2011.pdf<\/a><\/p>\n<p>Le rapport de la Commission d\u2019enqu\u00eate devrait \u00eatre remis \u00e0 l\u2019automne.<\/p>\n<p>&nbsp;<\/p>\n<p style=\"text-align: center;\"><strong>\n<table id=\"tablepress-2\" class=\"tablepress tablepress-id-2\">\n<thead>\n<tr class=\"row-1 odd\">\n\t<th class=\"column-1\">Quartier<\/th><th class=\"column-2\">r\u00e9f\u00e9rence [Q- 1ere lettre quartier-Num\u00e9ro]<\/th><th class=\"column-3\">Observation Citoyenne<\/th><th class=\"column-4\">date<\/th><th class=\"column-5\">lieu<\/th><th class=\"column-6\">Description technique<\/th><th class=\"column-7\">Services Ville<\/th><th class=\"column-8\">Services M\u00e9tro<\/th><th class=\"column-9\">Commentaire<\/th><th class=\"column-10\">Statut<\/th>\n<\/tr>\n<\/thead>\n<tbody class=\"row-hover\">\n<tr class=\"row-2 even\">\n\t<td class=\"column-1\">Championnet-Bonne-Condorcet-Hoche<\/td><td class=\"column-2\">QC1<\/td><td class=\"column-3\">manque la plaque d'\u00e9gout<\/td><td class=\"column-4\">11\/12\/20<\/td><td class=\"column-5\">rue Colonel Dumont<\/td><td class=\"column-6\">la plaque est absente<\/td><td class=\"column-7\">Non<\/td><td class=\"column-8\">Oui<\/td><td class=\"column-9\">commande en cours<\/td><td class=\"column-10\">transmis en cours<\/td>\n<\/tr>\n<tr class=\"row-3 odd\">\n\t<td class=\"column-1\">Exposition-Bajati\u00e8re<\/td><td class=\"column-2\">QB1<\/td><td class=\"column-3\">lampadaire non fonctionnel<\/td><td class=\"column-4\">11\/12\/20<\/td><td class=\"column-5\">Chemin de l'\u00e9glise<\/td><td class=\"column-6\">lampe \u00e0 remplacer ?<\/td><td class=\"column-7\">Oui<\/td><td class=\"column-8\">Non<\/td><td class=\"column-9\">pris en charge par le service \u00e9clairage publique<\/td><td class=\"column-10\">transmis en cours<\/td>\n<\/tr>\n<tr class=\"row-4 even\">\n\t<td class=\"column-1\">Exposition-Bajati\u00e8re<\/td><td class=\"column-2\">QB2<\/td><td class=\"column-3\">trou dans la chauss\u00e9e<\/td><td class=\"column-4\">10\/12\/20<\/td><td class=\"column-5\">rue Saint-Fran\u00e7ois<\/td><td class=\"column-6\">d\u00e9gradation de la chauss\u00e9e<\/td><td class=\"column-7\">Non<\/td><td class=\"column-8\">Oui<\/td><td class=\"column-9\">\u00e9tude du renouvellement par le service voirie m\u00e9tropole<\/td><td class=\"column-10\">trait\u00e9<\/td>\n<\/tr>\n<tr class=\"row-5 odd\">\n\t<td class=\"column-1\"><\/td><td class=\"column-2\"><\/td><td class=\"column-3\"><\/td><td class=\"column-4\"><\/td><td class=\"column-5\"><\/td><td class=\"column-6\"><\/td><td class=\"column-7\"><\/td><td class=\"column-8\"><\/td><td class=\"column-9\"><\/td><td class=\"column-10\"><\/td>\n<\/tr>\n<\/tbody>\n<\/table>\n<!-- #tablepress-2 from cache --><\/strong><\/p>\n","protected":false},"excerpt":{"rendered":"<p>Le SCoT est un document d&#8217;urbanisme instaur\u00e9 par la loi<span class=\"more-link\"><a href=\"https:\/\/cluq-grenoble.org\/WordPress\/groupes-de-travail-cluq\/donnees-libres-acces\/scot\/\">Lire la suite<\/a><\/span><\/p>\n","protected":false},"author":1,"featured_media":0,"parent":1438,"menu_order":3,"comment_status":"closed","ping_status":"closed","template":"","meta":[],"_links":{"self":[{"href":"https:\/\/cluq-grenoble.org\/WordPress\/wp-json\/wp\/v2\/pages\/955"}],"collection":[{"href":"https:\/\/cluq-grenoble.org\/WordPress\/wp-json\/wp\/v2\/pages"}],"about":[{"href":"https:\/\/cluq-grenoble.org\/WordPress\/wp-json\/wp\/v2\/types\/page"}],"author":[{"embeddable":true,"href":"https:\/\/cluq-grenoble.org\/WordPress\/wp-json\/wp\/v2\/users\/1"}],"replies":[{"embeddable":true,"href":"https:\/\/cluq-grenoble.org\/WordPress\/wp-json\/wp\/v2\/comments?post=955"}],"version-history":[{"count":13,"href":"https:\/\/cluq-grenoble.org\/WordPress\/wp-json\/wp\/v2\/pages\/955\/revisions"}],"predecessor-version":[{"id":1608,"href":"https:\/\/cluq-grenoble.org\/WordPress\/wp-json\/wp\/v2\/pages\/955\/revisions\/1608"}],"up":[{"embeddable":true,"href":"https:\/\/cluq-grenoble.org\/WordPress\/wp-json\/wp\/v2\/pages\/1438"}],"wp:attachment":[{"href":"https:\/\/cluq-grenoble.org\/WordPress\/wp-json\/wp\/v2\/media?parent=955"}],"curies":[{"name":"wp","href":"https:\/\/api.w.org\/{rel}","templated":true}]}}